{"id":8551,"date":"2025-07-17T13:02:41","date_gmt":"2025-07-17T13:02:41","guid":{"rendered":"https:\/\/temmentec.dclabs2.ch\/company\/careers\/"},"modified":"2026-01-20T15:46:13","modified_gmt":"2026-01-20T14:46:13","slug":"careers","status":"publish","type":"page","link":"https:\/\/temmentec.ch\/en\/company\/careers\/","title":{"rendered":"Careers"},"content":{"rendered":"<div class=\"wpb-content-wrapper\"><p>[vc_row css_animation=&#8221;&#8221; row_type=&#8221;row&#8221; use_row_as_full_screen_section=&#8221;no&#8221; type=&#8221;grid&#8221; angled_section=&#8221;no&#8221; text_align=&#8221;left&#8221; background_image_as_pattern=&#8221;without_pattern&#8221; z_index=&#8221;&#8221;][vc_column width=&#8221;1\/2&#8243;][vc_single_image image=&#8221;6915&#8243; img_size=&#8221;medium&#8221; alignment=&#8221;right&#8221; css=&#8221;&#8221; qode_css_animation=&#8221;&#8221;][vc_empty_space][\/vc_column][vc_column width=&#8221;1\/2&#8243;][vc_column_text css=&#8221;&#8221;]<\/p>\n<h6>Careers<\/h6>\n<h1>Strong together, successful together<\/h1>\n<p>Are you looking for out-of-the-ordinary, varied, and interesting work in a professional, dynamic environment? You\u2019ll be at home with us.[\/vc_column_text][\/vc_column][\/vc_row][vc_row css_animation=&#8221;&#8221; row_type=&#8221;row&#8221; use_row_as_full_screen_section=&#8221;no&#8221; type=&#8221;grid&#8221; angled_section=&#8221;no&#8221; text_align=&#8221;left&#8221; background_image_as_pattern=&#8221;without_pattern&#8221; z_index=&#8221;&#8221;][vc_column][vc_empty_space height=&#8221;50px&#8221;][\/vc_column][\/vc_row][vc_row css_animation=&#8221;&#8221; row_type=&#8221;row&#8221; use_row_as_full_screen_section=&#8221;no&#8221; type=&#8221;grid&#8221; angled_section=&#8221;no&#8221; text_align=&#8221;left&#8221; background_image_as_pattern=&#8221;without_pattern&#8221; z_index=&#8221;&#8221;][vc_column width=&#8221;1\/12&#8243; el_class=&#8221;center-me&#8221;][vc_column_text css=&#8221;&#8221;][\/vc_column_text][\/vc_column][vc_column width=&#8221;10\/12&#8243;][vc_column_text css=&#8221;&#8221;]<\/p>\n<h3>A responsible relationship with our employees<\/h3>\n<p>One of our greatest strengths is our employees. They\u2019re the key to our success. We believe that a good work environment and a strong team spirit aren\u2019t created just during working hours. We do much more. Every summer, we organize a company trip to visit a beautiful spot somewhere in Switzerland. We warm up for the company holiday with a barbecue, and, of course, there\u2019s no skipping a big end-of-year party![\/vc_column_text][\/vc_column][vc_column width=&#8221;1\/12&#8243;][\/vc_column][\/vc_row][vc_row css_animation=&#8221;&#8221; row_type=&#8221;row&#8221; use_row_as_full_screen_section=&#8221;no&#8221; type=&#8221;grid&#8221; angled_section=&#8221;no&#8221; text_align=&#8221;left&#8221; background_image_as_pattern=&#8221;without_pattern&#8221; z_index=&#8221;&#8221;][vc_column][vc_empty_space height=&#8221;85px&#8221;][vc_single_image image=&#8221;6923&#8243; img_size=&#8221;full&#8221; css=&#8221;&#8221; qode_css_animation=&#8221;&#8221;][vc_empty_space height=&#8221;85px&#8221;][\/vc_column][\/vc_row][vc_row css_animation=&#8221;&#8221; row_type=&#8221;row&#8221; use_row_as_full_screen_section=&#8221;no&#8221; type=&#8221;grid&#8221; angled_section=&#8221;no&#8221; text_align=&#8221;left&#8221; background_image_as_pattern=&#8221;without_pattern&#8221; z_index=&#8221;&#8221;][vc_column][vc_column_text css=&#8221;&#8221;]We invest in our employees. Regular training and continuing education for our employees is a matter close to our hearts. We hold multiple Lean Six Sigma Yellow and Green Belt courses every year and every participant completes a practical project. We\u2019re very proud of the number of employees who can already call a Yellow and\/or Green Belt certificate their own.<\/p>\n<p>[\/vc_column_text][\/vc_column][\/vc_row][vc_row css_animation=&#8221;&#8221; row_type=&#8221;row&#8221; use_row_as_full_screen_section=&#8221;no&#8221; type=&#8221;grid&#8221; angled_section=&#8221;no&#8221; text_align=&#8221;left&#8221; background_image_as_pattern=&#8221;without_pattern&#8221; z_index=&#8221;&#8221;][vc_column width=&#8221;2\/3&#8243; el_class=&#8221;center-me&#8221;][vc_column_text css=&#8221;&#8221;]<\/p>\n<h4>Working at Temmentec means<\/h4>\n<ul>\n<li>A responsible relationship with our employees<\/li>\n<li>Training and continuing education \u2013 employees are encouraged and supported<\/li>\n<li>Equal opportunities<\/li>\n<li>Internal, well-provisioned pension fund<\/li>\n<li>Safe, ergonomic workplaces<\/li>\n<li>Age and gender diversity<\/li>\n<li>Employees from more than 12 different countries<\/li>\n<li>Almost 40% work part-time<\/li>\n<li>Collaborations with universities of applied sciences<\/li>\n<\/ul>\n<p>[\/vc_column_text][\/vc_column][\/vc_row][vc_row css_animation=&#8221;&#8221; row_type=&#8221;row&#8221; use_row_as_full_screen_section=&#8221;no&#8221; type=&#8221;full_width&#8221; angled_section=&#8221;no&#8221; text_align=&#8221;left&#8221; background_image_as_pattern=&#8221;without_pattern&#8221;][vc_column][vc_empty_space height=&#8221;100px&#8221;][\/vc_column][\/vc_row][vc_row css_animation=&#8221;&#8221; row_type=&#8221;row&#8221; use_row_as_full_screen_section=&#8221;yes&#8221; type=&#8221;grid&#8221; angled_section=&#8221;no&#8221; text_align=&#8221;left&#8221; background_image_as_pattern=&#8221;without_pattern&#8221; z_index=&#8221;&#8221; background_color=&#8221;#00000000&#8243; el_class=&#8221;intro-home-bg style-dark display-none&#8221; css=&#8221;.vc_custom_1755523611416{padding-bottom: 100px !important;background-color: #3180DE !important;}&#8221;][vc_column el_class=&#8221;center-me intro-inner&#8221;][vc_row_inner row_type=&#8221;row&#8221; type=&#8221;full_width&#8221; text_align=&#8221;left&#8221; css_animation=&#8221;&#8221; el_class=&#8221;center-me&#8221;][vc_column_inner width=&#8221;7\/12&#8243; css=&#8221;.vc_custom_1751985803723{padding-top: 100px !important;padding-bottom: 85px !important;}&#8221;][vc_column_text css=&#8221;&#8221;]<\/p>\n<h2>Temmentec Jobs: Offene Stellen<\/h2>\n<p>Werden Sie Teil vom Temmentec-Team. Das passende ist nicht dabei? Wir freuen uns ebenfalls \u00fcber Ihre Spontanbewerbung.<\/p>\n<p>E-Mail: <a href=\"mailto:hr@temmentec.ch\">hr@temmentec.ch<\/a>[\/vc_column_text][\/vc_column_inner][\/vc_row_inner][vc_row_inner row_type=&#8221;row&#8221; type=&#8221;full_width&#8221; text_align=&#8221;left&#8221; css_animation=&#8221;&#8221; css=&#8221;.vc_custom_1751987383691{border-top-width: 1px !important;border-bottom-width: 1px !important;padding-top: 30px !important;padding-bottom: 15px !important;border-top-style: solid !important;border-bottom-style: solid !important;border-color: #FFFFFF !important;}&#8221; el_class=&#8221;jobzeile&#8221;][vc_column_inner width=&#8221;3\/12&#8243;][vc_column_text css=&#8221;&#8221;]<\/p>\n<h4>80 \u2013 100%<\/h4>\n<p>Sumiswald[\/vc_column_text][\/vc_column_inner][vc_column_inner width=&#8221;8\/12&#8243;][vc_column_text css=&#8221;&#8221; el_class=&#8221;intro-inner-two-col&#8221;]<\/p>\n<h3>Linienf\u00fchrerin (m\/w\/d)<\/h3>\n<p>Zur Verst\u00e4rkung unseres Teams suchen wir per sofort oder nach Vereinbarung eine flexible, engagierte und zuverl\u00e4ssige Pers\u00f6nlichkeit.[\/vc_column_text][\/vc_column_inner][vc_column_inner width=&#8221;1\/12&#8243;]<span data-type=\"normal\"  class=\"qode_icon_shortcode  q_font_awsome_icon fa-2x  \" style=\" \"><a  itemprop=\"url\" href=\"\/wp-content\/uploads\/2025\/07\/stelleninserat_linienfuehrerin.pdf\" target=\"_blank\"><i class=\"qode_icon_font_awesome fa fa-arrow-circle-right qode_icon_element\" style=\"\" ><\/i><\/a><\/span>[\/vc_column_inner][\/vc_row_inner][vc_row_inner row_type=&#8221;row&#8221; type=&#8221;full_width&#8221; text_align=&#8221;left&#8221; css_animation=&#8221;&#8221; css=&#8221;.vc_custom_1751987747940{border-bottom-width: 1px !important;padding-top: 30px !important;padding-bottom: 15px !important;border-bottom-style: solid !important;border-color: #FFFFFF !important;}&#8221; el_class=&#8221;jobzeile&#8221;][vc_column_inner width=&#8221;3\/12&#8243;][vc_column_text css=&#8221;&#8221;]<\/p>\n<h4>80 \u2013 100%<\/h4>\n<p>Sumiswald[\/vc_column_text][\/vc_column_inner][vc_column_inner width=&#8221;8\/12&#8243;][vc_column_text css=&#8221;&#8221; el_class=&#8221;intro-inner-two-col&#8221;]<\/p>\n<h3>Maschinenf\u00fchrer (m\/w\/d)<\/h3>\n<p>Zur Verst\u00e4rkung unseres Teams suchen wir per sofort oder nach Vereinbarung eine flexible, engagierte und zuverl\u00e4ssige Pers\u00f6nlichkeit.[\/vc_column_text][\/vc_column_inner][vc_column_inner width=&#8221;1\/12&#8243;]<span data-type=\"normal\"  class=\"qode_icon_shortcode  q_font_awsome_icon fa-2x  \" style=\" \"><a  itemprop=\"url\" href=\"\/wp-content\/uploads\/2025\/07\/stelleninserat_maschinenfuehrer_final.pdf\" target=\"_blank\"><i class=\"qode_icon_font_awesome fa fa-arrow-circle-right qode_icon_element\" style=\"\" ><\/i><\/a><\/span>[\/vc_column_inner][\/vc_row_inner][vc_row_inner row_type=&#8221;row&#8221; type=&#8221;full_width&#8221; text_align=&#8221;left&#8221; css_animation=&#8221;&#8221; css=&#8221;.vc_custom_1751987747940{border-bottom-width: 1px !important;padding-top: 30px !important;padding-bottom: 15px !important;border-bottom-style: solid !important;border-color: #FFFFFF !important;}&#8221; el_class=&#8221;jobzeile&#8221;][vc_column_inner width=&#8221;3\/12&#8243;][vc_column_text css=&#8221;&#8221;]<\/p>\n<h4>80 \u2013 100%<\/h4>\n<p>Sumiswald[\/vc_column_text][\/vc_column_inner][vc_column_inner width=&#8221;8\/12&#8243;][vc_column_text css=&#8221;&#8221; el_class=&#8221;intro-inner-two-col&#8221;]<\/p>\n<h3>Betriebsmitarbeitende mit Potential (m\/w\/d)<\/h3>\n<p>Zur Verst\u00e4rkung unseres Teams suchen wir per sofort oder nach Vereinbarung eine flexible, engagierte und zuverl\u00e4ssige Pers\u00f6nlichkeit.[\/vc_column_text][\/vc_column_inner][vc_column_inner width=&#8221;1\/12&#8243;]<span data-type=\"normal\"  class=\"qode_icon_shortcode  q_font_awsome_icon fa-2x  \" style=\" \"><a  itemprop=\"url\" href=\"\/wp-content\/uploads\/2025\/07\/stelleninserat_betriebsmitarbeitende_mit_potential_final.pdf\" target=\"_blank\"><i class=\"qode_icon_font_awesome fa fa-arrow-circle-right qode_icon_element\" style=\"\" ><\/i><\/a><\/span>[\/vc_column_inner][\/vc_row_inner][\/vc_column][\/vc_row][vc_row css_animation=&#8221;&#8221; row_type=&#8221;row&#8221; use_row_as_full_screen_section=&#8221;no&#8221; type=&#8221;full_width&#8221; angled_section=&#8221;no&#8221; text_align=&#8221;left&#8221; background_image_as_pattern=&#8221;without_pattern&#8221;][vc_column][vc_empty_space height=&#8221;150px&#8221;][\/vc_column][\/vc_row][vc_row css_animation=&#8221;&#8221; row_type=&#8221;row&#8221; use_row_as_full_screen_section=&#8221;no&#8221; type=&#8221;grid&#8221; angled_section=&#8221;no&#8221; text_align=&#8221;left&#8221; background_image_as_pattern=&#8221;without_pattern&#8221; z_index=&#8221;&#8221;][vc_column width=&#8221;1\/3&#8243; css=&#8221;.vc_custom_1751989842331{margin-right: 50px !important;}&#8221;][vc_single_image image=&#8221;6839&#8243; img_size=&#8221;medium&#8221; css=&#8221;&#8221; qode_css_animation=&#8221;&#8221;][vc_empty_space][vc_column_text css=&#8221;&#8221;]\u00abI find it exciting to develop a variety of products from concept to market in a strong team environment. Every day is an exciting challenge. I really value the direct communication with customers and close tracking of market trends.\u00bb<\/p>\n<p><strong>Michel Bolliger, Head of R&amp;D<\/strong><br \/>\nat Temmentec since 2016[\/vc_column_text][vc_empty_space height=&#8221;50px&#8221;][\/vc_column][vc_column width=&#8221;2\/3&#8243;][vc_single_image image=&#8221;6835&#8243; img_size=&#8221;medium&#8221; css=&#8221;&#8221; qode_css_animation=&#8221;&#8221;][vc_empty_space][vc_column_text css=&#8221;&#8221;]\u00ab\u2018I like working at Temmentec because my daily work always brings new challenges and it\u2019s fun to engage with new topics. Continuing education opportunities are always available. They keep me updated on the technology and have also helped me grow as a person. I feel very comfortable in the informal environment and with the personal contact with other employees and my supervisors.\u00bb<\/p>\n<p><strong>Marco Zaugg, Planner of Manufacturing<\/strong><br \/>\nat Temmentec since 2008[\/vc_column_text][\/vc_column][\/vc_row][vc_row css_animation=&#8221;&#8221; row_type=&#8221;row&#8221; use_row_as_full_screen_section=&#8221;yes&#8221; type=&#8221;grid&#8221; angled_section=&#8221;no&#8221; text_align=&#8221;left&#8221; background_image_as_pattern=&#8221;without_pattern&#8221; z_index=&#8221;&#8221; background_color=&#8221;#00000000&#8243; css=&#8221;.vc_custom_1751989510901{margin-top: 100px !important;margin-bottom: 172px !important;}&#8221;][vc_column width=&#8221;2\/12&#8243;][\/vc_column][vc_column width=&#8221;8\/12&#8243;][vc_row_inner row_type=&#8221;row&#8221; type=&#8221;full_width&#8221; text_align=&#8221;left&#8221; css_animation=&#8221;&#8221; el_class=&#8221;center-me&#8221;][vc_column_inner css=&#8221;.vc_custom_1751988662560{padding-bottom: 35px !important;}&#8221;][vc_column_text css=&#8221;.vc_custom_1751988353727{margin-bottom: 0px !important;}&#8221;]<\/p>\n<h2>Your careers contact<\/h2>\n<p>Do you have questions about working at Temmentec? Are you interested in a job and want to learn more? Feel free to get in touch![\/vc_column_text][\/vc_column_inner][\/vc_row_inner][vc_row_inner row_type=&#8221;row&#8221; type=&#8221;full_width&#8221; text_align=&#8221;left&#8221; css_animation=&#8221;&#8221;][vc_column_inner width=&#8221;1\/2&#8243;][vc_column_text css=&#8221;&#8221;]<\/p>\n<h3>Your Contact<\/h3>\n<p>Corinne Thierstein<br \/>\nManager HR<\/p>\n<p><a href=\"tel:+41344326111\">+41 34 432 61 29<\/a><br \/>\n<a href=\"mailto:hr@temmentec.ch\">cthierstein@temmentec.ch<\/a>[\/vc_column_text][\/vc_column_inner][\/vc_row_inner][\/vc_column][vc_column width=&#8221;2\/12&#8243;][\/vc_column][\/vc_row]<\/p>\n<\/div>","protected":false},"excerpt":{"rendered":"<p>[vc_row css_animation=&#8221;&#8221; row_type=&#8221;row&#8221; use_row_as_full_screen_section=&#8221;no&#8221; type=&#8221;grid&#8221; angled_section=&#8221;no&#8221; text_align=&#8221;left&#8221; background_image_as_pattern=&#8221;without_pattern&#8221; z_index=&#8221;&#8221;][vc_column width=&#8221;1\/2&#8243;][vc_single_image image=&#8221;6915&#8243; img_size=&#8221;medium&#8221; alignment=&#8221;right&#8221; css=&#8221;&#8221; qode_css_animation=&#8221;&#8221;][vc_empty_space][\/vc_column][vc_column width=&#8221;1\/2&#8243;][vc_column_text css=&#8221;&#8221;] Careers Strong together, successful together Are you looking for out-of-the-ordinary, varied, and interesting&#8230;<\/p>\n","protected":false},"author":1,"featured_media":0,"parent":8511,"menu_order":67,"comment_status":"closed","ping_status":"closed","template":"full_width.php","meta":{"_uag_custom_page_level_css":"","footnotes":""},"class_list":["post-8551","page","type-page","status-publish","hentry"],"yoast_head":"<!-- This site is optimized with the Yoast SEO plugin v27.4 - https:\/\/yoast.com\/product\/yoast-seo-wordpress\/ -->\n<title>Careers &#8211; Temmentec<\/title>\n<meta name=\"description\" content=\"Are you looking for out-of-the-ordinary, varied, and interesting work in a professional, dynamic environment? You\u2019ll be at home with us.\" \/>\n<meta name=\"robots\" content=\"index, follow, max-snippet:-1, max-image-preview:large, max-video-preview:-1\" \/>\n<link rel=\"canonical\" href=\"https:\/\/temmentec.ch\/en\/company\/careers\/\" \/>\n<meta property=\"og:locale\" content=\"en_US\" \/>\n<meta property=\"og:type\" content=\"article\" \/>\n<meta property=\"og:title\" content=\"Careers &#8211; Temmentec\" \/>\n<meta property=\"og:description\" content=\"Are you looking for out-of-the-ordinary, varied, and interesting work in a professional, dynamic environment? You\u2019ll be at home with us.\" \/>\n<meta property=\"og:url\" content=\"https:\/\/temmentec.ch\/en\/company\/careers\/\" \/>\n<meta property=\"og:site_name\" content=\"Temmentec\" \/>\n<meta property=\"article:modified_time\" content=\"2026-01-20T14:46:13+00:00\" \/>\n<meta name=\"twitter:card\" content=\"summary_large_image\" \/>\n<meta name=\"twitter:label1\" content=\"Est. reading time\" \/>\n\t<meta name=\"twitter:data1\" content=\"5 minutes\" \/>\n<script type=\"application\/ld+json\" class=\"yoast-schema-graph\">{\"@context\":\"https:\\\/\\\/schema.org\",\"@graph\":[{\"@type\":\"WebPage\",\"@id\":\"https:\\\/\\\/temmentec.ch\\\/en\\\/company\\\/careers\\\/\",\"url\":\"https:\\\/\\\/temmentec.ch\\\/en\\\/company\\\/careers\\\/\",\"name\":\"Careers &#8211; Temmentec\",\"isPartOf\":{\"@id\":\"https:\\\/\\\/temmentec.ch\\\/en\\\/#website\"},\"datePublished\":\"2025-07-17T13:02:41+00:00\",\"dateModified\":\"2026-01-20T14:46:13+00:00\",\"description\":\"Are you looking for out-of-the-ordinary, varied, and interesting work in a professional, dynamic environment? You\u2019ll be at home with us.\",\"breadcrumb\":{\"@id\":\"https:\\\/\\\/temmentec.ch\\\/en\\\/company\\\/careers\\\/#breadcrumb\"},\"inLanguage\":\"en-US\",\"potentialAction\":[{\"@type\":\"ReadAction\",\"target\":[\"https:\\\/\\\/temmentec.ch\\\/en\\\/company\\\/careers\\\/\"]}]},{\"@type\":\"BreadcrumbList\",\"@id\":\"https:\\\/\\\/temmentec.ch\\\/en\\\/company\\\/careers\\\/#breadcrumb\",\"itemListElement\":[{\"@type\":\"ListItem\",\"position\":1,\"name\":\"Startseite\",\"item\":\"https:\\\/\\\/temmentec.ch\\\/en\\\/\"},{\"@type\":\"ListItem\",\"position\":2,\"name\":\"Company\",\"item\":\"https:\\\/\\\/temmentec.ch\\\/en\\\/company\\\/\"},{\"@type\":\"ListItem\",\"position\":3,\"name\":\"Careers\"}]},{\"@type\":\"WebSite\",\"@id\":\"https:\\\/\\\/temmentec.ch\\\/en\\\/#website\",\"url\":\"https:\\\/\\\/temmentec.ch\\\/en\\\/\",\"name\":\"Temmentec\",\"description\":\"Switzerland\",\"publisher\":{\"@id\":\"https:\\\/\\\/temmentec.ch\\\/en\\\/#organization\"},\"potentialAction\":[{\"@type\":\"SearchAction\",\"target\":{\"@type\":\"EntryPoint\",\"urlTemplate\":\"https:\\\/\\\/temmentec.ch\\\/en\\\/?s={search_term_string}\"},\"query-input\":{\"@type\":\"PropertyValueSpecification\",\"valueRequired\":true,\"valueName\":\"search_term_string\"}}],\"inLanguage\":\"en-US\"},{\"@type\":\"Organization\",\"@id\":\"https:\\\/\\\/temmentec.ch\\\/en\\\/#organization\",\"name\":\"Temmentec AG\",\"url\":\"https:\\\/\\\/temmentec.ch\\\/en\\\/\",\"logo\":{\"@type\":\"ImageObject\",\"inLanguage\":\"en-US\",\"@id\":\"https:\\\/\\\/temmentec.ch\\\/en\\\/#\\\/schema\\\/logo\\\/image\\\/\",\"url\":\"https:\\\/\\\/temmentec.ch\\\/wp-content\\\/uploads\\\/2025\\\/02\\\/temmentec_logo_neu.png\",\"contentUrl\":\"https:\\\/\\\/temmentec.ch\\\/wp-content\\\/uploads\\\/2025\\\/02\\\/temmentec_logo_neu.png\",\"width\":927,\"height\":227,\"caption\":\"Temmentec AG\"},\"image\":{\"@id\":\"https:\\\/\\\/temmentec.ch\\\/en\\\/#\\\/schema\\\/logo\\\/image\\\/\"}}]}<\/script>\n<!-- \/ Yoast SEO plugin. -->","yoast_head_json":{"title":"Careers &#8211; Temmentec","description":"Are you looking for out-of-the-ordinary, varied, and interesting work in a professional, dynamic environment? You\u2019ll be at home with us.","robots":{"index":"index","follow":"follow","max-snippet":"max-snippet:-1","max-image-preview":"max-image-preview:large","max-video-preview":"max-video-preview:-1"},"canonical":"https:\/\/temmentec.ch\/en\/company\/careers\/","og_locale":"en_US","og_type":"article","og_title":"Careers &#8211; Temmentec","og_description":"Are you looking for out-of-the-ordinary, varied, and interesting work in a professional, dynamic environment? You\u2019ll be at home with us.","og_url":"https:\/\/temmentec.ch\/en\/company\/careers\/","og_site_name":"Temmentec","article_modified_time":"2026-01-20T14:46:13+00:00","twitter_card":"summary_large_image","twitter_misc":{"Est. reading time":"5 minutes"},"schema":{"@context":"https:\/\/schema.org","@graph":[{"@type":"WebPage","@id":"https:\/\/temmentec.ch\/en\/company\/careers\/","url":"https:\/\/temmentec.ch\/en\/company\/careers\/","name":"Careers &#8211; Temmentec","isPartOf":{"@id":"https:\/\/temmentec.ch\/en\/#website"},"datePublished":"2025-07-17T13:02:41+00:00","dateModified":"2026-01-20T14:46:13+00:00","description":"Are you looking for out-of-the-ordinary, varied, and interesting work in a professional, dynamic environment? You\u2019ll be at home with us.","breadcrumb":{"@id":"https:\/\/temmentec.ch\/en\/company\/careers\/#breadcrumb"},"inLanguage":"en-US","potentialAction":[{"@type":"ReadAction","target":["https:\/\/temmentec.ch\/en\/company\/careers\/"]}]},{"@type":"BreadcrumbList","@id":"https:\/\/temmentec.ch\/en\/company\/careers\/#breadcrumb","itemListElement":[{"@type":"ListItem","position":1,"name":"Startseite","item":"https:\/\/temmentec.ch\/en\/"},{"@type":"ListItem","position":2,"name":"Company","item":"https:\/\/temmentec.ch\/en\/company\/"},{"@type":"ListItem","position":3,"name":"Careers"}]},{"@type":"WebSite","@id":"https:\/\/temmentec.ch\/en\/#website","url":"https:\/\/temmentec.ch\/en\/","name":"Temmentec","description":"Switzerland","publisher":{"@id":"https:\/\/temmentec.ch\/en\/#organization"},"potentialAction":[{"@type":"SearchAction","target":{"@type":"EntryPoint","urlTemplate":"https:\/\/temmentec.ch\/en\/?s={search_term_string}"},"query-input":{"@type":"PropertyValueSpecification","valueRequired":true,"valueName":"search_term_string"}}],"inLanguage":"en-US"},{"@type":"Organization","@id":"https:\/\/temmentec.ch\/en\/#organization","name":"Temmentec AG","url":"https:\/\/temmentec.ch\/en\/","logo":{"@type":"ImageObject","inLanguage":"en-US","@id":"https:\/\/temmentec.ch\/en\/#\/schema\/logo\/image\/","url":"https:\/\/temmentec.ch\/wp-content\/uploads\/2025\/02\/temmentec_logo_neu.png","contentUrl":"https:\/\/temmentec.ch\/wp-content\/uploads\/2025\/02\/temmentec_logo_neu.png","width":927,"height":227,"caption":"Temmentec AG"},"image":{"@id":"https:\/\/temmentec.ch\/en\/#\/schema\/logo\/image\/"}}]}},"uagb_featured_image_src":{"full":false,"thumbnail":false,"medium":false,"medium_large":false,"large":false,"event-post-thumb":false,"event-post-thumb-box":false,"1536x1536":false,"2048x2048":false,"portfolio-square":false,"portfolio-portrait":false,"portfolio-landscape":false,"menu-featured-post":false,"qode-carousel_slider":false,"portfolio_slider":false,"portfolio_masonry_regular":false,"portfolio_masonry_wide":false,"portfolio_masonry_tall":false,"portfolio_masonry_large":false,"portfolio_masonry_with_space":false,"latest_post_boxes":false},"uagb_author_info":{"display_name":"dc-admin","author_link":"https:\/\/temmentec.ch\/en\/author\/dc-admin\/"},"uagb_comment_info":0,"uagb_excerpt":"[vc_row css_animation=&#8221;&#8221; row_type=&#8221;row&#8221; use_row_as_full_screen_section=&#8221;no&#8221; type=&#8221;grid&#8221; angled_section=&#8221;no&#8221; text_align=&#8221;left&#8221; background_image_as_pattern=&#8221;without_pattern&#8221; z_index=&#8221;&#8221;][vc_column width=&#8221;1\/2&#8243;][vc_single_image image=&#8221;6915&#8243; img_size=&#8221;medium&#8221; alignment=&#8221;right&#8221; css=&#8221;&#8221; qode_css_animation=&#8221;&#8221;][vc_empty_space][\/vc_column][vc_column width=&#8221;1\/2&#8243;][vc_column_text css=&#8221;&#8221;] Careers Strong together, successful together Are you looking for out-of-the-ordinary, varied, and interesting...","_links":{"self":[{"href":"https:\/\/temmentec.ch\/en\/wp-json\/wp\/v2\/pages\/8551","targetHints":{"allow":["GET"]}}],"collection":[{"href":"https:\/\/temmentec.ch\/en\/wp-json\/wp\/v2\/pages"}],"about":[{"href":"https:\/\/temmentec.ch\/en\/wp-json\/wp\/v2\/types\/page"}],"author":[{"embeddable":true,"href":"https:\/\/temmentec.ch\/en\/wp-json\/wp\/v2\/users\/1"}],"replies":[{"embeddable":true,"href":"https:\/\/temmentec.ch\/en\/wp-json\/wp\/v2\/comments?post=8551"}],"version-history":[{"count":16,"href":"https:\/\/temmentec.ch\/en\/wp-json\/wp\/v2\/pages\/8551\/revisions"}],"predecessor-version":[{"id":9823,"href":"https:\/\/temmentec.ch\/en\/wp-json\/wp\/v2\/pages\/8551\/revisions\/9823"}],"up":[{"embeddable":true,"href":"https:\/\/temmentec.ch\/en\/wp-json\/wp\/v2\/pages\/8511"}],"wp:attachment":[{"href":"https:\/\/temmentec.ch\/en\/wp-json\/wp\/v2\/media?parent=8551"}],"curies":[{"name":"wp","href":"https:\/\/api.w.org\/{rel}","templated":true}]}}