{"id":9503,"date":"2025-08-19T09:52:58","date_gmt":"2025-08-19T07:52:58","guid":{"rendered":"https:\/\/temmentec.dclabs2.ch\/?page_id=9503"},"modified":"2025-08-20T14:36:11","modified_gmt":"2025-08-20T12:36:11","slug":"impressum","status":"publish","type":"page","link":"https:\/\/temmentec.ch\/de\/impressum\/","title":{"rendered":"Impressum"},"content":{"rendered":"<div class=\"wpb-content-wrapper\"><p>[vc_row css_animation=&#8220;&#8220; row_type=&#8220;row&#8220; use_row_as_full_screen_section=&#8220;no&#8220; type=&#8220;grid&#8220; angled_section=&#8220;no&#8220; text_align=&#8220;left&#8220; background_image_as_pattern=&#8220;without_pattern&#8220; padding_bottom=&#8220;100&#8243; z_index=&#8220;&#8220; el_class=&#8220;datenschutztext&#8220; padding_top=&#8220;0&#8243; css=&#8220;.vc_custom_1753715376492{margin-top: 0px !important;padding-top: 0px !important;}&#8220;][vc_column][vc_column_text css=&#8220;&#8220;]<\/p>\n<h1 class=\"datenschutzerklaerung\">Impressum<\/h1>\n<h2>VERANTWORTLICH F\u00dcR DEN INHALT DIESER WEBSEITE<\/h2>\n<p>Temmentec AG<br \/>\nL\u00fctoldstrasse 6<br \/>\n3454 Sumiswald<br \/>\nSchweiz<br \/>\nTelefon:+41 34 432 61 11<br \/>\nE-Mail: <a href=\"mailto:contact@temmentec.ch\">contact@temmentec.ch<\/a><br \/>\nWebsite: <a href=\"https:temmentec.ch\/en\/\">www.temmentec.ch<\/a><br \/>\nUID-Nummer: CHE-102.476.845<br \/>\nGesch\u00e4ftssitz: Sumiswald, Schweiz<\/p>\n<h2>KONZEPTION, DESIGN UND TECHNISCHE UMSETZUNG DIESER WEBSEITE<\/h2>\n<p>DACHCOM.CH AG<br \/>\nCommunication LSA<br \/>\nLagerplatz 21<br \/>\n8400 Winterthur<br \/>\nSchweiz<br \/>\nTelefon: +41 52 245 06 60<br \/>\nE-Mail: <a href=\"mailto:info@dachcom.ch\">info@dachcom.ch<\/a><br \/>\nWebsite: <a href=\"https\/\/:dachcom.ch\/\">www.dachcom.ch<\/a><\/p>\n<h2>HAFTUNGSAUSSCHLUSS, URHEBERRECHT, DATENSCHUTZ<\/h2>\n<p>Die Inhalte dieser Website wurden mit gr\u00f6sster Sorgfalt erstellt. F\u00fcr die Richtigkeit, Vollst\u00e4ndigkeit und Aktualit\u00e4t \u00fcbernehmen wir jedoch keine Gew\u00e4hr. Haftungsanspr\u00fcche aus der Nutzung der Inhalte sind ausgeschlossen, sofern kein nachweislich vors\u00e4tzliches oder grob fahrl\u00e4ssiges Verschulden vorliegt.<\/p>\n<p>Die Nutzung externer Links erfolgt auf eigene Verantwortung. F\u00fcr Inhalte verlinkter Seiten sind ausschliesslich deren Betreiber verantwortlich.<\/p>\n<p>Alle Inhalte dieser Website (Texte, Bilder, Grafiken) sind urheberrechtlich gesch\u00fctzt. Jede Verwendung bedarf der ausdr\u00fccklichen schriftlichen Zustimmung.<\/p>\n<p>Informationen zum Datenschutz finden Sie in unserer <a href=\"https:\/\/temmentec.ch\/de\/datenschutzerklaerung\/\">Datenschutzerkl\u00e4rung<\/a>.[\/vc_column_text][\/vc_column][\/vc_row]<\/p>\n<\/div>","protected":false},"excerpt":{"rendered":"<p>[vc_row css_animation=&#8220;&#8220; row_type=&#8220;row&#8220; use_row_as_full_screen_section=&#8220;no&#8220; type=&#8220;grid&#8220; angled_section=&#8220;no&#8220; text_align=&#8220;left&#8220; background_image_as_pattern=&#8220;without_pattern&#8220; padding_bottom=&#8220;100&#8243; z_index=&#8220;&#8220; el_class=&#8220;datenschutztext&#8220; padding_top=&#8220;0&#8243; css=&#8220;.vc_custom_1753715376492{margin-top: 0px !important;padding-top: 0px !important;}&#8220;][vc_column][vc_column_text css=&#8220;&#8220;] Impressum VERANTWORTLICH F\u00dcR DEN INHALT DIESER WEBSEITE Temmentec AG L\u00fctoldstrasse 6 3454&#8230;<\/p>\n","protected":false},"author":1,"featured_media":0,"parent":0,"menu_order":99,"comment_status":"closed","ping_status":"closed","template":"full_width.php","meta":{"_uag_custom_page_level_css":"","footnotes":""},"class_list":["post-9503","page","type-page","status-publish","hentry"],"yoast_head":"<!-- This site is optimized with the Yoast SEO plugin v27.4 - https:\/\/yoast.com\/product\/yoast-seo-wordpress\/ -->\n<title>Impressum &#8211; Temmentec<\/title>\n<meta name=\"robots\" content=\"index, follow, max-snippet:-1, max-image-preview:large, max-video-preview:-1\" \/>\n<link rel=\"canonical\" href=\"https:\/\/temmentec.ch\/de\/impressum\/\" \/>\n<meta property=\"og:locale\" content=\"de_DE\" \/>\n<meta property=\"og:type\" content=\"article\" \/>\n<meta property=\"og:title\" content=\"Impressum &#8211; Temmentec\" \/>\n<meta property=\"og:description\" content=\"[vc_row css_animation=&#8220;&#8220; row_type=&#8220;row&#8220; use_row_as_full_screen_section=&#8220;no&#8220; type=&#8220;grid&#8220; angled_section=&#8220;no&#8220; text_align=&#8220;left&#8220; background_image_as_pattern=&#8220;without_pattern&#8220; padding_bottom=&#8220;100&#8243; z_index=&#8220;&#8220; el_class=&#8220;datenschutztext&#8220; padding_top=&#8220;0&#8243; css=&#8220;.vc_custom_1753715376492{margin-top: 0px !important;padding-top: 0px !important;}&#8220;][vc_column][vc_column_text css=&#8220;&#8220;] Impressum VERANTWORTLICH F\u00dcR DEN INHALT DIESER WEBSEITE Temmentec AG L\u00fctoldstrasse 6 3454...\" \/>\n<meta property=\"og:url\" content=\"https:\/\/temmentec.ch\/de\/impressum\/\" \/>\n<meta property=\"og:site_name\" content=\"Temmentec\" \/>\n<meta property=\"article:modified_time\" content=\"2025-08-20T12:36:11+00:00\" \/>\n<meta name=\"twitter:card\" content=\"summary_large_image\" \/>\n<meta name=\"twitter:label1\" content=\"Gesch\u00e4tzte Lesezeit\" \/>\n\t<meta name=\"twitter:data1\" content=\"1\u00a0Minute\" \/>\n<script type=\"application\/ld+json\" class=\"yoast-schema-graph\">{\"@context\":\"https:\\\/\\\/schema.org\",\"@graph\":[{\"@type\":\"WebPage\",\"@id\":\"https:\\\/\\\/temmentec.ch\\\/de\\\/impressum\\\/\",\"url\":\"https:\\\/\\\/temmentec.ch\\\/de\\\/impressum\\\/\",\"name\":\"Impressum &#8211; Temmentec\",\"isPartOf\":{\"@id\":\"https:\\\/\\\/temmentec.ch\\\/de\\\/#website\"},\"datePublished\":\"2025-08-19T07:52:58+00:00\",\"dateModified\":\"2025-08-20T12:36:11+00:00\",\"breadcrumb\":{\"@id\":\"https:\\\/\\\/temmentec.ch\\\/de\\\/impressum\\\/#breadcrumb\"},\"inLanguage\":\"de\",\"potentialAction\":[{\"@type\":\"ReadAction\",\"target\":[\"https:\\\/\\\/temmentec.ch\\\/de\\\/impressum\\\/\"]}]},{\"@type\":\"BreadcrumbList\",\"@id\":\"https:\\\/\\\/temmentec.ch\\\/de\\\/impressum\\\/#breadcrumb\",\"itemListElement\":[{\"@type\":\"ListItem\",\"position\":1,\"name\":\"Startseite\",\"item\":\"https:\\\/\\\/temmentec.ch\\\/de\\\/\"},{\"@type\":\"ListItem\",\"position\":2,\"name\":\"Impressum\"}]},{\"@type\":\"WebSite\",\"@id\":\"https:\\\/\\\/temmentec.ch\\\/de\\\/#website\",\"url\":\"https:\\\/\\\/temmentec.ch\\\/de\\\/\",\"name\":\"Temmentec\",\"description\":\"Switzerland\",\"publisher\":{\"@id\":\"https:\\\/\\\/temmentec.ch\\\/de\\\/#organization\"},\"potentialAction\":[{\"@type\":\"SearchAction\",\"target\":{\"@type\":\"EntryPoint\",\"urlTemplate\":\"https:\\\/\\\/temmentec.ch\\\/de\\\/?s={search_term_string}\"},\"query-input\":{\"@type\":\"PropertyValueSpecification\",\"valueRequired\":true,\"valueName\":\"search_term_string\"}}],\"inLanguage\":\"de\"},{\"@type\":\"Organization\",\"@id\":\"https:\\\/\\\/temmentec.ch\\\/de\\\/#organization\",\"name\":\"Temmentec AG\",\"url\":\"https:\\\/\\\/temmentec.ch\\\/de\\\/\",\"logo\":{\"@type\":\"ImageObject\",\"inLanguage\":\"de\",\"@id\":\"https:\\\/\\\/temmentec.ch\\\/de\\\/#\\\/schema\\\/logo\\\/image\\\/\",\"url\":\"https:\\\/\\\/temmentec.ch\\\/wp-content\\\/uploads\\\/2025\\\/02\\\/temmentec_logo_neu.png\",\"contentUrl\":\"https:\\\/\\\/temmentec.ch\\\/wp-content\\\/uploads\\\/2025\\\/02\\\/temmentec_logo_neu.png\",\"width\":927,\"height\":227,\"caption\":\"Temmentec AG\"},\"image\":{\"@id\":\"https:\\\/\\\/temmentec.ch\\\/de\\\/#\\\/schema\\\/logo\\\/image\\\/\"}}]}<\/script>\n<!-- \/ Yoast SEO plugin. -->","yoast_head_json":{"title":"Impressum &#8211; Temmentec","robots":{"index":"index","follow":"follow","max-snippet":"max-snippet:-1","max-image-preview":"max-image-preview:large","max-video-preview":"max-video-preview:-1"},"canonical":"https:\/\/temmentec.ch\/de\/impressum\/","og_locale":"de_DE","og_type":"article","og_title":"Impressum &#8211; Temmentec","og_description":"[vc_row css_animation=&#8220;&#8220; row_type=&#8220;row&#8220; use_row_as_full_screen_section=&#8220;no&#8220; type=&#8220;grid&#8220; angled_section=&#8220;no&#8220; text_align=&#8220;left&#8220; background_image_as_pattern=&#8220;without_pattern&#8220; padding_bottom=&#8220;100&#8243; z_index=&#8220;&#8220; el_class=&#8220;datenschutztext&#8220; padding_top=&#8220;0&#8243; css=&#8220;.vc_custom_1753715376492{margin-top: 0px !important;padding-top: 0px !important;}&#8220;][vc_column][vc_column_text css=&#8220;&#8220;] Impressum VERANTWORTLICH F\u00dcR DEN INHALT DIESER WEBSEITE Temmentec AG L\u00fctoldstrasse 6 3454...","og_url":"https:\/\/temmentec.ch\/de\/impressum\/","og_site_name":"Temmentec","article_modified_time":"2025-08-20T12:36:11+00:00","twitter_card":"summary_large_image","twitter_misc":{"Gesch\u00e4tzte Lesezeit":"1\u00a0Minute"},"schema":{"@context":"https:\/\/schema.org","@graph":[{"@type":"WebPage","@id":"https:\/\/temmentec.ch\/de\/impressum\/","url":"https:\/\/temmentec.ch\/de\/impressum\/","name":"Impressum &#8211; Temmentec","isPartOf":{"@id":"https:\/\/temmentec.ch\/de\/#website"},"datePublished":"2025-08-19T07:52:58+00:00","dateModified":"2025-08-20T12:36:11+00:00","breadcrumb":{"@id":"https:\/\/temmentec.ch\/de\/impressum\/#breadcrumb"},"inLanguage":"de","potentialAction":[{"@type":"ReadAction","target":["https:\/\/temmentec.ch\/de\/impressum\/"]}]},{"@type":"BreadcrumbList","@id":"https:\/\/temmentec.ch\/de\/impressum\/#breadcrumb","itemListElement":[{"@type":"ListItem","position":1,"name":"Startseite","item":"https:\/\/temmentec.ch\/de\/"},{"@type":"ListItem","position":2,"name":"Impressum"}]},{"@type":"WebSite","@id":"https:\/\/temmentec.ch\/de\/#website","url":"https:\/\/temmentec.ch\/de\/","name":"Temmentec","description":"Switzerland","publisher":{"@id":"https:\/\/temmentec.ch\/de\/#organization"},"potentialAction":[{"@type":"SearchAction","target":{"@type":"EntryPoint","urlTemplate":"https:\/\/temmentec.ch\/de\/?s={search_term_string}"},"query-input":{"@type":"PropertyValueSpecification","valueRequired":true,"valueName":"search_term_string"}}],"inLanguage":"de"},{"@type":"Organization","@id":"https:\/\/temmentec.ch\/de\/#organization","name":"Temmentec AG","url":"https:\/\/temmentec.ch\/de\/","logo":{"@type":"ImageObject","inLanguage":"de","@id":"https:\/\/temmentec.ch\/de\/#\/schema\/logo\/image\/","url":"https:\/\/temmentec.ch\/wp-content\/uploads\/2025\/02\/temmentec_logo_neu.png","contentUrl":"https:\/\/temmentec.ch\/wp-content\/uploads\/2025\/02\/temmentec_logo_neu.png","width":927,"height":227,"caption":"Temmentec AG"},"image":{"@id":"https:\/\/temmentec.ch\/de\/#\/schema\/logo\/image\/"}}]}},"uagb_featured_image_src":{"full":false,"thumbnail":false,"medium":false,"medium_large":false,"large":false,"event-post-thumb":false,"event-post-thumb-box":false,"1536x1536":false,"2048x2048":false,"portfolio-square":false,"portfolio-portrait":false,"portfolio-landscape":false,"menu-featured-post":false,"qode-carousel_slider":false,"portfolio_slider":false,"portfolio_masonry_regular":false,"portfolio_masonry_wide":false,"portfolio_masonry_tall":false,"portfolio_masonry_large":false,"portfolio_masonry_with_space":false,"latest_post_boxes":false},"uagb_author_info":{"display_name":"dc-admin","author_link":"https:\/\/temmentec.ch\/de\/author\/dc-admin\/"},"uagb_comment_info":0,"uagb_excerpt":"[vc_row css_animation=&#8220;&#8220; row_type=&#8220;row&#8220; use_row_as_full_screen_section=&#8220;no&#8220; type=&#8220;grid&#8220; angled_section=&#8220;no&#8220; text_align=&#8220;left&#8220; background_image_as_pattern=&#8220;without_pattern&#8220; padding_bottom=&#8220;100&#8243; z_index=&#8220;&#8220; el_class=&#8220;datenschutztext&#8220; padding_top=&#8220;0&#8243; css=&#8220;.vc_custom_1753715376492{margin-top: 0px !important;padding-top: 0px !important;}&#8220;][vc_column][vc_column_text css=&#8220;&#8220;] Impressum VERANTWORTLICH F\u00dcR DEN INHALT DIESER WEBSEITE Temmentec AG L\u00fctoldstrasse 6 3454...","_links":{"self":[{"href":"https:\/\/temmentec.ch\/de\/wp-json\/wp\/v2\/pages\/9503","targetHints":{"allow":["GET"]}}],"collection":[{"href":"https:\/\/temmentec.ch\/de\/wp-json\/wp\/v2\/pages"}],"about":[{"href":"https:\/\/temmentec.ch\/de\/wp-json\/wp\/v2\/types\/page"}],"author":[{"embeddable":true,"href":"https:\/\/temmentec.ch\/de\/wp-json\/wp\/v2\/users\/1"}],"replies":[{"embeddable":true,"href":"https:\/\/temmentec.ch\/de\/wp-json\/wp\/v2\/comments?post=9503"}],"version-history":[{"count":5,"href":"https:\/\/temmentec.ch\/de\/wp-json\/wp\/v2\/pages\/9503\/revisions"}],"predecessor-version":[{"id":9533,"href":"https:\/\/temmentec.ch\/de\/wp-json\/wp\/v2\/pages\/9503\/revisions\/9533"}],"wp:attachment":[{"href":"https:\/\/temmentec.ch\/de\/wp-json\/wp\/v2\/media?parent=9503"}],"curies":[{"name":"wp","href":"https:\/\/api.w.org\/{rel}","templated":true}]}}