{"id":8652,"date":"2025-07-28T15:11:32","date_gmt":"2025-07-28T15:11:32","guid":{"rendered":"https:\/\/temmentec.dclabs2.ch\/?page_id=8652"},"modified":"2025-08-05T12:19:51","modified_gmt":"2025-08-05T10:19:51","slug":"agb","status":"publish","type":"page","link":"https:\/\/temmentec.ch\/de\/agb\/","title":{"rendered":"Allgemeine Gesch\u00e4ftsbedingungen der Temmentec AG"},"content":{"rendered":"<div class=\"wpb-content-wrapper\"><p>[vc_row css_animation=&#8220;&#8220; row_type=&#8220;row&#8220; use_row_as_full_screen_section=&#8220;no&#8220; type=&#8220;grid&#8220; angled_section=&#8220;no&#8220; text_align=&#8220;left&#8220; background_image_as_pattern=&#8220;without_pattern&#8220; padding_bottom=&#8220;100&#8243; z_index=&#8220;&#8220; el_class=&#8220;datenschutztext&#8220; padding_top=&#8220;0&#8243; css=&#8220;.vc_custom_1753715376492{margin-top: 0px !important;padding-top: 0px !important;}&#8220;][vc_column][vc_column_text css=&#8220;&#8220;]<\/p>\n<h1>Allgemeine Gesch\u00e4ftsbedingungen<br \/>\nder Temmentec AG (\u201cAGB\u201d)<\/h1>\n<h3>1. Anwendbarkeit<\/h3>\n<p>Die Temmentec AG ist eine Aktiengesellschaft schweizerischen Rechts und spezialisiert auf die Entwicklung, Herstellung und Abf\u00fcllung von Produkten der Kosmetik sowie technischen Spezialit\u00e4ten. Auf das Vertragsverh\u00e4ltnis mit dem Kunden sind ausschliesslich die AGB der Temmentec AG anwendbar. Abweichende oder erg\u00e4nzende Gesch\u00e4ftsbedingungen des Kunden werden abgelehnt, auch wenn wir diesen im Einzelfall nicht ausdr\u00fccklich widersprechen.<\/p>\n<p>Diese AGB werden durch unsere Offerte bzw. unsere Auftragsbest\u00e4tigung sowie ggf. eine individuelle schriftliche Vereinbarung mit dem Kunden erg\u00e4nzt. Von diesen AGB abweichende Regelungen sind ausschliesslich in den genannten Dokumenten m\u00f6glich und hiermit vorbehalten.<\/p>\n<p>Die Temmentec AG beh\u00e4lt sich das Recht vor, diese AGB jederzeit zu \u00e4ndern. Es sind die AGB in der jeweils aktuell g\u00fcltigen Fassung anwendbar.<\/p>\n<h3>2. Vertragsschluss<\/h3>\n<p>Die Offerten der Temmentec AG sind freibleibend und k\u00f6nnen daher von uns jederzeit widerrufen werden. Bei der Bestellung des Kunden handelt es sich um ein Angebot zum Abschluss eines Vertrages, unabh\u00e4ngig davon, ob die Bestellung als Antwort auf eine Offerte unsererseits erfolgt oder ob es sich um eine Anfrage des Kunden handelt.<\/p>\n<p>Eine Bestellung kann innerhalb von zehn (10) Werktagen von der Temmentec AG angenommen werden. Ein Vertrag kommt ausschliesslich durch die schriftliche Auftragsbest\u00e4tigung oder vorbehaltlose Erbringung der bestellten Leistung seitens der Temmentec AG zustande. Mitteilungen per Telefax oder E-Mail gen\u00fcgen diesem Schriftformerfordernis.<\/p>\n<h3>3. Rechte an Unterlagen und sonstigen Informationen<\/h3>\n<p>An s\u00e4mtlichen im Zusammenhang mit einem Auftrag dem Kunden \u00fcberlassenen Unterlagen und offenbarten Informationen werden die Eigentums- und Immaterialg\u00fcterrechte der Temmentec AG vorbehalten. Dies gilt insbesondere auch f\u00fcr schriftliche Unterlagen, die als &#8222;vertraulich&#8220; bezeichnet sind. Vor der Weitergabe von Unterlagen oder sonstigen Informationen an Dritte bedarf es der ausdr\u00fccklichen schriftlichen Zustimmung der Temmentec AG.<\/p>\n<h3>4. Immaterialg\u00fcterrechte und Know-how<\/h3>\n<p>S\u00e4mtliche Immaterialg\u00fcterrechte und das Know-how, welche(s) als Folge der Zusammenarbeit mit dem Kunden entstehen, stehen ausschliesslich der Temmentec AG zu. Davon ausgenommen sind geringf\u00fcgige \u00c4nderungen\/Anpassungen der vom Kunden zur Verf\u00fcgung gestellten Formulierungen. Die Rechte an den geringf\u00fcgig ge\u00e4nderten\/angepassten Formulierungen verbleiben beim Kunden.<\/p>\n<h3>5. Rezeptur<\/h3>\n<p>Der Kunde hat die M\u00f6glichkeit, die Rechte an den von der Temmentec AG entwickelten Rezepturen mittels schriftlicher Vereinbarung k\u00e4uflich zu erwerben. In diesem Fall werden die daran bestehenden Immaterialg\u00fcterrechte dem Kunden \u00fcbertragen.<\/p>\n<h3>6. Einhaltung gesetzlicher Bestimmungen<\/h3>\n<p>Die Formulierungen und Vertragsleistungen der Temmentec AG entsprechen der anwendbaren schweizerischen und europ\u00e4ischen Gesetzgebung.<\/p>\n<p>Die Temmentec AG \u00fcbernimmt keine weitere Gew\u00e4hrleistung oder Haftung. Bei Exporten liegt es in der Verantwortung des Kunden, uns auf besondere oder abweichende Gesetzgebung hinzuweisen und die entsprechenden Anpassungen ausdr\u00fccklich zu beantragen.<\/p>\n<p>Bei Formulierung oder Materialien und\/oder Packmittel, die uns durch den Kunden beigestellt werden, liegt die Verantwortung f\u00fcr die Einhaltung s\u00e4mtlicher anwendbaren (in- und ausl\u00e4ndischen) gesetzlichen Bestimmungen beim Kunden. Der Kunde ist auch verantwortlich f\u00fcr die Bekanntmachungen an die Verbraucher, selbst wenn durch die Temmentec AG entwickelte Formulierungen eingesetzt werden (Produktangaben, Produktanpreisungen etc.).<\/p>\n<p>Es liegt in der Verantwortung des Kunden, ggf. ein <em>Product Information File<\/em> (PIF) zu erstellen oder die Temmentec AG mit dessen Erstellung zus\u00e4tzlich zu beauftragen.<\/p>\n<h3>7. Gesetzliche Vorgaben \/ Non-OTC<\/h3>\n<p>Die von der Temmentec AG hergestellten Produkte erf\u00fcllen die Vorgaben der schweizerischen Gesetzgebung (Kosmetikverordnung; VKos) und der EU-Kosmetikverordnung (Nr. 1223\/2009). Zudem erfolgt die Produktion nach den Standards von <em>Cosmetics Good Manufacturing Practice<\/em> (GMP) \u2013 ISO 22716 und ISO 9001.<\/p>\n<p>Demgem\u00e4ss kann die Temmentec AG:<\/p>\n<ul>\n<li>keine Produkte gem\u00e4ss den FDA\/OTC Vorgaben herstellen und abf\u00fcllen;<\/li>\n<li>keine Dokumente f\u00fcr Produkte, welche Pharma-GMP Richtlinien unterliegen, liefern; und<\/li>\n<li>keine Stabilit\u00e4tstests gem\u00e4ss den Vorgaben FDA\/OTC durchf\u00fchren.<\/li>\n<\/ul>\n<p>Durch die Temmentec AG hergestellte Sonnenschutzprodukte d\u00fcrfen daher nur in M\u00e4rkten, die ausschliesslich den europ\u00e4ischen respektive schweizerischen Vorschriften unterliegen, in Verkehr gebracht werden. Es ist nicht zul\u00e4ssig, bei uns hergestellte Sonnenschutzprodukte in M\u00e4rkten mit abweichenden Gesetzgebungen (z.B. USA, Kanada und Australien) in Verkehr zu bringen. Diesfalls wird jegliche Haftung seitens der Temmentec AG ausgeschlossen.<\/p>\n<h3>8. R\u00fccktritt bei aussergew\u00f6hnlichen Umst\u00e4nden<\/h3>\n<p>F\u00fcr den Fall, dass aussergew\u00f6hnliche und durch die Temmentec AG nicht zu verantwortende Umst\u00e4nde oder Ereignisse (Rohmaterialverknappung, Streiks, S\u00e4umnisse von Unterlieferanten etc.) die Auslieferung verhindern oder verz\u00f6gern oder zu Verteuerungen bei der Herstellung f\u00fchren, beh\u00e4lt sich die Temmentec AG das Recht vor, ohne Entsch\u00e4digungspflicht, durch un-verz\u00fcgliche und schriftliche Mitteilung an den Kunden, ganz oder teilweise vom Vertrag zur\u00fcckzutreten, sofern der Kunde die durch die Verh\u00e4ltnisse bedingten Preiserh\u00f6hungen oder Auslieferverz\u00f6gerungen nicht genehmigt.<\/p>\n<p>Kosten, welche durch bereits erbrachte Vorleistungen und\/oder mit Lieferanten eingegangene Vertr\u00e4ge entstehen (z.B. Beschaffung Rohstoffe, Verpackungen etc.), sind durch den Kunden zu tragen.<\/p>\n<h3>9. Zahlungsbedingungen<\/h3>\n<p>Sofern nichts anderes vereinbart, sind die Preise der Temmentec AG netto, exkl. MwSt. und Abgaben wie VOC, zahlbar innert 30 Tagen ab Rechnungsdatum.<\/p>\n<p>Nicht im Preis inbegriffen ist die Erstellung eines <em>Product Information File<\/em> (PIF). Es liegt in der Verantwortung des Kunden, ggf. ein PIF zu erstellen oder durch die Temmentec AG gegen entsprechende Kosten\u00fcbernahme erstellen zu lassen.<\/p>\n<p>Die Temmentec AG ist berechtigt, bei Zahlungsunf\u00e4higkeit des Kunden oder bei Nichteinhaltung der vereinbarten Zahlungskonditionen nach erster Mahnung ohne Entsch\u00e4digungspflicht, ausstehende Auslieferungen an den Kunden ganz oder teilweise einzustellen und von der weiteren Auftragserf\u00fcllung abzusehen. Schadenersatz seitens der Temmentec AG bleibt vorbehalten.<\/p>\n<h3>10. Lieferkonditionen<\/h3>\n<p>Sofern nicht anderes vereinbart, erfolgt die Auslieferung der Vertragswaren FCA CH-3454 Sumiswald (ICC Incoterms 2020). Bei einer abweichenden Vereinbarung im Einzelfall von EXW Werk Sumiswald (ICC Incoterms 2020) sind die bereitgestellten Vertragswaren vom Kunden innerhalb von f\u00fcnf (5) Werktagen nach Mitteilung \u00fcber die Bereitstellung abzuholen. Der Transport erfolgt auf Rechnung und Gefahr des Kunden.<\/p>\n<p>Auslieferfristen sind jeweils f\u00fcr jeden Auftrag separat zu vereinbaren.<\/p>\n<h3>11. Mehr- oder Minderlieferungen<\/h3>\n<p>Quantitative Abweichungen von bis zu 10% der bestellten Menge an Vertragswaren stellen keinen Mangel dar und k\u00f6nnen nicht beanstandet werden. Die Fakturierung erfolgt entsprechend der tats\u00e4chlich gelieferten Menge.<\/p>\n<h3>12. Eigentumsvorbehalt<\/h3>\n<p>Das Eigentum an den Waren beh\u00e4lt sich die Temmentec AG vor, bis der Kunde alle gegenw\u00e4rtigen Forderungen aus der Gesch\u00e4ftsbeziehung erf\u00fcllt hat. Die Temmentec AG ist berechtigt, eine entsprechende Eintragung im Eigentumsvorbehaltsregister zu veranlassen.<\/p>\n<p>Kommt es trotz des vereinbarten Eigentumsvorbehaltes zu einer Eigentums\u00fcbertragung der Waren vom Kunden auf einen Dritten, tritt der Kunde alle daraus entstehenden Anspr\u00fcche gegen den Dritten an die Temmentec AG sicherungshalber ab.<\/p>\n<h3>13. Mehrkosten bei versp\u00e4teter Materialanlieferung\/-freigabe durch Kunden<\/h3>\n<p>F\u00fcr jede \u00c4nderung der Produktionsplanung, die durch eine versp\u00e4tete Anlieferung und\/oder Freigabe beigestellter Materialien (Rohstoffe, Komponenten) verursacht wird, stellen wir einen Betrag von CHF 500.00 in Rechnung.<\/p>\n<h3>14. Produktionsausschuss und Restbest\u00e4nde<\/h3>\n<p>Die bei der Produktion unvermeidlich anfallenden Materialverluste (Rohstoffe, Packmittel) gehen zu Lasten des Kunden.<\/p>\n<p>Da wir Rohstoffe und Verpackungsmaterial in Mindestmengen und\/oder definierten Gebindegr\u00f6ssen beschaffen m\u00fcssen, k\u00f6nnen Restbest\u00e4nde anfallen. Diese Restbest\u00e4nde werden dem Kunden nach Abschluss der Produktion oder zu einem sp\u00e4teren Zeitpunkt in Rechnung gestellt.<\/p>\n<h3>15. Lagerkosten<\/h3>\n<p>Fertiggestellte Vertragswaren lagert die Temmentec AG bis zu f\u00fcnf (5) Werktage kostenfrei. Danach werden Lagerkosten in Rechnung gestellt.<\/p>\n<p>Die Kosten der Lagerung von gr\u00f6sseren Mengen an Rohstoffen und\/oder Verpackungsmaterial zwischen einzelnen Auftr\u00e4gen hat der Kunde zu tragen.<\/p>\n<h3>16. M\u00e4ngelanspr\u00fcche<\/h3>\n<p>Der Kunde oder der von diesem bezeichnete Empf\u00e4nger der Vertragsware hat diese sofort nach Erhalt zu pr\u00fcfen und Beanstandungen innerhalb von zehn (10) Werktagen schriftlich anzubringen, ansonsten die Ware als genehmigt gilt. M\u00e4ngel, die bei der ordnungsgem\u00e4ssen Pr\u00fcfung nicht erkennbar waren und nachtr\u00e4glich festgestellt werden, hat der Kunde innerhalb von f\u00fcnf (5) Werktagen nach Kenntnis vom Bestehen des Mangels schriftlich mitzuteilen, ansonsten die Ware als genehmigt gilt.<\/p>\n<p>Die schriftliche Beanstandung von M\u00e4ngeln hat unter Angabe der Gr\u00fcnde sowie der Auftrags-, Chargen- und Rechnungsnummern sowie Zurverf\u00fcgungstellung entsprechender Muster zu erfolgen.<\/p>\n<p>Die Temmentec AG haftet nicht f\u00fcr M\u00e4ngel, welche auf die vom Kunden beigestellten oder gem\u00e4ss seinen Angaben bei Dritten bezogenen Rohstoffe und\/oder Packmittel oder auf die Spezifikationen des Kunden zur\u00fcckzuf\u00fchren sind.<\/p>\n<h3>17. Haftungsbeschr\u00e4nkung\/-ausschluss<\/h3>\n<p>Die Haftung der Temmentec AG bei Vertragsverletzung, insbesondere Mangelhaftigkeit der Vertragsware oder Mangelfolgesch\u00e4den (Betriebsverlust etc.), ist beschr\u00e4nkt auf Sch\u00e4den, die durch vors\u00e4tzliches oder grob fahrl\u00e4ssiges Verhalten verursacht wurden.<\/p>\n<p>Im Weiteren schliesst die Temmentec AG, soweit gesetzlich zul\u00e4ssig, jegliche vertragliche und ausservertragliche Haftung aus. Die Haftung f\u00fcr Hilfspersonen ist aufgehoben.<\/p>\n<h3>18. Versicherung<\/h3>\n<p>Jede Partei hat f\u00fcr die Dauer des Vertragsverh\u00e4ltnisses eine Betriebshaftpflichtversicherung f\u00fcr die Sch\u00e4den abzuschliessen, die sich aus der Vertragsabwicklung ergeben k\u00f6nnen.<\/p>\n<h3>19. Datenbearbeitung<\/h3>\n<p>Der Kunde ist damit einverstanden, dass die f\u00fcr die gesch\u00e4ftliche Beziehung erforderlichen oder sich daraus ergebenden Informationen zum Zweck der Abwicklung des Vertragsverh\u00e4ltnisses durch die Temmentec AG unter Einhaltung der in der Schweiz anwendbaren Datenschutzbestimmungen bearbeitet werden.<\/p>\n<h3>20. Sprachversionen<\/h3>\n<p>Die AGB k\u00f6nnen in deutscher und englischer Sprache abgefasst werden. Bei Abweichungen ist die deutsche Fassung massgeblich.<\/p>\n<h3>21. Salvatorische Klausel<\/h3>\n<p>Sollten einzelne Bestimmungen dieser AGB ganz oder teilweise unwirksam sein, ber\u00fchrt dies die Wirksamkeit der \u00fcbrigen Regelungen nicht. Eine unwirksame Bestimmung ist durch eine wirksame Regelung zu ersetzen, die dem wirtschaftlichen Zweck der unwirksamen Bestimmung am n\u00e4chsten kommt.<\/p>\n<h3>22. Anwendbares Recht<\/h3>\n<p>Diese AGB bzw. das Vertragsverh\u00e4ltnis zwischen dem Kunden und der Temmentec AG unterliegen materiellem Schweizer Recht, unter Ausschluss (i) des \u00dcbereinkommens der Vereinten Nationen \u00fcber Vertr\u00e4ge f\u00fcr den internationalen Warenverkauf vom 11.04.1980 (CISG) und (ii) der kollisionsrechtlichen Normen.<\/p>\n<h3>23. Betreibungsort und Gerichtsstand<\/h3>\n<p>Zahlungs- und Betreibungsort (Letzterer nur bei Kunden mit ausl\u00e4ndischem Sitz bzw. Wohnsitz) sowie ausschliesslicher Gerichtsstand ist der Sitz der Temmentec AG. Die Temmentec AG hat allerdings das Recht, den Kunden alternativ bei jedem anderen gesetzlich zust\u00e4ndigen Gericht zu belangen.<\/p>\n<p>Stand: 18.07.2025[\/vc_column_text][\/vc_column][\/vc_row]<\/p>\n<\/div>","protected":false},"excerpt":{"rendered":"<p>[vc_row css_animation=&#8220;&#8220; row_type=&#8220;row&#8220; use_row_as_full_screen_section=&#8220;no&#8220; type=&#8220;grid&#8220; angled_section=&#8220;no&#8220; text_align=&#8220;left&#8220; background_image_as_pattern=&#8220;without_pattern&#8220; padding_bottom=&#8220;100&#8243; z_index=&#8220;&#8220; el_class=&#8220;datenschutztext&#8220; padding_top=&#8220;0&#8243; css=&#8220;.vc_custom_1753715376492{margin-top: 0px !important;padding-top: 0px !important;}&#8220;][vc_column][vc_column_text css=&#8220;&#8220;] Allgemeine Gesch\u00e4ftsbedingungen der Temmentec AG (\u201cAGB\u201d) 1. Anwendbarkeit Die Temmentec AG ist&#8230;<\/p>\n","protected":false},"author":1,"featured_media":0,"parent":0,"menu_order":91,"comment_status":"closed","ping_status":"closed","template":"full_width.php","meta":{"_uag_custom_page_level_css":"","footnotes":""},"class_list":["post-8652","page","type-page","status-publish","hentry"],"yoast_head":"<!-- This site is optimized with the Yoast SEO plugin v27.4 - https:\/\/yoast.com\/product\/yoast-seo-wordpress\/ -->\n<title>Allgemeine Gesch\u00e4ftsbedingungen der Temmentec AG &#8211; Temmentec<\/title>\n<meta name=\"description\" content=\"1. Anwendbarkeit Die Temmentec AG ist eine Aktiengesellschaft schweizerischen Rechts und spezialisiert auf die Entwicklung, Herstellung...\" \/>\n<meta name=\"robots\" content=\"index, follow, max-snippet:-1, max-image-preview:large, max-video-preview:-1\" \/>\n<link rel=\"canonical\" href=\"https:\/\/temmentec.ch\/de\/agb\/\" \/>\n<meta property=\"og:locale\" content=\"de_DE\" \/>\n<meta property=\"og:type\" content=\"article\" \/>\n<meta property=\"og:title\" content=\"Allgemeine Gesch\u00e4ftsbedingungen der Temmentec AG &#8211; Temmentec\" \/>\n<meta property=\"og:description\" content=\"1. Anwendbarkeit Die Temmentec AG ist eine Aktiengesellschaft schweizerischen Rechts und spezialisiert auf die Entwicklung, Herstellung...\" \/>\n<meta property=\"og:url\" content=\"https:\/\/temmentec.ch\/de\/agb\/\" \/>\n<meta property=\"og:site_name\" content=\"Temmentec\" \/>\n<meta property=\"article:modified_time\" content=\"2025-08-05T10:19:51+00:00\" \/>\n<meta name=\"twitter:card\" content=\"summary_large_image\" \/>\n<meta name=\"twitter:label1\" content=\"Gesch\u00e4tzte Lesezeit\" \/>\n\t<meta name=\"twitter:data1\" content=\"9\u00a0Minuten\" \/>\n<script type=\"application\/ld+json\" class=\"yoast-schema-graph\">{\"@context\":\"https:\\\/\\\/schema.org\",\"@graph\":[{\"@type\":\"WebPage\",\"@id\":\"https:\\\/\\\/temmentec.ch\\\/de\\\/agb\\\/\",\"url\":\"https:\\\/\\\/temmentec.ch\\\/de\\\/agb\\\/\",\"name\":\"Allgemeine Gesch\u00e4ftsbedingungen der Temmentec AG &#8211; Temmentec\",\"isPartOf\":{\"@id\":\"https:\\\/\\\/temmentec.ch\\\/de\\\/#website\"},\"datePublished\":\"2025-07-28T15:11:32+00:00\",\"dateModified\":\"2025-08-05T10:19:51+00:00\",\"description\":\"1. Anwendbarkeit Die Temmentec AG ist eine Aktiengesellschaft schweizerischen Rechts und spezialisiert auf die Entwicklung, Herstellung...\",\"breadcrumb\":{\"@id\":\"https:\\\/\\\/temmentec.ch\\\/de\\\/agb\\\/#breadcrumb\"},\"inLanguage\":\"de\",\"potentialAction\":[{\"@type\":\"ReadAction\",\"target\":[\"https:\\\/\\\/temmentec.ch\\\/de\\\/agb\\\/\"]}]},{\"@type\":\"BreadcrumbList\",\"@id\":\"https:\\\/\\\/temmentec.ch\\\/de\\\/agb\\\/#breadcrumb\",\"itemListElement\":[{\"@type\":\"ListItem\",\"position\":1,\"name\":\"Startseite\",\"item\":\"https:\\\/\\\/temmentec.ch\\\/de\\\/\"},{\"@type\":\"ListItem\",\"position\":2,\"name\":\"Allgemeine Gesch\u00e4ftsbedingungen der Temmentec AG\"}]},{\"@type\":\"WebSite\",\"@id\":\"https:\\\/\\\/temmentec.ch\\\/de\\\/#website\",\"url\":\"https:\\\/\\\/temmentec.ch\\\/de\\\/\",\"name\":\"Temmentec\",\"description\":\"Switzerland\",\"publisher\":{\"@id\":\"https:\\\/\\\/temmentec.ch\\\/de\\\/#organization\"},\"potentialAction\":[{\"@type\":\"SearchAction\",\"target\":{\"@type\":\"EntryPoint\",\"urlTemplate\":\"https:\\\/\\\/temmentec.ch\\\/de\\\/?s={search_term_string}\"},\"query-input\":{\"@type\":\"PropertyValueSpecification\",\"valueRequired\":true,\"valueName\":\"search_term_string\"}}],\"inLanguage\":\"de\"},{\"@type\":\"Organization\",\"@id\":\"https:\\\/\\\/temmentec.ch\\\/de\\\/#organization\",\"name\":\"Temmentec AG\",\"url\":\"https:\\\/\\\/temmentec.ch\\\/de\\\/\",\"logo\":{\"@type\":\"ImageObject\",\"inLanguage\":\"de\",\"@id\":\"https:\\\/\\\/temmentec.ch\\\/de\\\/#\\\/schema\\\/logo\\\/image\\\/\",\"url\":\"https:\\\/\\\/temmentec.ch\\\/wp-content\\\/uploads\\\/2025\\\/02\\\/temmentec_logo_neu.png\",\"contentUrl\":\"https:\\\/\\\/temmentec.ch\\\/wp-content\\\/uploads\\\/2025\\\/02\\\/temmentec_logo_neu.png\",\"width\":927,\"height\":227,\"caption\":\"Temmentec AG\"},\"image\":{\"@id\":\"https:\\\/\\\/temmentec.ch\\\/de\\\/#\\\/schema\\\/logo\\\/image\\\/\"}}]}<\/script>\n<!-- \/ Yoast SEO plugin. -->","yoast_head_json":{"title":"Allgemeine Gesch\u00e4ftsbedingungen der Temmentec AG &#8211; Temmentec","description":"1. Anwendbarkeit Die Temmentec AG ist eine Aktiengesellschaft schweizerischen Rechts und spezialisiert auf die Entwicklung, Herstellung...","robots":{"index":"index","follow":"follow","max-snippet":"max-snippet:-1","max-image-preview":"max-image-preview:large","max-video-preview":"max-video-preview:-1"},"canonical":"https:\/\/temmentec.ch\/de\/agb\/","og_locale":"de_DE","og_type":"article","og_title":"Allgemeine Gesch\u00e4ftsbedingungen der Temmentec AG &#8211; Temmentec","og_description":"1. Anwendbarkeit Die Temmentec AG ist eine Aktiengesellschaft schweizerischen Rechts und spezialisiert auf die Entwicklung, Herstellung...","og_url":"https:\/\/temmentec.ch\/de\/agb\/","og_site_name":"Temmentec","article_modified_time":"2025-08-05T10:19:51+00:00","twitter_card":"summary_large_image","twitter_misc":{"Gesch\u00e4tzte Lesezeit":"9\u00a0Minuten"},"schema":{"@context":"https:\/\/schema.org","@graph":[{"@type":"WebPage","@id":"https:\/\/temmentec.ch\/de\/agb\/","url":"https:\/\/temmentec.ch\/de\/agb\/","name":"Allgemeine Gesch\u00e4ftsbedingungen der Temmentec AG &#8211; Temmentec","isPartOf":{"@id":"https:\/\/temmentec.ch\/de\/#website"},"datePublished":"2025-07-28T15:11:32+00:00","dateModified":"2025-08-05T10:19:51+00:00","description":"1. Anwendbarkeit Die Temmentec AG ist eine Aktiengesellschaft schweizerischen Rechts und spezialisiert auf die Entwicklung, Herstellung...","breadcrumb":{"@id":"https:\/\/temmentec.ch\/de\/agb\/#breadcrumb"},"inLanguage":"de","potentialAction":[{"@type":"ReadAction","target":["https:\/\/temmentec.ch\/de\/agb\/"]}]},{"@type":"BreadcrumbList","@id":"https:\/\/temmentec.ch\/de\/agb\/#breadcrumb","itemListElement":[{"@type":"ListItem","position":1,"name":"Startseite","item":"https:\/\/temmentec.ch\/de\/"},{"@type":"ListItem","position":2,"name":"Allgemeine Gesch\u00e4ftsbedingungen der Temmentec AG"}]},{"@type":"WebSite","@id":"https:\/\/temmentec.ch\/de\/#website","url":"https:\/\/temmentec.ch\/de\/","name":"Temmentec","description":"Switzerland","publisher":{"@id":"https:\/\/temmentec.ch\/de\/#organization"},"potentialAction":[{"@type":"SearchAction","target":{"@type":"EntryPoint","urlTemplate":"https:\/\/temmentec.ch\/de\/?s={search_term_string}"},"query-input":{"@type":"PropertyValueSpecification","valueRequired":true,"valueName":"search_term_string"}}],"inLanguage":"de"},{"@type":"Organization","@id":"https:\/\/temmentec.ch\/de\/#organization","name":"Temmentec AG","url":"https:\/\/temmentec.ch\/de\/","logo":{"@type":"ImageObject","inLanguage":"de","@id":"https:\/\/temmentec.ch\/de\/#\/schema\/logo\/image\/","url":"https:\/\/temmentec.ch\/wp-content\/uploads\/2025\/02\/temmentec_logo_neu.png","contentUrl":"https:\/\/temmentec.ch\/wp-content\/uploads\/2025\/02\/temmentec_logo_neu.png","width":927,"height":227,"caption":"Temmentec AG"},"image":{"@id":"https:\/\/temmentec.ch\/de\/#\/schema\/logo\/image\/"}}]}},"uagb_featured_image_src":{"full":false,"thumbnail":false,"medium":false,"medium_large":false,"large":false,"event-post-thumb":false,"event-post-thumb-box":false,"1536x1536":false,"2048x2048":false,"portfolio-square":false,"portfolio-portrait":false,"portfolio-landscape":false,"menu-featured-post":false,"qode-carousel_slider":false,"portfolio_slider":false,"portfolio_masonry_regular":false,"portfolio_masonry_wide":false,"portfolio_masonry_tall":false,"portfolio_masonry_large":false,"portfolio_masonry_with_space":false,"latest_post_boxes":false},"uagb_author_info":{"display_name":"dc-admin","author_link":"https:\/\/temmentec.ch\/de\/author\/dc-admin\/"},"uagb_comment_info":0,"uagb_excerpt":"[vc_row css_animation=&#8220;&#8220; row_type=&#8220;row&#8220; use_row_as_full_screen_section=&#8220;no&#8220; type=&#8220;grid&#8220; angled_section=&#8220;no&#8220; text_align=&#8220;left&#8220; background_image_as_pattern=&#8220;without_pattern&#8220; padding_bottom=&#8220;100&#8243; z_index=&#8220;&#8220; el_class=&#8220;datenschutztext&#8220; padding_top=&#8220;0&#8243; css=&#8220;.vc_custom_1753715376492{margin-top: 0px !important;padding-top: 0px !important;}&#8220;][vc_column][vc_column_text css=&#8220;&#8220;] Allgemeine Gesch\u00e4ftsbedingungen der Temmentec AG (\u201cAGB\u201d) 1. Anwendbarkeit Die Temmentec AG ist...","_links":{"self":[{"href":"https:\/\/temmentec.ch\/de\/wp-json\/wp\/v2\/pages\/8652","targetHints":{"allow":["GET"]}}],"collection":[{"href":"https:\/\/temmentec.ch\/de\/wp-json\/wp\/v2\/pages"}],"about":[{"href":"https:\/\/temmentec.ch\/de\/wp-json\/wp\/v2\/types\/page"}],"author":[{"embeddable":true,"href":"https:\/\/temmentec.ch\/de\/wp-json\/wp\/v2\/users\/1"}],"replies":[{"embeddable":true,"href":"https:\/\/temmentec.ch\/de\/wp-json\/wp\/v2\/comments?post=8652"}],"version-history":[{"count":10,"href":"https:\/\/temmentec.ch\/de\/wp-json\/wp\/v2\/pages\/8652\/revisions"}],"predecessor-version":[{"id":8665,"href":"https:\/\/temmentec.ch\/de\/wp-json\/wp\/v2\/pages\/8652\/revisions\/8665"}],"wp:attachment":[{"href":"https:\/\/temmentec.ch\/de\/wp-json\/wp\/v2\/media?parent=8652"}],"curies":[{"name":"wp","href":"https:\/\/api.w.org\/{rel}","templated":true}]}}