{"id":8191,"date":"2025-07-11T08:27:04","date_gmt":"2025-07-11T08:27:04","guid":{"rendered":"https:\/\/temmentec.dclabs2.ch\/?page_id=8191"},"modified":"2025-08-20T13:20:13","modified_gmt":"2025-08-20T11:20:13","slug":"testimonials","status":"publish","type":"page","link":"https:\/\/temmentec.ch\/de\/testimonials\/","title":{"rendered":"Testimonials"},"content":{"rendered":"<div class=\"wpb-content-wrapper\"><p>[vc_row css_animation=&#8220;&#8220; row_type=&#8220;row&#8220; use_row_as_full_screen_section=&#8220;no&#8220; type=&#8220;grid&#8220; angled_section=&#8220;no&#8220; text_align=&#8220;left&#8220; background_image_as_pattern=&#8220;without_pattern&#8220; z_index=&#8220;&#8220; el_class=&#8220;ansprechpartner-head2&#8243; css=&#8220;.vc_custom_1755094665149{background-image: url(https:\/\/temmentec.ch\/wp-content\/uploads\/2025\/08\/designele-lay9-one-e1755093938353.png?id=9364) !important;}&#8220;][vc_column width=&#8220;1\/12&#8243;][vc_column_text css=&#8220;&#8220;][\/vc_column_text][\/vc_column][vc_column width=&#8220;10\/12&#8243;][vc_column_text css=&#8220;&#8220;]<\/p>\n<h6>Testimonials<\/h6>\n<h1>Zufriedene Kunden sind unsere oberste Pr\u00e4misse<\/h1>\n<p>Unsere Kunden sind unser wichtigstes Kapital. Wir setzen uns gerne f\u00fcr Ihre W\u00fcnsche und Anliegen ein. Sie sollen sich bei uns gut aufgehoben f\u00fchlen \u2013 deshalb legen wir Wert auf beste Beratung sowie h\u00f6chste Qualit\u00e4t der Produkte und Dienstleistungen.<\/p>\n<p>Hier finden Sie einen Auszug aus unserem Kundenportfolio.[\/vc_column_text][\/vc_column][vc_column width=&#8220;1\/12&#8243;][\/vc_column][\/vc_row][vc_row css_animation=&#8220;&#8220; row_type=&#8220;row&#8220; use_row_as_full_screen_section=&#8220;no&#8220; type=&#8220;grid&#8220; angled_section=&#8220;no&#8220; text_align=&#8220;left&#8220; background_image_as_pattern=&#8220;without_pattern&#8220; z_index=&#8220;&#8220; css=&#8220;.vc_custom_1751967706999{margin-top: 100px !important;}&#8220;][vc_column width=&#8220;6\/12&#8243;][vc_single_image image=&#8220;8838&#8243; img_size=&#8220;&#8220; css=&#8220;&#8220; qode_css_animation=&#8220;&#8220;][vc_empty_space]<blockquote class=' with_quote_icon' style=''><i class='fa fa-quote-right' style=''><\/i><h5 class='blockquote-text' style=''>Die Zusammenarbeit mit Temmentec war f\u00fcr IRAYE Skincare eine hervorragende Erfahrung. Als Kosmetik-Auftragshersteller haben sie ma\u00dfgeblich dazu beigetragen, unsere Rezepturen zum Leben zu erwecken, und uns von der ersten Entwicklung bis zur Serienproduktion mit fachkundiger Unterst\u00fctzung begleitet. Ihre umfassenden Dienstleistungen, darunter Rezepturentwicklung, Tests, Produktion, Abf\u00fcllung, Co-Packing und die Einhaltung gesetzlicher Vorschriften, gew\u00e4hrleisten in jeder Phase h\u00f6chste Qualit\u00e4tsstandards. Ihre Liebe zum Detail, ihre Flexibilit\u00e4t und ihr technisches Know-how haben sie zu einem unverzichtbaren Partner auf unserem Weg gemacht. Wir empfehlen Temmentec allen Marken, die einen vertrauensw\u00fcrdigen, innovativen und qualit\u00e4tsorientierten Produktionspartner suchen.<\/h5><\/blockquote>[vc_column_text css=&#8220;&#8220; el_class=&#8220;zitat_name&#8220;]<strong>PROFESSOR DR. MICHAEL DETMAR<\/strong><br \/>\n<strong>DR. EPAMEINONDAS GOUSOPOULOS<\/strong><br \/>\nCo-founders IRAYE Skincare[\/vc_column_text][vc_empty_space][\/vc_column][vc_column width=&#8220;1\/12&#8243;][\/vc_column][vc_column width=&#8220;5\/12&#8243;][vc_single_image image=&#8220;9518&#8243; img_size=&#8220;300&#215;300&#8243; css=&#8220;&#8220; qode_css_animation=&#8220;&#8220;][vc_empty_space]<blockquote class=' with_quote_icon' style=''><i class='fa fa-quote-right' style=''><\/i><h5 class='blockquote-text' style=''>Die Expertise von Temmentec in der Entwicklung und Herstellung hochwertiger Hautpflegeprodukte passt perfekt zu unserer Vision f\u00fcr GOLOY. Das Unternehmen verf\u00fcgt \u00fcber das technische Know-how und die Flexibilit\u00e4t, um unsere hohen Standards zu erf\u00fcllen und sicherzustellen, dass jedes Produkt, das wir auf den Markt bringen, der h\u00f6chsten Schweizer Qualit\u00e4t entspricht. Das Engagement von Temmentec f\u00fcr Spitzenleistungen und Kundenzufriedenheit hilft uns, in einer wettbewerbsintensiven Branche erfolgreich zu sein.<\/h5><\/blockquote>[vc_column_text css=&#8220;&#8220; el_class=&#8220;zitat_name&#8220;]<strong>STEFAN BINZ<\/strong><br \/>\nGesch\u00e4ftsf\u00fchrer, Goloy[\/vc_column_text][vc_empty_space][\/vc_column][\/vc_row][vc_row css_animation=&#8220;&#8220; row_type=&#8220;row&#8220; use_row_as_full_screen_section=&#8220;no&#8220; type=&#8220;grid&#8220; angled_section=&#8220;no&#8220; text_align=&#8220;left&#8220; background_image_as_pattern=&#8220;without_pattern&#8220; z_index=&#8220;&#8220; css=&#8220;.vc_custom_1753965322618{margin-top: 32px !important;}&#8220;][vc_column width=&#8220;4\/12&#8243;][vc_single_image image=&#8220;8862&#8243; img_size=&#8220;300&#215;150&#8243; css=&#8220;&#8220; qode_css_animation=&#8220;&#8220;][vc_empty_space]<blockquote class=' with_quote_icon' style=''><i class='fa fa-quote-right' style=''><\/i><h5 class='blockquote-text' style=''>Eine solide Partnerschaft seit mehr als 10 Jahren, die auf Zuverl\u00e4ssigkeit, Effizienz, hoher Qualit\u00e4t und gegenseitigem Respekt beruht.<\/h5><\/blockquote>[vc_column_text css=&#8220;&#8220; el_class=&#8220;zitat_name&#8220;]<strong>VALMONT<\/strong>[\/vc_column_text][vc_empty_space][\/vc_column][vc_column width=&#8220;1\/12&#8243;][\/vc_column][vc_column width=&#8220;7\/12&#8243;][vc_single_image image=&#8220;8860&#8243; img_size=&#8220;full&#8220; css=&#8220;&#8220; qode_css_animation=&#8220;&#8220;][vc_empty_space]<blockquote class=' with_quote_icon' style=''><i class='fa fa-quote-right' style=''><\/i><h5 class='blockquote-text' style=''>Temmentec ist seit langem unser bevorzugter Produktionspartner, um alle Hautpflegekreationen, die wir f\u00fcr unsere Kunden entwickelt haben, in die Praxis umzusetzen.<br \/>\nAls F&amp;E-Spezialist und Projektmanagement-Partner ist es f\u00fcr uns sehr praktisch, die industrielle Unterst\u00fctzung unseres Unterauftragnehmers in technischer, qualitativer und logistischer Hinsicht zu erhalten.<br \/>\nDie Flexibilit\u00e4t und kundenorientierte Philosophie von Temmentec erm\u00f6glicht es uns, unseren Endkunden den besten Service zu bieten.<\/h5><\/blockquote>[vc_column_text css=&#8220;&#8220; el_class=&#8220;zitat_name&#8220;]<strong>LUDOVIC SIMON<\/strong><br \/>\nCEO &amp; Mitbegr\u00fcnder Naturalps SA, Montreux[\/vc_column_text][vc_empty_space][\/vc_column][\/vc_row][vc_row css_animation=&#8220;&#8220; row_type=&#8220;row&#8220; use_row_as_full_screen_section=&#8220;no&#8220; type=&#8220;grid&#8220; angled_section=&#8220;no&#8220; text_align=&#8220;left&#8220; background_image_as_pattern=&#8220;without_pattern&#8220; z_index=&#8220;&#8220; css=&#8220;.vc_custom_1753967942474{margin-top: 32px !important;margin-bottom: 172px !important;}&#8220;][vc_column width=&#8220;7\/12&#8243;][vc_single_image image=&#8220;8871&#8243; img_size=&#8220;full&#8220; css=&#8220;&#8220; qode_css_animation=&#8220;&#8220;][vc_empty_space]<blockquote class=' with_quote_icon' style=''><i class='fa fa-quote-right' style=''><\/i><h5 class='blockquote-text' style=''>Das Temmentec-Labor war einer unserer wichtigsten Partner beim Aufbau von Abhati Suisse, unserer Marke \u00abFuture Forward Beauty\u00bb. Das Team hat unser Konzept tadellos verstanden und entwickelt. Was ich sehr sch\u00e4tze, ist die Hingabe, mit der das erfahrene Team uns auf unserem Weg zum Erfolg unterst\u00fctzt.<\/h5><\/blockquote>[vc_column_text css=&#8220;&#8220; el_class=&#8220;zitat_name&#8220;]<strong>ANJU RUPAL<\/strong><br \/>\nGr\u00fcnderin, Abhati Suisse[\/vc_column_text][vc_empty_space][\/vc_column][vc_column width=&#8220;1\/12&#8243;][\/vc_column][vc_column width=&#8220;4\/12&#8243;][vc_single_image image=&#8220;9516&#8243; img_size=&#8220;300&#215;150&#8243; css=&#8220;&#8220; qode_css_animation=&#8220;&#8220;][vc_empty_space]<blockquote class=' with_quote_icon' style=''><i class='fa fa-quote-right' style=''><\/i><h5 class='blockquote-text' style=''>Mit TEMMENTEC haben wir einen zuverl\u00e4ssigen Partner gefunden, der unsere hohen Anspr\u00fcche an Qualit\u00e4t, Nachhaltigkeit und \u00c4sthetik teilt. Ihre Pflegeprodukte - vom Duschgel bis zur Gesichtscreme - f\u00fcgen sich nahtlos in das Erlebnis ein, das wir unseren G\u00e4sten bieten wollen. Wir sch\u00e4tzen die professionelle Zusammenarbeit und die gemeinsame Leidenschaft f\u00fcr Spitzenleistungen.<\/h5><\/blockquote>[vc_column_text css=&#8220;&#8220; el_class=&#8220;zitat_name&#8220;]<strong>GRAND RESORT BAD RAGAZ<\/strong>[\/vc_column_text][vc_empty_space][\/vc_column][\/vc_row]<\/p>\n<\/div>","protected":false},"excerpt":{"rendered":"<p>[vc_row css_animation=&#8220;&#8220; row_type=&#8220;row&#8220; use_row_as_full_screen_section=&#8220;no&#8220; type=&#8220;grid&#8220; angled_section=&#8220;no&#8220; text_align=&#8220;left&#8220; background_image_as_pattern=&#8220;without_pattern&#8220; z_index=&#8220;&#8220; el_class=&#8220;ansprechpartner-head2&#8243; css=&#8220;.vc_custom_1755094665149{background-image: url(https:\/\/temmentec.ch\/wp-content\/uploads\/2025\/08\/designele-lay9-one-e1755093938353.png?id=9364) !important;}&#8220;][vc_column width=&#8220;1\/12&#8243;][vc_column_text css=&#8220;&#8220;][\/vc_column_text][\/vc_column][vc_column width=&#8220;10\/12&#8243;][vc_column_text css=&#8220;&#8220;] Testimonials Zufriedene Kunden sind unsere oberste Pr\u00e4misse Unsere Kunden sind unser wichtigstes Kapital&#8230;.<\/p>\n","protected":false},"author":1,"featured_media":0,"parent":0,"menu_order":73,"comment_status":"closed","ping_status":"closed","template":"full_width.php","meta":{"_uag_custom_page_level_css":"","footnotes":""},"class_list":["post-8191","page","type-page","status-publish","hentry"],"yoast_head":"<!-- This site is optimized with the Yoast SEO plugin v27.4 - https:\/\/yoast.com\/product\/yoast-seo-wordpress\/ -->\n<title>Testimonials &#8211; Temmentec<\/title>\n<meta name=\"robots\" content=\"index, follow, max-snippet:-1, max-image-preview:large, max-video-preview:-1\" \/>\n<link rel=\"canonical\" href=\"https:\/\/temmentec.ch\/de\/testimonials\/\" \/>\n<meta property=\"og:locale\" content=\"de_DE\" \/>\n<meta property=\"og:type\" content=\"article\" \/>\n<meta property=\"og:title\" content=\"Testimonials &#8211; Temmentec\" \/>\n<meta property=\"og:description\" content=\"[vc_row css_animation=&#8220;&#8220; row_type=&#8220;row&#8220; use_row_as_full_screen_section=&#8220;no&#8220; type=&#8220;grid&#8220; angled_section=&#8220;no&#8220; text_align=&#8220;left&#8220; background_image_as_pattern=&#8220;without_pattern&#8220; z_index=&#8220;&#8220; el_class=&#8220;ansprechpartner-head2&#8243; css=&#8220;.vc_custom_1755094665149{background-image: url(https:\/\/temmentec.ch\/wp-content\/uploads\/2025\/08\/designele-lay9-one-e1755093938353.png?id=9364) !important;}&#8220;][vc_column width=&#8220;1\/12&#8243;][vc_column_text css=&#8220;&#8220;][\/vc_column_text][\/vc_column][vc_column width=&#8220;10\/12&#8243;][vc_column_text css=&#8220;&#8220;] Testimonials Zufriedene Kunden sind unsere oberste Pr\u00e4misse Unsere Kunden sind unser wichtigstes Kapital....\" \/>\n<meta property=\"og:url\" content=\"https:\/\/temmentec.ch\/de\/testimonials\/\" \/>\n<meta property=\"og:site_name\" content=\"Temmentec\" \/>\n<meta property=\"article:modified_time\" content=\"2025-08-20T11:20:13+00:00\" \/>\n<meta name=\"twitter:card\" content=\"summary_large_image\" \/>\n<meta name=\"twitter:label1\" content=\"Gesch\u00e4tzte Lesezeit\" \/>\n\t<meta name=\"twitter:data1\" content=\"3\u00a0Minuten\" \/>\n<script type=\"application\/ld+json\" class=\"yoast-schema-graph\">{\"@context\":\"https:\\\/\\\/schema.org\",\"@graph\":[{\"@type\":\"WebPage\",\"@id\":\"https:\\\/\\\/temmentec.ch\\\/de\\\/testimonials\\\/\",\"url\":\"https:\\\/\\\/temmentec.ch\\\/de\\\/testimonials\\\/\",\"name\":\"Testimonials &#8211; Temmentec\",\"isPartOf\":{\"@id\":\"https:\\\/\\\/temmentec.ch\\\/de\\\/#website\"},\"datePublished\":\"2025-07-11T08:27:04+00:00\",\"dateModified\":\"2025-08-20T11:20:13+00:00\",\"breadcrumb\":{\"@id\":\"https:\\\/\\\/temmentec.ch\\\/de\\\/testimonials\\\/#breadcrumb\"},\"inLanguage\":\"de\",\"potentialAction\":[{\"@type\":\"ReadAction\",\"target\":[\"https:\\\/\\\/temmentec.ch\\\/de\\\/testimonials\\\/\"]}]},{\"@type\":\"BreadcrumbList\",\"@id\":\"https:\\\/\\\/temmentec.ch\\\/de\\\/testimonials\\\/#breadcrumb\",\"itemListElement\":[{\"@type\":\"ListItem\",\"position\":1,\"name\":\"Startseite\",\"item\":\"https:\\\/\\\/temmentec.ch\\\/de\\\/\"},{\"@type\":\"ListItem\",\"position\":2,\"name\":\"Testimonials\"}]},{\"@type\":\"WebSite\",\"@id\":\"https:\\\/\\\/temmentec.ch\\\/de\\\/#website\",\"url\":\"https:\\\/\\\/temmentec.ch\\\/de\\\/\",\"name\":\"Temmentec\",\"description\":\"Switzerland\",\"publisher\":{\"@id\":\"https:\\\/\\\/temmentec.ch\\\/de\\\/#organization\"},\"potentialAction\":[{\"@type\":\"SearchAction\",\"target\":{\"@type\":\"EntryPoint\",\"urlTemplate\":\"https:\\\/\\\/temmentec.ch\\\/de\\\/?s={search_term_string}\"},\"query-input\":{\"@type\":\"PropertyValueSpecification\",\"valueRequired\":true,\"valueName\":\"search_term_string\"}}],\"inLanguage\":\"de\"},{\"@type\":\"Organization\",\"@id\":\"https:\\\/\\\/temmentec.ch\\\/de\\\/#organization\",\"name\":\"Temmentec AG\",\"url\":\"https:\\\/\\\/temmentec.ch\\\/de\\\/\",\"logo\":{\"@type\":\"ImageObject\",\"inLanguage\":\"de\",\"@id\":\"https:\\\/\\\/temmentec.ch\\\/de\\\/#\\\/schema\\\/logo\\\/image\\\/\",\"url\":\"https:\\\/\\\/temmentec.ch\\\/wp-content\\\/uploads\\\/2025\\\/02\\\/temmentec_logo_neu.png\",\"contentUrl\":\"https:\\\/\\\/temmentec.ch\\\/wp-content\\\/uploads\\\/2025\\\/02\\\/temmentec_logo_neu.png\",\"width\":927,\"height\":227,\"caption\":\"Temmentec AG\"},\"image\":{\"@id\":\"https:\\\/\\\/temmentec.ch\\\/de\\\/#\\\/schema\\\/logo\\\/image\\\/\"}}]}<\/script>\n<!-- \/ Yoast SEO plugin. -->","yoast_head_json":{"title":"Testimonials &#8211; Temmentec","robots":{"index":"index","follow":"follow","max-snippet":"max-snippet:-1","max-image-preview":"max-image-preview:large","max-video-preview":"max-video-preview:-1"},"canonical":"https:\/\/temmentec.ch\/de\/testimonials\/","og_locale":"de_DE","og_type":"article","og_title":"Testimonials &#8211; Temmentec","og_description":"[vc_row css_animation=&#8220;&#8220; row_type=&#8220;row&#8220; use_row_as_full_screen_section=&#8220;no&#8220; type=&#8220;grid&#8220; angled_section=&#8220;no&#8220; text_align=&#8220;left&#8220; background_image_as_pattern=&#8220;without_pattern&#8220; z_index=&#8220;&#8220; el_class=&#8220;ansprechpartner-head2&#8243; css=&#8220;.vc_custom_1755094665149{background-image: url(https:\/\/temmentec.ch\/wp-content\/uploads\/2025\/08\/designele-lay9-one-e1755093938353.png?id=9364) !important;}&#8220;][vc_column width=&#8220;1\/12&#8243;][vc_column_text css=&#8220;&#8220;][\/vc_column_text][\/vc_column][vc_column width=&#8220;10\/12&#8243;][vc_column_text css=&#8220;&#8220;] Testimonials Zufriedene Kunden sind unsere oberste Pr\u00e4misse Unsere Kunden sind unser wichtigstes Kapital....","og_url":"https:\/\/temmentec.ch\/de\/testimonials\/","og_site_name":"Temmentec","article_modified_time":"2025-08-20T11:20:13+00:00","twitter_card":"summary_large_image","twitter_misc":{"Gesch\u00e4tzte Lesezeit":"3\u00a0Minuten"},"schema":{"@context":"https:\/\/schema.org","@graph":[{"@type":"WebPage","@id":"https:\/\/temmentec.ch\/de\/testimonials\/","url":"https:\/\/temmentec.ch\/de\/testimonials\/","name":"Testimonials &#8211; Temmentec","isPartOf":{"@id":"https:\/\/temmentec.ch\/de\/#website"},"datePublished":"2025-07-11T08:27:04+00:00","dateModified":"2025-08-20T11:20:13+00:00","breadcrumb":{"@id":"https:\/\/temmentec.ch\/de\/testimonials\/#breadcrumb"},"inLanguage":"de","potentialAction":[{"@type":"ReadAction","target":["https:\/\/temmentec.ch\/de\/testimonials\/"]}]},{"@type":"BreadcrumbList","@id":"https:\/\/temmentec.ch\/de\/testimonials\/#breadcrumb","itemListElement":[{"@type":"ListItem","position":1,"name":"Startseite","item":"https:\/\/temmentec.ch\/de\/"},{"@type":"ListItem","position":2,"name":"Testimonials"}]},{"@type":"WebSite","@id":"https:\/\/temmentec.ch\/de\/#website","url":"https:\/\/temmentec.ch\/de\/","name":"Temmentec","description":"Switzerland","publisher":{"@id":"https:\/\/temmentec.ch\/de\/#organization"},"potentialAction":[{"@type":"SearchAction","target":{"@type":"EntryPoint","urlTemplate":"https:\/\/temmentec.ch\/de\/?s={search_term_string}"},"query-input":{"@type":"PropertyValueSpecification","valueRequired":true,"valueName":"search_term_string"}}],"inLanguage":"de"},{"@type":"Organization","@id":"https:\/\/temmentec.ch\/de\/#organization","name":"Temmentec AG","url":"https:\/\/temmentec.ch\/de\/","logo":{"@type":"ImageObject","inLanguage":"de","@id":"https:\/\/temmentec.ch\/de\/#\/schema\/logo\/image\/","url":"https:\/\/temmentec.ch\/wp-content\/uploads\/2025\/02\/temmentec_logo_neu.png","contentUrl":"https:\/\/temmentec.ch\/wp-content\/uploads\/2025\/02\/temmentec_logo_neu.png","width":927,"height":227,"caption":"Temmentec AG"},"image":{"@id":"https:\/\/temmentec.ch\/de\/#\/schema\/logo\/image\/"}}]}},"uagb_featured_image_src":{"full":false,"thumbnail":false,"medium":false,"medium_large":false,"large":false,"event-post-thumb":false,"event-post-thumb-box":false,"1536x1536":false,"2048x2048":false,"portfolio-square":false,"portfolio-portrait":false,"portfolio-landscape":false,"menu-featured-post":false,"qode-carousel_slider":false,"portfolio_slider":false,"portfolio_masonry_regular":false,"portfolio_masonry_wide":false,"portfolio_masonry_tall":false,"portfolio_masonry_large":false,"portfolio_masonry_with_space":false,"latest_post_boxes":false},"uagb_author_info":{"display_name":"dc-admin","author_link":"https:\/\/temmentec.ch\/de\/author\/dc-admin\/"},"uagb_comment_info":0,"uagb_excerpt":"[vc_row css_animation=&#8220;&#8220; row_type=&#8220;row&#8220; use_row_as_full_screen_section=&#8220;no&#8220; type=&#8220;grid&#8220; angled_section=&#8220;no&#8220; text_align=&#8220;left&#8220; background_image_as_pattern=&#8220;without_pattern&#8220; z_index=&#8220;&#8220; el_class=&#8220;ansprechpartner-head2&#8243; css=&#8220;.vc_custom_1755094665149{background-image: url(https:\/\/temmentec.ch\/wp-content\/uploads\/2025\/08\/designele-lay9-one-e1755093938353.png?id=9364) !important;}&#8220;][vc_column width=&#8220;1\/12&#8243;][vc_column_text css=&#8220;&#8220;][\/vc_column_text][\/vc_column][vc_column width=&#8220;10\/12&#8243;][vc_column_text css=&#8220;&#8220;] Testimonials Zufriedene Kunden sind unsere oberste Pr\u00e4misse Unsere Kunden sind unser wichtigstes Kapital....","_links":{"self":[{"href":"https:\/\/temmentec.ch\/de\/wp-json\/wp\/v2\/pages\/8191","targetHints":{"allow":["GET"]}}],"collection":[{"href":"https:\/\/temmentec.ch\/de\/wp-json\/wp\/v2\/pages"}],"about":[{"href":"https:\/\/temmentec.ch\/de\/wp-json\/wp\/v2\/types\/page"}],"author":[{"embeddable":true,"href":"https:\/\/temmentec.ch\/de\/wp-json\/wp\/v2\/users\/1"}],"replies":[{"embeddable":true,"href":"https:\/\/temmentec.ch\/de\/wp-json\/wp\/v2\/comments?post=8191"}],"version-history":[{"count":65,"href":"https:\/\/temmentec.ch\/de\/wp-json\/wp\/v2\/pages\/8191\/revisions"}],"predecessor-version":[{"id":9524,"href":"https:\/\/temmentec.ch\/de\/wp-json\/wp\/v2\/pages\/8191\/revisions\/9524"}],"wp:attachment":[{"href":"https:\/\/temmentec.ch\/de\/wp-json\/wp\/v2\/media?parent=8191"}],"curies":[{"name":"wp","href":"https:\/\/api.w.org\/{rel}","templated":true}]}}