{"id":7748,"date":"2025-07-02T09:29:45","date_gmt":"2025-07-02T09:29:45","guid":{"rendered":"https:\/\/temmentec.dclabs2.ch\/?page_id=7748"},"modified":"2025-09-02T14:51:47","modified_gmt":"2025-09-02T12:51:47","slug":"ready-to-sell","status":"publish","type":"page","link":"https:\/\/temmentec.ch\/de\/private-label\/ready-to-sell\/","title":{"rendered":"Ready to Sell"},"content":{"rendered":"<div class=\"wpb-content-wrapper\"><p>[vc_row css_animation=&#8220;&#8220; row_type=&#8220;row&#8220; use_row_as_full_screen_section=&#8220;no&#8220; type=&#8220;grid&#8220; angled_section=&#8220;no&#8220; text_align=&#8220;left&#8220; background_image_as_pattern=&#8220;without_pattern&#8220; z_index=&#8220;&#8220;][vc_column width=&#8220;1\/2&#8243;][vc_single_image image=&#8220;6630&#8243; img_size=&#8220;medium&#8220; alignment=&#8220;right&#8220; css=&#8220;&#8220; qode_css_animation=&#8220;&#8220;][vc_empty_space][\/vc_column][vc_column width=&#8220;1\/2&#8243;][vc_column_text css=&#8220;&#8220;]<\/p>\n<h6>Ready to Sell<\/h6>\n<h1>Ready to Sell Kosmetik \u2013 eine effiziente Alternative<\/h1>\n<p>Sie stehen vor der Herausforderung, eine eigene Kosmetikmarke oder ein neues Kosmetikprodukt zu lancieren, m\u00f6chten aber gleichzeitig Zeit und Kosten sparen? Nutzen Sie unsere grosse Erfahrung und profitieren Sie von unseren fertig entwickelten und getesteten Ready-to-Sell-Formulierungen &#8211; verkaufsbereit hergestellt in der Schweiz.[\/vc_column_text][\/vc_column][\/vc_row][vc_row css_animation=&#8220;&#8220; row_type=&#8220;row&#8220; use_row_as_full_screen_section=&#8220;no&#8220; type=&#8220;full_width&#8220; angled_section=&#8220;no&#8220; text_align=&#8220;left&#8220; background_image_as_pattern=&#8220;without_pattern&#8220; css=&#8220;.vc_custom_1751455982482{margin-top: 100px !important;margin-bottom: 35px !important;}&#8220; z_index=&#8220;&#8220;][vc_column][vc_column_text css=&#8220;&#8220;]<\/p>\n<h3>Die Produkte aus unserem umfassenden Temmentec Ready-to-Sell-Sortiment:<\/h3>\n<p>[\/vc_column_text][\/vc_column][\/vc_row][vc_row css_animation=&#8220;&#8220; row_type=&#8220;row&#8220; use_row_as_full_screen_section=&#8220;no&#8220; type=&#8220;grid&#8220; angled_section=&#8220;no&#8220; text_align=&#8220;left&#8220; background_image_as_pattern=&#8220;without_pattern&#8220; z_index=&#8220;&#8220; el_class=&#8220;js-gate-download&#8220;][vc_column width=&#8220;1\/2&#8243;][vc_single_image image=&#8220;8708&#8243; img_size=&#8220;large&#8220; css=&#8220;&#8220; qode_css_animation=&#8220;&#8220;][vc_empty_space][\/vc_column][vc_column width=&#8220;1\/2&#8243;][vc_column_text css=&#8220;&#8220; el_id=&#8220;download-container&#8220;]<\/p>\n<h2>Face Care<\/h2>\n<ul>\n<li>Day Cream <div class='w3eden'><!-- WPDM Link Template: Link\/Button Popup -->\n<a href='#unlock' class='wpdm-download-link wpdm-download-locked btn btn-primary btn-xs' data-package='9594'>Download<\/a><\/div><\/li>\n<li>Night Cream <div class='w3eden'><!-- WPDM Link Template: Link\/Button Popup -->\n<a href='#unlock' class='wpdm-download-link wpdm-download-locked btn btn-primary btn-xs' data-package='9595'>Download<\/a><\/div><\/li>\n<li>Eye Contour Cream <div class='w3eden'><!-- WPDM Link Template: Link\/Button Popup -->\n<a href='#unlock' class='wpdm-download-link wpdm-download-locked btn btn-primary btn-xs' data-package='9596'>Download<\/a><\/div><\/li>\n<li>Face Serum <div class='w3eden'><!-- WPDM Link Template: Link\/Button Popup -->\n<a href='#unlock' class='wpdm-download-link wpdm-download-locked btn btn-primary btn-xs' data-package='9597'>Download<\/a><\/div><\/li>\n<li>Clay Mask <div class='w3eden'><!-- WPDM Link Template: Link\/Button Popup -->\n<a href='#unlock' class='wpdm-download-link wpdm-download-locked btn btn-primary btn-xs' data-package='9598'>Download<\/a><\/div><\/li>\n<li>Cleansing Gel <div class='w3eden'><!-- WPDM Link Template: Link\/Button Popup -->\n<a href='#unlock' class='wpdm-download-link wpdm-download-locked btn btn-primary btn-xs' data-package='9599'>Download<\/a><\/div><\/li>\n<li>Cleansing Milk <div class='w3eden'><!-- WPDM Link Template: Link\/Button Popup -->\n<a href='#unlock' class='wpdm-download-link wpdm-download-locked btn btn-primary btn-xs' data-package='9600'>Download<\/a><\/div><\/li>\n<li>Cleansing Foam <div class='w3eden'><!-- WPDM Link Template: Link\/Button Popup -->\n<a href='#unlock' class='wpdm-download-link wpdm-download-locked btn btn-primary btn-xs' data-package='9601'>Download<\/a><\/div><\/li>\n<li>Melting Cleansing Balm <div class='w3eden'><!-- WPDM Link Template: Link\/Button Popup -->\n<a href='#unlock' class='wpdm-download-link wpdm-download-locked btn btn-primary btn-xs' data-package='9602'>Download<\/a><\/div><\/li>\n<li>Face Tonic <div class='w3eden'><!-- WPDM Link Template: Link\/Button Popup -->\n<a href='#unlock' class='wpdm-download-link wpdm-download-locked btn btn-primary btn-xs' data-package='9603'>Download<\/a><\/div><\/li>\n<li>Lip Scrub <div class='w3eden'><!-- WPDM Link Template: Link\/Button Popup -->\n<a href='#unlock' class='wpdm-download-link wpdm-download-locked btn btn-primary btn-xs' data-package='9604'>Download<\/a><\/div><\/li>\n<li>Lip Balm (Stick) <div class='w3eden'><!-- WPDM Link Template: Link\/Button Popup -->\n<a href='#unlock' class='wpdm-download-link wpdm-download-locked btn btn-primary btn-xs' data-package='9605'>Download<\/a><\/div><\/li>\n<li>Cover Stick <div class='w3eden'><!-- WPDM Link Template: Link\/Button Popup -->\n<a href='#unlock' class='wpdm-download-link wpdm-download-locked btn btn-primary btn-xs' data-package='9614'>Download<\/a><\/div><\/li>\n<\/ul>\n<p>[\/vc_column_text][vc_empty_space][\/vc_column][\/vc_row][vc_row css_animation=&#8220;&#8220; row_type=&#8220;row&#8220; use_row_as_full_screen_section=&#8220;no&#8220; type=&#8220;full_width&#8220; angled_section=&#8220;no&#8220; text_align=&#8220;left&#8220; background_image_as_pattern=&#8220;without_pattern&#8220;][vc_column][vc_empty_space height=&#8220;60px&#8220;][\/vc_column][\/vc_row][vc_row css_animation=&#8220;&#8220; row_type=&#8220;row&#8220; use_row_as_full_screen_section=&#8220;no&#8220; type=&#8220;grid&#8220; angled_section=&#8220;no&#8220; text_align=&#8220;left&#8220; background_image_as_pattern=&#8220;without_pattern&#8220; z_index=&#8220;&#8220;][vc_column width=&#8220;1\/2&#8243;][vc_single_image image=&#8220;8714&#8243; img_size=&#8220;large&#8220; css=&#8220;&#8220; qode_css_animation=&#8220;&#8220;][vc_empty_space][\/vc_column][vc_column width=&#8220;1\/2&#8243;][vc_column_text css=&#8220;&#8220;]<\/p>\n<h2>Body Care<\/h2>\n<ul>\n<li>Body Lotion <div class='w3eden'><!-- WPDM Link Template: Link\/Button Popup -->\n<a href='#unlock' class='wpdm-download-link wpdm-download-locked btn btn-primary btn-xs' data-package='9606'>Download<\/a><\/div><\/li>\n<li>Body Butter <div class='w3eden'><!-- WPDM Link Template: Link\/Button Popup -->\n<a href='#unlock' class='wpdm-download-link wpdm-download-locked btn btn-primary btn-xs' data-package='9607'>Download<\/a><\/div><\/li>\n<li>Hand Cream <div class='w3eden'><!-- WPDM Link Template: Link\/Button Popup -->\n<a href='#unlock' class='wpdm-download-link wpdm-download-locked btn btn-primary btn-xs' data-package='9608'>Download<\/a><\/div><\/li>\n<li>Foot Cream <div class='w3eden'><!-- WPDM Link Template: Link\/Button Popup -->\n<a href='#unlock' class='wpdm-download-link wpdm-download-locked btn btn-primary btn-xs' data-package='9609'>Download<\/a><\/div><\/li>\n<li>Deostick <div class='w3eden'><!-- WPDM Link Template: Link\/Button Popup -->\n<a href='#unlock' class='wpdm-download-link wpdm-download-locked btn btn-primary btn-xs' data-package='9610'>Download<\/a><\/div><\/li>\n<li>Deo Roll On <div class='w3eden'><!-- WPDM Link Template: Link\/Button Popup -->\n<a href='#unlock' class='wpdm-download-link wpdm-download-locked btn btn-primary btn-xs' data-package='9611'>Download<\/a><\/div><\/li>\n<li>Shower Gel <div class='w3eden'><!-- WPDM Link Template: Link\/Button Popup -->\n<a href='#unlock' class='wpdm-download-link wpdm-download-locked btn btn-primary btn-xs' data-package='9612'>Download<\/a><\/div><\/li>\n<\/ul>\n<p>[\/vc_column_text][vc_empty_space][\/vc_column][\/vc_row][vc_row css_animation=&#8220;&#8220; row_type=&#8220;row&#8220; use_row_as_full_screen_section=&#8220;no&#8220; type=&#8220;full_width&#8220; angled_section=&#8220;no&#8220; text_align=&#8220;left&#8220; background_image_as_pattern=&#8220;without_pattern&#8220;][vc_column][vc_empty_space height=&#8220;28px&#8220;][\/vc_column][\/vc_row][vc_row css_animation=&#8220;&#8220; row_type=&#8220;row&#8220; use_row_as_full_screen_section=&#8220;no&#8220; type=&#8220;grid&#8220; angled_section=&#8220;no&#8220; text_align=&#8220;left&#8220; background_image_as_pattern=&#8220;without_pattern&#8220; z_index=&#8220;&#8220;][vc_column width=&#8220;1\/2&#8243;][vc_single_image image=&#8220;8717&#8243; img_size=&#8220;large&#8220; css=&#8220;&#8220; qode_css_animation=&#8220;&#8220;][vc_empty_space][\/vc_column][vc_column width=&#8220;1\/2&#8243;][vc_column_text css=&#8220;&#8220;]<\/p>\n<h2>Hair Care<\/h2>\n<ul>\n<li>Shampoo <div class='w3eden'><!-- WPDM Link Template: Link\/Button Popup -->\n<a href='#unlock' class='wpdm-download-link wpdm-download-locked btn btn-primary btn-xs' data-package='9613'>Download<\/a><\/div><\/li>\n<li>Conditioner <div class='w3eden'><!-- WPDM Link Template: Link\/Button Popup -->\n<a href='#unlock' class='wpdm-download-link wpdm-download-locked btn btn-primary btn-xs' data-package='9571'>Download<\/a><\/div><\/li>\n<\/ul>\n<p>[\/vc_column_text][vc_empty_space][\/vc_column][\/vc_row][vc_row css_animation=&#8220;&#8220; row_type=&#8220;row&#8220; use_row_as_full_screen_section=&#8220;no&#8220; type=&#8220;full_width&#8220; angled_section=&#8220;no&#8220; text_align=&#8220;left&#8220; background_image_as_pattern=&#8220;without_pattern&#8220;][vc_column][vc_empty_space height=&#8220;28px&#8220;][\/vc_column][\/vc_row][vc_row css_animation=&#8220;&#8220; row_type=&#8220;row&#8220; use_row_as_full_screen_section=&#8220;no&#8220; type=&#8220;grid&#8220; angled_section=&#8220;no&#8220; text_align=&#8220;left&#8220; background_image_as_pattern=&#8220;without_pattern&#8220; z_index=&#8220;&#8220;][vc_column width=&#8220;1\/2&#8243;][vc_single_image image=&#8220;8719&#8243; img_size=&#8220;large&#8220; css=&#8220;&#8220; qode_css_animation=&#8220;&#8220;][vc_empty_space][\/vc_column][vc_column width=&#8220;1\/2&#8243;][vc_column_text css=&#8220;&#8220;]<\/p>\n<h2>Sun Care<\/h2>\n<ul>\n<li>SPF 30 Cream <div class='w3eden'><!-- WPDM Link Template: Link\/Button Popup -->\n<a href='#unlock' class='wpdm-download-link wpdm-download-locked btn btn-primary btn-xs' data-package='9587'>Download<\/a><\/div><\/li>\n<li>SPF 50+ Cream <div class='w3eden'><!-- WPDM Link Template: Link\/Button Popup -->\n<a href='#unlock' class='wpdm-download-link wpdm-download-locked btn btn-primary btn-xs' data-package='9588'>Download<\/a><\/div><\/li>\n<li>Sun Stick SPF 50+ <div class='w3eden'><!-- WPDM Link Template: Link\/Button Popup -->\n<a href='#unlock' class='wpdm-download-link wpdm-download-locked btn btn-primary btn-xs' data-package='9589'>Download<\/a><\/div><\/li>\n<li>After Sun Cream <div class='w3eden'><!-- WPDM Link Template: Link\/Button Popup -->\n<a href='#unlock' class='wpdm-download-link wpdm-download-locked btn btn-primary btn-xs' data-package='9590'>Download<\/a><\/div><\/li>\n<\/ul>\n<p>[\/vc_column_text][vc_empty_space][\/vc_column][\/vc_row][vc_row css_animation=&#8220;&#8220; row_type=&#8220;row&#8220; use_row_as_full_screen_section=&#8220;no&#8220; type=&#8220;full_width&#8220; angled_section=&#8220;no&#8220; text_align=&#8220;left&#8220; background_image_as_pattern=&#8220;without_pattern&#8220;][vc_column][vc_empty_space height=&#8220;28px&#8220;][\/vc_column][\/vc_row][vc_row css_animation=&#8220;&#8220; row_type=&#8220;row&#8220; use_row_as_full_screen_section=&#8220;no&#8220; type=&#8220;grid&#8220; angled_section=&#8220;no&#8220; text_align=&#8220;left&#8220; background_image_as_pattern=&#8220;without_pattern&#8220; z_index=&#8220;&#8220;][vc_column width=&#8220;1\/2&#8243;][vc_single_image image=&#8220;8721&#8243; img_size=&#8220;large&#8220; css=&#8220;&#8220; qode_css_animation=&#8220;&#8220;][vc_empty_space][\/vc_column][vc_column width=&#8220;1\/2&#8243;][vc_column_text css=&#8220;&#8220;]<\/p>\n<h2>CBD Line<\/h2>\n<ul>\n<li>CBD Warming Balm <div class='w3eden'><!-- WPDM Link Template: Link\/Button Popup -->\n<a href='#unlock' class='wpdm-download-link wpdm-download-locked btn btn-primary btn-xs' data-package='9591'>Download<\/a><\/div><\/li>\n<li>CBD Cooling Balm <div class='w3eden'><!-- WPDM Link Template: Link\/Button Popup -->\n<a href='#unlock' class='wpdm-download-link wpdm-download-locked btn btn-primary btn-xs' data-package='9592'>Download<\/a><\/div><\/li>\n<\/ul>\n<p>[\/vc_column_text][vc_empty_space][\/vc_column][\/vc_row][vc_row css_animation=&#8220;&#8220; row_type=&#8220;row&#8220; use_row_as_full_screen_section=&#8220;no&#8220; type=&#8220;full_width&#8220; angled_section=&#8220;no&#8220; text_align=&#8220;left&#8220; background_image_as_pattern=&#8220;without_pattern&#8220; z_index=&#8220;&#8220; css=&#8220;.vc_custom_1753784661785{margin-top: 100px !important;}&#8220;][vc_column][vc_column_text css=&#8220;&#8220;]<\/p>\n<h2>Ihre Vorteile der Ready-To-Sell-Formulierungen<\/h2>\n<ul>\n<li>Fixfertige Konzepte<\/li>\n<li>Attraktiver Preis<\/li>\n<li>Kurze Produkteinf\u00fchrungszeit<\/li>\n<li>Keine Entwicklungskosten<\/li>\n<li>Clean Beauty<\/li>\n<li>Sehr gute Hautvertr\u00e4glichkeit<\/li>\n<li>Made in Switzerland \u2013 ein Label das weltweit angesehen ist und sich ausgezeichnet verkauft<\/li>\n<li>Vegan<\/li>\n<\/ul>\n<p>&nbsp;<\/p>\n<p>Passen Sie das Parfum und das Design gem\u00e4ss der Zielgruppe Ihres Private Labels an und lancieren Sie damit innert k\u00fcrzester Zeit Ihre eigene Produktlinie auf dem Markt. Wir haben die perfekte Basis f\u00fcr Ihr erfolgreiches Produkt &#8211; von der Entwicklung \u00fcber die Herstellung bis zur Verpackung.[\/vc_column_text][\/vc_column][\/vc_row][vc_row css_animation=&#8220;&#8220; row_type=&#8220;row&#8220; use_row_as_full_screen_section=&#8220;no&#8220; type=&#8220;grid&#8220; angled_section=&#8220;no&#8220; text_align=&#8220;left&#8220; background_image_as_pattern=&#8220;without_pattern&#8220; css=&#8220;.vc_custom_1751967112256{margin-top: 85px !important;margin-bottom: 142px !important;}&#8220; z_index=&#8220;&#8220;][vc_column width=&#8220;1\/2&#8243;]<a  itemprop=\"url\" href=\"\/de\/private-label\/\" target=\"_self\"  class=\"qbutton  left default\" style=\"\">Zur\u00fcck zur \u00dcbersicht<i class=\"qode_icon_font_awesome fa fa-arrow-circle-o-left qode_button_icon_element\"><\/i><\/a>[vc_empty_space][\/vc_column][vc_column width=&#8220;1\/2&#8243; el_class=&#8220;spalte_rechtsbuendig&#8220;]<a  itemprop=\"url\" href=\"https:\/\/temmentec.ch\/de\/private-label\/entwicklung\/\" target=\"_self\"  class=\"qbutton  right default\" style=\"\">Entwicklung entdecken<i class=\"qode_icon_font_awesome fa fa-arrow-circle-o-right qode_button_icon_element\"><\/i><\/a>[vc_empty_space][\/vc_column][\/vc_row]<\/p>\n<\/div>","protected":false},"excerpt":{"rendered":"<p>[vc_row css_animation=&#8220;&#8220; row_type=&#8220;row&#8220; use_row_as_full_screen_section=&#8220;no&#8220; type=&#8220;grid&#8220; angled_section=&#8220;no&#8220; text_align=&#8220;left&#8220; background_image_as_pattern=&#8220;without_pattern&#8220; z_index=&#8220;&#8220;][vc_column width=&#8220;1\/2&#8243;][vc_single_image image=&#8220;6630&#8243; img_size=&#8220;medium&#8220; alignment=&#8220;right&#8220; css=&#8220;&#8220; qode_css_animation=&#8220;&#8220;][vc_empty_space][\/vc_column][vc_column width=&#8220;1\/2&#8243;][vc_column_text css=&#8220;&#8220;] Ready to Sell Ready to Sell Kosmetik \u2013 eine effiziente Alternative Sie stehen&#8230;<\/p>\n","protected":false},"author":1,"featured_media":0,"parent":256,"menu_order":18,"comment_status":"closed","ping_status":"closed","template":"","meta":{"_uag_custom_page_level_css":"","footnotes":""},"class_list":["post-7748","page","type-page","status-publish","hentry"],"yoast_head":"<!-- This site is optimized with the Yoast SEO plugin v27.4 - https:\/\/yoast.com\/product\/yoast-seo-wordpress\/ -->\n<title>Ready to Sell &#8211; Temmentec<\/title>\n<meta name=\"robots\" content=\"index, follow, max-snippet:-1, max-image-preview:large, max-video-preview:-1\" \/>\n<link rel=\"canonical\" href=\"https:\/\/temmentec.ch\/de\/private-label\/ready-to-sell\/\" \/>\n<meta property=\"og:locale\" content=\"de_DE\" \/>\n<meta property=\"og:type\" content=\"article\" \/>\n<meta property=\"og:title\" content=\"Ready to Sell &#8211; Temmentec\" \/>\n<meta property=\"og:description\" content=\"[vc_row css_animation=&#8220;&#8220; row_type=&#8220;row&#8220; use_row_as_full_screen_section=&#8220;no&#8220; type=&#8220;grid&#8220; angled_section=&#8220;no&#8220; text_align=&#8220;left&#8220; background_image_as_pattern=&#8220;without_pattern&#8220; z_index=&#8220;&#8220;][vc_column width=&#8220;1\/2&#8243;][vc_single_image image=&#8220;6630&#8243; img_size=&#8220;medium&#8220; alignment=&#8220;right&#8220; css=&#8220;&#8220; qode_css_animation=&#8220;&#8220;][vc_empty_space][\/vc_column][vc_column width=&#8220;1\/2&#8243;][vc_column_text css=&#8220;&#8220;] Ready to Sell Ready to Sell Kosmetik \u2013 eine effiziente Alternative Sie stehen...\" \/>\n<meta property=\"og:url\" content=\"https:\/\/temmentec.ch\/de\/private-label\/ready-to-sell\/\" \/>\n<meta property=\"og:site_name\" content=\"Temmentec\" \/>\n<meta property=\"article:modified_time\" content=\"2025-09-02T12:51:47+00:00\" \/>\n<meta property=\"og:image\" content=\"https:\/\/temmentec.ch\/wp-content\/uploads\/2025\/02\/fix-slider-3.jpg\" \/>\n\t<meta property=\"og:image:width\" content=\"1950\" \/>\n\t<meta property=\"og:image:height\" content=\"1898\" \/>\n\t<meta property=\"og:image:type\" content=\"image\/jpeg\" \/>\n<meta name=\"twitter:card\" content=\"summary_large_image\" \/>\n<meta name=\"twitter:label1\" content=\"Gesch\u00e4tzte Lesezeit\" \/>\n\t<meta name=\"twitter:data1\" content=\"3\u00a0Minuten\" \/>\n<script type=\"application\/ld+json\" class=\"yoast-schema-graph\">{\"@context\":\"https:\\\/\\\/schema.org\",\"@graph\":[{\"@type\":\"WebPage\",\"@id\":\"https:\\\/\\\/temmentec.ch\\\/de\\\/private-label\\\/ready-to-sell\\\/\",\"url\":\"https:\\\/\\\/temmentec.ch\\\/de\\\/private-label\\\/ready-to-sell\\\/\",\"name\":\"Ready to Sell &#8211; Temmentec\",\"isPartOf\":{\"@id\":\"https:\\\/\\\/temmentec.ch\\\/de\\\/#website\"},\"datePublished\":\"2025-07-02T09:29:45+00:00\",\"dateModified\":\"2025-09-02T12:51:47+00:00\",\"breadcrumb\":{\"@id\":\"https:\\\/\\\/temmentec.ch\\\/de\\\/private-label\\\/ready-to-sell\\\/#breadcrumb\"},\"inLanguage\":\"de\",\"potentialAction\":[{\"@type\":\"ReadAction\",\"target\":[\"https:\\\/\\\/temmentec.ch\\\/de\\\/private-label\\\/ready-to-sell\\\/\"]}]},{\"@type\":\"BreadcrumbList\",\"@id\":\"https:\\\/\\\/temmentec.ch\\\/de\\\/private-label\\\/ready-to-sell\\\/#breadcrumb\",\"itemListElement\":[{\"@type\":\"ListItem\",\"position\":1,\"name\":\"Startseite\",\"item\":\"https:\\\/\\\/temmentec.ch\\\/de\\\/\"},{\"@type\":\"ListItem\",\"position\":2,\"name\":\"Private Label\",\"item\":\"https:\\\/\\\/temmentec.ch\\\/de\\\/private-label\\\/\"},{\"@type\":\"ListItem\",\"position\":3,\"name\":\"Ready to Sell\"}]},{\"@type\":\"WebSite\",\"@id\":\"https:\\\/\\\/temmentec.ch\\\/de\\\/#website\",\"url\":\"https:\\\/\\\/temmentec.ch\\\/de\\\/\",\"name\":\"Temmentec\",\"description\":\"Switzerland\",\"publisher\":{\"@id\":\"https:\\\/\\\/temmentec.ch\\\/de\\\/#organization\"},\"potentialAction\":[{\"@type\":\"SearchAction\",\"target\":{\"@type\":\"EntryPoint\",\"urlTemplate\":\"https:\\\/\\\/temmentec.ch\\\/de\\\/?s={search_term_string}\"},\"query-input\":{\"@type\":\"PropertyValueSpecification\",\"valueRequired\":true,\"valueName\":\"search_term_string\"}}],\"inLanguage\":\"de\"},{\"@type\":\"Organization\",\"@id\":\"https:\\\/\\\/temmentec.ch\\\/de\\\/#organization\",\"name\":\"Temmentec AG\",\"url\":\"https:\\\/\\\/temmentec.ch\\\/de\\\/\",\"logo\":{\"@type\":\"ImageObject\",\"inLanguage\":\"de\",\"@id\":\"https:\\\/\\\/temmentec.ch\\\/de\\\/#\\\/schema\\\/logo\\\/image\\\/\",\"url\":\"https:\\\/\\\/temmentec.ch\\\/wp-content\\\/uploads\\\/2025\\\/02\\\/temmentec_logo_neu.png\",\"contentUrl\":\"https:\\\/\\\/temmentec.ch\\\/wp-content\\\/uploads\\\/2025\\\/02\\\/temmentec_logo_neu.png\",\"width\":927,\"height\":227,\"caption\":\"Temmentec AG\"},\"image\":{\"@id\":\"https:\\\/\\\/temmentec.ch\\\/de\\\/#\\\/schema\\\/logo\\\/image\\\/\"}}]}<\/script>\n<!-- \/ Yoast SEO plugin. -->","yoast_head_json":{"title":"Ready to Sell &#8211; Temmentec","robots":{"index":"index","follow":"follow","max-snippet":"max-snippet:-1","max-image-preview":"max-image-preview:large","max-video-preview":"max-video-preview:-1"},"canonical":"https:\/\/temmentec.ch\/de\/private-label\/ready-to-sell\/","og_locale":"de_DE","og_type":"article","og_title":"Ready to Sell &#8211; Temmentec","og_description":"[vc_row css_animation=&#8220;&#8220; row_type=&#8220;row&#8220; use_row_as_full_screen_section=&#8220;no&#8220; type=&#8220;grid&#8220; angled_section=&#8220;no&#8220; text_align=&#8220;left&#8220; background_image_as_pattern=&#8220;without_pattern&#8220; z_index=&#8220;&#8220;][vc_column width=&#8220;1\/2&#8243;][vc_single_image image=&#8220;6630&#8243; img_size=&#8220;medium&#8220; alignment=&#8220;right&#8220; css=&#8220;&#8220; qode_css_animation=&#8220;&#8220;][vc_empty_space][\/vc_column][vc_column width=&#8220;1\/2&#8243;][vc_column_text css=&#8220;&#8220;] Ready to Sell Ready to Sell Kosmetik \u2013 eine effiziente Alternative Sie stehen...","og_url":"https:\/\/temmentec.ch\/de\/private-label\/ready-to-sell\/","og_site_name":"Temmentec","article_modified_time":"2025-09-02T12:51:47+00:00","og_image":[{"width":1950,"height":1898,"url":"https:\/\/temmentec.ch\/wp-content\/uploads\/2025\/02\/fix-slider-3.jpg","type":"image\/jpeg"}],"twitter_card":"summary_large_image","twitter_misc":{"Gesch\u00e4tzte Lesezeit":"3\u00a0Minuten"},"schema":{"@context":"https:\/\/schema.org","@graph":[{"@type":"WebPage","@id":"https:\/\/temmentec.ch\/de\/private-label\/ready-to-sell\/","url":"https:\/\/temmentec.ch\/de\/private-label\/ready-to-sell\/","name":"Ready to Sell &#8211; Temmentec","isPartOf":{"@id":"https:\/\/temmentec.ch\/de\/#website"},"datePublished":"2025-07-02T09:29:45+00:00","dateModified":"2025-09-02T12:51:47+00:00","breadcrumb":{"@id":"https:\/\/temmentec.ch\/de\/private-label\/ready-to-sell\/#breadcrumb"},"inLanguage":"de","potentialAction":[{"@type":"ReadAction","target":["https:\/\/temmentec.ch\/de\/private-label\/ready-to-sell\/"]}]},{"@type":"BreadcrumbList","@id":"https:\/\/temmentec.ch\/de\/private-label\/ready-to-sell\/#breadcrumb","itemListElement":[{"@type":"ListItem","position":1,"name":"Startseite","item":"https:\/\/temmentec.ch\/de\/"},{"@type":"ListItem","position":2,"name":"Private Label","item":"https:\/\/temmentec.ch\/de\/private-label\/"},{"@type":"ListItem","position":3,"name":"Ready to Sell"}]},{"@type":"WebSite","@id":"https:\/\/temmentec.ch\/de\/#website","url":"https:\/\/temmentec.ch\/de\/","name":"Temmentec","description":"Switzerland","publisher":{"@id":"https:\/\/temmentec.ch\/de\/#organization"},"potentialAction":[{"@type":"SearchAction","target":{"@type":"EntryPoint","urlTemplate":"https:\/\/temmentec.ch\/de\/?s={search_term_string}"},"query-input":{"@type":"PropertyValueSpecification","valueRequired":true,"valueName":"search_term_string"}}],"inLanguage":"de"},{"@type":"Organization","@id":"https:\/\/temmentec.ch\/de\/#organization","name":"Temmentec AG","url":"https:\/\/temmentec.ch\/de\/","logo":{"@type":"ImageObject","inLanguage":"de","@id":"https:\/\/temmentec.ch\/de\/#\/schema\/logo\/image\/","url":"https:\/\/temmentec.ch\/wp-content\/uploads\/2025\/02\/temmentec_logo_neu.png","contentUrl":"https:\/\/temmentec.ch\/wp-content\/uploads\/2025\/02\/temmentec_logo_neu.png","width":927,"height":227,"caption":"Temmentec AG"},"image":{"@id":"https:\/\/temmentec.ch\/de\/#\/schema\/logo\/image\/"}}]}},"uagb_featured_image_src":{"full":false,"thumbnail":false,"medium":false,"medium_large":false,"large":false,"event-post-thumb":false,"event-post-thumb-box":false,"1536x1536":false,"2048x2048":false,"portfolio-square":false,"portfolio-portrait":false,"portfolio-landscape":false,"menu-featured-post":false,"qode-carousel_slider":false,"portfolio_slider":false,"portfolio_masonry_regular":false,"portfolio_masonry_wide":false,"portfolio_masonry_tall":false,"portfolio_masonry_large":false,"portfolio_masonry_with_space":false,"latest_post_boxes":false},"uagb_author_info":{"display_name":"dc-admin","author_link":"https:\/\/temmentec.ch\/de\/author\/dc-admin\/"},"uagb_comment_info":0,"uagb_excerpt":"[vc_row css_animation=&#8220;&#8220; row_type=&#8220;row&#8220; use_row_as_full_screen_section=&#8220;no&#8220; type=&#8220;grid&#8220; angled_section=&#8220;no&#8220; text_align=&#8220;left&#8220; background_image_as_pattern=&#8220;without_pattern&#8220; z_index=&#8220;&#8220;][vc_column width=&#8220;1\/2&#8243;][vc_single_image image=&#8220;6630&#8243; img_size=&#8220;medium&#8220; alignment=&#8220;right&#8220; css=&#8220;&#8220; qode_css_animation=&#8220;&#8220;][vc_empty_space][\/vc_column][vc_column width=&#8220;1\/2&#8243;][vc_column_text css=&#8220;&#8220;] Ready to Sell Ready to Sell Kosmetik \u2013 eine effiziente Alternative Sie stehen...","_links":{"self":[{"href":"https:\/\/temmentec.ch\/de\/wp-json\/wp\/v2\/pages\/7748","targetHints":{"allow":["GET"]}}],"collection":[{"href":"https:\/\/temmentec.ch\/de\/wp-json\/wp\/v2\/pages"}],"about":[{"href":"https:\/\/temmentec.ch\/de\/wp-json\/wp\/v2\/types\/page"}],"author":[{"embeddable":true,"href":"https:\/\/temmentec.ch\/de\/wp-json\/wp\/v2\/users\/1"}],"replies":[{"embeddable":true,"href":"https:\/\/temmentec.ch\/de\/wp-json\/wp\/v2\/comments?post=7748"}],"version-history":[{"count":92,"href":"https:\/\/temmentec.ch\/de\/wp-json\/wp\/v2\/pages\/7748\/revisions"}],"predecessor-version":[{"id":9624,"href":"https:\/\/temmentec.ch\/de\/wp-json\/wp\/v2\/pages\/7748\/revisions\/9624"}],"up":[{"embeddable":true,"href":"https:\/\/temmentec.ch\/de\/wp-json\/wp\/v2\/pages\/256"}],"wp:attachment":[{"href":"https:\/\/temmentec.ch\/de\/wp-json\/wp\/v2\/media?parent=7748"}],"curies":[{"name":"wp","href":"https:\/\/api.w.org\/{rel}","templated":true}]}}