{"id":7205,"date":"2025-02-21T15:33:07","date_gmt":"2025-02-21T15:33:07","guid":{"rendered":"https:\/\/temmentec.dclabs2.ch\/?page_id=7205"},"modified":"2026-04-15T11:11:07","modified_gmt":"2026-04-15T09:11:07","slug":"karriere","status":"publish","type":"page","link":"https:\/\/temmentec.ch\/de\/unternehmen\/karriere\/","title":{"rendered":"Karriere"},"content":{"rendered":"<div class=\"wpb-content-wrapper\"><p>[vc_row css_animation=&#8220;&#8220; row_type=&#8220;row&#8220; use_row_as_full_screen_section=&#8220;no&#8220; type=&#8220;grid&#8220; angled_section=&#8220;no&#8220; text_align=&#8220;left&#8220; background_image_as_pattern=&#8220;without_pattern&#8220; z_index=&#8220;&#8220;][vc_column width=&#8220;1\/2&#8243;][vc_single_image image=&#8220;6914&#8243; img_size=&#8220;medium&#8220; alignment=&#8220;right&#8220; css=&#8220;&#8220; qode_css_animation=&#8220;&#8220;][vc_empty_space][\/vc_column][vc_column width=&#8220;1\/2&#8243;][vc_column_text css=&#8220;&#8220;]<\/p>\n<h6>Karriere<\/h6>\n<h1>Gemeinsam stark, zusammen erfolgreich<\/h1>\n<p>Sie suchen eine nicht allt\u00e4gliche, abwechslungsreiche und interessante T\u00e4tigkeit in einem professionellen und dynamischen Umfeld? Dann sind Sie bei uns richtig.[\/vc_column_text][\/vc_column][\/vc_row][vc_row css_animation=&#8220;&#8220; row_type=&#8220;row&#8220; use_row_as_full_screen_section=&#8220;no&#8220; type=&#8220;grid&#8220; angled_section=&#8220;no&#8220; text_align=&#8220;left&#8220; background_image_as_pattern=&#8220;without_pattern&#8220; z_index=&#8220;&#8220;][vc_column][vc_empty_space height=&#8220;50px&#8220;][\/vc_column][\/vc_row][vc_row css_animation=&#8220;&#8220; row_type=&#8220;row&#8220; use_row_as_full_screen_section=&#8220;no&#8220; type=&#8220;grid&#8220; angled_section=&#8220;no&#8220; text_align=&#8220;left&#8220; background_image_as_pattern=&#8220;without_pattern&#8220; z_index=&#8220;&#8220;][vc_column width=&#8220;1\/12&#8243; el_class=&#8220;center-me&#8220;][vc_column_text css=&#8220;&#8220;][\/vc_column_text][\/vc_column][vc_column width=&#8220;10\/12&#8243;][vc_column_text css=&#8220;&#8220;]<\/p>\n<h3>Verantwortungsvoller Umgang mit unseren Mitarbeitenden<\/h3>\n<p>Eine unserer gr\u00f6ssten St\u00e4rken sind unsere Mitarbeitenden, denn sie sind der Schl\u00fcssel zum Erfolg. Wir sind \u00fcberzeugt, dass ein gutes Arbeitsklima und ein starker Teamgeist nicht nur w\u00e4hrend der Arbeitszeit entsteht, sondern wir tun mehr daf\u00fcr. So veranstalten wir jeden Sommer einen Betriebsausflug, bei welchem wir einen sch\u00f6nen Flecken der Schweiz besuchen. Vor unseren Betriebsferien im Sommer gibt es zur Einstimmung etwas vom Grill und nat\u00fcrlich darf auch ein grosses Jahresendfest nicht fehlen.[\/vc_column_text][\/vc_column][vc_column width=&#8220;1\/12&#8243;][\/vc_column][\/vc_row][vc_row css_animation=&#8220;&#8220; row_type=&#8220;row&#8220; use_row_as_full_screen_section=&#8220;no&#8220; type=&#8220;grid&#8220; angled_section=&#8220;no&#8220; text_align=&#8220;left&#8220; background_image_as_pattern=&#8220;without_pattern&#8220; z_index=&#8220;&#8220;][vc_column][vc_empty_space height=&#8220;85px&#8220;][vc_single_image image=&#8220;6922&#8243; img_size=&#8220;full&#8220; css=&#8220;&#8220; qode_css_animation=&#8220;&#8220;][vc_empty_space height=&#8220;85px&#8220;][\/vc_column][\/vc_row][vc_row css_animation=&#8220;&#8220; row_type=&#8220;row&#8220; use_row_as_full_screen_section=&#8220;no&#8220; type=&#8220;grid&#8220; angled_section=&#8220;no&#8220; text_align=&#8220;left&#8220; background_image_as_pattern=&#8220;without_pattern&#8220; z_index=&#8220;&#8220;][vc_column][vc_column_text css=&#8220;&#8220;]Wir investieren in unsere Mitarbeitenden und ihre F\u00e4higkeiten. Eine stetige Aus- und Weiterbildung ist f\u00fcr uns ein zentrales Anliegen. So f\u00fchren wir etwa jedes Jahr mehrere Lean Six Sigma Yellow und Green Belt Kurse durch und alle Teilnehmenden setzen ein Praxisprojekt um. Wir sind sehr stolz auf die grosse Zahl an Mitarbeitenden, die bereits ein Yellow und\/oder Green Belt Zertifikat ihr Eigen nennen d\u00fcrfen.<\/p>\n<p>[\/vc_column_text][\/vc_column][\/vc_row][vc_row css_animation=&#8220;&#8220; row_type=&#8220;row&#8220; use_row_as_full_screen_section=&#8220;no&#8220; type=&#8220;grid&#8220; angled_section=&#8220;no&#8220; text_align=&#8220;left&#8220; background_image_as_pattern=&#8220;without_pattern&#8220; z_index=&#8220;&#8220;][vc_column width=&#8220;2\/3&#8243; el_class=&#8220;center-me&#8220;][vc_column_text css=&#8220;&#8220;]<\/p>\n<h4>Arbeiten bei Temmentec heisst<\/h4>\n<ul>\n<li>Verantwortungsvoller Umgang mit unseren Mitarbeitenden<\/li>\n<li>Aus- und Weiterbildungen &#8211; Mitarbeitende werden gef\u00f6rdert und unterst\u00fctzt<\/li>\n<li>Chancengleichheit<\/li>\n<li>Eigene gut aufgestellte Pensionskasse<\/li>\n<li>Sichere, ergonomische Arbeitspl\u00e4tze<\/li>\n<li>Alters- und Geschlechterdiversit\u00e4t<\/li>\n<li>Mitarbeitende aus mehr als 12 unterschiedlichen L\u00e4ndern<\/li>\n<li>Knapp 40% arbeiten in Teilzeitarbeit<\/li>\n<li>Kollaborationen mit Fachhochschulen<\/li>\n<\/ul>\n<p>[\/vc_column_text][\/vc_column][\/vc_row][vc_row css_animation=&#8220;&#8220; row_type=&#8220;row&#8220; use_row_as_full_screen_section=&#8220;no&#8220; type=&#8220;full_width&#8220; angled_section=&#8220;no&#8220; text_align=&#8220;left&#8220; background_image_as_pattern=&#8220;without_pattern&#8220;][vc_column][vc_empty_space height=&#8220;100px&#8220;][\/vc_column][\/vc_row][vc_row css_animation=&#8220;&#8220; row_type=&#8220;row&#8220; use_row_as_full_screen_section=&#8220;yes&#8220; type=&#8220;grid&#8220; angled_section=&#8220;no&#8220; text_align=&#8220;left&#8220; background_image_as_pattern=&#8220;without_pattern&#8220; z_index=&#8220;&#8220; background_color=&#8220;#00000000&#8243; el_class=&#8220;intro-home-bg style-dark&#8220; css=&#8220;.vc_custom_1751987951025{padding-bottom: 100px !important;background-color: #3180DE !important;}&#8220;][vc_column el_class=&#8220;center-me intro-inner&#8220;][vc_row_inner row_type=&#8220;row&#8220; type=&#8220;full_width&#8220; text_align=&#8220;left&#8220; css_animation=&#8220;&#8220; el_class=&#8220;center-me&#8220;][vc_column_inner width=&#8220;7\/12&#8243; css=&#8220;.vc_custom_1751985803723{padding-top: 100px !important;padding-bottom: 85px !important;}&#8220;][vc_column_text css=&#8220;&#8220;]<\/p>\n<h2>Temmentec Jobs: Offene Stellen<\/h2>\n<p>Werden Sie Teil vom Temmentec-Team. Das passende ist nicht dabei? Wir freuen uns ebenfalls \u00fcber Ihre Spontanbewerbung.<\/p>\n<p>E-Mail: <a href=\"mailto:hr@temmentec.ch\">hr@temmentec.ch<\/a>[\/vc_column_text][\/vc_column_inner][\/vc_row_inner][vc_row_inner row_type=&#8220;row&#8220; type=&#8220;full_width&#8220; text_align=&#8220;left&#8220; css_animation=&#8220;&#8220; css=&#8220;.vc_custom_1751987383691{border-top-width: 1px !important;border-bottom-width: 1px !important;padding-top: 30px !important;padding-bottom: 15px !important;border-top-style: solid !important;border-bottom-style: solid !important;border-color: #FFFFFF !important;}&#8220; el_class=&#8220;jobzeile&#8220;][vc_column_inner width=&#8220;3\/12&#8243;][\/vc_column_inner][vc_column_inner width=&#8220;8\/12&#8243;][\/vc_column_inner][vc_column_inner width=&#8220;1\/12&#8243;][\/vc_column_inner][\/vc_row_inner][\/vc_column][\/vc_row][vc_row css_animation=&#8220;&#8220; row_type=&#8220;row&#8220; use_row_as_full_screen_section=&#8220;no&#8220; type=&#8220;full_width&#8220; angled_section=&#8220;no&#8220; text_align=&#8220;left&#8220; background_image_as_pattern=&#8220;without_pattern&#8220;][vc_column][vc_empty_space height=&#8220;150px&#8220;][\/vc_column][\/vc_row][vc_row css_animation=&#8220;&#8220; row_type=&#8220;row&#8220; use_row_as_full_screen_section=&#8220;no&#8220; type=&#8220;grid&#8220; angled_section=&#8220;no&#8220; text_align=&#8220;left&#8220; background_image_as_pattern=&#8220;without_pattern&#8220; z_index=&#8220;&#8220;][vc_column width=&#8220;1\/3&#8243; css=&#8220;.vc_custom_1751989842331{margin-right: 50px !important;}&#8220;][vc_single_image image=&#8220;6838&#8243; img_size=&#8220;medium&#8220; css=&#8220;&#8220; qode_css_animation=&#8220;&#8220;][vc_empty_space][vc_column_text css=&#8220;&#8220;]\u00abIn starker Teamarbeit vielf\u00e4ltige Produkte von der Idee bis auf den Markt umzusetzen, begeistert mich. Jeden Tag eine spannende Herausforderung.<br \/>\nDer direkte Austausch mit den Kunden und die N\u00e4he zu den Markttrends sch\u00e4tze ich sehr.\u00bb<\/p>\n<p><strong>Michel Bolliger, Leiter\u00a0R&amp;D<\/strong><br \/>\nseit 2016 bei Temmentec[\/vc_column_text][vc_empty_space height=&#8220;50px&#8220;][\/vc_column][vc_column width=&#8220;2\/3&#8243;][vc_single_image image=&#8220;6834&#8243; img_size=&#8220;medium&#8220; css=&#8220;&#8220; qode_css_animation=&#8220;&#8220;][vc_empty_space][vc_column_text css=&#8220;&#8220;]\u00abMir gef\u00e4llt es, bei Temmentec zu arbeiten, weil mein Arbeitsalltag stetig neue Herausforderungen an mich stellt und es mir Spass macht, mich mit neuen Themen auseinander zu setzen. Die sich laufend bietenden Weiterbildungsm\u00f6glichkeiten helfen mir mich auf Stand der Technik zu halten und haben mich auch pers\u00f6nlich weitergebracht. Ich f\u00fchle mich im famili\u00e4ren Umfeld und dem pers\u00f6nlichen Kontakt zu Mitarbeitenden und Vorgesetzten sehr wohl.\u00bb<\/p>\n<p><strong>Marco Zaugg, Planer Fabrikation<\/strong><br \/>\nseit 2008 bei Temmentec[\/vc_column_text][\/vc_column][\/vc_row][vc_row css_animation=&#8220;&#8220; row_type=&#8220;row&#8220; use_row_as_full_screen_section=&#8220;yes&#8220; type=&#8220;grid&#8220; angled_section=&#8220;no&#8220; text_align=&#8220;left&#8220; background_image_as_pattern=&#8220;without_pattern&#8220; z_index=&#8220;&#8220; background_color=&#8220;#00000000&#8243; css=&#8220;.vc_custom_1754294529097{margin-top: 100px !important;}&#8220;][vc_column width=&#8220;2\/12&#8243;][\/vc_column][vc_column width=&#8220;8\/12&#8243;][vc_row_inner row_type=&#8220;row&#8220; type=&#8220;full_width&#8220; text_align=&#8220;left&#8220; css_animation=&#8220;&#8220; el_class=&#8220;center-me&#8220;][vc_column_inner css=&#8220;.vc_custom_1751988662560{padding-bottom: 35px !important;}&#8220;][vc_column_text css=&#8220;.vc_custom_1751988353727{margin-bottom: 0px !important;}&#8220;]<\/p>\n<h2>Ihr Karriere-Kontakt<\/h2>\n<p>Haben Sie Fragen zum Arbeiten bei Temmentec? Sind Sie interessiert an einer Stelle und m\u00f6chten noch mehr erfahren? Nehmen Sie gerne Kontakt auf.[\/vc_column_text][\/vc_column_inner][\/vc_row_inner][vc_row_inner row_type=&#8220;row&#8220; type=&#8220;full_width&#8220; text_align=&#8220;left&#8220; css_animation=&#8220;&#8220;][vc_column_inner width=&#8220;1\/2&#8243;][vc_column_text css=&#8220;&#8220;]<\/p>\n<h3>Ihr Kontakt<\/h3>\n<p>Corinne Thierstein<br \/>\nManager HR<\/p>\n<p><a href=\"tel:+41344326111\">+41 34 432 61 29<\/a><br \/>\n<a href=\"mailto:hr@temmentec.ch\">cthierstein@temmentec.ch<\/a>[\/vc_column_text][\/vc_column_inner][\/vc_row_inner][\/vc_column][vc_column width=&#8220;2\/12&#8243;][\/vc_column][\/vc_row][vc_row css_animation=&#8220;&#8220; row_type=&#8220;row&#8220; use_row_as_full_screen_section=&#8220;no&#8220; type=&#8220;grid&#8220; angled_section=&#8220;no&#8220; text_align=&#8220;left&#8220; background_image_as_pattern=&#8220;without_pattern&#8220; css=&#8220;.vc_custom_1751967112256{margin-top: 85px !important;margin-bottom: 142px !important;}&#8220; z_index=&#8220;&#8220;][vc_column width=&#8220;1\/2&#8243;]<a  itemprop=\"url\" href=\"https:\/\/temmentec.ch\/de\/unternehmen\/\" target=\"_self\"  class=\"qbutton  left default\" style=\"\">Zur\u00fcck zur \u00dcbersicht<i class=\"qode_icon_font_awesome fa fa-arrow-circle-o-left qode_button_icon_element\"><\/i><\/a>[vc_empty_space][\/vc_column][vc_column width=&#8220;1\/2&#8243; el_class=&#8220;spalte_rechtsbuendig&#8220;]<a  itemprop=\"url\" href=\"https:\/\/temmentec.ch\/de\/unternehmen\/geschichte\/\" target=\"_self\"  class=\"qbutton  right default\" style=\"\">Geschichte entdecken<i class=\"qode_icon_font_awesome fa fa-arrow-circle-o-right qode_button_icon_element\"><\/i><\/a>[vc_empty_space][\/vc_column][\/vc_row]<\/p>\n<\/div>","protected":false},"excerpt":{"rendered":"<p>[vc_row css_animation=&#8220;&#8220; row_type=&#8220;row&#8220; use_row_as_full_screen_section=&#8220;no&#8220; type=&#8220;grid&#8220; angled_section=&#8220;no&#8220; text_align=&#8220;left&#8220; background_image_as_pattern=&#8220;without_pattern&#8220; z_index=&#8220;&#8220;][vc_column width=&#8220;1\/2&#8243;][vc_single_image image=&#8220;6914&#8243; img_size=&#8220;medium&#8220; alignment=&#8220;right&#8220; css=&#8220;&#8220; qode_css_animation=&#8220;&#8220;][vc_empty_space][\/vc_column][vc_column width=&#8220;1\/2&#8243;][vc_column_text css=&#8220;&#8220;] Karriere Gemeinsam stark, zusammen erfolgreich Sie suchen eine nicht allt\u00e4gliche, abwechslungsreiche und interessante&#8230;<\/p>\n","protected":false},"author":1,"featured_media":0,"parent":7162,"menu_order":67,"comment_status":"closed","ping_status":"closed","template":"full_width.php","meta":{"_uag_custom_page_level_css":"","footnotes":""},"class_list":["post-7205","page","type-page","status-publish","hentry"],"yoast_head":"<!-- This site is optimized with the Yoast SEO plugin v27.4 - https:\/\/yoast.com\/product\/yoast-seo-wordpress\/ -->\n<title>Karriere &#8211; Temmentec<\/title>\n<meta name=\"description\" content=\"Sie suchen eine nicht allt\u00e4gliche, abwechslungsreiche und interessante T\u00e4tigkeit in einem professionellen und dynamischen Umfeld? Dann sind Sie bei uns richtig.\" \/>\n<meta name=\"robots\" content=\"index, follow, max-snippet:-1, max-image-preview:large, max-video-preview:-1\" \/>\n<link rel=\"canonical\" href=\"https:\/\/temmentec.ch\/de\/unternehmen\/karriere\/\" \/>\n<meta property=\"og:locale\" content=\"de_DE\" \/>\n<meta property=\"og:type\" content=\"article\" \/>\n<meta property=\"og:title\" content=\"Karriere &#8211; Temmentec\" \/>\n<meta property=\"og:description\" content=\"Sie suchen eine nicht allt\u00e4gliche, abwechslungsreiche und interessante T\u00e4tigkeit in einem professionellen und dynamischen Umfeld? Dann sind Sie bei uns richtig.\" \/>\n<meta property=\"og:url\" content=\"https:\/\/temmentec.ch\/de\/unternehmen\/karriere\/\" \/>\n<meta property=\"og:site_name\" content=\"Temmentec\" \/>\n<meta property=\"article:modified_time\" content=\"2026-04-15T09:11:07+00:00\" \/>\n<meta name=\"twitter:card\" content=\"summary_large_image\" \/>\n<meta name=\"twitter:label1\" content=\"Gesch\u00e4tzte Lesezeit\" \/>\n\t<meta name=\"twitter:data1\" content=\"5\u00a0Minuten\" \/>\n<script type=\"application\/ld+json\" class=\"yoast-schema-graph\">{\"@context\":\"https:\\\/\\\/schema.org\",\"@graph\":[{\"@type\":\"WebPage\",\"@id\":\"https:\\\/\\\/temmentec.ch\\\/de\\\/unternehmen\\\/karriere\\\/\",\"url\":\"https:\\\/\\\/temmentec.ch\\\/de\\\/unternehmen\\\/karriere\\\/\",\"name\":\"Karriere &#8211; Temmentec\",\"isPartOf\":{\"@id\":\"https:\\\/\\\/temmentec.ch\\\/de\\\/#website\"},\"datePublished\":\"2025-02-21T15:33:07+00:00\",\"dateModified\":\"2026-04-15T09:11:07+00:00\",\"description\":\"Sie suchen eine nicht allt\u00e4gliche, abwechslungsreiche und interessante T\u00e4tigkeit in einem professionellen und dynamischen Umfeld? Dann sind Sie bei uns richtig.\",\"breadcrumb\":{\"@id\":\"https:\\\/\\\/temmentec.ch\\\/de\\\/unternehmen\\\/karriere\\\/#breadcrumb\"},\"inLanguage\":\"de\",\"potentialAction\":[{\"@type\":\"ReadAction\",\"target\":[\"https:\\\/\\\/temmentec.ch\\\/de\\\/unternehmen\\\/karriere\\\/\"]}]},{\"@type\":\"BreadcrumbList\",\"@id\":\"https:\\\/\\\/temmentec.ch\\\/de\\\/unternehmen\\\/karriere\\\/#breadcrumb\",\"itemListElement\":[{\"@type\":\"ListItem\",\"position\":1,\"name\":\"Startseite\",\"item\":\"https:\\\/\\\/temmentec.ch\\\/de\\\/\"},{\"@type\":\"ListItem\",\"position\":2,\"name\":\"Unternehmen\",\"item\":\"https:\\\/\\\/temmentec.ch\\\/de\\\/unternehmen\\\/\"},{\"@type\":\"ListItem\",\"position\":3,\"name\":\"Karriere\"}]},{\"@type\":\"WebSite\",\"@id\":\"https:\\\/\\\/temmentec.ch\\\/de\\\/#website\",\"url\":\"https:\\\/\\\/temmentec.ch\\\/de\\\/\",\"name\":\"Temmentec\",\"description\":\"Switzerland\",\"publisher\":{\"@id\":\"https:\\\/\\\/temmentec.ch\\\/de\\\/#organization\"},\"potentialAction\":[{\"@type\":\"SearchAction\",\"target\":{\"@type\":\"EntryPoint\",\"urlTemplate\":\"https:\\\/\\\/temmentec.ch\\\/de\\\/?s={search_term_string}\"},\"query-input\":{\"@type\":\"PropertyValueSpecification\",\"valueRequired\":true,\"valueName\":\"search_term_string\"}}],\"inLanguage\":\"de\"},{\"@type\":\"Organization\",\"@id\":\"https:\\\/\\\/temmentec.ch\\\/de\\\/#organization\",\"name\":\"Temmentec AG\",\"url\":\"https:\\\/\\\/temmentec.ch\\\/de\\\/\",\"logo\":{\"@type\":\"ImageObject\",\"inLanguage\":\"de\",\"@id\":\"https:\\\/\\\/temmentec.ch\\\/de\\\/#\\\/schema\\\/logo\\\/image\\\/\",\"url\":\"https:\\\/\\\/temmentec.ch\\\/wp-content\\\/uploads\\\/2025\\\/02\\\/temmentec_logo_neu.png\",\"contentUrl\":\"https:\\\/\\\/temmentec.ch\\\/wp-content\\\/uploads\\\/2025\\\/02\\\/temmentec_logo_neu.png\",\"width\":927,\"height\":227,\"caption\":\"Temmentec AG\"},\"image\":{\"@id\":\"https:\\\/\\\/temmentec.ch\\\/de\\\/#\\\/schema\\\/logo\\\/image\\\/\"}}]}<\/script>\n<!-- \/ Yoast SEO plugin. -->","yoast_head_json":{"title":"Karriere &#8211; Temmentec","description":"Sie suchen eine nicht allt\u00e4gliche, abwechslungsreiche und interessante T\u00e4tigkeit in einem professionellen und dynamischen Umfeld? Dann sind Sie bei uns richtig.","robots":{"index":"index","follow":"follow","max-snippet":"max-snippet:-1","max-image-preview":"max-image-preview:large","max-video-preview":"max-video-preview:-1"},"canonical":"https:\/\/temmentec.ch\/de\/unternehmen\/karriere\/","og_locale":"de_DE","og_type":"article","og_title":"Karriere &#8211; Temmentec","og_description":"Sie suchen eine nicht allt\u00e4gliche, abwechslungsreiche und interessante T\u00e4tigkeit in einem professionellen und dynamischen Umfeld? Dann sind Sie bei uns richtig.","og_url":"https:\/\/temmentec.ch\/de\/unternehmen\/karriere\/","og_site_name":"Temmentec","article_modified_time":"2026-04-15T09:11:07+00:00","twitter_card":"summary_large_image","twitter_misc":{"Gesch\u00e4tzte Lesezeit":"5\u00a0Minuten"},"schema":{"@context":"https:\/\/schema.org","@graph":[{"@type":"WebPage","@id":"https:\/\/temmentec.ch\/de\/unternehmen\/karriere\/","url":"https:\/\/temmentec.ch\/de\/unternehmen\/karriere\/","name":"Karriere &#8211; Temmentec","isPartOf":{"@id":"https:\/\/temmentec.ch\/de\/#website"},"datePublished":"2025-02-21T15:33:07+00:00","dateModified":"2026-04-15T09:11:07+00:00","description":"Sie suchen eine nicht allt\u00e4gliche, abwechslungsreiche und interessante T\u00e4tigkeit in einem professionellen und dynamischen Umfeld? Dann sind Sie bei uns richtig.","breadcrumb":{"@id":"https:\/\/temmentec.ch\/de\/unternehmen\/karriere\/#breadcrumb"},"inLanguage":"de","potentialAction":[{"@type":"ReadAction","target":["https:\/\/temmentec.ch\/de\/unternehmen\/karriere\/"]}]},{"@type":"BreadcrumbList","@id":"https:\/\/temmentec.ch\/de\/unternehmen\/karriere\/#breadcrumb","itemListElement":[{"@type":"ListItem","position":1,"name":"Startseite","item":"https:\/\/temmentec.ch\/de\/"},{"@type":"ListItem","position":2,"name":"Unternehmen","item":"https:\/\/temmentec.ch\/de\/unternehmen\/"},{"@type":"ListItem","position":3,"name":"Karriere"}]},{"@type":"WebSite","@id":"https:\/\/temmentec.ch\/de\/#website","url":"https:\/\/temmentec.ch\/de\/","name":"Temmentec","description":"Switzerland","publisher":{"@id":"https:\/\/temmentec.ch\/de\/#organization"},"potentialAction":[{"@type":"SearchAction","target":{"@type":"EntryPoint","urlTemplate":"https:\/\/temmentec.ch\/de\/?s={search_term_string}"},"query-input":{"@type":"PropertyValueSpecification","valueRequired":true,"valueName":"search_term_string"}}],"inLanguage":"de"},{"@type":"Organization","@id":"https:\/\/temmentec.ch\/de\/#organization","name":"Temmentec AG","url":"https:\/\/temmentec.ch\/de\/","logo":{"@type":"ImageObject","inLanguage":"de","@id":"https:\/\/temmentec.ch\/de\/#\/schema\/logo\/image\/","url":"https:\/\/temmentec.ch\/wp-content\/uploads\/2025\/02\/temmentec_logo_neu.png","contentUrl":"https:\/\/temmentec.ch\/wp-content\/uploads\/2025\/02\/temmentec_logo_neu.png","width":927,"height":227,"caption":"Temmentec AG"},"image":{"@id":"https:\/\/temmentec.ch\/de\/#\/schema\/logo\/image\/"}}]}},"uagb_featured_image_src":{"full":false,"thumbnail":false,"medium":false,"medium_large":false,"large":false,"event-post-thumb":false,"event-post-thumb-box":false,"1536x1536":false,"2048x2048":false,"portfolio-square":false,"portfolio-portrait":false,"portfolio-landscape":false,"menu-featured-post":false,"qode-carousel_slider":false,"portfolio_slider":false,"portfolio_masonry_regular":false,"portfolio_masonry_wide":false,"portfolio_masonry_tall":false,"portfolio_masonry_large":false,"portfolio_masonry_with_space":false,"latest_post_boxes":false},"uagb_author_info":{"display_name":"dc-admin","author_link":"https:\/\/temmentec.ch\/de\/author\/dc-admin\/"},"uagb_comment_info":0,"uagb_excerpt":"[vc_row css_animation=&#8220;&#8220; row_type=&#8220;row&#8220; use_row_as_full_screen_section=&#8220;no&#8220; type=&#8220;grid&#8220; angled_section=&#8220;no&#8220; text_align=&#8220;left&#8220; background_image_as_pattern=&#8220;without_pattern&#8220; z_index=&#8220;&#8220;][vc_column width=&#8220;1\/2&#8243;][vc_single_image image=&#8220;6914&#8243; img_size=&#8220;medium&#8220; alignment=&#8220;right&#8220; css=&#8220;&#8220; qode_css_animation=&#8220;&#8220;][vc_empty_space][\/vc_column][vc_column width=&#8220;1\/2&#8243;][vc_column_text css=&#8220;&#8220;] Karriere Gemeinsam stark, zusammen erfolgreich Sie suchen eine nicht allt\u00e4gliche, abwechslungsreiche und interessante...","_links":{"self":[{"href":"https:\/\/temmentec.ch\/de\/wp-json\/wp\/v2\/pages\/7205","targetHints":{"allow":["GET"]}}],"collection":[{"href":"https:\/\/temmentec.ch\/de\/wp-json\/wp\/v2\/pages"}],"about":[{"href":"https:\/\/temmentec.ch\/de\/wp-json\/wp\/v2\/types\/page"}],"author":[{"embeddable":true,"href":"https:\/\/temmentec.ch\/de\/wp-json\/wp\/v2\/users\/1"}],"replies":[{"embeddable":true,"href":"https:\/\/temmentec.ch\/de\/wp-json\/wp\/v2\/comments?post=7205"}],"version-history":[{"count":142,"href":"https:\/\/temmentec.ch\/de\/wp-json\/wp\/v2\/pages\/7205\/revisions"}],"predecessor-version":[{"id":9941,"href":"https:\/\/temmentec.ch\/de\/wp-json\/wp\/v2\/pages\/7205\/revisions\/9941"}],"up":[{"embeddable":true,"href":"https:\/\/temmentec.ch\/de\/wp-json\/wp\/v2\/pages\/7162"}],"wp:attachment":[{"href":"https:\/\/temmentec.ch\/de\/wp-json\/wp\/v2\/media?parent=7205"}],"curies":[{"name":"wp","href":"https:\/\/api.w.org\/{rel}","templated":true}]}}