{"id":7162,"date":"2025-02-21T10:41:44","date_gmt":"2025-02-21T10:41:44","guid":{"rendered":"https:\/\/temmentec.dclabs2.ch\/?page_id=7162"},"modified":"2025-08-20T15:51:31","modified_gmt":"2025-08-20T13:51:31","slug":"unternehmen","status":"publish","type":"page","link":"https:\/\/temmentec.ch\/de\/unternehmen\/","title":{"rendered":"Unternehmen"},"content":{"rendered":"<div class=\"wpb-content-wrapper\"><p>[vc_row css_animation=&#8220;&#8220; row_type=&#8220;row&#8220; use_row_as_full_screen_section=&#8220;no&#8220; type=&#8220;grid&#8220; angled_section=&#8220;no&#8220; text_align=&#8220;left&#8220; background_image_as_pattern=&#8220;without_pattern&#8220; z_index=&#8220;&#8220; css=&#8220;.vc_custom_1755697887401{padding-bottom: 85px !important;background-image: url(https:\/\/temmentec.ch\/wp-content\/uploads\/2025\/07\/designele-lay9-hellgrau.png?id=8086) !important;}&#8220; el_class=&#8220;ansprechpartner-head&#8220;][vc_column width=&#8220;1\/12&#8243;][vc_column_text css=&#8220;&#8220;][\/vc_column_text][\/vc_column][vc_column width=&#8220;10\/12&#8243;][vc_column_text css=&#8220;&#8220;]<\/p>\n<h6>Unternehmen<\/h6>\n<h1>Temmentec AG: Kosmetik \u00abMade in Switzerland\u00bb \u2013 wo \u00fcber 100 Jahre Erfahrung mit Innovation verschmelzen<\/h1>\n<p>Temmentec AG ist einer der f\u00fchrenden Schweizer Lohnhersteller und Full Service Partner f\u00fcr hochwertige pflegende Kosmetik mit nat\u00fcrlichen Inhaltsstoffen und fungiert als Partner f\u00fcr zahlreiche renommierte nationale und internationale Marken.[\/vc_column_text][\/vc_column][vc_column width=&#8220;1\/12&#8243;][\/vc_column][\/vc_row][vc_row css_animation=&#8220;&#8220; row_type=&#8220;row&#8220; use_row_as_full_screen_section=&#8220;no&#8220; type=&#8220;grid&#8220; angled_section=&#8220;no&#8220; text_align=&#8220;left&#8220; background_image_as_pattern=&#8220;without_pattern&#8220; z_index=&#8220;&#8220; css=&#8220;.vc_custom_1751980227267{margin-bottom: 85px !important;}&#8220;][vc_column][vc_single_image image=&#8220;6938&#8243; img_size=&#8220;full&#8220; css=&#8220;&#8220; qode_css_animation=&#8220;&#8220;][\/vc_column][\/vc_row][vc_row css_animation=&#8220;&#8220; row_type=&#8220;row&#8220; use_row_as_full_screen_section=&#8220;no&#8220; type=&#8220;grid&#8220; angled_section=&#8220;no&#8220; text_align=&#8220;left&#8220; background_image_as_pattern=&#8220;without_pattern&#8220; z_index=&#8220;&#8220; css=&#8220;.vc_custom_1751980853789{margin-bottom: 85px !important;}&#8220;][vc_column width=&#8220;1\/4&#8243;][vc_empty_space height=&#8220;14px&#8220;][vc_column_text css=&#8220;&#8220;]<\/p>\n<h2>Nachhaltige Kosmetik mit viel Swissness \u2013 seit\u00a01916<\/h2>\n<p>[\/vc_column_text][vc_empty_space height=&#8220;18px&#8220;][\/vc_column][vc_column width=&#8220;3\/4&#8243;][vc_column_text css=&#8220;&#8220;]Als langfristig orientiertes Familienunternehmen legen wir seit jeher Wert auf langfristige Partnerschaften mit unseren Kunden. Vertrauen, Transparenz und Verl\u00e4sslichkeit sind die Kernwerte unseres t\u00e4glichen Handelns.<\/p>\n<p>Durch die einmalige Kombination langj\u00e4hriger Erfahrung in der Kosmetikbranche, das Know-how unserer Mitarbeitenden sowie kontinuierlicher Investitionen in Anlagen und Innovationen, bieten wir unseren Kunden nicht nur pflegende Kosmetik in herausragender Qualit\u00e4t und Zuverl\u00e4ssigkeit, sondern auch einen pers\u00f6nlichen Kundenservice und hochkompetente Beratung.<\/p>\n<p>S\u00e4mtliche Produkte werden ausschliesslich an unserem Firmenhauptsitz in Sumiswald, im Herzen der Schweiz, mit modernsten Methoden hergestellt und stehen somit f\u00fcr echte \u00abSwissness\u00bb.[\/vc_column_text][vc_empty_space][vc_column_text css=&#8220;&#8220;]<\/p>\n<h3>Unsere Vision<\/h3>\n<p>Wir wollen unseren Kunden der Schweizer Full Service Partner f\u00fcr pflegende Kosmetik sein. Wir agieren nachhaltig, ethisch\/moralisch und zeichnen uns als sozialer Arbeitgeber aus.[\/vc_column_text][\/vc_column][\/vc_row][vc_row row_type=&#8220;content_menu&#8220; background_color=&#8220;#3180DE&#8220;][vc_column][\/vc_column][\/vc_row][vc_row css_animation=&#8220;&#8220; row_type=&#8220;row&#8220; use_row_as_full_screen_section=&#8220;no&#8220; type=&#8220;full_width&#8220; in_content_menu=&#8220;in_content_menu&#8220; content_menu_icon=&#8220;&#8220; angled_section=&#8220;no&#8220; text_align=&#8220;left&#8220; background_image_as_pattern=&#8220;without_pattern&#8220; z_index=&#8220;&#8220; anchor=&#8220;ansprechpartner&#8220; content_menu_title=&#8220;Ansprechpartner&#8220;][vc_column][vc_empty_space height=&#8220;60px&#8220;][\/vc_column][\/vc_row][vc_row css_animation=&#8220;&#8220; row_type=&#8220;row&#8220; use_row_as_full_screen_section=&#8220;no&#8220; type=&#8220;grid&#8220; angled_section=&#8220;no&#8220; text_align=&#8220;left&#8220; background_image_as_pattern=&#8220;without_pattern&#8220; z_index=&#8220;21&#8243;][vc_column width=&#8220;1\/2&#8243;][vc_single_image image=&#8220;6918&#8243; img_size=&#8220;medium&#8220; alignment=&#8220;right&#8220; css=&#8220;&#8220; qode_css_animation=&#8220;&#8220;][\/vc_column][vc_column width=&#8220;1\/2&#8243;][vc_column_text css=&#8220;.vc_custom_1751980641347{padding-top: 45px !important;padding-bottom: 45px !important;}&#8220;]<\/p>\n<h2>Ansprechpartner<\/h2>\n<p><strong>Ihre Kontaktpersonen<\/strong><\/p>\n<p>Lernen Sie Ihre Ansprechpartner kennen. Sie stehen Ihnen gerne f\u00fcr Ausk\u00fcnfte oder einen Austausch zur Verf\u00fcgung.<\/p>\n<p><a href=\"https:\/\/temmentec.ch\/de\/unternehmen\/ansprechpartner\/\">lernen Sie uns kennen<\/a>[\/vc_column_text][\/vc_column][\/vc_row][vc_row css_animation=&#8220;&#8220; row_type=&#8220;row&#8220; use_row_as_full_screen_section=&#8220;no&#8220; type=&#8220;full_width&#8220; in_content_menu=&#8220;in_content_menu&#8220; content_menu_icon=&#8220;&#8220; angled_section=&#8220;no&#8220; text_align=&#8220;left&#8220; background_image_as_pattern=&#8220;without_pattern&#8220; z_index=&#8220;&#8220; anchor=&#8220;karriere&#8220; content_menu_title=&#8220;Karriere&#8220;][vc_column][vc_empty_space height=&#8220;60px&#8220;][\/vc_column][\/vc_row][vc_row css_animation=&#8220;&#8220; row_type=&#8220;row&#8220; use_row_as_full_screen_section=&#8220;no&#8220; type=&#8220;grid&#8220; angled_section=&#8220;no&#8220; text_align=&#8220;left&#8220; background_image_as_pattern=&#8220;without_pattern&#8220; z_index=&#8220;21&#8243;][vc_column width=&#8220;1\/2&#8243;][vc_single_image image=&#8220;6914&#8243; img_size=&#8220;medium&#8220; alignment=&#8220;right&#8220; css=&#8220;&#8220; qode_css_animation=&#8220;&#8220;][\/vc_column][vc_column width=&#8220;1\/2&#8243;][vc_column_text css=&#8220;.vc_custom_1751980783953{padding-top: 45px !important;padding-bottom: 45px !important;}&#8220;]<\/p>\n<h2>Karriere<\/h2>\n<p><strong>Werden Sie ein Teil von uns<\/strong><\/p>\n<p>Bei Temmentec warten spannende Aufgaben, ein motiviertes Team, Weiterbildungschancen und ein hochprofessionelles Arbeitsumfeld auf Sie.<\/p>\n<p><a href=\"https:\/\/temmentec.ch\/de\/unternehmen\/karriere\/\">erfahren Sie mehr<\/a>[\/vc_column_text][\/vc_column][\/vc_row][vc_row css_animation=&#8220;&#8220; row_type=&#8220;row&#8220; use_row_as_full_screen_section=&#8220;no&#8220; type=&#8220;full_width&#8220; in_content_menu=&#8220;in_content_menu&#8220; content_menu_icon=&#8220;&#8220; angled_section=&#8220;no&#8220; text_align=&#8220;left&#8220; background_image_as_pattern=&#8220;without_pattern&#8220; z_index=&#8220;&#8220; anchor=&#8220;geschichte&#8220; content_menu_title=&#8220;Geschichte&#8220;][vc_column][vc_empty_space height=&#8220;60px&#8220;][\/vc_column][\/vc_row][vc_row css_animation=&#8220;&#8220; row_type=&#8220;row&#8220; use_row_as_full_screen_section=&#8220;no&#8220; type=&#8220;grid&#8220; angled_section=&#8220;no&#8220; text_align=&#8220;left&#8220; background_image_as_pattern=&#8220;without_pattern&#8220; z_index=&#8220;21&#8243; css=&#8220;.vc_custom_1753870786048{margin-bottom: 100px !important;}&#8220;][vc_column width=&#8220;1\/2&#8243;][vc_single_image image=&#8220;6910&#8243; img_size=&#8220;medium&#8220; alignment=&#8220;right&#8220; css=&#8220;&#8220; qode_css_animation=&#8220;&#8220;][\/vc_column][vc_column width=&#8220;1\/2&#8243;][vc_column_text css=&#8220;.vc_custom_1751980970130{padding-top: 45px !important;padding-bottom: 45px !important;}&#8220;]<\/p>\n<h2>Geschichte<\/h2>\n<p><strong>\u00dcber 100 Jahre Temmentec<\/strong><\/p>\n<p>Im Herzen der Schweiz sind wir zuhause und beliefern von hier aus in die ganze Welt innovative, qualitativ hochstehende Kosmetikprodukte \u00abMade in Switzerland\u00bb.<\/p>\n<p><a href=\"https:\/\/temmentec.ch\/de\/unternehmen\/geschichte\/\">zur Geschichte<\/a>[\/vc_column_text][\/vc_column][\/vc_row][vc_row css_animation=&#8220;&#8220; row_type=&#8220;row&#8220; use_row_as_full_screen_section=&#8220;no&#8220; type=&#8220;grid&#8220; angled_section=&#8220;no&#8220; text_align=&#8220;left&#8220; background_image_as_pattern=&#8220;without_pattern&#8220; z_index=&#8220;&#8220; el_class=&#8220;zweispalter-zeile&#8220; css=&#8220;.vc_custom_1753870791974{margin-bottom: 172px !important;}&#8220;][vc_column width=&#8220;1\/2&#8243; el_class=&#8220;spalte_1&#8243;][vc_column_text css=&#8220;.vc_custom_1753796048161{border-radius: 5px !important;}&#8220;]<\/p>\n<h2>Ihre Vorteile<\/h2>\n<p>Wir legen bei der Kosmetikentwicklung grossen Wert auf Nachhaltigkeit, stehen mit unserem Namen f\u00fcr Swiss Quality und bieten einen Full Service mit h\u00f6chster Flexibilit\u00e4t.[\/vc_column_text]<a  itemprop=\"url\" href=\"https:\/\/temmentec.ch\/de\/ihre-vorteile\/\" target=\"_self\"  class=\"qbutton  small default\" style=\"\">Vorteile entdecken<\/a>[\/vc_column][vc_column width=&#8220;1\/2&#8243; el_class=&#8220;spalte_2&#8243;][vc_column_text css=&#8220;&#8220;]<\/p>\n<h2>Haben Sie Fragen?<\/h2>\n<p>M\u00f6chten Sie uns gerne eine Frage stellen, haben eine Produktidee oder eine Anregung f\u00fcr uns? Wir freuen uns auf Ihre Nachricht.[\/vc_column_text]<a  itemprop=\"url\" href=\"https:\/\/temmentec.ch\/de\/kontakt\/\" target=\"_self\"  class=\"qbutton  small default\" style=\"\">Kontakt aufnehmen<\/a>[\/vc_column][\/vc_row]<\/p>\n<\/div>","protected":false},"excerpt":{"rendered":"<p>[vc_row css_animation=&#8220;&#8220; row_type=&#8220;row&#8220; use_row_as_full_screen_section=&#8220;no&#8220; type=&#8220;grid&#8220; angled_section=&#8220;no&#8220; text_align=&#8220;left&#8220; background_image_as_pattern=&#8220;without_pattern&#8220; z_index=&#8220;&#8220; css=&#8220;.vc_custom_1755697887401{padding-bottom: 85px !important;background-image: url(https:\/\/temmentec.ch\/wp-content\/uploads\/2025\/07\/designele-lay9-hellgrau.png?id=8086) !important;}&#8220; el_class=&#8220;ansprechpartner-head&#8220;][vc_column width=&#8220;1\/12&#8243;][vc_column_text css=&#8220;&#8220;][\/vc_column_text][\/vc_column][vc_column width=&#8220;10\/12&#8243;][vc_column_text css=&#8220;&#8220;] Unternehmen Temmentec AG: Kosmetik \u00abMade in Switzerland\u00bb \u2013 wo \u00fcber 100&#8230;<\/p>\n","protected":false},"author":1,"featured_media":0,"parent":0,"menu_order":60,"comment_status":"closed","ping_status":"closed","template":"full_width.php","meta":{"_uag_custom_page_level_css":"","footnotes":""},"class_list":["post-7162","page","type-page","status-publish","hentry"],"yoast_head":"<!-- This site is optimized with the Yoast SEO plugin v27.4 - https:\/\/yoast.com\/product\/yoast-seo-wordpress\/ -->\n<title>Unternehmen &#8211; Temmentec<\/title>\n<meta name=\"description\" content=\"Temmentec AG ist einer der f\u00fchrenden Schweizer Lohnhersteller und Full Service Partner f\u00fcr hochwertige pflegende Kosmetik mit nat\u00fcrlichen Inhaltsstoffen.\" \/>\n<meta name=\"robots\" content=\"index, follow, max-snippet:-1, max-image-preview:large, max-video-preview:-1\" \/>\n<link rel=\"canonical\" href=\"https:\/\/temmentec.ch\/de\/unternehmen\/\" \/>\n<meta property=\"og:locale\" content=\"de_DE\" \/>\n<meta property=\"og:type\" content=\"article\" \/>\n<meta property=\"og:title\" content=\"Unternehmen &#8211; Temmentec\" \/>\n<meta property=\"og:description\" content=\"Temmentec AG ist einer der f\u00fchrenden Schweizer Lohnhersteller und Full Service Partner f\u00fcr hochwertige pflegende Kosmetik mit nat\u00fcrlichen Inhaltsstoffen.\" \/>\n<meta property=\"og:url\" content=\"https:\/\/temmentec.ch\/de\/unternehmen\/\" \/>\n<meta property=\"og:site_name\" content=\"Temmentec\" \/>\n<meta property=\"article:modified_time\" content=\"2025-08-20T13:51:31+00:00\" \/>\n<meta name=\"twitter:card\" content=\"summary_large_image\" \/>\n<meta name=\"twitter:label1\" content=\"Gesch\u00e4tzte Lesezeit\" \/>\n\t<meta name=\"twitter:data1\" content=\"3\u00a0Minuten\" \/>\n<script type=\"application\/ld+json\" class=\"yoast-schema-graph\">{\"@context\":\"https:\\\/\\\/schema.org\",\"@graph\":[{\"@type\":\"WebPage\",\"@id\":\"https:\\\/\\\/temmentec.ch\\\/de\\\/unternehmen\\\/\",\"url\":\"https:\\\/\\\/temmentec.ch\\\/de\\\/unternehmen\\\/\",\"name\":\"Unternehmen &#8211; Temmentec\",\"isPartOf\":{\"@id\":\"https:\\\/\\\/temmentec.ch\\\/de\\\/#website\"},\"datePublished\":\"2025-02-21T10:41:44+00:00\",\"dateModified\":\"2025-08-20T13:51:31+00:00\",\"description\":\"Temmentec AG ist einer der f\u00fchrenden Schweizer Lohnhersteller und Full Service Partner f\u00fcr hochwertige pflegende Kosmetik mit nat\u00fcrlichen Inhaltsstoffen.\",\"breadcrumb\":{\"@id\":\"https:\\\/\\\/temmentec.ch\\\/de\\\/unternehmen\\\/#breadcrumb\"},\"inLanguage\":\"de\",\"potentialAction\":[{\"@type\":\"ReadAction\",\"target\":[\"https:\\\/\\\/temmentec.ch\\\/de\\\/unternehmen\\\/\"]}]},{\"@type\":\"BreadcrumbList\",\"@id\":\"https:\\\/\\\/temmentec.ch\\\/de\\\/unternehmen\\\/#breadcrumb\",\"itemListElement\":[{\"@type\":\"ListItem\",\"position\":1,\"name\":\"Startseite\",\"item\":\"https:\\\/\\\/temmentec.ch\\\/de\\\/\"},{\"@type\":\"ListItem\",\"position\":2,\"name\":\"Unternehmen\"}]},{\"@type\":\"WebSite\",\"@id\":\"https:\\\/\\\/temmentec.ch\\\/de\\\/#website\",\"url\":\"https:\\\/\\\/temmentec.ch\\\/de\\\/\",\"name\":\"Temmentec\",\"description\":\"Switzerland\",\"publisher\":{\"@id\":\"https:\\\/\\\/temmentec.ch\\\/de\\\/#organization\"},\"potentialAction\":[{\"@type\":\"SearchAction\",\"target\":{\"@type\":\"EntryPoint\",\"urlTemplate\":\"https:\\\/\\\/temmentec.ch\\\/de\\\/?s={search_term_string}\"},\"query-input\":{\"@type\":\"PropertyValueSpecification\",\"valueRequired\":true,\"valueName\":\"search_term_string\"}}],\"inLanguage\":\"de\"},{\"@type\":\"Organization\",\"@id\":\"https:\\\/\\\/temmentec.ch\\\/de\\\/#organization\",\"name\":\"Temmentec AG\",\"url\":\"https:\\\/\\\/temmentec.ch\\\/de\\\/\",\"logo\":{\"@type\":\"ImageObject\",\"inLanguage\":\"de\",\"@id\":\"https:\\\/\\\/temmentec.ch\\\/de\\\/#\\\/schema\\\/logo\\\/image\\\/\",\"url\":\"https:\\\/\\\/temmentec.ch\\\/wp-content\\\/uploads\\\/2025\\\/02\\\/temmentec_logo_neu.png\",\"contentUrl\":\"https:\\\/\\\/temmentec.ch\\\/wp-content\\\/uploads\\\/2025\\\/02\\\/temmentec_logo_neu.png\",\"width\":927,\"height\":227,\"caption\":\"Temmentec AG\"},\"image\":{\"@id\":\"https:\\\/\\\/temmentec.ch\\\/de\\\/#\\\/schema\\\/logo\\\/image\\\/\"}}]}<\/script>\n<!-- \/ Yoast SEO plugin. -->","yoast_head_json":{"title":"Unternehmen &#8211; Temmentec","description":"Temmentec AG ist einer der f\u00fchrenden Schweizer Lohnhersteller und Full Service Partner f\u00fcr hochwertige pflegende Kosmetik mit nat\u00fcrlichen Inhaltsstoffen.","robots":{"index":"index","follow":"follow","max-snippet":"max-snippet:-1","max-image-preview":"max-image-preview:large","max-video-preview":"max-video-preview:-1"},"canonical":"https:\/\/temmentec.ch\/de\/unternehmen\/","og_locale":"de_DE","og_type":"article","og_title":"Unternehmen &#8211; Temmentec","og_description":"Temmentec AG ist einer der f\u00fchrenden Schweizer Lohnhersteller und Full Service Partner f\u00fcr hochwertige pflegende Kosmetik mit nat\u00fcrlichen Inhaltsstoffen.","og_url":"https:\/\/temmentec.ch\/de\/unternehmen\/","og_site_name":"Temmentec","article_modified_time":"2025-08-20T13:51:31+00:00","twitter_card":"summary_large_image","twitter_misc":{"Gesch\u00e4tzte Lesezeit":"3\u00a0Minuten"},"schema":{"@context":"https:\/\/schema.org","@graph":[{"@type":"WebPage","@id":"https:\/\/temmentec.ch\/de\/unternehmen\/","url":"https:\/\/temmentec.ch\/de\/unternehmen\/","name":"Unternehmen &#8211; Temmentec","isPartOf":{"@id":"https:\/\/temmentec.ch\/de\/#website"},"datePublished":"2025-02-21T10:41:44+00:00","dateModified":"2025-08-20T13:51:31+00:00","description":"Temmentec AG ist einer der f\u00fchrenden Schweizer Lohnhersteller und Full Service Partner f\u00fcr hochwertige pflegende Kosmetik mit nat\u00fcrlichen Inhaltsstoffen.","breadcrumb":{"@id":"https:\/\/temmentec.ch\/de\/unternehmen\/#breadcrumb"},"inLanguage":"de","potentialAction":[{"@type":"ReadAction","target":["https:\/\/temmentec.ch\/de\/unternehmen\/"]}]},{"@type":"BreadcrumbList","@id":"https:\/\/temmentec.ch\/de\/unternehmen\/#breadcrumb","itemListElement":[{"@type":"ListItem","position":1,"name":"Startseite","item":"https:\/\/temmentec.ch\/de\/"},{"@type":"ListItem","position":2,"name":"Unternehmen"}]},{"@type":"WebSite","@id":"https:\/\/temmentec.ch\/de\/#website","url":"https:\/\/temmentec.ch\/de\/","name":"Temmentec","description":"Switzerland","publisher":{"@id":"https:\/\/temmentec.ch\/de\/#organization"},"potentialAction":[{"@type":"SearchAction","target":{"@type":"EntryPoint","urlTemplate":"https:\/\/temmentec.ch\/de\/?s={search_term_string}"},"query-input":{"@type":"PropertyValueSpecification","valueRequired":true,"valueName":"search_term_string"}}],"inLanguage":"de"},{"@type":"Organization","@id":"https:\/\/temmentec.ch\/de\/#organization","name":"Temmentec AG","url":"https:\/\/temmentec.ch\/de\/","logo":{"@type":"ImageObject","inLanguage":"de","@id":"https:\/\/temmentec.ch\/de\/#\/schema\/logo\/image\/","url":"https:\/\/temmentec.ch\/wp-content\/uploads\/2025\/02\/temmentec_logo_neu.png","contentUrl":"https:\/\/temmentec.ch\/wp-content\/uploads\/2025\/02\/temmentec_logo_neu.png","width":927,"height":227,"caption":"Temmentec AG"},"image":{"@id":"https:\/\/temmentec.ch\/de\/#\/schema\/logo\/image\/"}}]}},"uagb_featured_image_src":{"full":false,"thumbnail":false,"medium":false,"medium_large":false,"large":false,"event-post-thumb":false,"event-post-thumb-box":false,"1536x1536":false,"2048x2048":false,"portfolio-square":false,"portfolio-portrait":false,"portfolio-landscape":false,"menu-featured-post":false,"qode-carousel_slider":false,"portfolio_slider":false,"portfolio_masonry_regular":false,"portfolio_masonry_wide":false,"portfolio_masonry_tall":false,"portfolio_masonry_large":false,"portfolio_masonry_with_space":false,"latest_post_boxes":false},"uagb_author_info":{"display_name":"dc-admin","author_link":"https:\/\/temmentec.ch\/de\/author\/dc-admin\/"},"uagb_comment_info":0,"uagb_excerpt":"[vc_row css_animation=&#8220;&#8220; row_type=&#8220;row&#8220; use_row_as_full_screen_section=&#8220;no&#8220; type=&#8220;grid&#8220; angled_section=&#8220;no&#8220; text_align=&#8220;left&#8220; background_image_as_pattern=&#8220;without_pattern&#8220; z_index=&#8220;&#8220; css=&#8220;.vc_custom_1755697887401{padding-bottom: 85px !important;background-image: url(https:\/\/temmentec.ch\/wp-content\/uploads\/2025\/07\/designele-lay9-hellgrau.png?id=8086) !important;}&#8220; el_class=&#8220;ansprechpartner-head&#8220;][vc_column width=&#8220;1\/12&#8243;][vc_column_text css=&#8220;&#8220;][\/vc_column_text][\/vc_column][vc_column width=&#8220;10\/12&#8243;][vc_column_text css=&#8220;&#8220;] Unternehmen Temmentec AG: Kosmetik \u00abMade in Switzerland\u00bb \u2013 wo \u00fcber 100...","_links":{"self":[{"href":"https:\/\/temmentec.ch\/de\/wp-json\/wp\/v2\/pages\/7162","targetHints":{"allow":["GET"]}}],"collection":[{"href":"https:\/\/temmentec.ch\/de\/wp-json\/wp\/v2\/pages"}],"about":[{"href":"https:\/\/temmentec.ch\/de\/wp-json\/wp\/v2\/types\/page"}],"author":[{"embeddable":true,"href":"https:\/\/temmentec.ch\/de\/wp-json\/wp\/v2\/users\/1"}],"replies":[{"embeddable":true,"href":"https:\/\/temmentec.ch\/de\/wp-json\/wp\/v2\/comments?post=7162"}],"version-history":[{"count":40,"href":"https:\/\/temmentec.ch\/de\/wp-json\/wp\/v2\/pages\/7162\/revisions"}],"predecessor-version":[{"id":9565,"href":"https:\/\/temmentec.ch\/de\/wp-json\/wp\/v2\/pages\/7162\/revisions\/9565"}],"wp:attachment":[{"href":"https:\/\/temmentec.ch\/de\/wp-json\/wp\/v2\/media?parent=7162"}],"curies":[{"name":"wp","href":"https:\/\/api.w.org\/{rel}","templated":true}]}}