{"id":7157,"date":"2025-02-21T10:26:35","date_gmt":"2025-02-21T10:26:35","guid":{"rendered":"https:\/\/temmentec.dclabs2.ch\/?page_id=7157"},"modified":"2026-04-14T13:30:53","modified_gmt":"2026-04-14T11:30:53","slug":"zertifizierungen","status":"publish","type":"page","link":"https:\/\/temmentec.ch\/de\/ihre-vorteile\/zertifizierungen\/","title":{"rendered":"Zertifizierungen"},"content":{"rendered":"<div class=\"wpb-content-wrapper\"><p>[vc_row css_animation=&#8220;&#8220; row_type=&#8220;row&#8220; use_row_as_full_screen_section=&#8220;no&#8220; type=&#8220;grid&#8220; angled_section=&#8220;no&#8220; text_align=&#8220;left&#8220; background_image_as_pattern=&#8220;without_pattern&#8220; z_index=&#8220;&#8220;][vc_column width=&#8220;1\/2&#8243;][vc_single_image image=&#8220;6898&#8243; img_size=&#8220;medium&#8220; alignment=&#8220;right&#8220; css=&#8220;&#8220; qode_css_animation=&#8220;&#8220;][vc_empty_space][\/vc_column][vc_column width=&#8220;1\/2&#8243;][vc_column_text css=&#8220;&#8220;]<\/p>\n<h6>Zertifizierungen<\/h6>\n<h1>Zertifizierte Kosmetikproduktion mit belegten Prozessen<\/h1>\n<p>Sichere, stabile und nachvollziehbare Prozesse sind elementare Bausteine f\u00fcr den Erfolg Ihrer Marke. Als etablierter Hersteller hochwertiger Kosmetik garantiert Temmentec durch validierte und zertifizierte Prozesse sowie durch regelm\u00e4ssige interne und externe Audits h\u00f6chste Standards in Sachen Qualit\u00e4t und Produktsicherheit.[\/vc_column_text][\/vc_column][\/vc_row][vc_row css_animation=&#8220;&#8220; row_type=&#8220;row&#8220; use_row_as_full_screen_section=&#8220;no&#8220; type=&#8220;grid&#8220; angled_section=&#8220;no&#8220; text_align=&#8220;left&#8220; background_image_as_pattern=&#8220;without_pattern&#8220; z_index=&#8220;&#8220; css=&#8220;.vc_custom_1751893400155{margin-top: 50px !important;margin-bottom: 85px !important;}&#8220;][vc_column width=&#8220;8\/12&#8243; el_class=&#8220;center-me&#8220;][vc_column_text css=&#8220;&#8220;]<\/p>\n<h2>H\u00f6chste Produktqualit\u00e4t garantiert<\/h2>\n<p>In s\u00e4mtlichen Prozessen sind zahlreiche Kontrollelemente integriert, sowohl maschinelle wie auch solche, welche durch unsere hochqualifizierten Mitarbeitenden ausgef\u00fchrt werden. Wir sind \u00fcberzeugt, dass die ausgewogene Kombination von Menschen und Maschine der Garant f\u00fcr h\u00f6chste Produktqualit\u00e4t ist.<\/p>\n<p>Eine hundertprozentige R\u00fcckverfolgbarkeit s\u00e4mtlicher Prozessschritte, Inhaltsstoffe und Einsatzstoffe ist selbstverst\u00e4ndlich und durch ein modernes ERP sichergestellt.[\/vc_column_text][\/vc_column][\/vc_row][vc_row css_animation=&#8220;&#8220; row_type=&#8220;row&#8220; use_row_as_full_screen_section=&#8220;no&#8220; type=&#8220;grid&#8220; angled_section=&#8220;no&#8220; text_align=&#8220;left&#8220; background_image_as_pattern=&#8220;without_pattern&#8220; z_index=&#8220;&#8220;][vc_column width=&#8220;8\/12&#8243; el_class=&#8220;center-me&#8220;][vc_column_text css=&#8220;&#8220;]<\/p>\n<h2>Unsere Zertifizierungen<\/h2>\n<div class=\"part load file tall\"><a class=\"load\" title=\"Cosmetic GMP ISO 22716 (PDF) (300 KB)\" href=\"https:\/\/temmentec.ch\/wp-content\/uploads\/2025\/07\/zertifikat_iso_22716_gmp.pdf\" target=\"_blank\" rel=\"noopener\">Cosmetic GMP ISO 22716 (PDF)<\/a><\/div>\n<div class=\"part load file tall\"><a class=\"load\" title=\"Prozessmanagement ISO 9001\u00a0(PDF) (477 KB)\" href=\"https:\/\/temmentec.ch\/wp-content\/uploads\/2025\/07\/zertifikat_iso_9001_und_iso_14001.pdf\" target=\"_blank\" rel=\"noopener\">Prozessmanagement ISO 9001 (PDF)<\/a><\/div>\n<div class=\"part load file tall\"><a class=\"load\" title=\"Umweltmanagement ISO 14001 (PDF) (477 KB)\" href=\"https:\/\/temmentec.ch\/wp-content\/uploads\/2025\/07\/zertifikat_iso_9001_und_iso_14001.pdf\" target=\"_blank\" rel=\"noopener\">Umweltmanagement ISO 14001 (PDF)<\/a><\/div>\n<div class=\"part load file tall\"><a class=\"load\" title=\"RSPO Mass Balance (PDF) (324 KB)\" href=\"https:\/\/temmentec.ch\/wp-content\/uploads\/2026\/04\/Temmentec-AG-RSPO-2026-01.pdf\" target=\"_blank\" rel=\"noopener\">RSPO Mass Balance (PDF)<\/a><\/div>\n<div class=\"part load pict tall\"><a class=\"load\" title=\"RSPO Mass Balance (PDF) (160 KB)\" href=\"https:\/\/temmentec.ch\/wp-content\/uploads\/2025\/07\/ecovadis_2025.png\" target=\"_blank\" rel=\"noopener\">EcoVadis committed<\/a><\/div>\n<div class=\"part load file tall\"><a class=\"load\" title=\"Certificate of Cosmetic Facility Registration (351 KB)\" href=\"https:\/\/temmentec.ch\/wp-content\/uploads\/2025\/11\/2026-Cosmetic-Registration-Certificate.pdf\" target=\"_blank\" rel=\"noopener\">MoCRA &#8211; Certificate of Cosmetic Facility Registration<\/a><\/div>\n<p>Neben den \u00fcbergeordneten Unternehmungszertifizierungen investieren wir, gemeinsam mit unseren Kunden, laufend in produktbezogene Zertifizierungen wie Halal-Zertifizierung, COSMOS etc. Sollten Sie andere produktbezogene Zertifizierungen w\u00fcnschen, kontaktieren Sie uns, damit wir die M\u00f6glichkeiten gemeinsam besprechen k\u00f6nnen.[\/vc_column_text][\/vc_column][\/vc_row][vc_row css_animation=&#8220;&#8220; row_type=&#8220;row&#8220; use_row_as_full_screen_section=&#8220;no&#8220; type=&#8220;grid&#8220; angled_section=&#8220;no&#8220; text_align=&#8220;left&#8220; background_image_as_pattern=&#8220;without_pattern&#8220; z_index=&#8220;&#8220; css=&#8220;.vc_custom_1751967706999{margin-top: 100px !important;}&#8220;][vc_column width=&#8220;2\/3&#8243;][vc_single_image image=&#8220;6950&#8243; img_size=&#8220;medium&#8220; css=&#8220;&#8220; qode_css_animation=&#8220;&#8220;][vc_empty_space][vc_column_text css=&#8220;&#8220;]<\/p>\n<h3>Stetige Weiterentwicklung ist uns wichtig<\/h3>\n<p>Regelm\u00e4ssige Vorevaluationen weiterer Zertifizierungen und damit verbundene Pr\u00fcfungen durch Audit- und Zertifizierungsstellen best\u00e4tigen uns, dass wir auf einem \u00fcberdurchschnittlich hohen Level in Sachen Qualit\u00e4t, Prozesse etc. arbeiten.<\/p>\n<p>Gerade weitere Zertifizierungen im Bereich der zertifizierten Naturkosmetik oder auch in Sachen Nachhaltigkeit k\u00f6nnen wir ohne gr\u00f6ssere Anpassungen der Kriterien an Prozessen oder Infrastruktur zeitnah realisieren. Dazu tr\u00e4gt nicht zuletzt auch unser umfassendes Management-System bei.[\/vc_column_text][vc_empty_space][\/vc_column][vc_column width=&#8220;1\/3&#8243;][vc_single_image image=&#8220;6818&#8243; img_size=&#8220;medium&#8220; css=&#8220;&#8220; qode_css_animation=&#8220;&#8220;][vc_empty_space][vc_column_text css=&#8220;&#8220;]<\/p>\n<h3>Halal-Zertifizierung<\/h3>\n<p>Gemeinsam mit einem unserer langj\u00e4hrigen Kunden haben wir erfolgreich und innerhalb kurzer Zeit die Halal-Zertifizierung durchgef\u00fchrt.[\/vc_column_text][\/vc_column][\/vc_row][vc_row css_animation=&#8220;&#8220; row_type=&#8220;row&#8220; use_row_as_full_screen_section=&#8220;no&#8220; type=&#8220;grid&#8220; angled_section=&#8220;no&#8220; text_align=&#8220;left&#8220; background_image_as_pattern=&#8220;without_pattern&#8220; css=&#8220;.vc_custom_1751967112256{margin-top: 85px !important;margin-bottom: 142px !important;}&#8220; z_index=&#8220;&#8220;][vc_column width=&#8220;1\/2&#8243;]<a  itemprop=\"url\" href=\"https:\/\/temmentec.ch\/de\/ihre-vorteile\/\" target=\"_self\"  class=\"qbutton  left default\" style=\"\">Zur\u00fcck zur \u00dcbersicht<i class=\"qode_icon_font_awesome fa fa-arrow-circle-o-left qode_button_icon_element\"><\/i><\/a>[vc_empty_space][\/vc_column][vc_column width=&#8220;1\/2&#8243; el_class=&#8220;spalte_rechtsbuendig&#8220;]<a  itemprop=\"url\" href=\"https:\/\/temmentec.ch\/de\/ihre-vorteile\/nachhaltigkeit\/\" target=\"_self\"  class=\"qbutton  right default\" style=\"\">Nachhaltigkeit entdecken<i class=\"qode_icon_font_awesome fa fa-arrow-circle-o-right qode_button_icon_element\"><\/i><\/a>[vc_empty_space][\/vc_column][\/vc_row]<\/p>\n<\/div>","protected":false},"excerpt":{"rendered":"<p>[vc_row css_animation=&#8220;&#8220; row_type=&#8220;row&#8220; use_row_as_full_screen_section=&#8220;no&#8220; type=&#8220;grid&#8220; angled_section=&#8220;no&#8220; text_align=&#8220;left&#8220; background_image_as_pattern=&#8220;without_pattern&#8220; z_index=&#8220;&#8220;][vc_column width=&#8220;1\/2&#8243;][vc_single_image image=&#8220;6898&#8243; img_size=&#8220;medium&#8220; alignment=&#8220;right&#8220; css=&#8220;&#8220; qode_css_animation=&#8220;&#8220;][vc_empty_space][\/vc_column][vc_column width=&#8220;1\/2&#8243;][vc_column_text css=&#8220;&#8220;] Zertifizierungen Zertifizierte Kosmetikproduktion mit belegten Prozessen Sichere, stabile und nachvollziehbare Prozesse sind elementare&#8230;<\/p>\n","protected":false},"author":1,"featured_media":0,"parent":6565,"menu_order":47,"comment_status":"closed","ping_status":"closed","template":"full_width.php","meta":{"_uag_custom_page_level_css":"","footnotes":""},"class_list":["post-7157","page","type-page","status-publish","hentry"],"yoast_head":"<!-- This site is optimized with the Yoast SEO plugin v27.4 - https:\/\/yoast.com\/product\/yoast-seo-wordpress\/ -->\n<title>Zertifizierungen &#8211; Temmentec<\/title>\n<meta name=\"description\" content=\"Temmentec garantiert durch validierte und zertifizierte Prozesse h\u00f6chste Standards in Sachen Qualit\u00e4t und Produktsicherheit.\" \/>\n<meta name=\"robots\" content=\"index, follow, max-snippet:-1, max-image-preview:large, max-video-preview:-1\" \/>\n<link rel=\"canonical\" href=\"https:\/\/temmentec.ch\/de\/ihre-vorteile\/zertifizierungen\/\" \/>\n<meta property=\"og:locale\" content=\"de_DE\" \/>\n<meta property=\"og:type\" content=\"article\" \/>\n<meta property=\"og:title\" content=\"Zertifizierungen &#8211; Temmentec\" \/>\n<meta property=\"og:description\" content=\"Temmentec garantiert durch validierte und zertifizierte Prozesse h\u00f6chste Standards in Sachen Qualit\u00e4t und Produktsicherheit.\" \/>\n<meta property=\"og:url\" content=\"https:\/\/temmentec.ch\/de\/ihre-vorteile\/zertifizierungen\/\" \/>\n<meta property=\"og:site_name\" content=\"Temmentec\" \/>\n<meta property=\"article:modified_time\" content=\"2026-04-14T11:30:53+00:00\" \/>\n<meta name=\"twitter:card\" content=\"summary_large_image\" \/>\n<meta name=\"twitter:label1\" content=\"Gesch\u00e4tzte Lesezeit\" \/>\n\t<meta name=\"twitter:data1\" content=\"3\u00a0Minuten\" \/>\n<script type=\"application\/ld+json\" class=\"yoast-schema-graph\">{\"@context\":\"https:\\\/\\\/schema.org\",\"@graph\":[{\"@type\":\"WebPage\",\"@id\":\"https:\\\/\\\/temmentec.ch\\\/de\\\/ihre-vorteile\\\/zertifizierungen\\\/\",\"url\":\"https:\\\/\\\/temmentec.ch\\\/de\\\/ihre-vorteile\\\/zertifizierungen\\\/\",\"name\":\"Zertifizierungen &#8211; Temmentec\",\"isPartOf\":{\"@id\":\"https:\\\/\\\/temmentec.ch\\\/de\\\/#website\"},\"datePublished\":\"2025-02-21T10:26:35+00:00\",\"dateModified\":\"2026-04-14T11:30:53+00:00\",\"description\":\"Temmentec garantiert durch validierte und zertifizierte Prozesse h\u00f6chste Standards in Sachen Qualit\u00e4t und Produktsicherheit.\",\"breadcrumb\":{\"@id\":\"https:\\\/\\\/temmentec.ch\\\/de\\\/ihre-vorteile\\\/zertifizierungen\\\/#breadcrumb\"},\"inLanguage\":\"de\",\"potentialAction\":[{\"@type\":\"ReadAction\",\"target\":[\"https:\\\/\\\/temmentec.ch\\\/de\\\/ihre-vorteile\\\/zertifizierungen\\\/\"]}]},{\"@type\":\"BreadcrumbList\",\"@id\":\"https:\\\/\\\/temmentec.ch\\\/de\\\/ihre-vorteile\\\/zertifizierungen\\\/#breadcrumb\",\"itemListElement\":[{\"@type\":\"ListItem\",\"position\":1,\"name\":\"Startseite\",\"item\":\"https:\\\/\\\/temmentec.ch\\\/de\\\/\"},{\"@type\":\"ListItem\",\"position\":2,\"name\":\"Ihre Vorteile\",\"item\":\"https:\\\/\\\/temmentec.ch\\\/de\\\/ihre-vorteile\\\/\"},{\"@type\":\"ListItem\",\"position\":3,\"name\":\"Zertifizierungen\"}]},{\"@type\":\"WebSite\",\"@id\":\"https:\\\/\\\/temmentec.ch\\\/de\\\/#website\",\"url\":\"https:\\\/\\\/temmentec.ch\\\/de\\\/\",\"name\":\"Temmentec\",\"description\":\"Switzerland\",\"publisher\":{\"@id\":\"https:\\\/\\\/temmentec.ch\\\/de\\\/#organization\"},\"potentialAction\":[{\"@type\":\"SearchAction\",\"target\":{\"@type\":\"EntryPoint\",\"urlTemplate\":\"https:\\\/\\\/temmentec.ch\\\/de\\\/?s={search_term_string}\"},\"query-input\":{\"@type\":\"PropertyValueSpecification\",\"valueRequired\":true,\"valueName\":\"search_term_string\"}}],\"inLanguage\":\"de\"},{\"@type\":\"Organization\",\"@id\":\"https:\\\/\\\/temmentec.ch\\\/de\\\/#organization\",\"name\":\"Temmentec AG\",\"url\":\"https:\\\/\\\/temmentec.ch\\\/de\\\/\",\"logo\":{\"@type\":\"ImageObject\",\"inLanguage\":\"de\",\"@id\":\"https:\\\/\\\/temmentec.ch\\\/de\\\/#\\\/schema\\\/logo\\\/image\\\/\",\"url\":\"https:\\\/\\\/temmentec.ch\\\/wp-content\\\/uploads\\\/2025\\\/02\\\/temmentec_logo_neu.png\",\"contentUrl\":\"https:\\\/\\\/temmentec.ch\\\/wp-content\\\/uploads\\\/2025\\\/02\\\/temmentec_logo_neu.png\",\"width\":927,\"height\":227,\"caption\":\"Temmentec AG\"},\"image\":{\"@id\":\"https:\\\/\\\/temmentec.ch\\\/de\\\/#\\\/schema\\\/logo\\\/image\\\/\"}}]}<\/script>\n<!-- \/ Yoast SEO plugin. -->","yoast_head_json":{"title":"Zertifizierungen &#8211; Temmentec","description":"Temmentec garantiert durch validierte und zertifizierte Prozesse h\u00f6chste Standards in Sachen Qualit\u00e4t und Produktsicherheit.","robots":{"index":"index","follow":"follow","max-snippet":"max-snippet:-1","max-image-preview":"max-image-preview:large","max-video-preview":"max-video-preview:-1"},"canonical":"https:\/\/temmentec.ch\/de\/ihre-vorteile\/zertifizierungen\/","og_locale":"de_DE","og_type":"article","og_title":"Zertifizierungen &#8211; Temmentec","og_description":"Temmentec garantiert durch validierte und zertifizierte Prozesse h\u00f6chste Standards in Sachen Qualit\u00e4t und Produktsicherheit.","og_url":"https:\/\/temmentec.ch\/de\/ihre-vorteile\/zertifizierungen\/","og_site_name":"Temmentec","article_modified_time":"2026-04-14T11:30:53+00:00","twitter_card":"summary_large_image","twitter_misc":{"Gesch\u00e4tzte Lesezeit":"3\u00a0Minuten"},"schema":{"@context":"https:\/\/schema.org","@graph":[{"@type":"WebPage","@id":"https:\/\/temmentec.ch\/de\/ihre-vorteile\/zertifizierungen\/","url":"https:\/\/temmentec.ch\/de\/ihre-vorteile\/zertifizierungen\/","name":"Zertifizierungen &#8211; Temmentec","isPartOf":{"@id":"https:\/\/temmentec.ch\/de\/#website"},"datePublished":"2025-02-21T10:26:35+00:00","dateModified":"2026-04-14T11:30:53+00:00","description":"Temmentec garantiert durch validierte und zertifizierte Prozesse h\u00f6chste Standards in Sachen Qualit\u00e4t und Produktsicherheit.","breadcrumb":{"@id":"https:\/\/temmentec.ch\/de\/ihre-vorteile\/zertifizierungen\/#breadcrumb"},"inLanguage":"de","potentialAction":[{"@type":"ReadAction","target":["https:\/\/temmentec.ch\/de\/ihre-vorteile\/zertifizierungen\/"]}]},{"@type":"BreadcrumbList","@id":"https:\/\/temmentec.ch\/de\/ihre-vorteile\/zertifizierungen\/#breadcrumb","itemListElement":[{"@type":"ListItem","position":1,"name":"Startseite","item":"https:\/\/temmentec.ch\/de\/"},{"@type":"ListItem","position":2,"name":"Ihre Vorteile","item":"https:\/\/temmentec.ch\/de\/ihre-vorteile\/"},{"@type":"ListItem","position":3,"name":"Zertifizierungen"}]},{"@type":"WebSite","@id":"https:\/\/temmentec.ch\/de\/#website","url":"https:\/\/temmentec.ch\/de\/","name":"Temmentec","description":"Switzerland","publisher":{"@id":"https:\/\/temmentec.ch\/de\/#organization"},"potentialAction":[{"@type":"SearchAction","target":{"@type":"EntryPoint","urlTemplate":"https:\/\/temmentec.ch\/de\/?s={search_term_string}"},"query-input":{"@type":"PropertyValueSpecification","valueRequired":true,"valueName":"search_term_string"}}],"inLanguage":"de"},{"@type":"Organization","@id":"https:\/\/temmentec.ch\/de\/#organization","name":"Temmentec AG","url":"https:\/\/temmentec.ch\/de\/","logo":{"@type":"ImageObject","inLanguage":"de","@id":"https:\/\/temmentec.ch\/de\/#\/schema\/logo\/image\/","url":"https:\/\/temmentec.ch\/wp-content\/uploads\/2025\/02\/temmentec_logo_neu.png","contentUrl":"https:\/\/temmentec.ch\/wp-content\/uploads\/2025\/02\/temmentec_logo_neu.png","width":927,"height":227,"caption":"Temmentec AG"},"image":{"@id":"https:\/\/temmentec.ch\/de\/#\/schema\/logo\/image\/"}}]}},"uagb_featured_image_src":{"full":false,"thumbnail":false,"medium":false,"medium_large":false,"large":false,"event-post-thumb":false,"event-post-thumb-box":false,"1536x1536":false,"2048x2048":false,"portfolio-square":false,"portfolio-portrait":false,"portfolio-landscape":false,"menu-featured-post":false,"qode-carousel_slider":false,"portfolio_slider":false,"portfolio_masonry_regular":false,"portfolio_masonry_wide":false,"portfolio_masonry_tall":false,"portfolio_masonry_large":false,"portfolio_masonry_with_space":false,"latest_post_boxes":false},"uagb_author_info":{"display_name":"dc-admin","author_link":"https:\/\/temmentec.ch\/de\/author\/dc-admin\/"},"uagb_comment_info":0,"uagb_excerpt":"[vc_row css_animation=&#8220;&#8220; row_type=&#8220;row&#8220; use_row_as_full_screen_section=&#8220;no&#8220; type=&#8220;grid&#8220; angled_section=&#8220;no&#8220; text_align=&#8220;left&#8220; background_image_as_pattern=&#8220;without_pattern&#8220; z_index=&#8220;&#8220;][vc_column width=&#8220;1\/2&#8243;][vc_single_image image=&#8220;6898&#8243; img_size=&#8220;medium&#8220; alignment=&#8220;right&#8220; css=&#8220;&#8220; qode_css_animation=&#8220;&#8220;][vc_empty_space][\/vc_column][vc_column width=&#8220;1\/2&#8243;][vc_column_text css=&#8220;&#8220;] Zertifizierungen Zertifizierte Kosmetikproduktion mit belegten Prozessen Sichere, stabile und nachvollziehbare Prozesse sind elementare...","_links":{"self":[{"href":"https:\/\/temmentec.ch\/de\/wp-json\/wp\/v2\/pages\/7157","targetHints":{"allow":["GET"]}}],"collection":[{"href":"https:\/\/temmentec.ch\/de\/wp-json\/wp\/v2\/pages"}],"about":[{"href":"https:\/\/temmentec.ch\/de\/wp-json\/wp\/v2\/types\/page"}],"author":[{"embeddable":true,"href":"https:\/\/temmentec.ch\/de\/wp-json\/wp\/v2\/users\/1"}],"replies":[{"embeddable":true,"href":"https:\/\/temmentec.ch\/de\/wp-json\/wp\/v2\/comments?post=7157"}],"version-history":[{"count":14,"href":"https:\/\/temmentec.ch\/de\/wp-json\/wp\/v2\/pages\/7157\/revisions"}],"predecessor-version":[{"id":9929,"href":"https:\/\/temmentec.ch\/de\/wp-json\/wp\/v2\/pages\/7157\/revisions\/9929"}],"up":[{"embeddable":true,"href":"https:\/\/temmentec.ch\/de\/wp-json\/wp\/v2\/pages\/6565"}],"wp:attachment":[{"href":"https:\/\/temmentec.ch\/de\/wp-json\/wp\/v2\/media?parent=7157"}],"curies":[{"name":"wp","href":"https:\/\/api.w.org\/{rel}","templated":true}]}}