{"id":7146,"date":"2025-02-21T10:23:00","date_gmt":"2025-02-21T10:23:00","guid":{"rendered":"https:\/\/temmentec.dclabs2.ch\/?page_id=7146"},"modified":"2025-08-04T16:58:28","modified_gmt":"2025-08-04T14:58:28","slug":"exklusivitaet","status":"publish","type":"page","link":"https:\/\/temmentec.ch\/de\/ihre-vorteile\/exklusivitaet\/","title":{"rendered":"Exklusivit\u00e4t"},"content":{"rendered":"<div class=\"wpb-content-wrapper\"><p>[vc_row css_animation=&#8220;&#8220; row_type=&#8220;row&#8220; use_row_as_full_screen_section=&#8220;no&#8220; type=&#8220;grid&#8220; angled_section=&#8220;no&#8220; text_align=&#8220;left&#8220; background_image_as_pattern=&#8220;without_pattern&#8220; z_index=&#8220;&#8220; css=&#8220;.vc_custom_1751964644225{margin-bottom: 50px !important;}&#8220;][vc_column width=&#8220;1\/2&#8243;][vc_single_image image=&#8220;6878&#8243; img_size=&#8220;medium&#8220; alignment=&#8220;right&#8220; css=&#8220;&#8220; qode_css_animation=&#8220;&#8220;][vc_empty_space][\/vc_column][vc_column width=&#8220;1\/2&#8243;][vc_column_text css=&#8220;&#8220;]<\/p>\n<h6>Exklusivit\u00e4t<\/h6>\n<h1>Exklusive Kosmetik statt Massenware<\/h1>\n<p>Die f\u00fcr unsere Kunden entwickelten Formulierungen und Rezepturen sind immer exklusiv und massgeschneidert. So k\u00f6nnen Sie sich mit Ihren innovativen Kosmetikprodukten am Markt von den Mitbewerbern durch die wertvollen Inhaltsstoffe, die Wirkstoffe oder den Duft deutlich abheben und bieten nicht einfach ein bereits vorhandenes Produkt in einer anderen Verpackung an.[\/vc_column_text][\/vc_column][\/vc_row][vc_row css_animation=&#8220;&#8220; row_type=&#8220;row&#8220; use_row_as_full_screen_section=&#8220;no&#8220; type=&#8220;grid&#8220; angled_section=&#8220;no&#8220; text_align=&#8220;left&#8220; background_image_as_pattern=&#8220;without_pattern&#8220; z_index=&#8220;&#8220;][vc_column width=&#8220;8\/12&#8243; el_class=&#8220;center-me&#8220;][vc_column_text css=&#8220;&#8220;]<\/p>\n<h2>Mit individueller Kosmetikproduktion aus der Masse herausstechen<\/h2>\n<p>Dank unserer Vielf\u00e4ltigkeit in den Konfektionierungsprozessen k\u00f6nnen Sie Ihre Produkte individuell gestalten und mit Verpackungen arbeiten, die sich von der Masse abheben, gerade auch durch die manuellen Arbeitsschritte im Sinne von \u00abManufaktur\u00bb und \u00abHand Made\u00bb. So erhalten Sie immer ein hochwertiges, einzigartiges und nachhaltiges Kosmetikprodukt, abgestimmt und hergestellt nach Ihren Bed\u00fcrfnissen.<\/p>\n<p>Durch unsere Zusammenarbeit mit zahlreichen exklusiven Nischenmarken haben wir einen grossen Erfahrungsschatz, was kleine, aber feine Brands ausmacht.<\/p>\n<p>Der Claim \u00ab100% Made in Switzerland\u00bb unterst\u00fctzt die Positionierung ihrer Marke zus\u00e4tzlich und Sie k\u00f6nnen selbstverst\u00e4ndlich von unserer langj\u00e4hrigen Erfahrung als Produktionspartner zahlreicher international bekannter Luxuskosmetik-Brands profitieren.[\/vc_column_text][\/vc_column][\/vc_row][vc_row css_animation=&#8220;&#8220; row_type=&#8220;row&#8220; use_row_as_full_screen_section=&#8220;no&#8220; type=&#8220;grid&#8220; angled_section=&#8220;no&#8220; text_align=&#8220;left&#8220; background_image_as_pattern=&#8220;without_pattern&#8220; css=&#8220;.vc_custom_1751967112256{margin-top: 85px !important;margin-bottom: 142px !important;}&#8220; z_index=&#8220;&#8220;][vc_column width=&#8220;1\/2&#8243;]<a  itemprop=\"url\" href=\"https:\/\/temmentec.ch\/de\/ihre-vorteile\/\" target=\"_self\"  class=\"qbutton  left default\" style=\"\">Zur\u00fcck zur \u00dcbersicht<i class=\"qode_icon_font_awesome fa fa-arrow-circle-o-left qode_button_icon_element\"><\/i><\/a>[vc_empty_space][\/vc_column][vc_column width=&#8220;1\/2&#8243; el_class=&#8220;spalte_rechtsbuendig&#8220;]<a  itemprop=\"url\" href=\"https:\/\/temmentec.ch\/de\/ihre-vorteile\/flexibilitaet\/\" target=\"_self\"  class=\"qbutton  right default\" style=\"\">Flexibilit\u00e4t entdecken<i class=\"qode_icon_font_awesome fa fa-arrow-circle-o-right qode_button_icon_element\"><\/i><\/a>[vc_empty_space][\/vc_column][\/vc_row]<\/p>\n<\/div>","protected":false},"excerpt":{"rendered":"<p>[vc_row css_animation=&#8220;&#8220; row_type=&#8220;row&#8220; use_row_as_full_screen_section=&#8220;no&#8220; type=&#8220;grid&#8220; angled_section=&#8220;no&#8220; text_align=&#8220;left&#8220; background_image_as_pattern=&#8220;without_pattern&#8220; z_index=&#8220;&#8220; css=&#8220;.vc_custom_1751964644225{margin-bottom: 50px !important;}&#8220;][vc_column width=&#8220;1\/2&#8243;][vc_single_image image=&#8220;6878&#8243; img_size=&#8220;medium&#8220; alignment=&#8220;right&#8220; css=&#8220;&#8220; qode_css_animation=&#8220;&#8220;][vc_empty_space][\/vc_column][vc_column width=&#8220;1\/2&#8243;][vc_column_text css=&#8220;&#8220;] Exklusivit\u00e4t Exklusive Kosmetik statt Massenware Die f\u00fcr unsere Kunden entwickelten&#8230;<\/p>\n","protected":false},"author":1,"featured_media":0,"parent":6565,"menu_order":52,"comment_status":"closed","ping_status":"closed","template":"full_width.php","meta":{"_uag_custom_page_level_css":"","footnotes":""},"class_list":["post-7146","page","type-page","status-publish","hentry"],"yoast_head":"<!-- This site is optimized with the Yoast SEO plugin v27.4 - https:\/\/yoast.com\/product\/yoast-seo-wordpress\/ -->\n<title>Exklusivit\u00e4t &#8211; Temmentec<\/title>\n<meta name=\"description\" content=\"Die f\u00fcr unsere Kunden entwickelten Formulierungen und Rezepturen sind immer exklusiv und massgeschneidert.\" \/>\n<meta name=\"robots\" content=\"index, follow, max-snippet:-1, max-image-preview:large, max-video-preview:-1\" \/>\n<link rel=\"canonical\" href=\"https:\/\/temmentec.ch\/de\/ihre-vorteile\/exklusivitaet\/\" \/>\n<meta property=\"og:locale\" content=\"de_DE\" \/>\n<meta property=\"og:type\" content=\"article\" \/>\n<meta property=\"og:title\" content=\"Exklusivit\u00e4t &#8211; Temmentec\" \/>\n<meta property=\"og:description\" content=\"Die f\u00fcr unsere Kunden entwickelten Formulierungen und Rezepturen sind immer exklusiv und massgeschneidert.\" \/>\n<meta property=\"og:url\" content=\"https:\/\/temmentec.ch\/de\/ihre-vorteile\/exklusivitaet\/\" \/>\n<meta property=\"og:site_name\" content=\"Temmentec\" \/>\n<meta property=\"article:modified_time\" content=\"2025-08-04T14:58:28+00:00\" \/>\n<meta name=\"twitter:card\" content=\"summary_large_image\" \/>\n<meta name=\"twitter:label1\" content=\"Gesch\u00e4tzte Lesezeit\" \/>\n\t<meta name=\"twitter:data1\" content=\"2\u00a0Minuten\" \/>\n<script type=\"application\/ld+json\" class=\"yoast-schema-graph\">{\"@context\":\"https:\\\/\\\/schema.org\",\"@graph\":[{\"@type\":\"WebPage\",\"@id\":\"https:\\\/\\\/temmentec.ch\\\/de\\\/ihre-vorteile\\\/exklusivitaet\\\/\",\"url\":\"https:\\\/\\\/temmentec.ch\\\/de\\\/ihre-vorteile\\\/exklusivitaet\\\/\",\"name\":\"Exklusivit\u00e4t &#8211; Temmentec\",\"isPartOf\":{\"@id\":\"https:\\\/\\\/temmentec.ch\\\/de\\\/#website\"},\"datePublished\":\"2025-02-21T10:23:00+00:00\",\"dateModified\":\"2025-08-04T14:58:28+00:00\",\"description\":\"Die f\u00fcr unsere Kunden entwickelten Formulierungen und Rezepturen sind immer exklusiv und massgeschneidert.\",\"breadcrumb\":{\"@id\":\"https:\\\/\\\/temmentec.ch\\\/de\\\/ihre-vorteile\\\/exklusivitaet\\\/#breadcrumb\"},\"inLanguage\":\"de\",\"potentialAction\":[{\"@type\":\"ReadAction\",\"target\":[\"https:\\\/\\\/temmentec.ch\\\/de\\\/ihre-vorteile\\\/exklusivitaet\\\/\"]}]},{\"@type\":\"BreadcrumbList\",\"@id\":\"https:\\\/\\\/temmentec.ch\\\/de\\\/ihre-vorteile\\\/exklusivitaet\\\/#breadcrumb\",\"itemListElement\":[{\"@type\":\"ListItem\",\"position\":1,\"name\":\"Startseite\",\"item\":\"https:\\\/\\\/temmentec.ch\\\/de\\\/\"},{\"@type\":\"ListItem\",\"position\":2,\"name\":\"Ihre Vorteile\",\"item\":\"https:\\\/\\\/temmentec.ch\\\/de\\\/ihre-vorteile\\\/\"},{\"@type\":\"ListItem\",\"position\":3,\"name\":\"Exklusivit\u00e4t\"}]},{\"@type\":\"WebSite\",\"@id\":\"https:\\\/\\\/temmentec.ch\\\/de\\\/#website\",\"url\":\"https:\\\/\\\/temmentec.ch\\\/de\\\/\",\"name\":\"Temmentec\",\"description\":\"Switzerland\",\"publisher\":{\"@id\":\"https:\\\/\\\/temmentec.ch\\\/de\\\/#organization\"},\"potentialAction\":[{\"@type\":\"SearchAction\",\"target\":{\"@type\":\"EntryPoint\",\"urlTemplate\":\"https:\\\/\\\/temmentec.ch\\\/de\\\/?s={search_term_string}\"},\"query-input\":{\"@type\":\"PropertyValueSpecification\",\"valueRequired\":true,\"valueName\":\"search_term_string\"}}],\"inLanguage\":\"de\"},{\"@type\":\"Organization\",\"@id\":\"https:\\\/\\\/temmentec.ch\\\/de\\\/#organization\",\"name\":\"Temmentec AG\",\"url\":\"https:\\\/\\\/temmentec.ch\\\/de\\\/\",\"logo\":{\"@type\":\"ImageObject\",\"inLanguage\":\"de\",\"@id\":\"https:\\\/\\\/temmentec.ch\\\/de\\\/#\\\/schema\\\/logo\\\/image\\\/\",\"url\":\"https:\\\/\\\/temmentec.ch\\\/wp-content\\\/uploads\\\/2025\\\/02\\\/temmentec_logo_neu.png\",\"contentUrl\":\"https:\\\/\\\/temmentec.ch\\\/wp-content\\\/uploads\\\/2025\\\/02\\\/temmentec_logo_neu.png\",\"width\":927,\"height\":227,\"caption\":\"Temmentec AG\"},\"image\":{\"@id\":\"https:\\\/\\\/temmentec.ch\\\/de\\\/#\\\/schema\\\/logo\\\/image\\\/\"}}]}<\/script>\n<!-- \/ Yoast SEO plugin. -->","yoast_head_json":{"title":"Exklusivit\u00e4t &#8211; Temmentec","description":"Die f\u00fcr unsere Kunden entwickelten Formulierungen und Rezepturen sind immer exklusiv und massgeschneidert.","robots":{"index":"index","follow":"follow","max-snippet":"max-snippet:-1","max-image-preview":"max-image-preview:large","max-video-preview":"max-video-preview:-1"},"canonical":"https:\/\/temmentec.ch\/de\/ihre-vorteile\/exklusivitaet\/","og_locale":"de_DE","og_type":"article","og_title":"Exklusivit\u00e4t &#8211; Temmentec","og_description":"Die f\u00fcr unsere Kunden entwickelten Formulierungen und Rezepturen sind immer exklusiv und massgeschneidert.","og_url":"https:\/\/temmentec.ch\/de\/ihre-vorteile\/exklusivitaet\/","og_site_name":"Temmentec","article_modified_time":"2025-08-04T14:58:28+00:00","twitter_card":"summary_large_image","twitter_misc":{"Gesch\u00e4tzte Lesezeit":"2\u00a0Minuten"},"schema":{"@context":"https:\/\/schema.org","@graph":[{"@type":"WebPage","@id":"https:\/\/temmentec.ch\/de\/ihre-vorteile\/exklusivitaet\/","url":"https:\/\/temmentec.ch\/de\/ihre-vorteile\/exklusivitaet\/","name":"Exklusivit\u00e4t &#8211; Temmentec","isPartOf":{"@id":"https:\/\/temmentec.ch\/de\/#website"},"datePublished":"2025-02-21T10:23:00+00:00","dateModified":"2025-08-04T14:58:28+00:00","description":"Die f\u00fcr unsere Kunden entwickelten Formulierungen und Rezepturen sind immer exklusiv und massgeschneidert.","breadcrumb":{"@id":"https:\/\/temmentec.ch\/de\/ihre-vorteile\/exklusivitaet\/#breadcrumb"},"inLanguage":"de","potentialAction":[{"@type":"ReadAction","target":["https:\/\/temmentec.ch\/de\/ihre-vorteile\/exklusivitaet\/"]}]},{"@type":"BreadcrumbList","@id":"https:\/\/temmentec.ch\/de\/ihre-vorteile\/exklusivitaet\/#breadcrumb","itemListElement":[{"@type":"ListItem","position":1,"name":"Startseite","item":"https:\/\/temmentec.ch\/de\/"},{"@type":"ListItem","position":2,"name":"Ihre Vorteile","item":"https:\/\/temmentec.ch\/de\/ihre-vorteile\/"},{"@type":"ListItem","position":3,"name":"Exklusivit\u00e4t"}]},{"@type":"WebSite","@id":"https:\/\/temmentec.ch\/de\/#website","url":"https:\/\/temmentec.ch\/de\/","name":"Temmentec","description":"Switzerland","publisher":{"@id":"https:\/\/temmentec.ch\/de\/#organization"},"potentialAction":[{"@type":"SearchAction","target":{"@type":"EntryPoint","urlTemplate":"https:\/\/temmentec.ch\/de\/?s={search_term_string}"},"query-input":{"@type":"PropertyValueSpecification","valueRequired":true,"valueName":"search_term_string"}}],"inLanguage":"de"},{"@type":"Organization","@id":"https:\/\/temmentec.ch\/de\/#organization","name":"Temmentec AG","url":"https:\/\/temmentec.ch\/de\/","logo":{"@type":"ImageObject","inLanguage":"de","@id":"https:\/\/temmentec.ch\/de\/#\/schema\/logo\/image\/","url":"https:\/\/temmentec.ch\/wp-content\/uploads\/2025\/02\/temmentec_logo_neu.png","contentUrl":"https:\/\/temmentec.ch\/wp-content\/uploads\/2025\/02\/temmentec_logo_neu.png","width":927,"height":227,"caption":"Temmentec AG"},"image":{"@id":"https:\/\/temmentec.ch\/de\/#\/schema\/logo\/image\/"}}]}},"uagb_featured_image_src":{"full":false,"thumbnail":false,"medium":false,"medium_large":false,"large":false,"event-post-thumb":false,"event-post-thumb-box":false,"1536x1536":false,"2048x2048":false,"portfolio-square":false,"portfolio-portrait":false,"portfolio-landscape":false,"menu-featured-post":false,"qode-carousel_slider":false,"portfolio_slider":false,"portfolio_masonry_regular":false,"portfolio_masonry_wide":false,"portfolio_masonry_tall":false,"portfolio_masonry_large":false,"portfolio_masonry_with_space":false,"latest_post_boxes":false},"uagb_author_info":{"display_name":"dc-admin","author_link":"https:\/\/temmentec.ch\/de\/author\/dc-admin\/"},"uagb_comment_info":0,"uagb_excerpt":"[vc_row css_animation=&#8220;&#8220; row_type=&#8220;row&#8220; use_row_as_full_screen_section=&#8220;no&#8220; type=&#8220;grid&#8220; angled_section=&#8220;no&#8220; text_align=&#8220;left&#8220; background_image_as_pattern=&#8220;without_pattern&#8220; z_index=&#8220;&#8220; css=&#8220;.vc_custom_1751964644225{margin-bottom: 50px !important;}&#8220;][vc_column width=&#8220;1\/2&#8243;][vc_single_image image=&#8220;6878&#8243; img_size=&#8220;medium&#8220; alignment=&#8220;right&#8220; css=&#8220;&#8220; qode_css_animation=&#8220;&#8220;][vc_empty_space][\/vc_column][vc_column width=&#8220;1\/2&#8243;][vc_column_text css=&#8220;&#8220;] Exklusivit\u00e4t Exklusive Kosmetik statt Massenware Die f\u00fcr unsere Kunden entwickelten...","_links":{"self":[{"href":"https:\/\/temmentec.ch\/de\/wp-json\/wp\/v2\/pages\/7146","targetHints":{"allow":["GET"]}}],"collection":[{"href":"https:\/\/temmentec.ch\/de\/wp-json\/wp\/v2\/pages"}],"about":[{"href":"https:\/\/temmentec.ch\/de\/wp-json\/wp\/v2\/types\/page"}],"author":[{"embeddable":true,"href":"https:\/\/temmentec.ch\/de\/wp-json\/wp\/v2\/users\/1"}],"replies":[{"embeddable":true,"href":"https:\/\/temmentec.ch\/de\/wp-json\/wp\/v2\/comments?post=7146"}],"version-history":[{"count":16,"href":"https:\/\/temmentec.ch\/de\/wp-json\/wp\/v2\/pages\/7146\/revisions"}],"predecessor-version":[{"id":8783,"href":"https:\/\/temmentec.ch\/de\/wp-json\/wp\/v2\/pages\/7146\/revisions\/8783"}],"up":[{"embeddable":true,"href":"https:\/\/temmentec.ch\/de\/wp-json\/wp\/v2\/pages\/6565"}],"wp:attachment":[{"href":"https:\/\/temmentec.ch\/de\/wp-json\/wp\/v2\/media?parent=7146"}],"curies":[{"name":"wp","href":"https:\/\/api.w.org\/{rel}","templated":true}]}}