{"id":7107,"date":"2025-02-21T08:28:36","date_gmt":"2025-02-21T08:28:36","guid":{"rendered":"https:\/\/temmentec.dclabs2.ch\/?page_id=7107"},"modified":"2025-08-04T17:02:06","modified_gmt":"2025-08-04T15:02:06","slug":"flexibilitaet","status":"publish","type":"page","link":"https:\/\/temmentec.ch\/de\/ihre-vorteile\/flexibilitaet\/","title":{"rendered":"Flexibilit\u00e4t"},"content":{"rendered":"<div class=\"wpb-content-wrapper\"><p>[vc_row css_animation=&#8220;&#8220; row_type=&#8220;row&#8220; use_row_as_full_screen_section=&#8220;no&#8220; type=&#8220;grid&#8220; angled_section=&#8220;no&#8220; text_align=&#8220;left&#8220; background_image_as_pattern=&#8220;without_pattern&#8220; z_index=&#8220;&#8220;][vc_column width=&#8220;1\/2&#8243;][vc_single_image image=&#8220;6882&#8243; img_size=&#8220;medium&#8220; alignment=&#8220;right&#8220; css=&#8220;&#8220; qode_css_animation=&#8220;&#8220;][vc_empty_space][\/vc_column][vc_column width=&#8220;1\/2&#8243;][vc_column_text css=&#8220;&#8220;]<\/p>\n<h6>Flexibilit\u00e4t<\/h6>\n<h1>Flexible Kosmetikproduktion: Individuell ist bei uns Standard<\/h1>\n<p>Als Lohnhersteller sind wir uns gewohnt, dass nur der Wandel stetig ist. Ganz in diesem Sinne haben wir unser Unternehmen deshalb in allen Bereichen darauf ausgerichtet, unseren Kunden gr\u00f6sstm\u00f6gliche Flexibilit\u00e4t zu bieten. Sei es im Bereich der Produktion oder im Bereich der Dienstleistungen.[\/vc_column_text][\/vc_column][\/vc_row][vc_row css_animation=&#8220;&#8220; row_type=&#8220;row&#8220; use_row_as_full_screen_section=&#8220;no&#8220; type=&#8220;grid&#8220; angled_section=&#8220;no&#8220; text_align=&#8220;left&#8220; background_image_as_pattern=&#8220;without_pattern&#8220; z_index=&#8220;&#8220;][vc_column][vc_empty_space height=&#8220;50px&#8220;][\/vc_column][\/vc_row][vc_row css_animation=&#8220;&#8220; row_type=&#8220;row&#8220; use_row_as_full_screen_section=&#8220;no&#8220; type=&#8220;grid&#8220; angled_section=&#8220;no&#8220; text_align=&#8220;left&#8220; background_image_as_pattern=&#8220;without_pattern&#8220; z_index=&#8220;&#8220; css=&#8220;.vc_custom_1751968365011{margin-bottom: 100px !important;}&#8220;][vc_column width=&#8220;7\/12&#8243; el_class=&#8220;center-me&#8220;][vc_column_text css=&#8220;&#8220;]<strong>Sie ben\u00f6tigen kurzfristig hochwertige Kosmetikprodukte? Dank unserer kurzen Wege und grosser Flexibilit\u00e4t in der modernen Herstellung, Abf\u00fcllung und Konfektionierung kein Problem. Bei bereits platzierten Bestellungen ist eine Anpassung notwendig? Kein Problem, wir finden L\u00f6sungen.<\/strong><\/p>\n<p>Dank unseren flexiblen Prozessen und dem breit aufgestellten Equipment k\u00f6nnen wir kleine bis grosse St\u00fcckzahlen effizient produzieren.<\/p>\n<p>Unser umfassender Service wird anhand Ihrer Bed\u00fcrfnisse angepasst und kann von der innovativen Idee f\u00fcr ein Produkt bis zur Lieferung verkaufsbereiter Kosmetik flexibel und modular zusammengestellt werden. Erg\u00e4nzt durch die pers\u00f6nliche Betreuung erhalten Sie die optimale Unterst\u00fctzung, damit Sie sich ausschliesslich auf ihr Kerngesch\u00e4ft konzentrieren k\u00f6nnen.[\/vc_column_text][\/vc_column][\/vc_row][vc_row css_animation=&#8220;&#8220; row_type=&#8220;row&#8220; use_row_as_full_screen_section=&#8220;no&#8220; type=&#8220;grid&#8220; angled_section=&#8220;no&#8220; text_align=&#8220;left&#8220; background_image_as_pattern=&#8220;without_pattern&#8220; z_index=&#8220;&#8220;][vc_column width=&#8220;1\/2&#8243;][vc_column_text css=&#8220;&#8220;]<\/p>\n<h3>Flexible M\u00f6glichkeiten<\/h3>\n<p>Wir zeigen Ihnen einen Teil Ihrer m\u00f6glichen Auswahlkriterien bei der Temmentec, die individuell und flexibel zusammengestellt werden k\u00f6nnen.<\/p>\n<p>In jeder Phase haben Sie die komplette Freiheit, Ihrer Kreativit\u00e4t freien Lauf zu lassen und unsere Dienstleistungen an Ihre Vorstellungen anzupassen.[\/vc_column_text][\/vc_column][vc_column width=&#8220;1\/2&#8243;][vc_column_text css=&#8220;&#8220;][\/vc_column_text][vc_raw_html css=&#8220;&#8220;]JTNDc2NyaXB0JTIwc3JjJTNEJTIyaHR0cHMlM0ElMkYlMkZjZG5qcy5jbG91ZGZsYXJlLmNvbSUyRmFqYXglMkZsaWJzJTJGbG90dGllLXdlYiUyRjUuOS42JTJGbG90dGllLm1pbi5qcyUyMiUzRSUzQyUyRnNjcmlwdCUzRSUwQSUzQ2RpdiUyMGlkJTNEJTIybG90dGllLWFuaW1hdGlvbiUyMiUzRSUzQyUyRmRpdiUzRSUwQSUzQ3NjcmlwdCUzRSUwQSUyMCUyMCUyMCUyMHZhciUyMGFuaW1hdGlvbiUyMCUzRCUyMGxvdHRpZS5sb2FkQW5pbWF0aW9uJTI4JTdCJTBBJTIwJTIwJTIwJTIwJTIwJTIwJTIwJTIwY29udGFpbmVyJTNBJTIwZG9jdW1lbnQuZ2V0RWxlbWVudEJ5SWQlMjglMjdsb3R0aWUtYW5pbWF0aW9uJTI3JTI5JTJDJTBBJTIwJTIwJTIwJTIwJTIwJTIwJTIwJTIwcmVuZGVyZXIlM0ElMjAlMjdzdmclMjclMkMlMEElMjAlMjAlMjAlMjAlMjAlMjAlMjAlMjBsb29wJTNBJTIwdHJ1ZSUyQyUwQSUyMCUyMCUyMCUyMCUyMCUyMCUyMCUyMGF1dG9wbGF5JTNBJTIwdHJ1ZSUyQyUwQSUyMCUyMCUyMCUyMCUyMCUyMCUyMCUyMHBhdGglM0ElMjAlMjclMkZ3cC1jb250ZW50JTJGdGhlbWVzJTJGYnJpZGdlLWNoaWxkJTJGaW5jbHVkZXMlMkZ0ZW1tZW50ZWMtZmxleGliaWxpdGFldC5qc29uJTI3JTBBJTIwJTIwJTIwJTIwJTdEJTI5JTNCJTBBJTNDJTJGc2NyaXB0JTNF[\/vc_raw_html][\/vc_column][\/vc_row][vc_row css_animation=&#8220;&#8220; row_type=&#8220;row&#8220; use_row_as_full_screen_section=&#8220;no&#8220; type=&#8220;grid&#8220; angled_section=&#8220;no&#8220; text_align=&#8220;left&#8220; background_image_as_pattern=&#8220;without_pattern&#8220; css=&#8220;.vc_custom_1751967112256{margin-top: 85px !important;margin-bottom: 142px !important;}&#8220; z_index=&#8220;&#8220;][vc_column width=&#8220;1\/2&#8243;]<a  itemprop=\"url\" href=\"https:\/\/temmentec.ch\/de\/ihre-vorteile\/\" target=\"_self\"  class=\"qbutton  left default\" style=\"\">Zur\u00fcck zur \u00dcbersicht<i class=\"qode_icon_font_awesome fa fa-arrow-circle-o-left qode_button_icon_element\"><\/i><\/a>[vc_empty_space][\/vc_column][vc_column width=&#8220;1\/2&#8243; el_class=&#8220;spalte_rechtsbuendig&#8220;]<a  itemprop=\"url\" href=\"https:\/\/temmentec.ch\/de\/ihre-vorteile\/swiss-quality\/\" target=\"_self\"  class=\"qbutton  right default\" style=\"\">Swiss Quality entdecken<i class=\"qode_icon_font_awesome fa fa-arrow-circle-o-right qode_button_icon_element\"><\/i><\/a>[vc_empty_space][\/vc_column][\/vc_row]<\/p>\n<\/div>","protected":false},"excerpt":{"rendered":"<p>[vc_row css_animation=&#8220;&#8220; row_type=&#8220;row&#8220; use_row_as_full_screen_section=&#8220;no&#8220; type=&#8220;grid&#8220; angled_section=&#8220;no&#8220; text_align=&#8220;left&#8220; background_image_as_pattern=&#8220;without_pattern&#8220; z_index=&#8220;&#8220;][vc_column width=&#8220;1\/2&#8243;][vc_single_image image=&#8220;6882&#8243; img_size=&#8220;medium&#8220; alignment=&#8220;right&#8220; css=&#8220;&#8220; qode_css_animation=&#8220;&#8220;][vc_empty_space][\/vc_column][vc_column width=&#8220;1\/2&#8243;][vc_column_text css=&#8220;&#8220;] Flexibilit\u00e4t Flexible Kosmetikproduktion: Individuell ist bei uns Standard Als Lohnhersteller sind wir uns&#8230;<\/p>\n","protected":false},"author":1,"featured_media":0,"parent":6565,"menu_order":58,"comment_status":"closed","ping_status":"closed","template":"full_width.php","meta":{"_uag_custom_page_level_css":"","footnotes":""},"class_list":["post-7107","page","type-page","status-publish","hentry"],"yoast_head":"<!-- This site is optimized with the Yoast SEO plugin v27.4 - https:\/\/yoast.com\/product\/yoast-seo-wordpress\/ -->\n<title>Flexibilit\u00e4t &#8211; Temmentec<\/title>\n<meta name=\"description\" content=\"Wir haben unser Unternehmen in allen Bereichen darauf ausgerichtet, unseren Kunden gr\u00f6sstm\u00f6gliche Flexibilit\u00e4t zu bieten.\" \/>\n<meta name=\"robots\" content=\"index, follow, max-snippet:-1, max-image-preview:large, max-video-preview:-1\" \/>\n<link rel=\"canonical\" href=\"https:\/\/temmentec.ch\/de\/ihre-vorteile\/flexibilitaet\/\" \/>\n<meta property=\"og:locale\" content=\"de_DE\" \/>\n<meta property=\"og:type\" content=\"article\" \/>\n<meta property=\"og:title\" content=\"Flexibilit\u00e4t &#8211; Temmentec\" \/>\n<meta property=\"og:description\" content=\"Wir haben unser Unternehmen in allen Bereichen darauf ausgerichtet, unseren Kunden gr\u00f6sstm\u00f6gliche Flexibilit\u00e4t zu bieten.\" \/>\n<meta property=\"og:url\" content=\"https:\/\/temmentec.ch\/de\/ihre-vorteile\/flexibilitaet\/\" \/>\n<meta property=\"og:site_name\" content=\"Temmentec\" \/>\n<meta property=\"article:modified_time\" content=\"2025-08-04T15:02:06+00:00\" \/>\n<meta name=\"twitter:card\" content=\"summary_large_image\" \/>\n<meta name=\"twitter:label1\" content=\"Gesch\u00e4tzte Lesezeit\" \/>\n\t<meta name=\"twitter:data1\" content=\"2\u00a0Minuten\" \/>\n<script type=\"application\/ld+json\" class=\"yoast-schema-graph\">{\"@context\":\"https:\\\/\\\/schema.org\",\"@graph\":[{\"@type\":\"WebPage\",\"@id\":\"https:\\\/\\\/temmentec.ch\\\/de\\\/ihre-vorteile\\\/flexibilitaet\\\/\",\"url\":\"https:\\\/\\\/temmentec.ch\\\/de\\\/ihre-vorteile\\\/flexibilitaet\\\/\",\"name\":\"Flexibilit\u00e4t &#8211; Temmentec\",\"isPartOf\":{\"@id\":\"https:\\\/\\\/temmentec.ch\\\/de\\\/#website\"},\"datePublished\":\"2025-02-21T08:28:36+00:00\",\"dateModified\":\"2025-08-04T15:02:06+00:00\",\"description\":\"Wir haben unser Unternehmen in allen Bereichen darauf ausgerichtet, unseren Kunden gr\u00f6sstm\u00f6gliche Flexibilit\u00e4t zu bieten.\",\"breadcrumb\":{\"@id\":\"https:\\\/\\\/temmentec.ch\\\/de\\\/ihre-vorteile\\\/flexibilitaet\\\/#breadcrumb\"},\"inLanguage\":\"de\",\"potentialAction\":[{\"@type\":\"ReadAction\",\"target\":[\"https:\\\/\\\/temmentec.ch\\\/de\\\/ihre-vorteile\\\/flexibilitaet\\\/\"]}]},{\"@type\":\"BreadcrumbList\",\"@id\":\"https:\\\/\\\/temmentec.ch\\\/de\\\/ihre-vorteile\\\/flexibilitaet\\\/#breadcrumb\",\"itemListElement\":[{\"@type\":\"ListItem\",\"position\":1,\"name\":\"Startseite\",\"item\":\"https:\\\/\\\/temmentec.ch\\\/de\\\/\"},{\"@type\":\"ListItem\",\"position\":2,\"name\":\"Ihre Vorteile\",\"item\":\"https:\\\/\\\/temmentec.ch\\\/de\\\/ihre-vorteile\\\/\"},{\"@type\":\"ListItem\",\"position\":3,\"name\":\"Flexibilit\u00e4t\"}]},{\"@type\":\"WebSite\",\"@id\":\"https:\\\/\\\/temmentec.ch\\\/de\\\/#website\",\"url\":\"https:\\\/\\\/temmentec.ch\\\/de\\\/\",\"name\":\"Temmentec\",\"description\":\"Switzerland\",\"publisher\":{\"@id\":\"https:\\\/\\\/temmentec.ch\\\/de\\\/#organization\"},\"potentialAction\":[{\"@type\":\"SearchAction\",\"target\":{\"@type\":\"EntryPoint\",\"urlTemplate\":\"https:\\\/\\\/temmentec.ch\\\/de\\\/?s={search_term_string}\"},\"query-input\":{\"@type\":\"PropertyValueSpecification\",\"valueRequired\":true,\"valueName\":\"search_term_string\"}}],\"inLanguage\":\"de\"},{\"@type\":\"Organization\",\"@id\":\"https:\\\/\\\/temmentec.ch\\\/de\\\/#organization\",\"name\":\"Temmentec AG\",\"url\":\"https:\\\/\\\/temmentec.ch\\\/de\\\/\",\"logo\":{\"@type\":\"ImageObject\",\"inLanguage\":\"de\",\"@id\":\"https:\\\/\\\/temmentec.ch\\\/de\\\/#\\\/schema\\\/logo\\\/image\\\/\",\"url\":\"https:\\\/\\\/temmentec.ch\\\/wp-content\\\/uploads\\\/2025\\\/02\\\/temmentec_logo_neu.png\",\"contentUrl\":\"https:\\\/\\\/temmentec.ch\\\/wp-content\\\/uploads\\\/2025\\\/02\\\/temmentec_logo_neu.png\",\"width\":927,\"height\":227,\"caption\":\"Temmentec AG\"},\"image\":{\"@id\":\"https:\\\/\\\/temmentec.ch\\\/de\\\/#\\\/schema\\\/logo\\\/image\\\/\"}}]}<\/script>\n<!-- \/ Yoast SEO plugin. -->","yoast_head_json":{"title":"Flexibilit\u00e4t &#8211; Temmentec","description":"Wir haben unser Unternehmen in allen Bereichen darauf ausgerichtet, unseren Kunden gr\u00f6sstm\u00f6gliche Flexibilit\u00e4t zu bieten.","robots":{"index":"index","follow":"follow","max-snippet":"max-snippet:-1","max-image-preview":"max-image-preview:large","max-video-preview":"max-video-preview:-1"},"canonical":"https:\/\/temmentec.ch\/de\/ihre-vorteile\/flexibilitaet\/","og_locale":"de_DE","og_type":"article","og_title":"Flexibilit\u00e4t &#8211; Temmentec","og_description":"Wir haben unser Unternehmen in allen Bereichen darauf ausgerichtet, unseren Kunden gr\u00f6sstm\u00f6gliche Flexibilit\u00e4t zu bieten.","og_url":"https:\/\/temmentec.ch\/de\/ihre-vorteile\/flexibilitaet\/","og_site_name":"Temmentec","article_modified_time":"2025-08-04T15:02:06+00:00","twitter_card":"summary_large_image","twitter_misc":{"Gesch\u00e4tzte Lesezeit":"2\u00a0Minuten"},"schema":{"@context":"https:\/\/schema.org","@graph":[{"@type":"WebPage","@id":"https:\/\/temmentec.ch\/de\/ihre-vorteile\/flexibilitaet\/","url":"https:\/\/temmentec.ch\/de\/ihre-vorteile\/flexibilitaet\/","name":"Flexibilit\u00e4t &#8211; Temmentec","isPartOf":{"@id":"https:\/\/temmentec.ch\/de\/#website"},"datePublished":"2025-02-21T08:28:36+00:00","dateModified":"2025-08-04T15:02:06+00:00","description":"Wir haben unser Unternehmen in allen Bereichen darauf ausgerichtet, unseren Kunden gr\u00f6sstm\u00f6gliche Flexibilit\u00e4t zu bieten.","breadcrumb":{"@id":"https:\/\/temmentec.ch\/de\/ihre-vorteile\/flexibilitaet\/#breadcrumb"},"inLanguage":"de","potentialAction":[{"@type":"ReadAction","target":["https:\/\/temmentec.ch\/de\/ihre-vorteile\/flexibilitaet\/"]}]},{"@type":"BreadcrumbList","@id":"https:\/\/temmentec.ch\/de\/ihre-vorteile\/flexibilitaet\/#breadcrumb","itemListElement":[{"@type":"ListItem","position":1,"name":"Startseite","item":"https:\/\/temmentec.ch\/de\/"},{"@type":"ListItem","position":2,"name":"Ihre Vorteile","item":"https:\/\/temmentec.ch\/de\/ihre-vorteile\/"},{"@type":"ListItem","position":3,"name":"Flexibilit\u00e4t"}]},{"@type":"WebSite","@id":"https:\/\/temmentec.ch\/de\/#website","url":"https:\/\/temmentec.ch\/de\/","name":"Temmentec","description":"Switzerland","publisher":{"@id":"https:\/\/temmentec.ch\/de\/#organization"},"potentialAction":[{"@type":"SearchAction","target":{"@type":"EntryPoint","urlTemplate":"https:\/\/temmentec.ch\/de\/?s={search_term_string}"},"query-input":{"@type":"PropertyValueSpecification","valueRequired":true,"valueName":"search_term_string"}}],"inLanguage":"de"},{"@type":"Organization","@id":"https:\/\/temmentec.ch\/de\/#organization","name":"Temmentec AG","url":"https:\/\/temmentec.ch\/de\/","logo":{"@type":"ImageObject","inLanguage":"de","@id":"https:\/\/temmentec.ch\/de\/#\/schema\/logo\/image\/","url":"https:\/\/temmentec.ch\/wp-content\/uploads\/2025\/02\/temmentec_logo_neu.png","contentUrl":"https:\/\/temmentec.ch\/wp-content\/uploads\/2025\/02\/temmentec_logo_neu.png","width":927,"height":227,"caption":"Temmentec AG"},"image":{"@id":"https:\/\/temmentec.ch\/de\/#\/schema\/logo\/image\/"}}]}},"uagb_featured_image_src":{"full":false,"thumbnail":false,"medium":false,"medium_large":false,"large":false,"event-post-thumb":false,"event-post-thumb-box":false,"1536x1536":false,"2048x2048":false,"portfolio-square":false,"portfolio-portrait":false,"portfolio-landscape":false,"menu-featured-post":false,"qode-carousel_slider":false,"portfolio_slider":false,"portfolio_masonry_regular":false,"portfolio_masonry_wide":false,"portfolio_masonry_tall":false,"portfolio_masonry_large":false,"portfolio_masonry_with_space":false,"latest_post_boxes":false},"uagb_author_info":{"display_name":"dc-admin","author_link":"https:\/\/temmentec.ch\/de\/author\/dc-admin\/"},"uagb_comment_info":0,"uagb_excerpt":"[vc_row css_animation=&#8220;&#8220; row_type=&#8220;row&#8220; use_row_as_full_screen_section=&#8220;no&#8220; type=&#8220;grid&#8220; angled_section=&#8220;no&#8220; text_align=&#8220;left&#8220; background_image_as_pattern=&#8220;without_pattern&#8220; z_index=&#8220;&#8220;][vc_column width=&#8220;1\/2&#8243;][vc_single_image image=&#8220;6882&#8243; img_size=&#8220;medium&#8220; alignment=&#8220;right&#8220; css=&#8220;&#8220; qode_css_animation=&#8220;&#8220;][vc_empty_space][\/vc_column][vc_column width=&#8220;1\/2&#8243;][vc_column_text css=&#8220;&#8220;] Flexibilit\u00e4t Flexible Kosmetikproduktion: Individuell ist bei uns Standard Als Lohnhersteller sind wir uns...","_links":{"self":[{"href":"https:\/\/temmentec.ch\/de\/wp-json\/wp\/v2\/pages\/7107","targetHints":{"allow":["GET"]}}],"collection":[{"href":"https:\/\/temmentec.ch\/de\/wp-json\/wp\/v2\/pages"}],"about":[{"href":"https:\/\/temmentec.ch\/de\/wp-json\/wp\/v2\/types\/page"}],"author":[{"embeddable":true,"href":"https:\/\/temmentec.ch\/de\/wp-json\/wp\/v2\/users\/1"}],"replies":[{"embeddable":true,"href":"https:\/\/temmentec.ch\/de\/wp-json\/wp\/v2\/comments?post=7107"}],"version-history":[{"count":20,"href":"https:\/\/temmentec.ch\/de\/wp-json\/wp\/v2\/pages\/7107\/revisions"}],"predecessor-version":[{"id":8784,"href":"https:\/\/temmentec.ch\/de\/wp-json\/wp\/v2\/pages\/7107\/revisions\/8784"}],"up":[{"embeddable":true,"href":"https:\/\/temmentec.ch\/de\/wp-json\/wp\/v2\/pages\/6565"}],"wp:attachment":[{"href":"https:\/\/temmentec.ch\/de\/wp-json\/wp\/v2\/media?parent=7107"}],"curies":[{"name":"wp","href":"https:\/\/api.w.org\/{rel}","templated":true}]}}