{"id":7070,"date":"2025-02-20T13:15:07","date_gmt":"2025-02-20T13:15:07","guid":{"rendered":"https:\/\/temmentec.dclabs2.ch\/?page_id=7070"},"modified":"2025-08-04T16:55:33","modified_gmt":"2025-08-04T14:55:33","slug":"nachhaltigkeit","status":"publish","type":"page","link":"https:\/\/temmentec.ch\/de\/ihre-vorteile\/nachhaltigkeit\/","title":{"rendered":"Nachhaltigkeit"},"content":{"rendered":"<div class=\"wpb-content-wrapper\"><p>[vc_row css_animation=&#8220;&#8220; row_type=&#8220;row&#8220; use_row_as_full_screen_section=&#8220;no&#8220; type=&#8220;grid&#8220; angled_section=&#8220;no&#8220; text_align=&#8220;left&#8220; background_image_as_pattern=&#8220;without_pattern&#8220; z_index=&#8220;&#8220;][vc_column width=&#8220;1\/2&#8243;][vc_single_image image=&#8220;6890&#8243; img_size=&#8220;medium&#8220; alignment=&#8220;right&#8220; css=&#8220;&#8220; qode_css_animation=&#8220;&#8220;][vc_empty_space][\/vc_column][vc_column width=&#8220;1\/2&#8243;][vc_column_text css=&#8220;&#8220;]<\/p>\n<h6>Nachhaltigkeit<\/h6>\n<h1>Nachhaltige Kosmetikproduktion &#8211; aus \u00dcberzeugung<\/h1>\n<p>Nachhaltigkeit sehen wir als Selbstverst\u00e4ndlichkeit und nicht als Marketinginstrument. Wir tragen Verantwortung und handeln dabei nach drei zentralen Aspekten.[\/vc_column_text][\/vc_column][\/vc_row][vc_row css_animation=&#8220;&#8220; row_type=&#8220;row&#8220; use_row_as_full_screen_section=&#8220;no&#8220; type=&#8220;grid&#8220; angled_section=&#8220;no&#8220; text_align=&#8220;left&#8220; background_image_as_pattern=&#8220;without_pattern&#8220; z_index=&#8220;&#8220; css=&#8220;.vc_custom_1751894662337{margin-top: 50px !important;margin-bottom: 85px !important;}&#8220;][vc_column width=&#8220;8\/12&#8243; el_class=&#8220;center-me&#8220;][vc_column_text css=&#8220;&#8220;]<\/p>\n<h2>Nachhaltigkeit der Ressourcen<\/h2>\n<p>Wir sind der festen \u00dcberzeugung, dass die verwendeten Rohstoffe f\u00fcr unsere Kosmetikprodukte nicht nur aus nachhaltigen Quellen stammen sollen, sondern auch von Partnern vertrieben werden, die unsere Werte einer bewussten und kontinuierlichen Verbesserung der Nachhaltigkeit teilen. Ein laufender Austausch mit unseren Partnern hilft uns dabei, stetig neue M\u00f6glichkeiten wie zum Beispiel die Verwendung von alternativen Materialien bei der Verpackung (PCR, Zuckerrohr, Cellulose etc.) zu finden.<\/p>\n<p>Als eine der wichtigsten Ressourcen sehen wir unsere Fachkr\u00e4fte. Laufend neue Aus- und Weiterbildungen dienen dazu, die individuellen Bed\u00fcrfnisse mit unserer Unternehmensstrategie zu vereinen. Diese Kombination schafft eine Sensibilisierung auf allen Stufen und sorgt f\u00fcr ein angenehmes und motiviertes Arbeitsklima. Als Unternehmen f\u00f6rdern wir insbesondere auch Geschlechtergleichstellung und Diversit\u00e4t.<\/p>\n<p>Einer der Hauptbestandteile bei der Herstellung unserer Kosmetikprodukte ist Wasser. Es wird in beinahe jedem Prozessschritt der Herstellung verwendet. Sei es als Rohstoff oder als Betriebsmittel. Ein sorgsamer und sicherer Umgang mit dem wertvollen Gut ist somit zentral. Wir beziehen s\u00e4mtliches Wasser aus einer lokalen Trinkwasserquelle und behandeln es in-house mit einer hochmodernen Aufbereitungsanlage, so dass unser Wasser Pharma-Standards erf\u00fcllt.[\/vc_column_text][\/vc_column][\/vc_row][vc_row css_animation=&#8220;&#8220; row_type=&#8220;row&#8220; use_row_as_full_screen_section=&#8220;no&#8220; type=&#8220;grid&#8220; angled_section=&#8220;no&#8220; text_align=&#8220;left&#8220; background_image_as_pattern=&#8220;without_pattern&#8220; z_index=&#8220;&#8220; el_class=&#8220;style-dark&#8220; css=&#8220;.vc_custom_1751894870972{margin-top: 100px !important;margin-bottom: 100px !important;padding-top: 100px !important;padding-bottom: 100px !important;background-color: #3180DE !important;}&#8220;][vc_column width=&#8220;8\/12&#8243; el_class=&#8220;center-me&#8220;][vc_column_text css=&#8220;&#8220;]<\/p>\n<h2>Die Nachhaltigkeit der Prozesse<\/h2>\n<p>In s\u00e4mtlichen Prozessen spielt der Gedanke der Nachhaltigkeit eine zentrale Rolle. Sei es die Reduktion der Ausschussrate durch Prozessoptimierungen, die \u00dcberpr\u00fcfung s\u00e4mtlicher Herstellprozesse auf ihre Nachhaltigkeit in Sachen Energieeinsatz (Heizen, K\u00fchlen) oder lokale Lagerl\u00f6sungen zur Vermeidung langer Fahrtwege, um nur einige Beispiele zu nennen.[\/vc_column_text][\/vc_column][\/vc_row][vc_row css_animation=&#8220;&#8220; row_type=&#8220;row&#8220; use_row_as_full_screen_section=&#8220;no&#8220; type=&#8220;grid&#8220; angled_section=&#8220;no&#8220; text_align=&#8220;left&#8220; background_image_as_pattern=&#8220;without_pattern&#8220; z_index=&#8220;&#8220;][vc_column width=&#8220;8\/12&#8243; el_class=&#8220;center-me&#8220;][vc_column_text css=&#8220;&#8220;]<\/p>\n<h2>Stetige Verbesserung der Nachhaltigkeit<\/h2>\n<p>Wir nehmen an einem Programm des Bundes Teil, in welchem wir uns zu einer j\u00e4hrlichen Reduktion des Kohlenstoffdioxid-Ausstosses um 2% verpflichtet haben.<\/p>\n<p>Zudem wird durch die regelm\u00e4ssigen Audits im Rahmen der ISO 14001 Zertifizierung kontrolliert, ob wir die gesetzten Ziele erreicht haben und weiteres Verbesserungspotential evaluiert.[\/vc_column_text][\/vc_column][\/vc_row][vc_row css_animation=&#8220;&#8220; row_type=&#8220;row&#8220; use_row_as_full_screen_section=&#8220;no&#8220; type=&#8220;grid&#8220; angled_section=&#8220;no&#8220; text_align=&#8220;left&#8220; background_image_as_pattern=&#8220;without_pattern&#8220; z_index=&#8220;&#8220; css=&#8220;.vc_custom_1751895015880{margin-top: 85px !important;}&#8220;][vc_column width=&#8220;2\/3&#8243;][vc_single_image image=&#8220;6934&#8243; img_size=&#8220;medium&#8220; css=&#8220;&#8220; qode_css_animation=&#8220;&#8220;][vc_empty_space][vc_column_text css=&#8220;&#8220;]<\/p>\n<h3>Reduktion Kohlenstoffdioxid-Ausstoss<\/h3>\n<p>Wir nehmen an einem Programm des Bundes teil (Grossverbraucher-Universalzielvereinbarung), in welchem wir uns zu einer j\u00e4hrlichen Reduktion des Kohlenstoffdioxid-Ausstosses um 2% verpflichtet haben. Die Kontrolle der Zielerreichung erfolgt durch eine unabh\u00e4ngige, durch den Bund akkreditierte Pr\u00fcfstelle.[\/vc_column_text][vc_empty_space height=&#8220;50px&#8220;][\/vc_column][vc_column width=&#8220;1\/3&#8243;][vc_single_image image=&#8220;6946&#8243; img_size=&#8220;medium&#8220; css=&#8220;&#8220; qode_css_animation=&#8220;&#8220;][vc_empty_space][vc_column_text css=&#8220;&#8220;]<\/p>\n<h3>Wasser-Spaltanlage<\/h3>\n<p>Wir bereiten nicht nur bestes Wasser aus der lokalen Trinkwasserquelle mit unserer Wasseraufbereitungsanlage auf Pharmastandard auf, sondern wir geben der Natur durch unsere Spaltanlage gereinigtes Wasser auch zur\u00fcck.<\/p>\n<p><strong>Funktionsweise Spaltanlage<\/strong><br \/>\nVerschmutzungen wie z.B. Fette werden aus dem Prozess Abwasser herausgel\u00f6st. Das saubere Wasser wird der Umwelt zur\u00fcckgegeben. Der Kl\u00e4rschlamm wird als Sonderm\u00fcll fachgerecht entsorgt.[\/vc_column_text][\/vc_column][\/vc_row][vc_row css_animation=&#8220;&#8220; row_type=&#8220;row&#8220; use_row_as_full_screen_section=&#8220;no&#8220; type=&#8220;full_width&#8220; angled_section=&#8220;no&#8220; text_align=&#8220;left&#8220; background_image_as_pattern=&#8220;without_pattern&#8220;][vc_column][vc_empty_space][\/vc_column][\/vc_row][vc_row css_animation=&#8220;&#8220; row_type=&#8220;row&#8220; use_row_as_full_screen_section=&#8220;no&#8220; type=&#8220;grid&#8220; angled_section=&#8220;no&#8220; text_align=&#8220;left&#8220; background_image_as_pattern=&#8220;without_pattern&#8220; z_index=&#8220;&#8220;][vc_column width=&#8220;1\/3&#8243;][vc_single_image image=&#8220;6826&#8243; img_size=&#8220;medium&#8220; css=&#8220;&#8220; qode_css_animation=&#8220;&#8220;][vc_empty_space][vc_column_text css=&#8220;&#8220;]<\/p>\n<h3>Energieeffiziente K\u00e4lteanlage<\/h3>\n<p>Unsere K\u00e4lteanlage erf\u00fcllt modernste Anforderungen an Energieeffizienz. Zus\u00e4tzlich nutzen wir mit dem W\u00e4rmetauscher die Winterk\u00e4lte, um Anlagen zu k\u00fchlen und f\u00fchren \u00fcbersch\u00fcssige W\u00e4rme in den Kreislauf zur\u00fcck.<\/p>\n<p><a href=\"https:\/\/temmentec.ch\/de\/ersatz-kaelteanlage-mit-waermerueckgewinnung\/\">mehr zu unserer K\u00e4lteanlage erfahren<\/a>[\/vc_column_text][vc_empty_space height=&#8220;50px&#8220;][\/vc_column][vc_column width=&#8220;2\/3&#8243;][vc_single_image image=&#8220;6954&#8243; img_size=&#8220;medium&#8220; css=&#8220;&#8220; qode_css_animation=&#8220;&#8220;][vc_empty_space][vc_column_text css=&#8220;&#8220;]<\/p>\n<h3>Wertsch\u00e4tzung<\/h3>\n<p>Da unsere Mitarbeitende das zentrale Element f\u00fcr unseren Erfolg sind, f\u00fchren wir, zus\u00e4tzlich zu externen Aus- und Weiterbildungen, regelm\u00e4ssige Weiterbildungen im Bereich Lean Six Sigma durch. Kollaborationen mit Fachhochschulen halten unsere Mitarbeitende am Puls der Zeit und bereichern die t\u00e4gliche Arbeit mit der Umsetzung spannender und innovativer Projekte, etwa im Bereich der Digitalisierung. Bei uns liegen s\u00e4mtliche L\u00f6hne \u00fcber dem gesetzlichen Mindestlohn.[\/vc_column_text][\/vc_column][\/vc_row][vc_row css_animation=&#8220;&#8220; row_type=&#8220;row&#8220; use_row_as_full_screen_section=&#8220;no&#8220; type=&#8220;full_width&#8220; angled_section=&#8220;no&#8220; text_align=&#8220;left&#8220; background_image_as_pattern=&#8220;without_pattern&#8220;][vc_column][vc_empty_space height=&#8220;50px&#8220;][\/vc_column][\/vc_row][vc_row css_animation=&#8220;&#8220; row_type=&#8220;row&#8220; use_row_as_full_screen_section=&#8220;no&#8220; type=&#8220;grid&#8220; angled_section=&#8220;no&#8220; text_align=&#8220;left&#8220; background_image_as_pattern=&#8220;without_pattern&#8220; z_index=&#8220;&#8220;][vc_column width=&#8220;2\/3&#8243; el_class=&#8220;center-me&#8220;][vc_column_text css=&#8220;&#8220;]<\/p>\n<h2>Was wir konkret tun<\/h2>\n<p>Alle Details zu unserer klimafreundlichen Kosmetikproduktion finden Sie in den folgenden Dokumenten:<\/p>\n<div class=\"part load file tall\"><a class=\"load\" title=\"Nachhaltigkeitsbericht 2021 (PDF) (115 KB)\" href=\"https:\/\/temmentec.ch\/wp-content\/uploads\/2025\/07\/sustainability_report_2023_de.pdf\" target=\"_blank\" rel=\"noopener\">Nachhaltigkeitsbericht 2023 (PDF)<\/a><\/div>\n<div class=\"part load file tall\"><a class=\"load\" title=\"Energieeffizienz + Klimaschutz Zertifikat (PDF) (7 MB)\" href=\"https:\/\/temmentec.ch\/wp-content\/uploads\/2025\/07\/zertifikat_temmentec_d.pdf\" target=\"_blank\" rel=\"noopener\">Energieeffizienz + Klimaschutz Zertifikat (PDF)<\/a><\/div>\n<div class=\"part load file tall\"><a class=\"load\" title=\"Zertifikat RSPO (PDF) (247 KB)\" href=\"https:\/\/temmentec.ch\/wp-content\/uploads\/2025\/07\/zertifikat_rspo.pdf\" target=\"_blank\" rel=\"noopener\">RSPO Zertifikat (PDF)<\/a><\/div>\n<div class=\"part load file tall\"><a class=\"load\" title=\"Zertifikat ISO 14001 (PDF) (202 KB)\" href=\"https:\/\/temmentec.ch\/wp-content\/uploads\/2025\/07\/zertifikat_iso_9001_und_iso_14001.pdf\" target=\"_blank\" rel=\"noopener\">ISO 14001 Zertifikat (PDF)<\/a><\/div>\n<p>[\/vc_column_text][\/vc_column][\/vc_row][vc_row css_animation=&#8220;&#8220; row_type=&#8220;row&#8220; use_row_as_full_screen_section=&#8220;no&#8220; type=&#8220;grid&#8220; angled_section=&#8220;no&#8220; text_align=&#8220;left&#8220; background_image_as_pattern=&#8220;without_pattern&#8220; css=&#8220;.vc_custom_1751967112256{margin-top: 85px !important;margin-bottom: 142px !important;}&#8220; z_index=&#8220;&#8220;][vc_column width=&#8220;1\/2&#8243;]<a  itemprop=\"url\" href=\"https:\/\/temmentec.ch\/de\/ihre-vorteile\/\" target=\"_self\"  class=\"qbutton  left default\" style=\"\">Zur\u00fcck zur \u00dcbersicht<i class=\"qode_icon_font_awesome fa fa-arrow-circle-o-left qode_button_icon_element\"><\/i><\/a>[vc_empty_space][\/vc_column][vc_column width=&#8220;1\/2&#8243; el_class=&#8220;spalte_rechtsbuendig&#8220;]<a  itemprop=\"url\" href=\"https:\/\/temmentec.ch\/de\/ihre-vorteile\/exklusivitaet\/\" target=\"_self\"  class=\"qbutton  right default\" style=\"\">Exklusivit\u00e4t entdecken<i class=\"qode_icon_font_awesome fa fa-arrow-circle-o-right qode_button_icon_element\"><\/i><\/a>[vc_empty_space][\/vc_column][\/vc_row]<\/p>\n<\/div>","protected":false},"excerpt":{"rendered":"<p>[vc_row css_animation=&#8220;&#8220; row_type=&#8220;row&#8220; use_row_as_full_screen_section=&#8220;no&#8220; type=&#8220;grid&#8220; angled_section=&#8220;no&#8220; text_align=&#8220;left&#8220; background_image_as_pattern=&#8220;without_pattern&#8220; z_index=&#8220;&#8220;][vc_column width=&#8220;1\/2&#8243;][vc_single_image image=&#8220;6890&#8243; img_size=&#8220;medium&#8220; alignment=&#8220;right&#8220; css=&#8220;&#8220; qode_css_animation=&#8220;&#8220;][vc_empty_space][\/vc_column][vc_column width=&#8220;1\/2&#8243;][vc_column_text css=&#8220;&#8220;] Nachhaltigkeit Nachhaltige Kosmetikproduktion &#8211; aus \u00dcberzeugung Nachhaltigkeit sehen wir als Selbstverst\u00e4ndlichkeit und nicht&#8230;<\/p>\n","protected":false},"author":1,"featured_media":0,"parent":6565,"menu_order":48,"comment_status":"closed","ping_status":"closed","template":"full_width.php","meta":{"_uag_custom_page_level_css":"","footnotes":""},"class_list":["post-7070","page","type-page","status-publish","hentry"],"yoast_head":"<!-- This site is optimized with the Yoast SEO plugin v27.4 - https:\/\/yoast.com\/product\/yoast-seo-wordpress\/ -->\n<title>Nachhaltigkeit &#8211; Temmentec<\/title>\n<meta name=\"description\" content=\"Nachhaltigkeit sehen wir als Selbstverst\u00e4ndlichkeit und nicht als Marketinginstrument. Wir tragen Verantwortung und handeln dabei nach drei zentralen Aspekten.\" \/>\n<meta name=\"robots\" content=\"index, follow, max-snippet:-1, max-image-preview:large, max-video-preview:-1\" \/>\n<link rel=\"canonical\" href=\"https:\/\/temmentec.ch\/de\/ihre-vorteile\/nachhaltigkeit\/\" \/>\n<meta property=\"og:locale\" content=\"de_DE\" \/>\n<meta property=\"og:type\" content=\"article\" \/>\n<meta property=\"og:title\" content=\"Nachhaltigkeit &#8211; Temmentec\" \/>\n<meta property=\"og:description\" content=\"Nachhaltigkeit sehen wir als Selbstverst\u00e4ndlichkeit und nicht als Marketinginstrument. Wir tragen Verantwortung und handeln dabei nach drei zentralen Aspekten.\" \/>\n<meta property=\"og:url\" content=\"https:\/\/temmentec.ch\/de\/ihre-vorteile\/nachhaltigkeit\/\" \/>\n<meta property=\"og:site_name\" content=\"Temmentec\" \/>\n<meta property=\"article:modified_time\" content=\"2025-08-04T14:55:33+00:00\" \/>\n<meta name=\"twitter:card\" content=\"summary_large_image\" \/>\n<meta name=\"twitter:label1\" content=\"Gesch\u00e4tzte Lesezeit\" \/>\n\t<meta name=\"twitter:data1\" content=\"4\u00a0Minuten\" \/>\n<script type=\"application\/ld+json\" class=\"yoast-schema-graph\">{\"@context\":\"https:\\\/\\\/schema.org\",\"@graph\":[{\"@type\":\"WebPage\",\"@id\":\"https:\\\/\\\/temmentec.ch\\\/de\\\/ihre-vorteile\\\/nachhaltigkeit\\\/\",\"url\":\"https:\\\/\\\/temmentec.ch\\\/de\\\/ihre-vorteile\\\/nachhaltigkeit\\\/\",\"name\":\"Nachhaltigkeit &#8211; Temmentec\",\"isPartOf\":{\"@id\":\"https:\\\/\\\/temmentec.ch\\\/de\\\/#website\"},\"datePublished\":\"2025-02-20T13:15:07+00:00\",\"dateModified\":\"2025-08-04T14:55:33+00:00\",\"description\":\"Nachhaltigkeit sehen wir als Selbstverst\u00e4ndlichkeit und nicht als Marketinginstrument. Wir tragen Verantwortung und handeln dabei nach drei zentralen Aspekten.\",\"breadcrumb\":{\"@id\":\"https:\\\/\\\/temmentec.ch\\\/de\\\/ihre-vorteile\\\/nachhaltigkeit\\\/#breadcrumb\"},\"inLanguage\":\"de\",\"potentialAction\":[{\"@type\":\"ReadAction\",\"target\":[\"https:\\\/\\\/temmentec.ch\\\/de\\\/ihre-vorteile\\\/nachhaltigkeit\\\/\"]}]},{\"@type\":\"BreadcrumbList\",\"@id\":\"https:\\\/\\\/temmentec.ch\\\/de\\\/ihre-vorteile\\\/nachhaltigkeit\\\/#breadcrumb\",\"itemListElement\":[{\"@type\":\"ListItem\",\"position\":1,\"name\":\"Startseite\",\"item\":\"https:\\\/\\\/temmentec.ch\\\/de\\\/\"},{\"@type\":\"ListItem\",\"position\":2,\"name\":\"Ihre Vorteile\",\"item\":\"https:\\\/\\\/temmentec.ch\\\/de\\\/ihre-vorteile\\\/\"},{\"@type\":\"ListItem\",\"position\":3,\"name\":\"Nachhaltigkeit\"}]},{\"@type\":\"WebSite\",\"@id\":\"https:\\\/\\\/temmentec.ch\\\/de\\\/#website\",\"url\":\"https:\\\/\\\/temmentec.ch\\\/de\\\/\",\"name\":\"Temmentec\",\"description\":\"Switzerland\",\"publisher\":{\"@id\":\"https:\\\/\\\/temmentec.ch\\\/de\\\/#organization\"},\"potentialAction\":[{\"@type\":\"SearchAction\",\"target\":{\"@type\":\"EntryPoint\",\"urlTemplate\":\"https:\\\/\\\/temmentec.ch\\\/de\\\/?s={search_term_string}\"},\"query-input\":{\"@type\":\"PropertyValueSpecification\",\"valueRequired\":true,\"valueName\":\"search_term_string\"}}],\"inLanguage\":\"de\"},{\"@type\":\"Organization\",\"@id\":\"https:\\\/\\\/temmentec.ch\\\/de\\\/#organization\",\"name\":\"Temmentec AG\",\"url\":\"https:\\\/\\\/temmentec.ch\\\/de\\\/\",\"logo\":{\"@type\":\"ImageObject\",\"inLanguage\":\"de\",\"@id\":\"https:\\\/\\\/temmentec.ch\\\/de\\\/#\\\/schema\\\/logo\\\/image\\\/\",\"url\":\"https:\\\/\\\/temmentec.ch\\\/wp-content\\\/uploads\\\/2025\\\/02\\\/temmentec_logo_neu.png\",\"contentUrl\":\"https:\\\/\\\/temmentec.ch\\\/wp-content\\\/uploads\\\/2025\\\/02\\\/temmentec_logo_neu.png\",\"width\":927,\"height\":227,\"caption\":\"Temmentec AG\"},\"image\":{\"@id\":\"https:\\\/\\\/temmentec.ch\\\/de\\\/#\\\/schema\\\/logo\\\/image\\\/\"}}]}<\/script>\n<!-- \/ Yoast SEO plugin. -->","yoast_head_json":{"title":"Nachhaltigkeit &#8211; Temmentec","description":"Nachhaltigkeit sehen wir als Selbstverst\u00e4ndlichkeit und nicht als Marketinginstrument. Wir tragen Verantwortung und handeln dabei nach drei zentralen Aspekten.","robots":{"index":"index","follow":"follow","max-snippet":"max-snippet:-1","max-image-preview":"max-image-preview:large","max-video-preview":"max-video-preview:-1"},"canonical":"https:\/\/temmentec.ch\/de\/ihre-vorteile\/nachhaltigkeit\/","og_locale":"de_DE","og_type":"article","og_title":"Nachhaltigkeit &#8211; Temmentec","og_description":"Nachhaltigkeit sehen wir als Selbstverst\u00e4ndlichkeit und nicht als Marketinginstrument. Wir tragen Verantwortung und handeln dabei nach drei zentralen Aspekten.","og_url":"https:\/\/temmentec.ch\/de\/ihre-vorteile\/nachhaltigkeit\/","og_site_name":"Temmentec","article_modified_time":"2025-08-04T14:55:33+00:00","twitter_card":"summary_large_image","twitter_misc":{"Gesch\u00e4tzte Lesezeit":"4\u00a0Minuten"},"schema":{"@context":"https:\/\/schema.org","@graph":[{"@type":"WebPage","@id":"https:\/\/temmentec.ch\/de\/ihre-vorteile\/nachhaltigkeit\/","url":"https:\/\/temmentec.ch\/de\/ihre-vorteile\/nachhaltigkeit\/","name":"Nachhaltigkeit &#8211; Temmentec","isPartOf":{"@id":"https:\/\/temmentec.ch\/de\/#website"},"datePublished":"2025-02-20T13:15:07+00:00","dateModified":"2025-08-04T14:55:33+00:00","description":"Nachhaltigkeit sehen wir als Selbstverst\u00e4ndlichkeit und nicht als Marketinginstrument. Wir tragen Verantwortung und handeln dabei nach drei zentralen Aspekten.","breadcrumb":{"@id":"https:\/\/temmentec.ch\/de\/ihre-vorteile\/nachhaltigkeit\/#breadcrumb"},"inLanguage":"de","potentialAction":[{"@type":"ReadAction","target":["https:\/\/temmentec.ch\/de\/ihre-vorteile\/nachhaltigkeit\/"]}]},{"@type":"BreadcrumbList","@id":"https:\/\/temmentec.ch\/de\/ihre-vorteile\/nachhaltigkeit\/#breadcrumb","itemListElement":[{"@type":"ListItem","position":1,"name":"Startseite","item":"https:\/\/temmentec.ch\/de\/"},{"@type":"ListItem","position":2,"name":"Ihre Vorteile","item":"https:\/\/temmentec.ch\/de\/ihre-vorteile\/"},{"@type":"ListItem","position":3,"name":"Nachhaltigkeit"}]},{"@type":"WebSite","@id":"https:\/\/temmentec.ch\/de\/#website","url":"https:\/\/temmentec.ch\/de\/","name":"Temmentec","description":"Switzerland","publisher":{"@id":"https:\/\/temmentec.ch\/de\/#organization"},"potentialAction":[{"@type":"SearchAction","target":{"@type":"EntryPoint","urlTemplate":"https:\/\/temmentec.ch\/de\/?s={search_term_string}"},"query-input":{"@type":"PropertyValueSpecification","valueRequired":true,"valueName":"search_term_string"}}],"inLanguage":"de"},{"@type":"Organization","@id":"https:\/\/temmentec.ch\/de\/#organization","name":"Temmentec AG","url":"https:\/\/temmentec.ch\/de\/","logo":{"@type":"ImageObject","inLanguage":"de","@id":"https:\/\/temmentec.ch\/de\/#\/schema\/logo\/image\/","url":"https:\/\/temmentec.ch\/wp-content\/uploads\/2025\/02\/temmentec_logo_neu.png","contentUrl":"https:\/\/temmentec.ch\/wp-content\/uploads\/2025\/02\/temmentec_logo_neu.png","width":927,"height":227,"caption":"Temmentec AG"},"image":{"@id":"https:\/\/temmentec.ch\/de\/#\/schema\/logo\/image\/"}}]}},"uagb_featured_image_src":{"full":false,"thumbnail":false,"medium":false,"medium_large":false,"large":false,"event-post-thumb":false,"event-post-thumb-box":false,"1536x1536":false,"2048x2048":false,"portfolio-square":false,"portfolio-portrait":false,"portfolio-landscape":false,"menu-featured-post":false,"qode-carousel_slider":false,"portfolio_slider":false,"portfolio_masonry_regular":false,"portfolio_masonry_wide":false,"portfolio_masonry_tall":false,"portfolio_masonry_large":false,"portfolio_masonry_with_space":false,"latest_post_boxes":false},"uagb_author_info":{"display_name":"dc-admin","author_link":"https:\/\/temmentec.ch\/de\/author\/dc-admin\/"},"uagb_comment_info":0,"uagb_excerpt":"[vc_row css_animation=&#8220;&#8220; row_type=&#8220;row&#8220; use_row_as_full_screen_section=&#8220;no&#8220; type=&#8220;grid&#8220; angled_section=&#8220;no&#8220; text_align=&#8220;left&#8220; background_image_as_pattern=&#8220;without_pattern&#8220; z_index=&#8220;&#8220;][vc_column width=&#8220;1\/2&#8243;][vc_single_image image=&#8220;6890&#8243; img_size=&#8220;medium&#8220; alignment=&#8220;right&#8220; css=&#8220;&#8220; qode_css_animation=&#8220;&#8220;][vc_empty_space][\/vc_column][vc_column width=&#8220;1\/2&#8243;][vc_column_text css=&#8220;&#8220;] Nachhaltigkeit Nachhaltige Kosmetikproduktion &#8211; aus \u00dcberzeugung Nachhaltigkeit sehen wir als Selbstverst\u00e4ndlichkeit und nicht...","_links":{"self":[{"href":"https:\/\/temmentec.ch\/de\/wp-json\/wp\/v2\/pages\/7070","targetHints":{"allow":["GET"]}}],"collection":[{"href":"https:\/\/temmentec.ch\/de\/wp-json\/wp\/v2\/pages"}],"about":[{"href":"https:\/\/temmentec.ch\/de\/wp-json\/wp\/v2\/types\/page"}],"author":[{"embeddable":true,"href":"https:\/\/temmentec.ch\/de\/wp-json\/wp\/v2\/users\/1"}],"replies":[{"embeddable":true,"href":"https:\/\/temmentec.ch\/de\/wp-json\/wp\/v2\/comments?post=7070"}],"version-history":[{"count":28,"href":"https:\/\/temmentec.ch\/de\/wp-json\/wp\/v2\/pages\/7070\/revisions"}],"predecessor-version":[{"id":8007,"href":"https:\/\/temmentec.ch\/de\/wp-json\/wp\/v2\/pages\/7070\/revisions\/8007"}],"up":[{"embeddable":true,"href":"https:\/\/temmentec.ch\/de\/wp-json\/wp\/v2\/pages\/6565"}],"wp:attachment":[{"href":"https:\/\/temmentec.ch\/de\/wp-json\/wp\/v2\/media?parent=7070"}],"curies":[{"name":"wp","href":"https:\/\/api.w.org\/{rel}","templated":true}]}}