{"id":7051,"date":"2025-02-20T09:02:22","date_gmt":"2025-02-20T09:02:22","guid":{"rendered":"https:\/\/temmentec.dclabs2.ch\/?page_id=7051"},"modified":"2025-08-04T16:24:01","modified_gmt":"2025-08-04T14:24:01","slug":"logistik","status":"publish","type":"page","link":"https:\/\/temmentec.ch\/de\/lohnherstellung\/logistik\/","title":{"rendered":"Logistik"},"content":{"rendered":"<div class=\"wpb-content-wrapper\"><p>[vc_row css_animation=&#8220;&#8220; row_type=&#8220;row&#8220; use_row_as_full_screen_section=&#8220;no&#8220; type=&#8220;grid&#8220; angled_section=&#8220;no&#8220; text_align=&#8220;left&#8220; background_image_as_pattern=&#8220;without_pattern&#8220; z_index=&#8220;&#8220;][vc_column width=&#8220;1\/2&#8243;][vc_single_image image=&#8220;6786&#8243; img_size=&#8220;medium&#8220; alignment=&#8220;right&#8220; css=&#8220;&#8220; qode_css_animation=&#8220;&#8220;][vc_empty_space][\/vc_column][vc_column width=&#8220;1\/2&#8243;][vc_column_text css=&#8220;&#8220;]<\/p>\n<h6>Logistik<\/h6>\n<h1>Unsere Logistik: von der Produktion auf den LKW<\/h1>\n<p>Temmentec ist von Anfang bis Ende Ihr Partner. Gerne unterst\u00fctzen wir Sie tatkr\u00e4ftig mit unserem Know-How rund um Logistik und Transporte ins In- und Ausland.[\/vc_column_text][\/vc_column][\/vc_row][vc_row css_animation=&#8220;&#8220; row_type=&#8220;row&#8220; use_row_as_full_screen_section=&#8220;no&#8220; type=&#8220;grid&#8220; angled_section=&#8220;no&#8220; text_align=&#8220;left&#8220; background_image_as_pattern=&#8220;without_pattern&#8220; z_index=&#8220;&#8220;][vc_column][vc_empty_space height=&#8220;50px&#8220;][\/vc_column][\/vc_row][vc_row css_animation=&#8220;&#8220; row_type=&#8220;row&#8220; use_row_as_full_screen_section=&#8220;no&#8220; type=&#8220;grid&#8220; angled_section=&#8220;no&#8220; text_align=&#8220;left&#8220; background_image_as_pattern=&#8220;without_pattern&#8220; z_index=&#8220;&#8220;][vc_column width=&#8220;8\/12&#8243; el_class=&#8220;center-me&#8220;][vc_column_text css=&#8220;&#8220;]<\/p>\n<h3>Leistungsf\u00e4higes Lager gepaart mit langj\u00e4hrigem Know-how<\/h3>\n<p>Temmentec verf\u00fcgt \u00fcber ein leistungsf\u00e4higes Lager und moderne Zufahrtsrampen f\u00fcr LKWs. Unsere Logistikexperten k\u00f6nnen f\u00fcr Sie den reibungslosen Transport Ihrer hergestellten Kosmetika ins In- und Ausland organisieren. Ausserdem verf\u00fcgen wir \u00fcber umfassendes Fachwissen und grosse Erfahrung in der Abwicklung des Exports und \u00fcbernehmen bei der Lieferungen Ihrer Kosmetik ins Ausland gerne die Erstellung s\u00e4mtlicher notwendigen Dokumente f\u00fcr unsere Kunden.[\/vc_column_text][\/vc_column][\/vc_row][vc_row css_animation=&#8220;&#8220; row_type=&#8220;row&#8220; use_row_as_full_screen_section=&#8220;yes&#8220; type=&#8220;grid&#8220; angled_section=&#8220;no&#8220; text_align=&#8220;left&#8220; background_image_as_pattern=&#8220;without_pattern&#8220; z_index=&#8220;&#8220; background_color=&#8220;#00000000&#8243; el_class=&#8220;intro-home-bg-right style-dark&#8220; css=&#8220;.vc_custom_1753804247393{margin-top: 85px !important;padding-bottom: 85px !important;background-color: #3180DE !important;}&#8220;][vc_column el_class=&#8220;center-me intro-inner&#8220;][vc_row_inner row_type=&#8220;row&#8220; type=&#8220;full_width&#8220; text_align=&#8220;left&#8220; css_animation=&#8220;&#8220; el_class=&#8220;center-me&#8220;][vc_column_inner width=&#8220;7\/12&#8243; css=&#8220;.vc_custom_1739972760319{padding-top: 85px !important;padding-bottom: 85px !important;}&#8220;][vc_column_text css=&#8220;&#8220;]<\/p>\n<h2>Praxisbeispiele<\/h2>\n<p>Wir sind mit grosser Freude und viel Elan an unserer t\u00e4glichen Arbeit und geben stets das Beste f\u00fcr unsere Kunden. \u00dcberzeugen Sie sich von unserer zuverl\u00e4ssigen Qualit\u00e4t und unserem Know-how.[\/vc_column_text][\/vc_column_inner][\/vc_row_inner][vc_row_inner row_type=&#8220;row&#8220; type=&#8220;full_width&#8220; text_align=&#8220;left&#8220; css_animation=&#8220;&#8220; el_class=&#8220;intro-inner-two-col&#8220;][vc_column_inner width=&#8220;1\/2&#8243;][vc_single_image image=&#8220;6854&#8243; img_size=&#8220;medium&#8220; css=&#8220;.vc_custom_1751638425464{margin-bottom: 35px !important;}&#8220; qode_css_animation=&#8220;&#8220;][vc_column_text css=&#8220;&#8220;]<\/p>\n<h3>Lieferungen<\/h3>\n<p>Bei Bedarf stellen wir \u00fcber den ERP-gesteuerten <strong>Kundenlagerprozess<\/strong> Ihre Kosmetikprodukte f\u00fcr <strong>l\u00e4nderspezifische Lieferungen<\/strong> zusammen.[\/vc_column_text][vc_empty_space][\/vc_column_inner][vc_column_inner width=&#8220;1\/2&#8243;][vc_single_image image=&#8220;6850&#8243; img_size=&#8220;medium&#8220; css=&#8220;.vc_custom_1751638432961{margin-bottom: 35px !important;}&#8220; qode_css_animation=&#8220;&#8220;][vc_column_text css=&#8220;&#8220;]<\/p>\n<h3>Lager<\/h3>\n<p>F\u00fcr einen tempor\u00e4ren <strong>Mangel an Lagerplatz<\/strong> gibt es viele Gr\u00fcnde. Wir haben bereits f\u00fcr zahlreiche unserer Kunden <strong>Lagerkapazit\u00e4ten organisiert.<\/strong>[\/vc_column_text][\/vc_column_inner][\/vc_row_inner][\/vc_column][\/vc_row][vc_row css_animation=&#8220;&#8220; row_type=&#8220;row&#8220; use_row_as_full_screen_section=&#8220;yes&#8220; type=&#8220;grid&#8220; angled_section=&#8220;no&#8220; text_align=&#8220;left&#8220; background_image_as_pattern=&#8220;without_pattern&#8220; z_index=&#8220;&#8220; background_color=&#8220;#00000000&#8243; css=&#8220;.vc_custom_1753803742963{padding-bottom: 85px !important;}&#8220;][vc_column width=&#8220;2\/12&#8243;][\/vc_column][vc_column width=&#8220;8\/12&#8243;][vc_row_inner row_type=&#8220;row&#8220; type=&#8220;full_width&#8220; text_align=&#8220;left&#8220; css_animation=&#8220;&#8220; el_class=&#8220;center-me&#8220;][vc_column_inner css=&#8220;.vc_custom_1753795201855{padding-top: 85px !important;padding-bottom: 15px !important;}&#8220;][vc_column_text css=&#8220;.vc_custom_1753804289571{margin-bottom: 0px !important;}&#8220;]<\/p>\n<h2>D\u00fcrfen wir f\u00fcr Sie t\u00e4tig werden?<\/h2>\n<p>Sie haben das perfekte Produkt und sind auf der Suche nach dem perfekten Partner? Wir unterst\u00fctzen Sie gerne.[\/vc_column_text][\/vc_column_inner][\/vc_row_inner]<a  itemprop=\"url\" href=\"\/de\/unternehmen\/ansprechpartner\/\" target=\"_self\"  class=\"qbutton  small default\" style=\"\">Zum Beratungsteam<\/a>[\/vc_column][vc_column width=&#8220;2\/12&#8243;][\/vc_column][\/vc_row][vc_row css_animation=&#8220;&#8220; row_type=&#8220;row&#8220; use_row_as_full_screen_section=&#8220;no&#8220; type=&#8220;grid&#8220; angled_section=&#8220;no&#8220; text_align=&#8220;left&#8220; background_image_as_pattern=&#8220;without_pattern&#8220; css=&#8220;.vc_custom_1751967112256{margin-top: 85px !important;margin-bottom: 142px !important;}&#8220; z_index=&#8220;&#8220;][vc_column width=&#8220;1\/2&#8243;]<a  itemprop=\"url\" href=\"https:\/\/temmentec.ch\/de\/lohnherstellung\/\" target=\"_self\"  class=\"qbutton  left default\" style=\"\">Zur\u00fcck zur \u00dcbersicht<i class=\"qode_icon_font_awesome fa fa-arrow-circle-o-left qode_button_icon_element\"><\/i><\/a>[vc_empty_space][\/vc_column][vc_column width=&#8220;1\/2&#8243; el_class=&#8220;spalte_rechtsbuendig&#8220;]<a  itemprop=\"url\" href=\"https:\/\/temmentec.ch\/de\/lohnherstellung\/kosmetik-produktion\/\" target=\"_self\"  class=\"qbutton  right default\" style=\"\">Kosmetikproduktion entdecken<i class=\"qode_icon_font_awesome fa fa-arrow-circle-o-right qode_button_icon_element\"><\/i><\/a>[vc_empty_space][\/vc_column][\/vc_row]<\/p>\n<\/div>","protected":false},"excerpt":{"rendered":"<p>[vc_row css_animation=&#8220;&#8220; row_type=&#8220;row&#8220; use_row_as_full_screen_section=&#8220;no&#8220; type=&#8220;grid&#8220; angled_section=&#8220;no&#8220; text_align=&#8220;left&#8220; background_image_as_pattern=&#8220;without_pattern&#8220; z_index=&#8220;&#8220;][vc_column width=&#8220;1\/2&#8243;][vc_single_image image=&#8220;6786&#8243; img_size=&#8220;medium&#8220; alignment=&#8220;right&#8220; css=&#8220;&#8220; qode_css_animation=&#8220;&#8220;][vc_empty_space][\/vc_column][vc_column width=&#8220;1\/2&#8243;][vc_column_text css=&#8220;&#8220;] Logistik Unsere Logistik: von der Produktion auf den LKW Temmentec ist von Anfang&#8230;<\/p>\n","protected":false},"author":1,"featured_media":0,"parent":104,"menu_order":40,"comment_status":"closed","ping_status":"closed","template":"full_width.php","meta":{"_uag_custom_page_level_css":"","footnotes":""},"class_list":["post-7051","page","type-page","status-publish","hentry"],"yoast_head":"<!-- This site is optimized with the Yoast SEO plugin v27.4 - https:\/\/yoast.com\/product\/yoast-seo-wordpress\/ -->\n<title>Logistik &#8211; Temmentec<\/title>\n<meta name=\"description\" content=\"Gerne unterst\u00fctzt Temmentec Sie tatkr\u00e4ftig mit unserem Know-How rund um Logistik und Transporte ins In- und Ausland.\" \/>\n<meta name=\"robots\" content=\"index, follow, max-snippet:-1, max-image-preview:large, max-video-preview:-1\" \/>\n<link rel=\"canonical\" href=\"https:\/\/temmentec.ch\/de\/lohnherstellung\/logistik\/\" \/>\n<meta property=\"og:locale\" content=\"de_DE\" \/>\n<meta property=\"og:type\" content=\"article\" \/>\n<meta property=\"og:title\" content=\"Logistik &#8211; Temmentec\" \/>\n<meta property=\"og:description\" content=\"Gerne unterst\u00fctzt Temmentec Sie tatkr\u00e4ftig mit unserem Know-How rund um Logistik und Transporte ins In- und Ausland.\" \/>\n<meta property=\"og:url\" content=\"https:\/\/temmentec.ch\/de\/lohnherstellung\/logistik\/\" \/>\n<meta property=\"og:site_name\" content=\"Temmentec\" \/>\n<meta property=\"article:modified_time\" content=\"2025-08-04T14:24:01+00:00\" \/>\n<meta name=\"twitter:card\" content=\"summary_large_image\" \/>\n<meta name=\"twitter:label1\" content=\"Gesch\u00e4tzte Lesezeit\" \/>\n\t<meta name=\"twitter:data1\" content=\"2\u00a0Minuten\" \/>\n<script type=\"application\/ld+json\" class=\"yoast-schema-graph\">{\"@context\":\"https:\\\/\\\/schema.org\",\"@graph\":[{\"@type\":\"WebPage\",\"@id\":\"https:\\\/\\\/temmentec.ch\\\/de\\\/lohnherstellung\\\/logistik\\\/\",\"url\":\"https:\\\/\\\/temmentec.ch\\\/de\\\/lohnherstellung\\\/logistik\\\/\",\"name\":\"Logistik &#8211; Temmentec\",\"isPartOf\":{\"@id\":\"https:\\\/\\\/temmentec.ch\\\/de\\\/#website\"},\"datePublished\":\"2025-02-20T09:02:22+00:00\",\"dateModified\":\"2025-08-04T14:24:01+00:00\",\"description\":\"Gerne unterst\u00fctzt Temmentec Sie tatkr\u00e4ftig mit unserem Know-How rund um Logistik und Transporte ins In- und Ausland.\",\"breadcrumb\":{\"@id\":\"https:\\\/\\\/temmentec.ch\\\/de\\\/lohnherstellung\\\/logistik\\\/#breadcrumb\"},\"inLanguage\":\"de\",\"potentialAction\":[{\"@type\":\"ReadAction\",\"target\":[\"https:\\\/\\\/temmentec.ch\\\/de\\\/lohnherstellung\\\/logistik\\\/\"]}]},{\"@type\":\"BreadcrumbList\",\"@id\":\"https:\\\/\\\/temmentec.ch\\\/de\\\/lohnherstellung\\\/logistik\\\/#breadcrumb\",\"itemListElement\":[{\"@type\":\"ListItem\",\"position\":1,\"name\":\"Startseite\",\"item\":\"https:\\\/\\\/temmentec.ch\\\/de\\\/\"},{\"@type\":\"ListItem\",\"position\":2,\"name\":\"Lohnherstellung\",\"item\":\"https:\\\/\\\/temmentec.ch\\\/de\\\/lohnherstellung\\\/\"},{\"@type\":\"ListItem\",\"position\":3,\"name\":\"Logistik\"}]},{\"@type\":\"WebSite\",\"@id\":\"https:\\\/\\\/temmentec.ch\\\/de\\\/#website\",\"url\":\"https:\\\/\\\/temmentec.ch\\\/de\\\/\",\"name\":\"Temmentec\",\"description\":\"Switzerland\",\"publisher\":{\"@id\":\"https:\\\/\\\/temmentec.ch\\\/de\\\/#organization\"},\"potentialAction\":[{\"@type\":\"SearchAction\",\"target\":{\"@type\":\"EntryPoint\",\"urlTemplate\":\"https:\\\/\\\/temmentec.ch\\\/de\\\/?s={search_term_string}\"},\"query-input\":{\"@type\":\"PropertyValueSpecification\",\"valueRequired\":true,\"valueName\":\"search_term_string\"}}],\"inLanguage\":\"de\"},{\"@type\":\"Organization\",\"@id\":\"https:\\\/\\\/temmentec.ch\\\/de\\\/#organization\",\"name\":\"Temmentec AG\",\"url\":\"https:\\\/\\\/temmentec.ch\\\/de\\\/\",\"logo\":{\"@type\":\"ImageObject\",\"inLanguage\":\"de\",\"@id\":\"https:\\\/\\\/temmentec.ch\\\/de\\\/#\\\/schema\\\/logo\\\/image\\\/\",\"url\":\"https:\\\/\\\/temmentec.ch\\\/wp-content\\\/uploads\\\/2025\\\/02\\\/temmentec_logo_neu.png\",\"contentUrl\":\"https:\\\/\\\/temmentec.ch\\\/wp-content\\\/uploads\\\/2025\\\/02\\\/temmentec_logo_neu.png\",\"width\":927,\"height\":227,\"caption\":\"Temmentec AG\"},\"image\":{\"@id\":\"https:\\\/\\\/temmentec.ch\\\/de\\\/#\\\/schema\\\/logo\\\/image\\\/\"}}]}<\/script>\n<!-- \/ Yoast SEO plugin. -->","yoast_head_json":{"title":"Logistik &#8211; Temmentec","description":"Gerne unterst\u00fctzt Temmentec Sie tatkr\u00e4ftig mit unserem Know-How rund um Logistik und Transporte ins In- und Ausland.","robots":{"index":"index","follow":"follow","max-snippet":"max-snippet:-1","max-image-preview":"max-image-preview:large","max-video-preview":"max-video-preview:-1"},"canonical":"https:\/\/temmentec.ch\/de\/lohnherstellung\/logistik\/","og_locale":"de_DE","og_type":"article","og_title":"Logistik &#8211; Temmentec","og_description":"Gerne unterst\u00fctzt Temmentec Sie tatkr\u00e4ftig mit unserem Know-How rund um Logistik und Transporte ins In- und Ausland.","og_url":"https:\/\/temmentec.ch\/de\/lohnherstellung\/logistik\/","og_site_name":"Temmentec","article_modified_time":"2025-08-04T14:24:01+00:00","twitter_card":"summary_large_image","twitter_misc":{"Gesch\u00e4tzte Lesezeit":"2\u00a0Minuten"},"schema":{"@context":"https:\/\/schema.org","@graph":[{"@type":"WebPage","@id":"https:\/\/temmentec.ch\/de\/lohnherstellung\/logistik\/","url":"https:\/\/temmentec.ch\/de\/lohnherstellung\/logistik\/","name":"Logistik &#8211; Temmentec","isPartOf":{"@id":"https:\/\/temmentec.ch\/de\/#website"},"datePublished":"2025-02-20T09:02:22+00:00","dateModified":"2025-08-04T14:24:01+00:00","description":"Gerne unterst\u00fctzt Temmentec Sie tatkr\u00e4ftig mit unserem Know-How rund um Logistik und Transporte ins In- und Ausland.","breadcrumb":{"@id":"https:\/\/temmentec.ch\/de\/lohnherstellung\/logistik\/#breadcrumb"},"inLanguage":"de","potentialAction":[{"@type":"ReadAction","target":["https:\/\/temmentec.ch\/de\/lohnherstellung\/logistik\/"]}]},{"@type":"BreadcrumbList","@id":"https:\/\/temmentec.ch\/de\/lohnherstellung\/logistik\/#breadcrumb","itemListElement":[{"@type":"ListItem","position":1,"name":"Startseite","item":"https:\/\/temmentec.ch\/de\/"},{"@type":"ListItem","position":2,"name":"Lohnherstellung","item":"https:\/\/temmentec.ch\/de\/lohnherstellung\/"},{"@type":"ListItem","position":3,"name":"Logistik"}]},{"@type":"WebSite","@id":"https:\/\/temmentec.ch\/de\/#website","url":"https:\/\/temmentec.ch\/de\/","name":"Temmentec","description":"Switzerland","publisher":{"@id":"https:\/\/temmentec.ch\/de\/#organization"},"potentialAction":[{"@type":"SearchAction","target":{"@type":"EntryPoint","urlTemplate":"https:\/\/temmentec.ch\/de\/?s={search_term_string}"},"query-input":{"@type":"PropertyValueSpecification","valueRequired":true,"valueName":"search_term_string"}}],"inLanguage":"de"},{"@type":"Organization","@id":"https:\/\/temmentec.ch\/de\/#organization","name":"Temmentec AG","url":"https:\/\/temmentec.ch\/de\/","logo":{"@type":"ImageObject","inLanguage":"de","@id":"https:\/\/temmentec.ch\/de\/#\/schema\/logo\/image\/","url":"https:\/\/temmentec.ch\/wp-content\/uploads\/2025\/02\/temmentec_logo_neu.png","contentUrl":"https:\/\/temmentec.ch\/wp-content\/uploads\/2025\/02\/temmentec_logo_neu.png","width":927,"height":227,"caption":"Temmentec AG"},"image":{"@id":"https:\/\/temmentec.ch\/de\/#\/schema\/logo\/image\/"}}]}},"uagb_featured_image_src":{"full":false,"thumbnail":false,"medium":false,"medium_large":false,"large":false,"event-post-thumb":false,"event-post-thumb-box":false,"1536x1536":false,"2048x2048":false,"portfolio-square":false,"portfolio-portrait":false,"portfolio-landscape":false,"menu-featured-post":false,"qode-carousel_slider":false,"portfolio_slider":false,"portfolio_masonry_regular":false,"portfolio_masonry_wide":false,"portfolio_masonry_tall":false,"portfolio_masonry_large":false,"portfolio_masonry_with_space":false,"latest_post_boxes":false},"uagb_author_info":{"display_name":"dc-admin","author_link":"https:\/\/temmentec.ch\/de\/author\/dc-admin\/"},"uagb_comment_info":0,"uagb_excerpt":"[vc_row css_animation=&#8220;&#8220; row_type=&#8220;row&#8220; use_row_as_full_screen_section=&#8220;no&#8220; type=&#8220;grid&#8220; angled_section=&#8220;no&#8220; text_align=&#8220;left&#8220; background_image_as_pattern=&#8220;without_pattern&#8220; z_index=&#8220;&#8220;][vc_column width=&#8220;1\/2&#8243;][vc_single_image image=&#8220;6786&#8243; img_size=&#8220;medium&#8220; alignment=&#8220;right&#8220; css=&#8220;&#8220; qode_css_animation=&#8220;&#8220;][vc_empty_space][\/vc_column][vc_column width=&#8220;1\/2&#8243;][vc_column_text css=&#8220;&#8220;] Logistik Unsere Logistik: von der Produktion auf den LKW Temmentec ist von Anfang...","_links":{"self":[{"href":"https:\/\/temmentec.ch\/de\/wp-json\/wp\/v2\/pages\/7051","targetHints":{"allow":["GET"]}}],"collection":[{"href":"https:\/\/temmentec.ch\/de\/wp-json\/wp\/v2\/pages"}],"about":[{"href":"https:\/\/temmentec.ch\/de\/wp-json\/wp\/v2\/types\/page"}],"author":[{"embeddable":true,"href":"https:\/\/temmentec.ch\/de\/wp-json\/wp\/v2\/users\/1"}],"replies":[{"embeddable":true,"href":"https:\/\/temmentec.ch\/de\/wp-json\/wp\/v2\/comments?post=7051"}],"version-history":[{"count":15,"href":"https:\/\/temmentec.ch\/de\/wp-json\/wp\/v2\/pages\/7051\/revisions"}],"predecessor-version":[{"id":9095,"href":"https:\/\/temmentec.ch\/de\/wp-json\/wp\/v2\/pages\/7051\/revisions\/9095"}],"up":[{"embeddable":true,"href":"https:\/\/temmentec.ch\/de\/wp-json\/wp\/v2\/pages\/104"}],"wp:attachment":[{"href":"https:\/\/temmentec.ch\/de\/wp-json\/wp\/v2\/media?parent=7051"}],"curies":[{"name":"wp","href":"https:\/\/api.w.org\/{rel}","templated":true}]}}