{"id":7043,"date":"2025-02-20T08:38:33","date_gmt":"2025-02-20T08:38:33","guid":{"rendered":"https:\/\/temmentec.dclabs2.ch\/?page_id=7043"},"modified":"2025-08-04T16:16:59","modified_gmt":"2025-08-04T14:16:59","slug":"qualitaet","status":"publish","type":"page","link":"https:\/\/temmentec.ch\/de\/lohnherstellung\/qualitaet\/","title":{"rendered":"Qualit\u00e4t"},"content":{"rendered":"<div class=\"wpb-content-wrapper\"><p>[vc_row css_animation=&#8220;&#8220; row_type=&#8220;row&#8220; use_row_as_full_screen_section=&#8220;no&#8220; type=&#8220;grid&#8220; angled_section=&#8220;no&#8220; text_align=&#8220;left&#8220; background_image_as_pattern=&#8220;without_pattern&#8220; z_index=&#8220;&#8220;][vc_column width=&#8220;1\/2&#8243;][vc_single_image image=&#8220;6790&#8243; img_size=&#8220;medium&#8220; alignment=&#8220;right&#8220; css=&#8220;&#8220; qode_css_animation=&#8220;&#8220;][vc_empty_space][\/vc_column][vc_column width=&#8220;1\/2&#8243;][vc_column_text css=&#8220;&#8220;]<\/p>\n<h6>Qualit\u00e4t<\/h6>\n<h1>Qualit\u00e4tssicherung bei der Herstellung: Das Herzst\u00fcck s\u00e4mtlicher Arbeitsschritte<\/h1>\n<p>Als Lohnhersteller von Kosmetika garantiert Ihnen Temmentec h\u00f6chste Qualit\u00e4t unter Einhaltung s\u00e4mtlicher erforderlicher Standards und \u00fcberpr\u00fcft diese mit hochqualifizierten Mitarbeitenden und eigenem Labor direkt in Sumiswald.[\/vc_column_text][\/vc_column][\/vc_row][vc_row css_animation=&#8220;&#8220; row_type=&#8220;row&#8220; use_row_as_full_screen_section=&#8220;no&#8220; type=&#8220;grid&#8220; angled_section=&#8220;no&#8220; text_align=&#8220;left&#8220; background_image_as_pattern=&#8220;without_pattern&#8220; z_index=&#8220;&#8220;][vc_column][vc_empty_space height=&#8220;50px&#8220;][\/vc_column][\/vc_row][vc_row css_animation=&#8220;&#8220; row_type=&#8220;row&#8220; use_row_as_full_screen_section=&#8220;no&#8220; type=&#8220;grid&#8220; angled_section=&#8220;no&#8220; text_align=&#8220;left&#8220; background_image_as_pattern=&#8220;without_pattern&#8220; z_index=&#8220;&#8220;][vc_column width=&#8220;8\/12&#8243; el_class=&#8220;center-me&#8220;][vc_column_text css=&#8220;&#8220;]<\/p>\n<h3>Hohe Qualit\u00e4tsanspr\u00fcche f\u00fcr beste Kosmetikprodukte<\/h3>\n<p>Dank des internen, komplett ausger\u00fcsteten Labors und eines sehr erfahrenen wissenschaftlichen Expertenteams k\u00f6nnen wir f\u00fcr unsere Kosmetik alle standardm\u00e4ssigen Qualit\u00e4tskontrollen vor Ort anbieten (Dichte, pH-Wert, Aspekt, Spektroskopie (IR) und Viskosit\u00e4t). Temmentec verf\u00fcgt auch \u00fcber die M\u00f6glichkeit, in Sumiswald bei allen Produkten mikrobiologische Tests durchzuf\u00fchren.[\/vc_column_text][\/vc_column][\/vc_row][vc_row css_animation=&#8220;&#8220; row_type=&#8220;row&#8220; use_row_as_full_screen_section=&#8220;no&#8220; type=&#8220;grid&#8220; angled_section=&#8220;no&#8220; text_align=&#8220;left&#8220; background_image_as_pattern=&#8220;without_pattern&#8220; z_index=&#8220;&#8220;][vc_column][vc_empty_space][\/vc_column][\/vc_row][vc_row css_animation=&#8220;&#8220; row_type=&#8220;row&#8220; use_row_as_full_screen_section=&#8220;no&#8220; type=&#8220;grid&#8220; angled_section=&#8220;no&#8220; text_align=&#8220;left&#8220; background_image_as_pattern=&#8220;without_pattern&#8220; z_index=&#8220;&#8220;][vc_column width=&#8220;2\/3&#8243; el_class=&#8220;center-me&#8220;][vc_column_text css=&#8220;&#8220;]<\/p>\n<div class=\"part text tall\">\n<div class=\"text-section text-section--h5\">\n<h5>Zertifikate<\/h5>\n<\/div>\n<\/div>\n<div class=\"part load file tall\"><a class=\"load\" title=\"Zertifikat ISO 9001 (PDF) (202 KB)\" href=\"https:\/\/temmentec.ch\/wp-content\/uploads\/2025\/07\/zertifikat_iso_9001_und_iso_14001.pdf\" target=\"_blank\" rel=\"noopener\">ISO 9001 (PDF)<\/a><\/div>\n<div class=\"part load file tall\"><a class=\"load\" title=\"Zertifikat ISO 14001 (PDF) (202 KB)\" href=\"https:\/\/temmentec.ch\/wp-content\/uploads\/2025\/07\/zertifikat_iso_9001_und_iso_14001.pdf\" target=\"_blank\" rel=\"noopener\">ISO 14001 (PDF)<\/a><\/div>\n<div class=\"part load file tall\"><a class=\"load\" title=\"Zertifikat Cosmetic GMP ISO 22716 (PDF) (194 KB)\" href=\"https:\/\/temmentec.ch\/wp-content\/uploads\/2025\/07\/zertifikat_iso_22716_gmp.pdf\" target=\"_blank\" rel=\"noopener\">Cosmetic GMP ISO 22716 (PDF)<\/a><\/div>\n<p>[\/vc_column_text][\/vc_column][\/vc_row][vc_row css_animation=&#8220;&#8220; row_type=&#8220;row&#8220; use_row_as_full_screen_section=&#8220;yes&#8220; type=&#8220;grid&#8220; angled_section=&#8220;no&#8220; text_align=&#8220;left&#8220; background_image_as_pattern=&#8220;without_pattern&#8220; z_index=&#8220;&#8220; background_color=&#8220;#00000000&#8243; el_class=&#8220;intro-home-bg-right style-dark&#8220; css=&#8220;.vc_custom_1753804108950{margin-top: 85px !important;padding-bottom: 85px !important;background-color: #3180DE !important;}&#8220;][vc_column el_class=&#8220;center-me intro-inner&#8220;][vc_row_inner row_type=&#8220;row&#8220; type=&#8220;full_width&#8220; text_align=&#8220;left&#8220; css_animation=&#8220;&#8220; el_class=&#8220;center-me&#8220;][vc_column_inner width=&#8220;7\/12&#8243; css=&#8220;.vc_custom_1739972760319{padding-top: 85px !important;padding-bottom: 85px !important;}&#8220;][vc_column_text css=&#8220;&#8220;]<\/p>\n<h2>Praxisbeispiele<\/h2>\n<p>Wir sind mit grosser Freude und viel Elan an unserer t\u00e4glichen Arbeit und geben bei der Kosmetikherstellung stets das Beste f\u00fcr unsere Kunden. \u00dcberzeugen Sie sich von der hochstehenden Qualit\u00e4t unserer Produkte und von unserem Know-how.[\/vc_column_text][\/vc_column_inner][\/vc_row_inner][vc_row_inner row_type=&#8220;row&#8220; type=&#8220;full_width&#8220; text_align=&#8220;left&#8220; css_animation=&#8220;&#8220; el_class=&#8220;intro-inner-two-col&#8220;][vc_column_inner width=&#8220;1\/2&#8243; css=&#8220;.vc_custom_1751636980679{padding-bottom: 35px !important;}&#8220;][vc_single_image image=&#8220;6874&#8243; img_size=&#8220;medium&#8220; css=&#8220;&#8220; qode_css_animation=&#8220;&#8220;][\/vc_column_inner][vc_column_inner width=&#8220;1\/2&#8243; css=&#8220;.vc_custom_1751637244429{margin-bottom: 32px !important;}&#8220;][vc_single_image image=&#8220;6870&#8243; img_size=&#8220;medium&#8220; css=&#8220;&#8220; qode_css_animation=&#8220;&#8220;][\/vc_column_inner][\/vc_row_inner][vc_row_inner row_type=&#8220;row&#8220; type=&#8220;full_width&#8220; text_align=&#8220;left&#8220; css_animation=&#8220;&#8220; el_class=&#8220;intro-inner-two-col&#8220;][vc_column_inner][vc_column_text css=&#8220;&#8220;]<\/p>\n<h2>Kosmetikproduktion mit Qualit\u00e4tspr\u00fcfung<\/h2>\n<p>[\/vc_column_text][\/vc_column_inner][\/vc_row_inner][vc_empty_space][vc_row_inner row_type=&#8220;row&#8220; type=&#8220;full_width&#8220; text_align=&#8220;left&#8220; css_animation=&#8220;&#8220; el_class=&#8220;intro-inner-two-col&#8220;][vc_column_inner width=&#8220;1\/2&#8243;][vc_column_text css=&#8220;&#8220;]<\/p>\n<h3>Interne Pr\u00fcfungen<\/h3>\n<p>Der Grossteil der umfassenden Kontrollen von Rohstoffen, Bulk, Halbfabrikaten, fertigen Produkten (inkl. Mikrobiologie) und Verpackungen werden von unseren <strong>erfahrenen QK-Mitarbeitenden<\/strong> auf unseren Pr\u00fcfger\u00e4ten intern durchgef\u00fchrt.<\/p>\n<p>Pro Jahr f\u00fchren wir ca. <strong>4500\u00a0Wareneingangs\u00adpr\u00fcfungen<\/strong> und ca. <strong>3500\u00a0Pr\u00fcfungen bei Bulks, Halbfabrikaten<\/strong> und <strong>Fertigwaren<\/strong> durch.[\/vc_column_text][vc_empty_space][\/vc_column_inner][vc_column_inner width=&#8220;1\/2&#8243;][vc_column_text css=&#8220;.vc_custom_1751636847579{padding-bottom: 85px !important;}&#8220;]<\/p>\n<h3>Externe Pr\u00fcfungen<\/h3>\n<p>F\u00fcr externe Pr\u00fcfungen und Analytik arbeiten wir mit verschiedenen, <strong>unabh\u00e4ngigen Pr\u00fcflaboren<\/strong> zusammen.[\/vc_column_text][\/vc_column_inner][\/vc_row_inner][\/vc_column][\/vc_row][vc_row css_animation=&#8220;&#8220; row_type=&#8220;row&#8220; use_row_as_full_screen_section=&#8220;yes&#8220; type=&#8220;grid&#8220; angled_section=&#8220;no&#8220; text_align=&#8220;left&#8220; background_image_as_pattern=&#8220;without_pattern&#8220; z_index=&#8220;&#8220; background_color=&#8220;#00000000&#8243; css=&#8220;.vc_custom_1753803742963{padding-bottom: 85px !important;}&#8220;][vc_column width=&#8220;2\/12&#8243;][\/vc_column][vc_column width=&#8220;8\/12&#8243;][vc_row_inner row_type=&#8220;row&#8220; type=&#8220;full_width&#8220; text_align=&#8220;left&#8220; css_animation=&#8220;&#8220; el_class=&#8220;center-me&#8220;][vc_column_inner css=&#8220;.vc_custom_1753795201855{padding-top: 85px !important;padding-bottom: 15px !important;}&#8220;][vc_column_text css=&#8220;.vc_custom_1753804151135{margin-bottom: 0px !important;}&#8220;]<\/p>\n<h2>D\u00fcrfen wir f\u00fcr Sie t\u00e4tig werden?<\/h2>\n<p>Sie haben das perfekte Produkt und sind auf der Suche nach dem perfekten Hersteller? Wir unterst\u00fctzen Sie gerne, um einen effizienten und reibungslosen Produkttransfer sicherzustellen.[\/vc_column_text][\/vc_column_inner][\/vc_row_inner]<a  itemprop=\"url\" href=\"\/de\/unternehmen\/ansprechpartner\/\" target=\"_self\"  class=\"qbutton  small default\" style=\"\">Zum Beratungsteam<\/a>[\/vc_column][vc_column width=&#8220;2\/12&#8243;][\/vc_column][\/vc_row][vc_row css_animation=&#8220;&#8220; row_type=&#8220;row&#8220; use_row_as_full_screen_section=&#8220;no&#8220; type=&#8220;grid&#8220; angled_section=&#8220;no&#8220; text_align=&#8220;left&#8220; background_image_as_pattern=&#8220;without_pattern&#8220; css=&#8220;.vc_custom_1751967112256{margin-top: 85px !important;margin-bottom: 142px !important;}&#8220; z_index=&#8220;&#8220;][vc_column width=&#8220;1\/2&#8243;]<a  itemprop=\"url\" href=\"https:\/\/temmentec.ch\/de\/lohnherstellung\/\" target=\"_self\"  class=\"qbutton  left default\" style=\"\">Zur\u00fcck zur \u00dcbersicht<i class=\"qode_icon_font_awesome fa fa-arrow-circle-o-left qode_button_icon_element\"><\/i><\/a>[vc_empty_space][\/vc_column][vc_column width=&#8220;1\/2&#8243; el_class=&#8220;spalte_rechtsbuendig&#8220;]<a  itemprop=\"url\" href=\"https:\/\/temmentec.ch\/de\/lohnherstellung\/logistik\/\" target=\"_self\"  class=\"qbutton  right default\" style=\"\">Logistik entdecken<i class=\"qode_icon_font_awesome fa fa-arrow-circle-o-right qode_button_icon_element\"><\/i><\/a>[vc_empty_space][\/vc_column][\/vc_row]<\/p>\n<\/div>","protected":false},"excerpt":{"rendered":"<p>[vc_row css_animation=&#8220;&#8220; row_type=&#8220;row&#8220; use_row_as_full_screen_section=&#8220;no&#8220; type=&#8220;grid&#8220; angled_section=&#8220;no&#8220; text_align=&#8220;left&#8220; background_image_as_pattern=&#8220;without_pattern&#8220; z_index=&#8220;&#8220;][vc_column width=&#8220;1\/2&#8243;][vc_single_image image=&#8220;6790&#8243; img_size=&#8220;medium&#8220; alignment=&#8220;right&#8220; css=&#8220;&#8220; qode_css_animation=&#8220;&#8220;][vc_empty_space][\/vc_column][vc_column width=&#8220;1\/2&#8243;][vc_column_text css=&#8220;&#8220;] Qualit\u00e4t Qualit\u00e4tssicherung bei der Herstellung: Das Herzst\u00fcck s\u00e4mtlicher Arbeitsschritte Als Lohnhersteller von Kosmetika&#8230;<\/p>\n","protected":false},"author":1,"featured_media":0,"parent":104,"menu_order":34,"comment_status":"closed","ping_status":"closed","template":"full_width.php","meta":{"_uag_custom_page_level_css":"","footnotes":""},"class_list":["post-7043","page","type-page","status-publish","hentry"],"yoast_head":"<!-- This site is optimized with the Yoast SEO plugin v27.4 - https:\/\/yoast.com\/product\/yoast-seo-wordpress\/ -->\n<title>Qualit\u00e4t &#8211; Temmentec<\/title>\n<meta name=\"description\" content=\"Als Lohnhersteller von Kosmetika garantiert Ihnen Temmentec h\u00f6chste Qualit\u00e4t unter Einhaltung s\u00e4mtlicher erforderlicher Standards.\" \/>\n<meta name=\"robots\" content=\"index, follow, max-snippet:-1, max-image-preview:large, max-video-preview:-1\" \/>\n<link rel=\"canonical\" href=\"https:\/\/temmentec.ch\/de\/lohnherstellung\/qualitaet\/\" \/>\n<meta property=\"og:locale\" content=\"de_DE\" \/>\n<meta property=\"og:type\" content=\"article\" \/>\n<meta property=\"og:title\" content=\"Qualit\u00e4t &#8211; Temmentec\" \/>\n<meta property=\"og:description\" content=\"Als Lohnhersteller von Kosmetika garantiert Ihnen Temmentec h\u00f6chste Qualit\u00e4t unter Einhaltung s\u00e4mtlicher erforderlicher Standards.\" \/>\n<meta property=\"og:url\" content=\"https:\/\/temmentec.ch\/de\/lohnherstellung\/qualitaet\/\" \/>\n<meta property=\"og:site_name\" content=\"Temmentec\" \/>\n<meta property=\"article:modified_time\" content=\"2025-08-04T14:16:59+00:00\" \/>\n<meta name=\"twitter:card\" content=\"summary_large_image\" \/>\n<meta name=\"twitter:label1\" content=\"Gesch\u00e4tzte Lesezeit\" \/>\n\t<meta name=\"twitter:data1\" content=\"3\u00a0Minuten\" \/>\n<script type=\"application\/ld+json\" class=\"yoast-schema-graph\">{\"@context\":\"https:\\\/\\\/schema.org\",\"@graph\":[{\"@type\":\"WebPage\",\"@id\":\"https:\\\/\\\/temmentec.ch\\\/de\\\/lohnherstellung\\\/qualitaet\\\/\",\"url\":\"https:\\\/\\\/temmentec.ch\\\/de\\\/lohnherstellung\\\/qualitaet\\\/\",\"name\":\"Qualit\u00e4t &#8211; Temmentec\",\"isPartOf\":{\"@id\":\"https:\\\/\\\/temmentec.ch\\\/de\\\/#website\"},\"datePublished\":\"2025-02-20T08:38:33+00:00\",\"dateModified\":\"2025-08-04T14:16:59+00:00\",\"description\":\"Als Lohnhersteller von Kosmetika garantiert Ihnen Temmentec h\u00f6chste Qualit\u00e4t unter Einhaltung s\u00e4mtlicher erforderlicher Standards.\",\"breadcrumb\":{\"@id\":\"https:\\\/\\\/temmentec.ch\\\/de\\\/lohnherstellung\\\/qualitaet\\\/#breadcrumb\"},\"inLanguage\":\"de\",\"potentialAction\":[{\"@type\":\"ReadAction\",\"target\":[\"https:\\\/\\\/temmentec.ch\\\/de\\\/lohnherstellung\\\/qualitaet\\\/\"]}]},{\"@type\":\"BreadcrumbList\",\"@id\":\"https:\\\/\\\/temmentec.ch\\\/de\\\/lohnherstellung\\\/qualitaet\\\/#breadcrumb\",\"itemListElement\":[{\"@type\":\"ListItem\",\"position\":1,\"name\":\"Startseite\",\"item\":\"https:\\\/\\\/temmentec.ch\\\/de\\\/\"},{\"@type\":\"ListItem\",\"position\":2,\"name\":\"Lohnherstellung\",\"item\":\"https:\\\/\\\/temmentec.ch\\\/de\\\/lohnherstellung\\\/\"},{\"@type\":\"ListItem\",\"position\":3,\"name\":\"Qualit\u00e4t\"}]},{\"@type\":\"WebSite\",\"@id\":\"https:\\\/\\\/temmentec.ch\\\/de\\\/#website\",\"url\":\"https:\\\/\\\/temmentec.ch\\\/de\\\/\",\"name\":\"Temmentec\",\"description\":\"Switzerland\",\"publisher\":{\"@id\":\"https:\\\/\\\/temmentec.ch\\\/de\\\/#organization\"},\"potentialAction\":[{\"@type\":\"SearchAction\",\"target\":{\"@type\":\"EntryPoint\",\"urlTemplate\":\"https:\\\/\\\/temmentec.ch\\\/de\\\/?s={search_term_string}\"},\"query-input\":{\"@type\":\"PropertyValueSpecification\",\"valueRequired\":true,\"valueName\":\"search_term_string\"}}],\"inLanguage\":\"de\"},{\"@type\":\"Organization\",\"@id\":\"https:\\\/\\\/temmentec.ch\\\/de\\\/#organization\",\"name\":\"Temmentec AG\",\"url\":\"https:\\\/\\\/temmentec.ch\\\/de\\\/\",\"logo\":{\"@type\":\"ImageObject\",\"inLanguage\":\"de\",\"@id\":\"https:\\\/\\\/temmentec.ch\\\/de\\\/#\\\/schema\\\/logo\\\/image\\\/\",\"url\":\"https:\\\/\\\/temmentec.ch\\\/wp-content\\\/uploads\\\/2025\\\/02\\\/temmentec_logo_neu.png\",\"contentUrl\":\"https:\\\/\\\/temmentec.ch\\\/wp-content\\\/uploads\\\/2025\\\/02\\\/temmentec_logo_neu.png\",\"width\":927,\"height\":227,\"caption\":\"Temmentec AG\"},\"image\":{\"@id\":\"https:\\\/\\\/temmentec.ch\\\/de\\\/#\\\/schema\\\/logo\\\/image\\\/\"}}]}<\/script>\n<!-- \/ Yoast SEO plugin. -->","yoast_head_json":{"title":"Qualit\u00e4t &#8211; Temmentec","description":"Als Lohnhersteller von Kosmetika garantiert Ihnen Temmentec h\u00f6chste Qualit\u00e4t unter Einhaltung s\u00e4mtlicher erforderlicher Standards.","robots":{"index":"index","follow":"follow","max-snippet":"max-snippet:-1","max-image-preview":"max-image-preview:large","max-video-preview":"max-video-preview:-1"},"canonical":"https:\/\/temmentec.ch\/de\/lohnherstellung\/qualitaet\/","og_locale":"de_DE","og_type":"article","og_title":"Qualit\u00e4t &#8211; Temmentec","og_description":"Als Lohnhersteller von Kosmetika garantiert Ihnen Temmentec h\u00f6chste Qualit\u00e4t unter Einhaltung s\u00e4mtlicher erforderlicher Standards.","og_url":"https:\/\/temmentec.ch\/de\/lohnherstellung\/qualitaet\/","og_site_name":"Temmentec","article_modified_time":"2025-08-04T14:16:59+00:00","twitter_card":"summary_large_image","twitter_misc":{"Gesch\u00e4tzte Lesezeit":"3\u00a0Minuten"},"schema":{"@context":"https:\/\/schema.org","@graph":[{"@type":"WebPage","@id":"https:\/\/temmentec.ch\/de\/lohnherstellung\/qualitaet\/","url":"https:\/\/temmentec.ch\/de\/lohnherstellung\/qualitaet\/","name":"Qualit\u00e4t &#8211; Temmentec","isPartOf":{"@id":"https:\/\/temmentec.ch\/de\/#website"},"datePublished":"2025-02-20T08:38:33+00:00","dateModified":"2025-08-04T14:16:59+00:00","description":"Als Lohnhersteller von Kosmetika garantiert Ihnen Temmentec h\u00f6chste Qualit\u00e4t unter Einhaltung s\u00e4mtlicher erforderlicher Standards.","breadcrumb":{"@id":"https:\/\/temmentec.ch\/de\/lohnherstellung\/qualitaet\/#breadcrumb"},"inLanguage":"de","potentialAction":[{"@type":"ReadAction","target":["https:\/\/temmentec.ch\/de\/lohnherstellung\/qualitaet\/"]}]},{"@type":"BreadcrumbList","@id":"https:\/\/temmentec.ch\/de\/lohnherstellung\/qualitaet\/#breadcrumb","itemListElement":[{"@type":"ListItem","position":1,"name":"Startseite","item":"https:\/\/temmentec.ch\/de\/"},{"@type":"ListItem","position":2,"name":"Lohnherstellung","item":"https:\/\/temmentec.ch\/de\/lohnherstellung\/"},{"@type":"ListItem","position":3,"name":"Qualit\u00e4t"}]},{"@type":"WebSite","@id":"https:\/\/temmentec.ch\/de\/#website","url":"https:\/\/temmentec.ch\/de\/","name":"Temmentec","description":"Switzerland","publisher":{"@id":"https:\/\/temmentec.ch\/de\/#organization"},"potentialAction":[{"@type":"SearchAction","target":{"@type":"EntryPoint","urlTemplate":"https:\/\/temmentec.ch\/de\/?s={search_term_string}"},"query-input":{"@type":"PropertyValueSpecification","valueRequired":true,"valueName":"search_term_string"}}],"inLanguage":"de"},{"@type":"Organization","@id":"https:\/\/temmentec.ch\/de\/#organization","name":"Temmentec AG","url":"https:\/\/temmentec.ch\/de\/","logo":{"@type":"ImageObject","inLanguage":"de","@id":"https:\/\/temmentec.ch\/de\/#\/schema\/logo\/image\/","url":"https:\/\/temmentec.ch\/wp-content\/uploads\/2025\/02\/temmentec_logo_neu.png","contentUrl":"https:\/\/temmentec.ch\/wp-content\/uploads\/2025\/02\/temmentec_logo_neu.png","width":927,"height":227,"caption":"Temmentec AG"},"image":{"@id":"https:\/\/temmentec.ch\/de\/#\/schema\/logo\/image\/"}}]}},"uagb_featured_image_src":{"full":false,"thumbnail":false,"medium":false,"medium_large":false,"large":false,"event-post-thumb":false,"event-post-thumb-box":false,"1536x1536":false,"2048x2048":false,"portfolio-square":false,"portfolio-portrait":false,"portfolio-landscape":false,"menu-featured-post":false,"qode-carousel_slider":false,"portfolio_slider":false,"portfolio_masonry_regular":false,"portfolio_masonry_wide":false,"portfolio_masonry_tall":false,"portfolio_masonry_large":false,"portfolio_masonry_with_space":false,"latest_post_boxes":false},"uagb_author_info":{"display_name":"dc-admin","author_link":"https:\/\/temmentec.ch\/de\/author\/dc-admin\/"},"uagb_comment_info":0,"uagb_excerpt":"[vc_row css_animation=&#8220;&#8220; row_type=&#8220;row&#8220; use_row_as_full_screen_section=&#8220;no&#8220; type=&#8220;grid&#8220; angled_section=&#8220;no&#8220; text_align=&#8220;left&#8220; background_image_as_pattern=&#8220;without_pattern&#8220; z_index=&#8220;&#8220;][vc_column width=&#8220;1\/2&#8243;][vc_single_image image=&#8220;6790&#8243; img_size=&#8220;medium&#8220; alignment=&#8220;right&#8220; css=&#8220;&#8220; qode_css_animation=&#8220;&#8220;][vc_empty_space][\/vc_column][vc_column width=&#8220;1\/2&#8243;][vc_column_text css=&#8220;&#8220;] Qualit\u00e4t Qualit\u00e4tssicherung bei der Herstellung: Das Herzst\u00fcck s\u00e4mtlicher Arbeitsschritte Als Lohnhersteller von Kosmetika...","_links":{"self":[{"href":"https:\/\/temmentec.ch\/de\/wp-json\/wp\/v2\/pages\/7043","targetHints":{"allow":["GET"]}}],"collection":[{"href":"https:\/\/temmentec.ch\/de\/wp-json\/wp\/v2\/pages"}],"about":[{"href":"https:\/\/temmentec.ch\/de\/wp-json\/wp\/v2\/types\/page"}],"author":[{"embeddable":true,"href":"https:\/\/temmentec.ch\/de\/wp-json\/wp\/v2\/users\/1"}],"replies":[{"embeddable":true,"href":"https:\/\/temmentec.ch\/de\/wp-json\/wp\/v2\/comments?post=7043"}],"version-history":[{"count":22,"href":"https:\/\/temmentec.ch\/de\/wp-json\/wp\/v2\/pages\/7043\/revisions"}],"predecessor-version":[{"id":9084,"href":"https:\/\/temmentec.ch\/de\/wp-json\/wp\/v2\/pages\/7043\/revisions\/9084"}],"up":[{"embeddable":true,"href":"https:\/\/temmentec.ch\/de\/wp-json\/wp\/v2\/pages\/104"}],"wp:attachment":[{"href":"https:\/\/temmentec.ch\/de\/wp-json\/wp\/v2\/media?parent=7043"}],"curies":[{"name":"wp","href":"https:\/\/api.w.org\/{rel}","templated":true}]}}