{"id":7033,"date":"2025-02-19T15:51:40","date_gmt":"2025-02-19T15:51:40","guid":{"rendered":"https:\/\/temmentec.dclabs2.ch\/?page_id=7033"},"modified":"2025-08-04T16:03:15","modified_gmt":"2025-08-04T14:03:15","slug":"konfektionierung","status":"publish","type":"page","link":"https:\/\/temmentec.ch\/de\/lohnherstellung\/konfektionierung\/","title":{"rendered":"Konfektionierung"},"content":{"rendered":"<div class=\"wpb-content-wrapper\"><p>[vc_row css_animation=&#8220;&#8220; row_type=&#8220;row&#8220; use_row_as_full_screen_section=&#8220;no&#8220; type=&#8220;grid&#8220; angled_section=&#8220;no&#8220; text_align=&#8220;left&#8220; background_image_as_pattern=&#8220;without_pattern&#8220; z_index=&#8220;&#8220;][vc_column width=&#8220;1\/2&#8243;][vc_single_image image=&#8220;6782&#8243; img_size=&#8220;medium&#8220; alignment=&#8220;right&#8220; css=&#8220;&#8220; qode_css_animation=&#8220;&#8220;][vc_empty_space][\/vc_column][vc_column width=&#8220;1\/2&#8243;][vc_column_text css=&#8220;&#8220;]<\/p>\n<h6>Konfektionierung<\/h6>\n<h1>In der Konfektionierung sind Ihrer Kreativit\u00e4t keine Grenzen gesetzt<\/h1>\n<p>Unsere zweite Kernkompetenz, neben der Herstellung kosmetischer Produkte, ist das Abf\u00fcllen und Verpacken nach Vorgaben des Kunden und mit h\u00f6chster Flexibilit\u00e4t in Sachen St\u00fcckzahlen und Ausf\u00fchrung.[\/vc_column_text][\/vc_column][\/vc_row][vc_row css_animation=&#8220;&#8220; row_type=&#8220;row&#8220; use_row_as_full_screen_section=&#8220;no&#8220; type=&#8220;grid&#8220; angled_section=&#8220;no&#8220; text_align=&#8220;left&#8220; background_image_as_pattern=&#8220;without_pattern&#8220; z_index=&#8220;&#8220;][vc_column][vc_empty_space height=&#8220;50px&#8220;][\/vc_column][\/vc_row][vc_row css_animation=&#8220;&#8220; row_type=&#8220;row&#8220; use_row_as_full_screen_section=&#8220;no&#8220; type=&#8220;grid&#8220; angled_section=&#8220;no&#8220; text_align=&#8220;left&#8220; background_image_as_pattern=&#8220;without_pattern&#8220; z_index=&#8220;&#8220;][vc_column width=&#8220;8\/12&#8243; el_class=&#8220;center-me&#8220;][vc_column_text css=&#8220;&#8220;]<\/p>\n<h3>Sie w\u00fcnschen, wir setzen um<\/h3>\n<p>Der hergestellte oder gegebenenfalls auch beigestellte Bulk wird auf unseren breit aufgestellten Abf\u00fcllanlagen in das jeweilige Prim\u00e4rgebinde abgef\u00fcllt. Dies kann von einem Tiegel \u00fcber eine Tube bis hin zu einer Flasche so ziemlich alles sein, auch Form und Gr\u00f6sse sind kaum Grenzen gesetzt. Zus\u00e4tzliche Schritte wie Anbringen von Siegelfolien, Auflegen von Abdeckscheiben, Etikettieren, Anbringen von Erst\u00f6ffnungssiegeln etc. sind, dank unseres modular aufgebauten Maschinenparks, problemlos umsetzbar.<\/p>\n<p>Je nach Bed\u00fcrfnis des Kunden werden die abgef\u00fcllten Kosmetikprodukte direkt in Versandkartons verpackt oder aber in einem weiteren Schritt in Faltschachteln verpackt. Auch beim Verpackungsschritt bieten wir wieder jede Menge M\u00f6glichkeiten an, um das Produkt kundenindividuell zu gestalten. Inliner, Beipackzettel, Etiketten, Erst\u00f6ffnungsgarantien, Cellophanieren und etc. \u2013 alles kein Problem bei Temmentec.[\/vc_column_text][\/vc_column][\/vc_row][vc_row css_animation=&#8220;&#8220; row_type=&#8220;row&#8220; use_row_as_full_screen_section=&#8220;no&#8220; type=&#8220;grid&#8220; angled_section=&#8220;no&#8220; text_align=&#8220;left&#8220; background_image_as_pattern=&#8220;without_pattern&#8220; z_index=&#8220;&#8220;][vc_column][vc_empty_space][\/vc_column][\/vc_row][vc_row css_animation=&#8220;&#8220; row_type=&#8220;row&#8220; use_row_as_full_screen_section=&#8220;no&#8220; type=&#8220;grid&#8220; angled_section=&#8220;no&#8220; text_align=&#8220;left&#8220; background_image_as_pattern=&#8220;without_pattern&#8220; z_index=&#8220;&#8220;][vc_column width=&#8220;2\/3&#8243; el_class=&#8220;center-me&#8220;][vc_column_text css=&#8220;&#8220;]<\/p>\n<h3>Ihre M\u00f6glichkeiten zur Abf\u00fcllung<\/h3>\n<ul>\n<li>Tube (PE, Polyfoil, PCR etc.)<\/li>\n<li>Glas- und Kunststofftiegel<\/li>\n<li>Airless-Gebinde<\/li>\n<li>Dispenser<\/li>\n<li>Glas- und Kunststoffflaschen<\/li>\n<\/ul>\n<p>Unsere Lohnabf\u00fcllung ist zudem spezialisiert im Bereich der Warmabf\u00fcllung in Tiegel und H\u00fclsen (Hautpflege, Sonnenschutz, Lippenbalsam, Kombi-Sticks etc.).<\/p>\n<p>F\u00fcr Mustertuben k\u00f6nnen wir Ihnen dank eines vollautomatischen Prozesses f\u00fcr Abf\u00fcllen, Verpacken und Schrumpfen flexible, kostenoptimierte L\u00f6sungen anbieten.[\/vc_column_text][\/vc_column][\/vc_row][vc_row css_animation=&#8220;&#8220; row_type=&#8220;row&#8220; use_row_as_full_screen_section=&#8220;no&#8220; type=&#8220;full_width&#8220; angled_section=&#8220;no&#8220; text_align=&#8220;left&#8220; background_image_as_pattern=&#8220;without_pattern&#8220;][vc_column][vc_empty_space][\/vc_column][\/vc_row][vc_row css_animation=&#8220;&#8220; row_type=&#8220;row&#8220; use_row_as_full_screen_section=&#8220;no&#8220; type=&#8220;grid&#8220; angled_section=&#8220;no&#8220; text_align=&#8220;left&#8220; background_image_as_pattern=&#8220;without_pattern&#8220; z_index=&#8220;&#8220; css=&#8220;.vc_custom_1751629418454{margin-bottom: 85px !important;}&#8220;][vc_column width=&#8220;2\/3&#8243; el_class=&#8220;center-me&#8220;][vc_column_text css=&#8220;&#8220;]<\/p>\n<h3>Weitere Chancen<\/h3>\n<ul>\n<li>Etikettieren<\/li>\n<li>Siegeln<\/li>\n<li>Cellophanieren<\/li>\n<li>Schrumpfen \/ Banderolieren<\/li>\n<\/ul>\n<p>Den Bereich Sekund\u00e4rverpackung (Faltschachteln, Beipackzettel etc.) decken wir mit halbautomatischen Verpackungsanlagen sowie grosser Erfahrung im Bereich manuelles Verpacken ab.[\/vc_column_text][\/vc_column][\/vc_row][vc_row css_animation=&#8220;&#8220; row_type=&#8220;row&#8220; use_row_as_full_screen_section=&#8220;yes&#8220; type=&#8220;grid&#8220; angled_section=&#8220;no&#8220; text_align=&#8220;left&#8220; background_image_as_pattern=&#8220;without_pattern&#8220; z_index=&#8220;&#8220; background_color=&#8220;#00000000&#8243; el_class=&#8220;intro-home-bg-right style-dark&#8220; css=&#8220;.vc_custom_1753803918192{padding-bottom: 85px !important;background-color: #3180DE !important;}&#8220;][vc_column el_class=&#8220;center-me intro-inner&#8220;][vc_row_inner row_type=&#8220;row&#8220; type=&#8220;full_width&#8220; text_align=&#8220;left&#8220; css_animation=&#8220;&#8220; el_class=&#8220;center-me&#8220;][vc_column_inner width=&#8220;7\/12&#8243; css=&#8220;.vc_custom_1739972760319{padding-top: 85px !important;padding-bottom: 85px !important;}&#8220;][vc_column_text css=&#8220;&#8220;]<\/p>\n<h2>Praxisbeispiele<\/h2>\n<p>Als Lohnhersteller von Kosmetikprodukten sind wir mit grosser Freude und viel Elan an unserer t\u00e4glichen Arbeit und geben stets das Beste f\u00fcr unsere Kunden. \u00dcberzeugen Sie sich von unserer hochwertigen Qualit\u00e4t und unserem Know-how.[\/vc_column_text][\/vc_column_inner][\/vc_row_inner][vc_row_inner row_type=&#8220;row&#8220; type=&#8220;full_width&#8220; text_align=&#8220;left&#8220; css_animation=&#8220;&#8220;][vc_column_inner][vc_single_image image=&#8220;6866&#8243; img_size=&#8220;medium&#8220; alignment=&#8220;center&#8220; css=&#8220;&#8220; qode_css_animation=&#8220;&#8220;][\/vc_column_inner][\/vc_row_inner][vc_row_inner row_type=&#8220;row&#8220; type=&#8220;full_width&#8220; text_align=&#8220;left&#8220; css_animation=&#8220;&#8220;][vc_column_inner][vc_empty_space height=&#8220;84px&#8220;][\/vc_column_inner][\/vc_row_inner][vc_row_inner row_type=&#8220;row&#8220; type=&#8220;full_width&#8220; text_align=&#8220;left&#8220; css_animation=&#8220;&#8220; el_class=&#8220;intro-inner-two-col&#8220;][vc_column_inner width=&#8220;1\/2&#8243;][vc_column_text css=&#8220;&#8220;]<\/p>\n<h3>Pr\u00e4zision sichergestellt<\/h3>\n<p>Die Stabilit\u00e4t und Genauigkeit unserer Abf\u00fcllprozesse wird durch F\u00e4higkeitsuntersuchungen Cp\/Cpk sichergestellt.[\/vc_column_text][vc_empty_space][vc_column_text css=&#8220;.vc_custom_1751630107602{margin-bottom: 0px !important;}&#8220;]<\/p>\n<h3>H\u00f6chste Flexibilit\u00e4t dank top Infrastruktur<\/h3>\n<p>Unser Anlagenpark und unsere Ablauforganisation sind extrem flexibel gestaltet, so dass wir f\u00fcr alle noch so speziellen Sonderw\u00fcnsche eine L\u00f6sung haben und auch in Sachen Produktionsgr\u00f6ssen h\u00f6chste Flexibilit\u00e4t bieten k\u00f6nnen.[\/vc_column_text][vc_empty_space][\/vc_column_inner][vc_column_inner width=&#8220;1\/2&#8243;][vc_column_text css=&#8220;.vc_custom_1751630131865{margin-bottom: 0px !important;}&#8220;]<\/p>\n<h3>Weniger Verschwendung, weniger Kosten<\/h3>\n<p>Verschwendungen bei Material\/Ressourcen an Arbeitspl\u00e4tzen haben wir durch unsere <strong>\u00abCr\u00e8me de la Cr\u00e8me\u00bb Lean Kampagne<\/strong> mit TIM WOOD <strong>eliminiert,<\/strong> was geringere Produktkosten f\u00fcr unsere Kunden und Nachhaltigkeit f\u00fcr die Umwelt bedeutet.[\/vc_column_text][\/vc_column_inner][\/vc_row_inner][\/vc_column][\/vc_row][vc_row css_animation=&#8220;&#8220; row_type=&#8220;row&#8220; use_row_as_full_screen_section=&#8220;yes&#8220; type=&#8220;grid&#8220; angled_section=&#8220;no&#8220; text_align=&#8220;left&#8220; background_image_as_pattern=&#8220;without_pattern&#8220; z_index=&#8220;&#8220; background_color=&#8220;#00000000&#8243; css=&#8220;.vc_custom_1753803742963{padding-bottom: 85px !important;}&#8220;][vc_column width=&#8220;2\/12&#8243;][\/vc_column][vc_column width=&#8220;8\/12&#8243;][vc_row_inner row_type=&#8220;row&#8220; type=&#8220;full_width&#8220; text_align=&#8220;left&#8220; css_animation=&#8220;&#8220; el_class=&#8220;center-me&#8220;][vc_column_inner css=&#8220;.vc_custom_1753795201855{padding-top: 85px !important;padding-bottom: 15px !important;}&#8220;][vc_column_text css=&#8220;.vc_custom_1753803951886{margin-bottom: 0px !important;}&#8220;]<\/p>\n<h2>D\u00fcrfen wir f\u00fcr Sie t\u00e4tig werden?<\/h2>\n<p>Sie haben das perfekte Produkt und sind auf der Suche nach dem perfekten Partner zum Abf\u00fcllen und Verpacken? Wir unterst\u00fctzen Sie gerne, um einen effizienten und reibungslosen Produkttransfer sicherzustellen.[\/vc_column_text][\/vc_column_inner][\/vc_row_inner]<a  itemprop=\"url\" href=\"\/de\/unternehmen\/ansprechpartner\/\" target=\"_self\"  class=\"qbutton  small default\" style=\"\">Zum Beratungsteam <\/a>[\/vc_column][vc_column width=&#8220;2\/12&#8243;][\/vc_column][\/vc_row][vc_row css_animation=&#8220;&#8220; row_type=&#8220;row&#8220; use_row_as_full_screen_section=&#8220;no&#8220; type=&#8220;grid&#8220; angled_section=&#8220;no&#8220; text_align=&#8220;left&#8220; background_image_as_pattern=&#8220;without_pattern&#8220; css=&#8220;.vc_custom_1751967112256{margin-top: 85px !important;margin-bottom: 142px !important;}&#8220; z_index=&#8220;&#8220;][vc_column width=&#8220;1\/2&#8243;]<a  itemprop=\"url\" href=\"https:\/\/temmentec.ch\/de\/lohnherstellung\/\" target=\"_self\"  class=\"qbutton  left default\" style=\"\">Zur\u00fcck zur \u00dcbersicht<i class=\"qode_icon_font_awesome fa fa-arrow-circle-o-left qode_button_icon_element\"><\/i><\/a>[vc_empty_space][\/vc_column][vc_column width=&#8220;1\/2&#8243; el_class=&#8220;spalte_rechtsbuendig&#8220;]<a  itemprop=\"url\" href=\"https:\/\/temmentec.ch\/de\/lohnherstellung\/qualitaet\/\" target=\"_self\"  class=\"qbutton  right default\" style=\"\">Qualit\u00e4t entdecken<i class=\"qode_icon_font_awesome fa fa-arrow-circle-o-right qode_button_icon_element\"><\/i><\/a>[vc_empty_space][\/vc_column][\/vc_row]<\/p>\n<\/div>","protected":false},"excerpt":{"rendered":"<p>[vc_row css_animation=&#8220;&#8220; row_type=&#8220;row&#8220; use_row_as_full_screen_section=&#8220;no&#8220; type=&#8220;grid&#8220; angled_section=&#8220;no&#8220; text_align=&#8220;left&#8220; background_image_as_pattern=&#8220;without_pattern&#8220; z_index=&#8220;&#8220;][vc_column width=&#8220;1\/2&#8243;][vc_single_image image=&#8220;6782&#8243; img_size=&#8220;medium&#8220; alignment=&#8220;right&#8220; css=&#8220;&#8220; qode_css_animation=&#8220;&#8220;][vc_empty_space][\/vc_column][vc_column width=&#8220;1\/2&#8243;][vc_column_text css=&#8220;&#8220;] Konfektionierung In der Konfektionierung sind Ihrer Kreativit\u00e4t keine Grenzen gesetzt Unsere zweite Kernkompetenz,&#8230;<\/p>\n","protected":false},"author":1,"featured_media":0,"parent":104,"menu_order":31,"comment_status":"closed","ping_status":"closed","template":"full_width.php","meta":{"_uag_custom_page_level_css":"","footnotes":""},"class_list":["post-7033","page","type-page","status-publish","hentry"],"yoast_head":"<!-- This site is optimized with the Yoast SEO plugin v27.3 - https:\/\/yoast.com\/product\/yoast-seo-wordpress\/ -->\n<title>Konfektionierung &#8211; Temmentec<\/title>\n<meta name=\"description\" content=\"Unsere zweite Kernkompetenz ist das Abf\u00fcllen und Verpacken nach Vorgaben des Kunden mit h\u00f6chster Flexibilit\u00e4t.\" \/>\n<meta name=\"robots\" content=\"index, follow, max-snippet:-1, max-image-preview:large, max-video-preview:-1\" \/>\n<link rel=\"canonical\" href=\"https:\/\/temmentec.ch\/de\/lohnherstellung\/konfektionierung\/\" \/>\n<meta property=\"og:locale\" content=\"de_DE\" \/>\n<meta property=\"og:type\" content=\"article\" \/>\n<meta property=\"og:title\" content=\"Konfektionierung &#8211; Temmentec\" \/>\n<meta property=\"og:description\" content=\"Unsere zweite Kernkompetenz ist das Abf\u00fcllen und Verpacken nach Vorgaben des Kunden mit h\u00f6chster Flexibilit\u00e4t.\" \/>\n<meta property=\"og:url\" content=\"https:\/\/temmentec.ch\/de\/lohnherstellung\/konfektionierung\/\" \/>\n<meta property=\"og:site_name\" content=\"Temmentec\" \/>\n<meta property=\"article:modified_time\" content=\"2025-08-04T14:03:15+00:00\" \/>\n<meta name=\"twitter:card\" content=\"summary_large_image\" \/>\n<meta name=\"twitter:label1\" content=\"Gesch\u00e4tzte Lesezeit\" \/>\n\t<meta name=\"twitter:data1\" content=\"4\u00a0Minuten\" \/>\n<script type=\"application\/ld+json\" class=\"yoast-schema-graph\">{\"@context\":\"https:\\\/\\\/schema.org\",\"@graph\":[{\"@type\":\"WebPage\",\"@id\":\"https:\\\/\\\/temmentec.ch\\\/de\\\/lohnherstellung\\\/konfektionierung\\\/\",\"url\":\"https:\\\/\\\/temmentec.ch\\\/de\\\/lohnherstellung\\\/konfektionierung\\\/\",\"name\":\"Konfektionierung &#8211; Temmentec\",\"isPartOf\":{\"@id\":\"https:\\\/\\\/temmentec.ch\\\/de\\\/#website\"},\"datePublished\":\"2025-02-19T15:51:40+00:00\",\"dateModified\":\"2025-08-04T14:03:15+00:00\",\"description\":\"Unsere zweite Kernkompetenz ist das Abf\u00fcllen und Verpacken nach Vorgaben des Kunden mit h\u00f6chster Flexibilit\u00e4t.\",\"breadcrumb\":{\"@id\":\"https:\\\/\\\/temmentec.ch\\\/de\\\/lohnherstellung\\\/konfektionierung\\\/#breadcrumb\"},\"inLanguage\":\"de\",\"potentialAction\":[{\"@type\":\"ReadAction\",\"target\":[\"https:\\\/\\\/temmentec.ch\\\/de\\\/lohnherstellung\\\/konfektionierung\\\/\"]}]},{\"@type\":\"BreadcrumbList\",\"@id\":\"https:\\\/\\\/temmentec.ch\\\/de\\\/lohnherstellung\\\/konfektionierung\\\/#breadcrumb\",\"itemListElement\":[{\"@type\":\"ListItem\",\"position\":1,\"name\":\"Startseite\",\"item\":\"https:\\\/\\\/temmentec.ch\\\/de\\\/\"},{\"@type\":\"ListItem\",\"position\":2,\"name\":\"Lohnherstellung\",\"item\":\"https:\\\/\\\/temmentec.ch\\\/de\\\/lohnherstellung\\\/\"},{\"@type\":\"ListItem\",\"position\":3,\"name\":\"Konfektionierung\"}]},{\"@type\":\"WebSite\",\"@id\":\"https:\\\/\\\/temmentec.ch\\\/de\\\/#website\",\"url\":\"https:\\\/\\\/temmentec.ch\\\/de\\\/\",\"name\":\"Temmentec\",\"description\":\"Switzerland\",\"publisher\":{\"@id\":\"https:\\\/\\\/temmentec.ch\\\/de\\\/#organization\"},\"potentialAction\":[{\"@type\":\"SearchAction\",\"target\":{\"@type\":\"EntryPoint\",\"urlTemplate\":\"https:\\\/\\\/temmentec.ch\\\/de\\\/?s={search_term_string}\"},\"query-input\":{\"@type\":\"PropertyValueSpecification\",\"valueRequired\":true,\"valueName\":\"search_term_string\"}}],\"inLanguage\":\"de\"},{\"@type\":\"Organization\",\"@id\":\"https:\\\/\\\/temmentec.ch\\\/de\\\/#organization\",\"name\":\"Temmentec AG\",\"url\":\"https:\\\/\\\/temmentec.ch\\\/de\\\/\",\"logo\":{\"@type\":\"ImageObject\",\"inLanguage\":\"de\",\"@id\":\"https:\\\/\\\/temmentec.ch\\\/de\\\/#\\\/schema\\\/logo\\\/image\\\/\",\"url\":\"https:\\\/\\\/temmentec.ch\\\/wp-content\\\/uploads\\\/2025\\\/02\\\/temmentec_logo_neu.png\",\"contentUrl\":\"https:\\\/\\\/temmentec.ch\\\/wp-content\\\/uploads\\\/2025\\\/02\\\/temmentec_logo_neu.png\",\"width\":927,\"height\":227,\"caption\":\"Temmentec AG\"},\"image\":{\"@id\":\"https:\\\/\\\/temmentec.ch\\\/de\\\/#\\\/schema\\\/logo\\\/image\\\/\"}}]}<\/script>\n<!-- \/ Yoast SEO plugin. -->","yoast_head_json":{"title":"Konfektionierung &#8211; Temmentec","description":"Unsere zweite Kernkompetenz ist das Abf\u00fcllen und Verpacken nach Vorgaben des Kunden mit h\u00f6chster Flexibilit\u00e4t.","robots":{"index":"index","follow":"follow","max-snippet":"max-snippet:-1","max-image-preview":"max-image-preview:large","max-video-preview":"max-video-preview:-1"},"canonical":"https:\/\/temmentec.ch\/de\/lohnherstellung\/konfektionierung\/","og_locale":"de_DE","og_type":"article","og_title":"Konfektionierung &#8211; Temmentec","og_description":"Unsere zweite Kernkompetenz ist das Abf\u00fcllen und Verpacken nach Vorgaben des Kunden mit h\u00f6chster Flexibilit\u00e4t.","og_url":"https:\/\/temmentec.ch\/de\/lohnherstellung\/konfektionierung\/","og_site_name":"Temmentec","article_modified_time":"2025-08-04T14:03:15+00:00","twitter_card":"summary_large_image","twitter_misc":{"Gesch\u00e4tzte Lesezeit":"4\u00a0Minuten"},"schema":{"@context":"https:\/\/schema.org","@graph":[{"@type":"WebPage","@id":"https:\/\/temmentec.ch\/de\/lohnherstellung\/konfektionierung\/","url":"https:\/\/temmentec.ch\/de\/lohnherstellung\/konfektionierung\/","name":"Konfektionierung &#8211; Temmentec","isPartOf":{"@id":"https:\/\/temmentec.ch\/de\/#website"},"datePublished":"2025-02-19T15:51:40+00:00","dateModified":"2025-08-04T14:03:15+00:00","description":"Unsere zweite Kernkompetenz ist das Abf\u00fcllen und Verpacken nach Vorgaben des Kunden mit h\u00f6chster Flexibilit\u00e4t.","breadcrumb":{"@id":"https:\/\/temmentec.ch\/de\/lohnherstellung\/konfektionierung\/#breadcrumb"},"inLanguage":"de","potentialAction":[{"@type":"ReadAction","target":["https:\/\/temmentec.ch\/de\/lohnherstellung\/konfektionierung\/"]}]},{"@type":"BreadcrumbList","@id":"https:\/\/temmentec.ch\/de\/lohnherstellung\/konfektionierung\/#breadcrumb","itemListElement":[{"@type":"ListItem","position":1,"name":"Startseite","item":"https:\/\/temmentec.ch\/de\/"},{"@type":"ListItem","position":2,"name":"Lohnherstellung","item":"https:\/\/temmentec.ch\/de\/lohnherstellung\/"},{"@type":"ListItem","position":3,"name":"Konfektionierung"}]},{"@type":"WebSite","@id":"https:\/\/temmentec.ch\/de\/#website","url":"https:\/\/temmentec.ch\/de\/","name":"Temmentec","description":"Switzerland","publisher":{"@id":"https:\/\/temmentec.ch\/de\/#organization"},"potentialAction":[{"@type":"SearchAction","target":{"@type":"EntryPoint","urlTemplate":"https:\/\/temmentec.ch\/de\/?s={search_term_string}"},"query-input":{"@type":"PropertyValueSpecification","valueRequired":true,"valueName":"search_term_string"}}],"inLanguage":"de"},{"@type":"Organization","@id":"https:\/\/temmentec.ch\/de\/#organization","name":"Temmentec AG","url":"https:\/\/temmentec.ch\/de\/","logo":{"@type":"ImageObject","inLanguage":"de","@id":"https:\/\/temmentec.ch\/de\/#\/schema\/logo\/image\/","url":"https:\/\/temmentec.ch\/wp-content\/uploads\/2025\/02\/temmentec_logo_neu.png","contentUrl":"https:\/\/temmentec.ch\/wp-content\/uploads\/2025\/02\/temmentec_logo_neu.png","width":927,"height":227,"caption":"Temmentec AG"},"image":{"@id":"https:\/\/temmentec.ch\/de\/#\/schema\/logo\/image\/"}}]}},"uagb_featured_image_src":{"full":false,"thumbnail":false,"medium":false,"medium_large":false,"large":false,"event-post-thumb":false,"event-post-thumb-box":false,"1536x1536":false,"2048x2048":false,"portfolio-square":false,"portfolio-portrait":false,"portfolio-landscape":false,"menu-featured-post":false,"qode-carousel_slider":false,"portfolio_slider":false,"portfolio_masonry_regular":false,"portfolio_masonry_wide":false,"portfolio_masonry_tall":false,"portfolio_masonry_large":false,"portfolio_masonry_with_space":false,"latest_post_boxes":false},"uagb_author_info":{"display_name":"dc-admin","author_link":"https:\/\/temmentec.ch\/de\/author\/dc-admin\/"},"uagb_comment_info":0,"uagb_excerpt":"[vc_row css_animation=&#8220;&#8220; row_type=&#8220;row&#8220; use_row_as_full_screen_section=&#8220;no&#8220; type=&#8220;grid&#8220; angled_section=&#8220;no&#8220; text_align=&#8220;left&#8220; background_image_as_pattern=&#8220;without_pattern&#8220; z_index=&#8220;&#8220;][vc_column width=&#8220;1\/2&#8243;][vc_single_image image=&#8220;6782&#8243; img_size=&#8220;medium&#8220; alignment=&#8220;right&#8220; css=&#8220;&#8220; qode_css_animation=&#8220;&#8220;][vc_empty_space][\/vc_column][vc_column width=&#8220;1\/2&#8243;][vc_column_text css=&#8220;&#8220;] Konfektionierung In der Konfektionierung sind Ihrer Kreativit\u00e4t keine Grenzen gesetzt Unsere zweite Kernkompetenz,...","_links":{"self":[{"href":"https:\/\/temmentec.ch\/de\/wp-json\/wp\/v2\/pages\/7033","targetHints":{"allow":["GET"]}}],"collection":[{"href":"https:\/\/temmentec.ch\/de\/wp-json\/wp\/v2\/pages"}],"about":[{"href":"https:\/\/temmentec.ch\/de\/wp-json\/wp\/v2\/types\/page"}],"author":[{"embeddable":true,"href":"https:\/\/temmentec.ch\/de\/wp-json\/wp\/v2\/users\/1"}],"replies":[{"embeddable":true,"href":"https:\/\/temmentec.ch\/de\/wp-json\/wp\/v2\/comments?post=7033"}],"version-history":[{"count":17,"href":"https:\/\/temmentec.ch\/de\/wp-json\/wp\/v2\/pages\/7033\/revisions"}],"predecessor-version":[{"id":9050,"href":"https:\/\/temmentec.ch\/de\/wp-json\/wp\/v2\/pages\/7033\/revisions\/9050"}],"up":[{"embeddable":true,"href":"https:\/\/temmentec.ch\/de\/wp-json\/wp\/v2\/pages\/104"}],"wp:attachment":[{"href":"https:\/\/temmentec.ch\/de\/wp-json\/wp\/v2\/media?parent=7033"}],"curies":[{"name":"wp","href":"https:\/\/api.w.org\/{rel}","templated":true}]}}