{"id":7022,"date":"2025-02-19T15:28:13","date_gmt":"2025-02-19T15:28:13","guid":{"rendered":"https:\/\/temmentec.dclabs2.ch\/?page_id=7022"},"modified":"2025-08-04T16:09:28","modified_gmt":"2025-08-04T14:09:28","slug":"fabrikation","status":"publish","type":"page","link":"https:\/\/temmentec.ch\/de\/lohnherstellung\/fabrikation\/","title":{"rendered":"Fabrikation"},"content":{"rendered":"<div class=\"wpb-content-wrapper\"><p>[vc_row css_animation=&#8220;&#8220; row_type=&#8220;row&#8220; use_row_as_full_screen_section=&#8220;no&#8220; type=&#8220;grid&#8220; angled_section=&#8220;no&#8220; text_align=&#8220;left&#8220; background_image_as_pattern=&#8220;without_pattern&#8220; z_index=&#8220;&#8220;][vc_column width=&#8220;1\/2&#8243;][vc_single_image image=&#8220;6778&#8243; img_size=&#8220;medium&#8220; alignment=&#8220;right&#8220; css=&#8220;&#8220; qode_css_animation=&#8220;&#8220;][vc_empty_space][\/vc_column][vc_column width=&#8220;1\/2&#8243;][vc_column_text css=&#8220;&#8220;]<\/p>\n<h6>Fabrikation<\/h6>\n<h1>Know-how und modernste Infrastruktur \u2013 in der Kosmetikfabrikation eine unschlagbare Kombi<\/h1>\n<p>Nach einer erfolgreich abgeschlossenen Produktentwicklung folgt der Transfer der kosmetischen Formulierungen in die Produktion.[\/vc_column_text][\/vc_column][\/vc_row][vc_row css_animation=&#8220;&#8220; row_type=&#8220;row&#8220; use_row_as_full_screen_section=&#8220;no&#8220; type=&#8220;grid&#8220; angled_section=&#8220;no&#8220; text_align=&#8220;left&#8220; background_image_as_pattern=&#8220;without_pattern&#8220; z_index=&#8220;&#8220;][vc_column][vc_empty_space height=&#8220;50px&#8220;][\/vc_column][\/vc_row][vc_row css_animation=&#8220;&#8220; row_type=&#8220;row&#8220; use_row_as_full_screen_section=&#8220;no&#8220; type=&#8220;grid&#8220; angled_section=&#8220;no&#8220; text_align=&#8220;left&#8220; background_image_as_pattern=&#8220;without_pattern&#8220; z_index=&#8220;&#8220;][vc_column width=&#8220;8\/12&#8243; el_class=&#8220;center-me&#8220;][vc_column_text css=&#8220;&#8220;]<\/p>\n<h3>Unsere Bulkproduktion: flexibel und anpassungsf\u00e4hig dank Upscaling<\/h3>\n<p>In unserer Fabrikation k\u00f6nnen wir mit der Herstellung kleiner Bulk-Ansatzgr\u00f6ssen starten und mittels Upscaling in einem oder mehreren Schritten zu den gew\u00fcnschten Produktionsgr\u00f6ssen gelangen. Je nach Entwicklung eines Produktes am Markt k\u00f6nnen die Ansatzgr\u00f6ssen jederzeit wieder neu definiert und angepasst werden, dank unserem breit aufgestellten Maschinenpark. L\u00fcckenlose in-process Kontrollen und entsprechende Dokumentation sind selbstverst\u00e4ndlich. Um einen Bulk in h\u00f6chster Qualit\u00e4t herzustellen, werden bei uns die der Produktion vor- und nachgelagerten Schritte wie Rohstoffhandling, Abwiegen, Qualit\u00e4tskontrolle und Freigabeprozesse mittels ERP gesteuert und durch verschiedene Sicherheitselemente kontrolliert.[\/vc_column_text][\/vc_column][\/vc_row][vc_row css_animation=&#8220;&#8220; row_type=&#8220;row&#8220; use_row_as_full_screen_section=&#8220;no&#8220; type=&#8220;grid&#8220; angled_section=&#8220;no&#8220; text_align=&#8220;left&#8220; background_image_as_pattern=&#8220;without_pattern&#8220; z_index=&#8220;&#8220;][vc_column][vc_empty_space][\/vc_column][\/vc_row][vc_row css_animation=&#8220;&#8220; row_type=&#8220;row&#8220; use_row_as_full_screen_section=&#8220;no&#8220; type=&#8220;grid&#8220; angled_section=&#8220;no&#8220; text_align=&#8220;left&#8220; background_image_as_pattern=&#8220;without_pattern&#8220; z_index=&#8220;&#8220;][vc_column width=&#8220;2\/3&#8243; el_class=&#8220;center-me&#8220;][vc_column_text css=&#8220;&#8220;]<\/p>\n<h3>H\u00f6chste Anforderungen f\u00fcr beste Resultate<\/h3>\n<p>Dank modernster Infrastruktur kann Temmentec nach den h\u00f6chsten Anforderungen an Sicherheit, Hygiene und Nachhaltigkeit (<a href=\"https:\/\/temmentec.ch\/wp-content\/uploads\/2025\/07\/zertifikat_iso_9001_und_iso_14001.pdf\" target=\"_blank\" rel=\"noopener\">ISO 9001<\/a>, <a href=\"https:\/\/temmentec.ch\/wp-content\/uploads\/2025\/07\/zertifikat_iso_9001_und_iso_14001.pdf\" target=\"_blank\" rel=\"noopener\">ISO 14001<\/a>, <a href=\"https:\/\/temmentec.ch\/wp-content\/uploads\/2025\/07\/zertifikat_iso_22716_gmp.pdf\" target=\"_blank\" rel=\"noopener\">Cosmetic GMP 22716<\/a>) produzieren. Temmentec ist in der Lage, Emulsionen, fl\u00fcssige und wachsartige Produkte, \u00d6le sowie Stifte in verschiedenen Gr\u00f6ssen von 10 kg bis zu 10\u2019000 kg pro Charge herzustellen. Mit unserer Quellabsaugung und einer ESD-gesch\u00fctzten Arbeitsumgebung k\u00f6nnen auch Produkte mit fl\u00fcchtigen Stoffen nach ATEX-Standard hergestellt werden.<\/p>\n<p>Nachdem die Bulkproduktion durch unsere Qualit\u00e4tskontrolle freigegeben wurde, erfolgt \u00fcber unsere Anlagen die Abf\u00fcllung der fertigen Kosmetikprodukte in die passenden Gebinde, entweder zum direkten Versand oder zum Transfer in die Konfektionierung.[\/vc_column_text][\/vc_column][\/vc_row][vc_row css_animation=&#8220;&#8220; row_type=&#8220;row&#8220; use_row_as_full_screen_section=&#8220;yes&#8220; type=&#8220;grid&#8220; angled_section=&#8220;no&#8220; text_align=&#8220;left&#8220; background_image_as_pattern=&#8220;without_pattern&#8220; z_index=&#8220;&#8220; background_color=&#8220;#00000000&#8243; el_class=&#8220;intro-home-bg-right style-dark&#8220; css=&#8220;.vc_custom_1753803283451{margin-top: 80px !important;padding-bottom: 85px !important;background-color: #3180DE !important;}&#8220;][vc_column el_class=&#8220;center-me intro-inner&#8220;][vc_row_inner row_type=&#8220;row&#8220; type=&#8220;full_width&#8220; text_align=&#8220;left&#8220; css_animation=&#8220;&#8220; el_class=&#8220;center-me&#8220;][vc_column_inner width=&#8220;7\/12&#8243; css=&#8220;.vc_custom_1739972760319{padding-top: 85px !important;padding-bottom: 85px !important;}&#8220;][vc_column_text css=&#8220;&#8220;]<\/p>\n<h2>Praxisbeispiele<\/h2>\n<p>Wir sind mit grosser Freude und Elan an unserer t\u00e4glichen Arbeit und geben stets das Beste f\u00fcr unsere Kunden. \u00dcberzeugen Sie sich von unserer zuverl\u00e4ssigen Qualit\u00e4t und unserem grossen Know-How als Kosmetikhersteller.[\/vc_column_text][\/vc_column_inner][\/vc_row_inner][vc_row_inner row_type=&#8220;row&#8220; type=&#8220;full_width&#8220; text_align=&#8220;left&#8220; css_animation=&#8220;&#8220; css=&#8220;.vc_custom_1739980148023{padding-bottom: 35px !important;}&#8220;][vc_column_inner width=&#8220;1\/2&#8243;][vc_single_image image=&#8220;6802&#8243; img_size=&#8220;medium&#8220; css=&#8220;&#8220; qode_css_animation=&#8220;&#8220;][\/vc_column_inner][vc_column_inner width=&#8220;1\/2&#8243;][vc_single_image image=&#8220;6806&#8243; img_size=&#8220;medium&#8220; css=&#8220;&#8220; qode_css_animation=&#8220;&#8220;][\/vc_column_inner][\/vc_row_inner][vc_row_inner row_type=&#8220;row&#8220; type=&#8220;full_width&#8220; text_align=&#8220;left&#8220; css_animation=&#8220;&#8220; el_class=&#8220;intro-inner-two-col&#8220;][vc_column_inner width=&#8220;1\/2&#8243;][vc_column_text css=&#8220;&#8220;]<\/p>\n<h3>Beste Technologie<\/h3>\n<p>In unsere Fabrikation arbeiten wir unter anderem mit der \u00abState of the art\u00bb-Technologie Becomix und k\u00f6nnen dank ATEX Explosionsschutz auch Produkte mit hohem Alkoholgehalt problemlos herstellen.[\/vc_column_text][vc_empty_space][\/vc_column_inner][vc_column_inner width=&#8220;1\/2&#8243;][vc_column_text css=&#8220;.vc_custom_1751630544975{margin-bottom: 0px !important;}&#8220;]<\/p>\n<h3>Fundiertes Fachwissen<\/h3>\n<p>In unserer Fabrikation setzen wir ausschliesslich Fachpersonal (Milchtechnologen, B\u00e4cker\/Konditor etc.) ein, um einen herausragenden Qualit\u00e4ts- und Hygienestandard sicherzustellen. Zudem k\u00f6nnen wir mit einer durchschnittlichen Betriebszugeh\u00f6rigkeit von 12 Jahren auf grosse Erfahrung und umfassendes Know-How als Lohnhersteller zur\u00fcckgreifen.[\/vc_column_text][\/vc_column_inner][\/vc_row_inner][\/vc_column][\/vc_row][vc_row css_animation=&#8220;&#8220; row_type=&#8220;row&#8220; use_row_as_full_screen_section=&#8220;yes&#8220; type=&#8220;grid&#8220; angled_section=&#8220;no&#8220; text_align=&#8220;left&#8220; background_image_as_pattern=&#8220;without_pattern&#8220; z_index=&#8220;&#8220; background_color=&#8220;#00000000&#8243; css=&#8220;.vc_custom_1753803742963{padding-bottom: 85px !important;}&#8220;][vc_column width=&#8220;2\/12&#8243;][\/vc_column][vc_column width=&#8220;8\/12&#8243;][vc_row_inner row_type=&#8220;row&#8220; type=&#8220;full_width&#8220; text_align=&#8220;left&#8220; css_animation=&#8220;&#8220; el_class=&#8220;center-me&#8220;][vc_column_inner css=&#8220;.vc_custom_1753795201855{padding-top: 85px !important;padding-bottom: 15px !important;}&#8220;][vc_column_text css=&#8220;.vc_custom_1753803196689{margin-bottom: 0px !important;}&#8220;]<\/p>\n<h2>D\u00fcrfen wir f\u00fcr Sie t\u00e4tig werden?<\/h2>\n<p>Sie haben das perfekte Produkt und sind auf der Suche nach dem perfekten Partner f\u00fcr die Fabrikation? Wir unterst\u00fctzen Sie gerne, um einen effizienten und reibungslosen Produkttransfer sicherzustellen.[\/vc_column_text][\/vc_column_inner][\/vc_row_inner]<a  itemprop=\"url\" href=\"https:\/\/temmentec.ch\/de\/unternehmen\/ansprechpartner\/\" target=\"_self\"  class=\"qbutton  small default\" style=\"\">Zum Beratungsteam <\/a>[\/vc_column][vc_column width=&#8220;2\/12&#8243;][\/vc_column][\/vc_row][vc_row css_animation=&#8220;&#8220; row_type=&#8220;row&#8220; use_row_as_full_screen_section=&#8220;no&#8220; type=&#8220;grid&#8220; angled_section=&#8220;no&#8220; text_align=&#8220;left&#8220; background_image_as_pattern=&#8220;without_pattern&#8220; css=&#8220;.vc_custom_1751967112256{margin-top: 85px !important;margin-bottom: 142px !important;}&#8220; z_index=&#8220;&#8220;][vc_column width=&#8220;1\/2&#8243;]<a  itemprop=\"url\" href=\"https:\/\/temmentec.ch\/de\/lohnherstellung\/\" target=\"_self\"  class=\"qbutton  left default\" style=\"\">Zur\u00fcck zur \u00dcbersicht<i class=\"qode_icon_font_awesome fa fa-arrow-circle-o-left qode_button_icon_element\"><\/i><\/a>[vc_empty_space][\/vc_column][vc_column width=&#8220;1\/2&#8243; el_class=&#8220;spalte_rechtsbuendig&#8220;]<a  itemprop=\"url\" href=\"https:\/\/temmentec.ch\/de\/lohnherstellung\/konfektionierung\/\" target=\"_self\"  class=\"qbutton  right default\" style=\"\">Konfektionierung entdecken<i class=\"qode_icon_font_awesome fa fa-arrow-circle-o-right qode_button_icon_element\"><\/i><\/a>[vc_empty_space][\/vc_column][\/vc_row]<\/p>\n<\/div>","protected":false},"excerpt":{"rendered":"<p>[vc_row css_animation=&#8220;&#8220; row_type=&#8220;row&#8220; use_row_as_full_screen_section=&#8220;no&#8220; type=&#8220;grid&#8220; angled_section=&#8220;no&#8220; text_align=&#8220;left&#8220; background_image_as_pattern=&#8220;without_pattern&#8220; z_index=&#8220;&#8220;][vc_column width=&#8220;1\/2&#8243;][vc_single_image image=&#8220;6778&#8243; img_size=&#8220;medium&#8220; alignment=&#8220;right&#8220; css=&#8220;&#8220; qode_css_animation=&#8220;&#8220;][vc_empty_space][\/vc_column][vc_column width=&#8220;1\/2&#8243;][vc_column_text css=&#8220;&#8220;] Fabrikation Know-how und modernste Infrastruktur \u2013 in der Kosmetikfabrikation eine unschlagbare Kombi Nach&#8230;<\/p>\n","protected":false},"author":1,"featured_media":0,"parent":104,"menu_order":30,"comment_status":"closed","ping_status":"closed","template":"full_width.php","meta":{"_uag_custom_page_level_css":"","footnotes":""},"class_list":["post-7022","page","type-page","status-publish","hentry"],"yoast_head":"<!-- This site is optimized with the Yoast SEO plugin v27.4 - https:\/\/yoast.com\/product\/yoast-seo-wordpress\/ -->\n<title>Fabrikation &#8211; Temmentec<\/title>\n<meta name=\"description\" content=\"Know-how und modernste Infrastruktur \u2013 in der Kosmetikfabrikation eine unschlagbare Kombi\" \/>\n<meta name=\"robots\" content=\"index, follow, max-snippet:-1, max-image-preview:large, max-video-preview:-1\" \/>\n<link rel=\"canonical\" href=\"https:\/\/temmentec.ch\/de\/lohnherstellung\/fabrikation\/\" \/>\n<meta property=\"og:locale\" content=\"de_DE\" \/>\n<meta property=\"og:type\" content=\"article\" \/>\n<meta property=\"og:title\" content=\"Fabrikation &#8211; Temmentec\" \/>\n<meta property=\"og:description\" content=\"Know-how und modernste Infrastruktur \u2013 in der Kosmetikfabrikation eine unschlagbare Kombi\" \/>\n<meta property=\"og:url\" content=\"https:\/\/temmentec.ch\/de\/lohnherstellung\/fabrikation\/\" \/>\n<meta property=\"og:site_name\" content=\"Temmentec\" \/>\n<meta property=\"article:modified_time\" content=\"2025-08-04T14:09:28+00:00\" \/>\n<meta name=\"twitter:card\" content=\"summary_large_image\" \/>\n<meta name=\"twitter:label1\" content=\"Gesch\u00e4tzte Lesezeit\" \/>\n\t<meta name=\"twitter:data1\" content=\"3\u00a0Minuten\" \/>\n<script type=\"application\/ld+json\" class=\"yoast-schema-graph\">{\"@context\":\"https:\\\/\\\/schema.org\",\"@graph\":[{\"@type\":\"WebPage\",\"@id\":\"https:\\\/\\\/temmentec.ch\\\/de\\\/lohnherstellung\\\/fabrikation\\\/\",\"url\":\"https:\\\/\\\/temmentec.ch\\\/de\\\/lohnherstellung\\\/fabrikation\\\/\",\"name\":\"Fabrikation &#8211; Temmentec\",\"isPartOf\":{\"@id\":\"https:\\\/\\\/temmentec.ch\\\/de\\\/#website\"},\"datePublished\":\"2025-02-19T15:28:13+00:00\",\"dateModified\":\"2025-08-04T14:09:28+00:00\",\"description\":\"Know-how und modernste Infrastruktur \u2013 in der Kosmetikfabrikation eine unschlagbare Kombi\",\"breadcrumb\":{\"@id\":\"https:\\\/\\\/temmentec.ch\\\/de\\\/lohnherstellung\\\/fabrikation\\\/#breadcrumb\"},\"inLanguage\":\"de\",\"potentialAction\":[{\"@type\":\"ReadAction\",\"target\":[\"https:\\\/\\\/temmentec.ch\\\/de\\\/lohnherstellung\\\/fabrikation\\\/\"]}]},{\"@type\":\"BreadcrumbList\",\"@id\":\"https:\\\/\\\/temmentec.ch\\\/de\\\/lohnherstellung\\\/fabrikation\\\/#breadcrumb\",\"itemListElement\":[{\"@type\":\"ListItem\",\"position\":1,\"name\":\"Startseite\",\"item\":\"https:\\\/\\\/temmentec.ch\\\/de\\\/\"},{\"@type\":\"ListItem\",\"position\":2,\"name\":\"Lohnherstellung\",\"item\":\"https:\\\/\\\/temmentec.ch\\\/de\\\/lohnherstellung\\\/\"},{\"@type\":\"ListItem\",\"position\":3,\"name\":\"Fabrikation\"}]},{\"@type\":\"WebSite\",\"@id\":\"https:\\\/\\\/temmentec.ch\\\/de\\\/#website\",\"url\":\"https:\\\/\\\/temmentec.ch\\\/de\\\/\",\"name\":\"Temmentec\",\"description\":\"Switzerland\",\"publisher\":{\"@id\":\"https:\\\/\\\/temmentec.ch\\\/de\\\/#organization\"},\"potentialAction\":[{\"@type\":\"SearchAction\",\"target\":{\"@type\":\"EntryPoint\",\"urlTemplate\":\"https:\\\/\\\/temmentec.ch\\\/de\\\/?s={search_term_string}\"},\"query-input\":{\"@type\":\"PropertyValueSpecification\",\"valueRequired\":true,\"valueName\":\"search_term_string\"}}],\"inLanguage\":\"de\"},{\"@type\":\"Organization\",\"@id\":\"https:\\\/\\\/temmentec.ch\\\/de\\\/#organization\",\"name\":\"Temmentec AG\",\"url\":\"https:\\\/\\\/temmentec.ch\\\/de\\\/\",\"logo\":{\"@type\":\"ImageObject\",\"inLanguage\":\"de\",\"@id\":\"https:\\\/\\\/temmentec.ch\\\/de\\\/#\\\/schema\\\/logo\\\/image\\\/\",\"url\":\"https:\\\/\\\/temmentec.ch\\\/wp-content\\\/uploads\\\/2025\\\/02\\\/temmentec_logo_neu.png\",\"contentUrl\":\"https:\\\/\\\/temmentec.ch\\\/wp-content\\\/uploads\\\/2025\\\/02\\\/temmentec_logo_neu.png\",\"width\":927,\"height\":227,\"caption\":\"Temmentec AG\"},\"image\":{\"@id\":\"https:\\\/\\\/temmentec.ch\\\/de\\\/#\\\/schema\\\/logo\\\/image\\\/\"}}]}<\/script>\n<!-- \/ Yoast SEO plugin. -->","yoast_head_json":{"title":"Fabrikation &#8211; Temmentec","description":"Know-how und modernste Infrastruktur \u2013 in der Kosmetikfabrikation eine unschlagbare Kombi","robots":{"index":"index","follow":"follow","max-snippet":"max-snippet:-1","max-image-preview":"max-image-preview:large","max-video-preview":"max-video-preview:-1"},"canonical":"https:\/\/temmentec.ch\/de\/lohnherstellung\/fabrikation\/","og_locale":"de_DE","og_type":"article","og_title":"Fabrikation &#8211; Temmentec","og_description":"Know-how und modernste Infrastruktur \u2013 in der Kosmetikfabrikation eine unschlagbare Kombi","og_url":"https:\/\/temmentec.ch\/de\/lohnherstellung\/fabrikation\/","og_site_name":"Temmentec","article_modified_time":"2025-08-04T14:09:28+00:00","twitter_card":"summary_large_image","twitter_misc":{"Gesch\u00e4tzte Lesezeit":"3\u00a0Minuten"},"schema":{"@context":"https:\/\/schema.org","@graph":[{"@type":"WebPage","@id":"https:\/\/temmentec.ch\/de\/lohnherstellung\/fabrikation\/","url":"https:\/\/temmentec.ch\/de\/lohnherstellung\/fabrikation\/","name":"Fabrikation &#8211; Temmentec","isPartOf":{"@id":"https:\/\/temmentec.ch\/de\/#website"},"datePublished":"2025-02-19T15:28:13+00:00","dateModified":"2025-08-04T14:09:28+00:00","description":"Know-how und modernste Infrastruktur \u2013 in der Kosmetikfabrikation eine unschlagbare Kombi","breadcrumb":{"@id":"https:\/\/temmentec.ch\/de\/lohnherstellung\/fabrikation\/#breadcrumb"},"inLanguage":"de","potentialAction":[{"@type":"ReadAction","target":["https:\/\/temmentec.ch\/de\/lohnherstellung\/fabrikation\/"]}]},{"@type":"BreadcrumbList","@id":"https:\/\/temmentec.ch\/de\/lohnherstellung\/fabrikation\/#breadcrumb","itemListElement":[{"@type":"ListItem","position":1,"name":"Startseite","item":"https:\/\/temmentec.ch\/de\/"},{"@type":"ListItem","position":2,"name":"Lohnherstellung","item":"https:\/\/temmentec.ch\/de\/lohnherstellung\/"},{"@type":"ListItem","position":3,"name":"Fabrikation"}]},{"@type":"WebSite","@id":"https:\/\/temmentec.ch\/de\/#website","url":"https:\/\/temmentec.ch\/de\/","name":"Temmentec","description":"Switzerland","publisher":{"@id":"https:\/\/temmentec.ch\/de\/#organization"},"potentialAction":[{"@type":"SearchAction","target":{"@type":"EntryPoint","urlTemplate":"https:\/\/temmentec.ch\/de\/?s={search_term_string}"},"query-input":{"@type":"PropertyValueSpecification","valueRequired":true,"valueName":"search_term_string"}}],"inLanguage":"de"},{"@type":"Organization","@id":"https:\/\/temmentec.ch\/de\/#organization","name":"Temmentec AG","url":"https:\/\/temmentec.ch\/de\/","logo":{"@type":"ImageObject","inLanguage":"de","@id":"https:\/\/temmentec.ch\/de\/#\/schema\/logo\/image\/","url":"https:\/\/temmentec.ch\/wp-content\/uploads\/2025\/02\/temmentec_logo_neu.png","contentUrl":"https:\/\/temmentec.ch\/wp-content\/uploads\/2025\/02\/temmentec_logo_neu.png","width":927,"height":227,"caption":"Temmentec AG"},"image":{"@id":"https:\/\/temmentec.ch\/de\/#\/schema\/logo\/image\/"}}]}},"uagb_featured_image_src":{"full":false,"thumbnail":false,"medium":false,"medium_large":false,"large":false,"event-post-thumb":false,"event-post-thumb-box":false,"1536x1536":false,"2048x2048":false,"portfolio-square":false,"portfolio-portrait":false,"portfolio-landscape":false,"menu-featured-post":false,"qode-carousel_slider":false,"portfolio_slider":false,"portfolio_masonry_regular":false,"portfolio_masonry_wide":false,"portfolio_masonry_tall":false,"portfolio_masonry_large":false,"portfolio_masonry_with_space":false,"latest_post_boxes":false},"uagb_author_info":{"display_name":"dc-admin","author_link":"https:\/\/temmentec.ch\/de\/author\/dc-admin\/"},"uagb_comment_info":0,"uagb_excerpt":"[vc_row css_animation=&#8220;&#8220; row_type=&#8220;row&#8220; use_row_as_full_screen_section=&#8220;no&#8220; type=&#8220;grid&#8220; angled_section=&#8220;no&#8220; text_align=&#8220;left&#8220; background_image_as_pattern=&#8220;without_pattern&#8220; z_index=&#8220;&#8220;][vc_column width=&#8220;1\/2&#8243;][vc_single_image image=&#8220;6778&#8243; img_size=&#8220;medium&#8220; alignment=&#8220;right&#8220; css=&#8220;&#8220; qode_css_animation=&#8220;&#8220;][vc_empty_space][\/vc_column][vc_column width=&#8220;1\/2&#8243;][vc_column_text css=&#8220;&#8220;] Fabrikation Know-how und modernste Infrastruktur \u2013 in der Kosmetikfabrikation eine unschlagbare Kombi Nach...","_links":{"self":[{"href":"https:\/\/temmentec.ch\/de\/wp-json\/wp\/v2\/pages\/7022","targetHints":{"allow":["GET"]}}],"collection":[{"href":"https:\/\/temmentec.ch\/de\/wp-json\/wp\/v2\/pages"}],"about":[{"href":"https:\/\/temmentec.ch\/de\/wp-json\/wp\/v2\/types\/page"}],"author":[{"embeddable":true,"href":"https:\/\/temmentec.ch\/de\/wp-json\/wp\/v2\/users\/1"}],"replies":[{"embeddable":true,"href":"https:\/\/temmentec.ch\/de\/wp-json\/wp\/v2\/comments?post=7022"}],"version-history":[{"count":48,"href":"https:\/\/temmentec.ch\/de\/wp-json\/wp\/v2\/pages\/7022\/revisions"}],"predecessor-version":[{"id":9069,"href":"https:\/\/temmentec.ch\/de\/wp-json\/wp\/v2\/pages\/7022\/revisions\/9069"}],"up":[{"embeddable":true,"href":"https:\/\/temmentec.ch\/de\/wp-json\/wp\/v2\/pages\/104"}],"wp:attachment":[{"href":"https:\/\/temmentec.ch\/de\/wp-json\/wp\/v2\/media?parent=7022"}],"curies":[{"name":"wp","href":"https:\/\/api.w.org\/{rel}","templated":true}]}}