{"id":6623,"date":"2025-02-03T12:53:56","date_gmt":"2025-02-03T12:53:56","guid":{"rendered":"https:\/\/temmentec.dclabs2.ch\/?page_id=6623"},"modified":"2025-08-04T12:24:12","modified_gmt":"2025-08-04T10:24:12","slug":"entwicklung","status":"publish","type":"page","link":"https:\/\/temmentec.ch\/de\/private-label\/entwicklung\/","title":{"rendered":"Entwicklung"},"content":{"rendered":"<div class=\"wpb-content-wrapper\"><p>[vc_row css_animation=&#8220;&#8220; row_type=&#8220;row&#8220; use_row_as_full_screen_section=&#8220;no&#8220; type=&#8220;grid&#8220; angled_section=&#8220;no&#8220; text_align=&#8220;left&#8220; background_image_as_pattern=&#8220;without_pattern&#8220; z_index=&#8220;&#8220;][vc_column width=&#8220;1\/2&#8243;][vc_single_image image=&#8220;6774&#8243; img_size=&#8220;medium&#8220; alignment=&#8220;right&#8220; css=&#8220;&#8220; qode_css_animation=&#8220;&#8220;][vc_empty_space][\/vc_column][vc_column width=&#8220;1\/2&#8243;][vc_column_text css=&#8220;&#8220;]<\/p>\n<h6>Entwicklung<\/h6>\n<h1>Kosmetik\u00adentwicklung: von der innovativen Idee zum Produkt<\/h1>\n<p>Unsere Entwicklungsabteilung verf\u00fcgt \u00fcber umfassende und langj\u00e4hrige Erfahrung in der Entwicklung und Lohnherstellung von Kosmetikprodukten.[\/vc_column_text][\/vc_column][\/vc_row][vc_row css_animation=&#8220;&#8220; row_type=&#8220;row&#8220; use_row_as_full_screen_section=&#8220;no&#8220; type=&#8220;grid&#8220; angled_section=&#8220;no&#8220; text_align=&#8220;left&#8220; background_image_as_pattern=&#8220;without_pattern&#8220; z_index=&#8220;&#8220;][vc_column][vc_empty_space height=&#8220;50px&#8220;][\/vc_column][\/vc_row][vc_row css_animation=&#8220;&#8220; row_type=&#8220;row&#8220; use_row_as_full_screen_section=&#8220;no&#8220; type=&#8220;grid&#8220; angled_section=&#8220;no&#8220; text_align=&#8220;left&#8220; background_image_as_pattern=&#8220;without_pattern&#8220; z_index=&#8220;&#8220;][vc_column width=&#8220;8\/12&#8243; el_class=&#8220;center-me&#8220;][vc_column_text css=&#8220;&#8220;]<\/p>\n<h3>So gehen wir vor<\/h3>\n<p>Basierend auf Ihrem Briefing arbeitet unser spezialisiertes Entwicklungsteam eine erste, massgeschneiderte Formulierung aus. Dabei lassen wir unser <strong>Know-how,<\/strong> unsere <strong>wissenschaftliche Expertise<\/strong> sowie unsere <strong>Kreativit\u00e4t<\/strong> einfliessen und pflegen einen aktiven Austausch mit dem Kunden bez\u00fcglich der Wirkstoffe, Rezeptur, Textur, regulatorischen Anforderungen etc.[\/vc_column_text][\/vc_column][\/vc_row][vc_row css_animation=&#8220;&#8220; row_type=&#8220;row&#8220; use_row_as_full_screen_section=&#8220;no&#8220; type=&#8220;grid&#8220; angled_section=&#8220;no&#8220; text_align=&#8220;left&#8220; background_image_as_pattern=&#8220;without_pattern&#8220; z_index=&#8220;&#8220;][vc_column][vc_empty_space][\/vc_column][\/vc_row][vc_row css_animation=&#8220;&#8220; row_type=&#8220;row&#8220; use_row_as_full_screen_section=&#8220;no&#8220; type=&#8220;grid&#8220; angled_section=&#8220;no&#8220; text_align=&#8220;left&#8220; background_image_as_pattern=&#8220;without_pattern&#8220; z_index=&#8220;&#8220;][vc_column width=&#8220;2\/3&#8243; el_class=&#8220;center-me&#8220;][vc_column_text css=&#8220;&#8220;]<\/p>\n<h3>Produktentwicklung \u2013 gemeinsam zum perfekten Produkt<\/h3>\n<p>Ein entscheidender Schritt auf dem Weg zu einem erfolgreichen Produkt ist die erste Bemusterung aus unseren Entwicklungslabor. Sie k\u00f6nnen Ihr Produkt nun erleben! In weiteren Schritten wird das Produkt anschliessend gemeinsam perfektioniert. Nachdem Sie die Formulierung final freigegeben haben, werden im n\u00e4chsten Prozess die notwendigen Tests wie Stabilit\u00e4t und Kompatibilit\u00e4t, mikrobiologische Belastungstests sowie dermatologische Vertr\u00e4glichkeitstests durchgef\u00fchrt. Auf Kundenwunsch k\u00f6nnen wir \u00fcber unser Netzwerk zu Fachlaboren im In- und Ausland weitere Tests wie Wirksamkeitstests etc. durchf\u00fchren.[\/vc_column_text]<a  itemprop=\"url\" href=\"\/wp-content\/uploads\/2025\/07\/FM-580.pdf\" target=\"_blank\"  class=\"qbutton  small default\" style=\"\">Product Briefing (PDF) <i class=\"qode_icon_font_awesome fa fa-file-pdf-o qode_button_icon_element\"><\/i><\/a>[\/vc_column][\/vc_row][vc_row css_animation=&#8220;&#8220; row_type=&#8220;row&#8220; use_row_as_full_screen_section=&#8220;no&#8220; type=&#8220;full_width&#8220; angled_section=&#8220;no&#8220; text_align=&#8220;left&#8220; background_image_as_pattern=&#8220;without_pattern&#8220;][vc_column][vc_empty_space height=&#8220;47px&#8220;][\/vc_column][\/vc_row][vc_row css_animation=&#8220;&#8220; row_type=&#8220;row&#8220; use_row_as_full_screen_section=&#8220;no&#8220; type=&#8220;grid&#8220; angled_section=&#8220;no&#8220; text_align=&#8220;left&#8220; background_image_as_pattern=&#8220;without_pattern&#8220; z_index=&#8220;&#8220;][vc_column width=&#8220;2\/3&#8243; el_class=&#8220;center-me&#8220;][vc_column_text css=&#8220;&#8220;]<\/p>\n<h3>Dokumentation &amp; Regulatory \u2013 ein immer wichtiger werdender Bereich<\/h3>\n<p>Nach erfolgreichem Abschluss aller Tests ist es noch nicht ganz geschafft. Um das Produkt auf dem Markt lancieren zu k\u00f6nnen, m\u00fcssen gewisse Dokumentations- und Registrierungsvorschriften erf\u00fcllt sein, wie die Erstellung und Aufbewahrung des Product Information File (PIF) oder die CPNP Registrierung. Auch diesen Teil \u00fcbernimmt unser erfahrenes Regulatory Team gerne f\u00fcr Sie.<\/p>\n<p>Sie erobern mit Ihrer Kosmetik neue M\u00e4rkte, wir sind dabei. F\u00fcr die Inverkehrbringung von kosmetischen Produkten sind zahlreiche, l\u00e4nderspezifische Vorschriften zu beachten und entsprechende Dokumente und Zertifikate zu erstellen. Wir beraten Sie gerne.[\/vc_column_text][\/vc_column][\/vc_row][vc_row css_animation=&#8220;&#8220; row_type=&#8220;row&#8220; use_row_as_full_screen_section=&#8220;no&#8220; type=&#8220;full_width&#8220; angled_section=&#8220;no&#8220; text_align=&#8220;left&#8220; background_image_as_pattern=&#8220;without_pattern&#8220;][vc_column][vc_empty_space height=&#8220;47px&#8220;][\/vc_column][\/vc_row][vc_row css_animation=&#8220;&#8220; row_type=&#8220;row&#8220; use_row_as_full_screen_section=&#8220;no&#8220; type=&#8220;grid&#8220; angled_section=&#8220;no&#8220; text_align=&#8220;left&#8220; background_image_as_pattern=&#8220;without_pattern&#8220; z_index=&#8220;&#8220;][vc_column width=&#8220;2\/3&#8243; el_class=&#8220;center-me&#8220;][vc_column_text css=&#8220;&#8220;]<\/p>\n<h3>\u00dcberarbeitung bestehender Formulierungen<\/h3>\n<p>Ihr Produkt entspricht nicht mehr Ihren W\u00fcnschen oder der sich st\u00e4ndig weiterentwickelnden Gesetzgebung? Sie m\u00f6chten Ihr Produkt in neuen M\u00e4rkten vertreiben und dazu sind Anpassungen bei den Inhaltsstoffen notwendig? Kein Problem, unser Entwicklungsteam ber\u00e4t Sie gerne betreffend der notwendigen Schritte f\u00fcr eine erfolgreiche Umsetzung (Laborversuche, ben\u00f6tigte und empfohlene Tests, Anpassung der regulatorischen Dokumente etc.). [\/vc_column_text][\/vc_column][\/vc_row][vc_row css_animation=&#8220;&#8220; row_type=&#8220;row&#8220; use_row_as_full_screen_section=&#8220;yes&#8220; type=&#8220;grid&#8220; angled_section=&#8220;no&#8220; text_align=&#8220;left&#8220; background_image_as_pattern=&#8220;without_pattern&#8220; z_index=&#8220;&#8220; background_color=&#8220;#00000000&#8243; el_class=&#8220;intro-home-bg-right style-dark&#8220; css=&#8220;.vc_custom_1751461256381{margin-top: 85px !important;background-color: #3180DE !important;}&#8220;][vc_column el_class=&#8220;center-me intro-inner&#8220;][vc_row_inner row_type=&#8220;row&#8220; type=&#8220;full_width&#8220; text_align=&#8220;left&#8220; css_animation=&#8220;&#8220; el_class=&#8220;center-me&#8220;][vc_column_inner width=&#8220;7\/12&#8243; css=&#8220;.vc_custom_1739972760319{padding-top: 85px !important;padding-bottom: 85px !important;}&#8220;][vc_column_text css=&#8220;&#8220;]<\/p>\n<h2>Praxisbeispiele<\/h2>\n<p>Wir sind mit grosser Freude und Elan an unserer t\u00e4glichen Arbeit und geben stets das Beste f\u00fcr unsere Kunden. \u00dcberzeugen Sie sich von unserer Qualit\u00e4t und unserem grossen Know-how, wenn es um Kosmetika geht.[\/vc_column_text][\/vc_column_inner][\/vc_row_inner][vc_row_inner row_type=&#8220;row&#8220; type=&#8220;full_width&#8220; text_align=&#8220;left&#8220; css_animation=&#8220;&#8220; el_class=&#8220;intro-inner-two-col&#8220;][vc_column_inner width=&#8220;1\/2&#8243; css=&#8220;.vc_custom_1739972787669{padding-bottom: 85px !important;}&#8220;][vc_column_text css=&#8220;&#8220;]<\/p>\n<h3>Entwicklung Abdeckstift<\/h3>\n<p>Nach einigen pers\u00f6nlichen Besprechungen \u00fcber die gew\u00fcnschten Parameter wurde klar, dass die aktuelle Formulierung von Grund auf neu definiert werden musste.<br \/>\nZudem wurde ein kritischer Rohstoff identifiziert, welcher in einigen Jahren zum Ziel regulatorischer Einschr\u00e4nkungen werden k\u00f6nnte. Da unsere Entwicklung am Puls der Zeit und in ein grosses Netzwerk an Informationsquellen eingebunden ist und sich in st\u00e4ndigem Austausch mit den Rohstofflieferanten befindet, konnte dieser Stoff vorausschauend ersetzt werden. Nach nur einem Monat konnten wir dem Kunden ein erstes Produktmuster zum Testen vorlegen. Nat\u00fcrlich hat uns das Kundenfeedback, dass wir den Benchmark in Sachen Zeit, Service und Qualit\u00e4t extrem hochgelegt haben, sehr gefreut und motiviert.[\/vc_column_text][\/vc_column_inner][vc_column_inner width=&#8220;1\/2&#8243;][vc_column_text css=&#8220;.vc_custom_1751461138771{padding-bottom: 85px !important;}&#8220;]<\/p>\n<h3>Update \u00abready-to-sell\u00bb-Sonnenschutzlinie<\/h3>\n<p>Vor kurzem haben wir die gesamte \u00abready-to-sell\u00bb Sonnenschutzlinie mit grossem Aufwand \u00fcberarbeitet, um die neusten wissenschaftlichen Erkenntnisse in Sachen Sonnenschutzfilter, Wirksamkeit, Produktsicherheit und Nachhaltigkeit zu ber\u00fccksichtigen.<\/p>\n<p><strong>Dazu nur einige Schlagworte:<\/strong><br \/>\nOhne Sonnenschutzfilter mit Verdacht auf Hormonaktivit\u00e4t (Endokrine Disruptoren), Mikroplastikfrei, Nano-frei, nat\u00fcrliche Wachse\/\u00d6le, Silikonfrei, PEG-frei, ohne Parabene, Kombination von chemischen &amp; mineralischen (nat\u00fcrlich) Filtern f\u00fcr einen optimalen Sonnenschutz.[\/vc_column_text][\/vc_column_inner][\/vc_row_inner][vc_row_inner row_type=&#8220;row&#8220; type=&#8220;full_width&#8220; text_align=&#8220;left&#8220; css_animation=&#8220;&#8220; el_class=&#8220;intro-inner-two-col&#8220;][vc_column_inner width=&#8220;1\/2&#8243; css=&#8220;.vc_custom_1739972787669{padding-bottom: 85px !important;}&#8220;][vc_column_text css=&#8220;&#8220;]<\/p>\n<h3>Adaption Regulatorisch<\/h3>\n<p>Nach Erhalt der Info betreffend einer Anpassung der zul\u00e4ssigen maximalen Einsatzkonzentration eines Rohstoffs, haben wir alle betroffenen Kunden proaktiv kontaktiert und L\u00f6sungsvorschl\u00e4ge unterbreitet. Gemeinsam konnte so rasch und effizient das beste Vorgehen definiert werden.[\/vc_column_text][\/vc_column_inner][vc_column_inner width=&#8220;1\/2&#8243;][vc_column_text css=&#8220;.vc_custom_1751461165141{padding-bottom: 85px !important;}&#8220;]<\/p>\n<h3>Adaption Kundenwunsch<\/h3>\n<p>Einem Kunden haben wir die Handcr\u00e8me-Formulierung aus unserem \u00abready-to-sell\u00bb Sortiment vorgestellt. Der Kunde war von dem Produkt sehr begeistert und wollte es unbedingt in sein Sortiment aufnehmen. Jedoch war das in der Rezeptur enthaltene Sumpfblumen\u00f6l f\u00fcr den Kunden zu wenig \u00abSwissness\u00bb. Daher haben wir bei der Rezepturentwicklung die Erg\u00e4nzung der Formulierung mit einem durch lokale Biobauern in der Schweiz kultivierten Alpenrosenextrakt vorgeschlagen. Dies erlaubt dem Kunden eine sch\u00f6ne Auslobung und Vermarktung des Produkts.[\/vc_column_text][\/vc_column_inner][\/vc_row_inner][\/vc_column][\/vc_row][vc_row css_animation=&#8220;&#8220; row_type=&#8220;row&#8220; use_row_as_full_screen_section=&#8220;yes&#8220; type=&#8220;grid&#8220; angled_section=&#8220;no&#8220; text_align=&#8220;left&#8220; background_image_as_pattern=&#8220;without_pattern&#8220; z_index=&#8220;&#8220; background_color=&#8220;#00000000&#8243; css=&#8220;.vc_custom_1751463149161{padding-bottom: 85px !important;}&#8220;][vc_column width=&#8220;2\/12&#8243;][\/vc_column][vc_column width=&#8220;8\/12&#8243;][vc_row_inner row_type=&#8220;row&#8220; type=&#8220;full_width&#8220; text_align=&#8220;left&#8220; css_animation=&#8220;&#8220; el_class=&#8220;center-me&#8220;][vc_column_inner css=&#8220;.vc_custom_1753795201855{padding-top: 85px !important;padding-bottom: 15px !important;}&#8220;][vc_column_text css=&#8220;.vc_custom_1753795019588{margin-bottom: 0px !important;}&#8220;]<\/p>\n<h2>D\u00fcrfen wir f\u00fcr Sie t\u00e4tig werden?<\/h2>\n<p>Sie haben eine Produktidee und suchen den idealen Partner f\u00fcr die Entwicklung?<br \/>\nWir unterst\u00fctzen Sie gerne bei der zielgerichteten und effizienten Umsetzung Ihrer Vision \u2013 von der ersten Konzeptidee bis zum marktreifen Kosmetikprodukt.[\/vc_column_text][\/vc_column_inner][\/vc_row_inner]<a  itemprop=\"url\" href=\"\/de\/unternehmen\/ansprechpartner\/\" target=\"_self\"  class=\"qbutton  small default\" style=\"\">Zum Beratungsteam<\/a>[\/vc_column][vc_column width=&#8220;2\/12&#8243;][\/vc_column][\/vc_row][vc_row css_animation=&#8220;&#8220; row_type=&#8220;row&#8220; use_row_as_full_screen_section=&#8220;no&#8220; type=&#8220;grid&#8220; angled_section=&#8220;no&#8220; text_align=&#8220;left&#8220; background_image_as_pattern=&#8220;without_pattern&#8220; z_index=&#8220;&#8220; min_height=&#8220;300px&#8220; el_class=&#8220;zweispalter-zeile&#8220;][vc_column width=&#8220;1\/2&#8243; el_class=&#8220;spalte_1&#8243;][vc_column_text css=&#8220;.vc_custom_1753796048161{border-radius: 5px !important;}&#8220;]<\/p>\n<h2>Ihre Vorteile<\/h2>\n<p>Wir legen bei der Kosmetikentwicklung grossen Wert auf Nachhaltigkeit, stehen mit unserem Namen f\u00fcr Swiss Quality und bieten einen Full Service mit h\u00f6chster Flexibilit\u00e4t.[\/vc_column_text]<a  itemprop=\"url\" href=\"https:\/\/temmentec.ch\/de\/ihre-vorteile\/\" target=\"_self\"  class=\"qbutton  small default\" style=\"\">Vorteile entdecken<\/a>[\/vc_column][vc_column width=&#8220;1\/2&#8243; el_class=&#8220;spalte_2&#8243;][vc_column_text css=&#8220;&#8220;]<\/p>\n<h2>Haben Sie Fragen?<\/h2>\n<p>M\u00f6chten Sie uns gerne eine Frage stellen, haben eine Produktidee oder eine Anregung f\u00fcr uns? Wir freuen uns auf Ihre Nachricht.[\/vc_column_text]<a  itemprop=\"url\" href=\"https:\/\/temmentec.ch\/de\/kontakt\/\" target=\"_self\"  class=\"qbutton  small default\" style=\"\">Kontakt aufnehmen<\/a>[\/vc_column][\/vc_row][vc_row css_animation=&#8220;&#8220; row_type=&#8220;row&#8220; use_row_as_full_screen_section=&#8220;no&#8220; type=&#8220;grid&#8220; angled_section=&#8220;no&#8220; text_align=&#8220;left&#8220; background_image_as_pattern=&#8220;without_pattern&#8220; css=&#8220;.vc_custom_1751967112256{margin-top: 85px !important;margin-bottom: 142px !important;}&#8220; z_index=&#8220;&#8220;][vc_column width=&#8220;1\/2&#8243;]<a  itemprop=\"url\" href=\"\/de\/private-label\/\" target=\"_self\"  class=\"qbutton  left default\" style=\"\">Zur\u00fcck zur \u00dcbersicht<i class=\"qode_icon_font_awesome fa fa-arrow-circle-o-left qode_button_icon_element\"><\/i><\/a>[vc_empty_space][\/vc_column][vc_column width=&#8220;1\/2&#8243; el_class=&#8220;spalte_rechtsbuendig&#8220;]<a  itemprop=\"url\" href=\"https:\/\/temmentec.ch\/de\/private-label\/full-service\/\" target=\"_self\"  class=\"qbutton  right default\" style=\"\">Full Service entdecken<i class=\"qode_icon_font_awesome fa fa-arrow-circle-o-right qode_button_icon_element\"><\/i><\/a>[vc_empty_space][\/vc_column][\/vc_row]<\/p>\n<\/div>","protected":false},"excerpt":{"rendered":"<p>[vc_row css_animation=&#8220;&#8220; row_type=&#8220;row&#8220; use_row_as_full_screen_section=&#8220;no&#8220; type=&#8220;grid&#8220; angled_section=&#8220;no&#8220; text_align=&#8220;left&#8220; background_image_as_pattern=&#8220;without_pattern&#8220; z_index=&#8220;&#8220;][vc_column width=&#8220;1\/2&#8243;][vc_single_image image=&#8220;6774&#8243; img_size=&#8220;medium&#8220; alignment=&#8220;right&#8220; css=&#8220;&#8220; qode_css_animation=&#8220;&#8220;][vc_empty_space][\/vc_column][vc_column width=&#8220;1\/2&#8243;][vc_column_text css=&#8220;&#8220;] Entwicklung Kosmetik\u00adentwicklung: von der innovativen Idee zum Produkt Unsere Entwicklungsabteilung verf\u00fcgt \u00fcber umfassende&#8230;<\/p>\n","protected":false},"author":1,"featured_media":0,"parent":256,"menu_order":21,"comment_status":"closed","ping_status":"closed","template":"full_width.php","meta":{"_uag_custom_page_level_css":"","footnotes":""},"class_list":["post-6623","page","type-page","status-publish","hentry"],"yoast_head":"<!-- This site is optimized with the Yoast SEO plugin v27.4 - https:\/\/yoast.com\/product\/yoast-seo-wordpress\/ -->\n<title>Entwicklung &#8211; Temmentec<\/title>\n<meta name=\"robots\" content=\"index, follow, max-snippet:-1, max-image-preview:large, max-video-preview:-1\" \/>\n<link rel=\"canonical\" href=\"https:\/\/temmentec.ch\/de\/private-label\/entwicklung\/\" \/>\n<meta property=\"og:locale\" content=\"de_DE\" \/>\n<meta property=\"og:type\" content=\"article\" \/>\n<meta property=\"og:title\" content=\"Entwicklung &#8211; Temmentec\" \/>\n<meta property=\"og:description\" content=\"[vc_row css_animation=&#8220;&#8220; row_type=&#8220;row&#8220; use_row_as_full_screen_section=&#8220;no&#8220; type=&#8220;grid&#8220; angled_section=&#8220;no&#8220; text_align=&#8220;left&#8220; background_image_as_pattern=&#8220;without_pattern&#8220; z_index=&#8220;&#8220;][vc_column width=&#8220;1\/2&#8243;][vc_single_image image=&#8220;6774&#8243; img_size=&#8220;medium&#8220; alignment=&#8220;right&#8220; css=&#8220;&#8220; qode_css_animation=&#8220;&#8220;][vc_empty_space][\/vc_column][vc_column width=&#8220;1\/2&#8243;][vc_column_text css=&#8220;&#8220;] Entwicklung Kosmetik\u00adentwicklung: von der innovativen Idee zum Produkt Unsere Entwicklungsabteilung verf\u00fcgt \u00fcber umfassende...\" \/>\n<meta property=\"og:url\" content=\"https:\/\/temmentec.ch\/de\/private-label\/entwicklung\/\" \/>\n<meta property=\"og:site_name\" content=\"Temmentec\" \/>\n<meta property=\"article:modified_time\" content=\"2025-08-04T10:24:12+00:00\" \/>\n<meta name=\"twitter:card\" content=\"summary_large_image\" \/>\n<meta name=\"twitter:label1\" content=\"Gesch\u00e4tzte Lesezeit\" \/>\n\t<meta name=\"twitter:data1\" content=\"6\u00a0Minuten\" \/>\n<script type=\"application\/ld+json\" class=\"yoast-schema-graph\">{\"@context\":\"https:\\\/\\\/schema.org\",\"@graph\":[{\"@type\":\"WebPage\",\"@id\":\"https:\\\/\\\/temmentec.ch\\\/de\\\/private-label\\\/entwicklung\\\/\",\"url\":\"https:\\\/\\\/temmentec.ch\\\/de\\\/private-label\\\/entwicklung\\\/\",\"name\":\"Entwicklung &#8211; Temmentec\",\"isPartOf\":{\"@id\":\"https:\\\/\\\/temmentec.ch\\\/de\\\/#website\"},\"datePublished\":\"2025-02-03T12:53:56+00:00\",\"dateModified\":\"2025-08-04T10:24:12+00:00\",\"breadcrumb\":{\"@id\":\"https:\\\/\\\/temmentec.ch\\\/de\\\/private-label\\\/entwicklung\\\/#breadcrumb\"},\"inLanguage\":\"de\",\"potentialAction\":[{\"@type\":\"ReadAction\",\"target\":[\"https:\\\/\\\/temmentec.ch\\\/de\\\/private-label\\\/entwicklung\\\/\"]}]},{\"@type\":\"BreadcrumbList\",\"@id\":\"https:\\\/\\\/temmentec.ch\\\/de\\\/private-label\\\/entwicklung\\\/#breadcrumb\",\"itemListElement\":[{\"@type\":\"ListItem\",\"position\":1,\"name\":\"Startseite\",\"item\":\"https:\\\/\\\/temmentec.ch\\\/de\\\/\"},{\"@type\":\"ListItem\",\"position\":2,\"name\":\"Private Label\",\"item\":\"https:\\\/\\\/temmentec.ch\\\/de\\\/private-label\\\/\"},{\"@type\":\"ListItem\",\"position\":3,\"name\":\"Entwicklung\"}]},{\"@type\":\"WebSite\",\"@id\":\"https:\\\/\\\/temmentec.ch\\\/de\\\/#website\",\"url\":\"https:\\\/\\\/temmentec.ch\\\/de\\\/\",\"name\":\"Temmentec\",\"description\":\"Switzerland\",\"publisher\":{\"@id\":\"https:\\\/\\\/temmentec.ch\\\/de\\\/#organization\"},\"potentialAction\":[{\"@type\":\"SearchAction\",\"target\":{\"@type\":\"EntryPoint\",\"urlTemplate\":\"https:\\\/\\\/temmentec.ch\\\/de\\\/?s={search_term_string}\"},\"query-input\":{\"@type\":\"PropertyValueSpecification\",\"valueRequired\":true,\"valueName\":\"search_term_string\"}}],\"inLanguage\":\"de\"},{\"@type\":\"Organization\",\"@id\":\"https:\\\/\\\/temmentec.ch\\\/de\\\/#organization\",\"name\":\"Temmentec AG\",\"url\":\"https:\\\/\\\/temmentec.ch\\\/de\\\/\",\"logo\":{\"@type\":\"ImageObject\",\"inLanguage\":\"de\",\"@id\":\"https:\\\/\\\/temmentec.ch\\\/de\\\/#\\\/schema\\\/logo\\\/image\\\/\",\"url\":\"https:\\\/\\\/temmentec.ch\\\/wp-content\\\/uploads\\\/2025\\\/02\\\/temmentec_logo_neu.png\",\"contentUrl\":\"https:\\\/\\\/temmentec.ch\\\/wp-content\\\/uploads\\\/2025\\\/02\\\/temmentec_logo_neu.png\",\"width\":927,\"height\":227,\"caption\":\"Temmentec AG\"},\"image\":{\"@id\":\"https:\\\/\\\/temmentec.ch\\\/de\\\/#\\\/schema\\\/logo\\\/image\\\/\"}}]}<\/script>\n<!-- \/ Yoast SEO plugin. -->","yoast_head_json":{"title":"Entwicklung &#8211; Temmentec","robots":{"index":"index","follow":"follow","max-snippet":"max-snippet:-1","max-image-preview":"max-image-preview:large","max-video-preview":"max-video-preview:-1"},"canonical":"https:\/\/temmentec.ch\/de\/private-label\/entwicklung\/","og_locale":"de_DE","og_type":"article","og_title":"Entwicklung &#8211; Temmentec","og_description":"[vc_row css_animation=&#8220;&#8220; row_type=&#8220;row&#8220; use_row_as_full_screen_section=&#8220;no&#8220; type=&#8220;grid&#8220; angled_section=&#8220;no&#8220; text_align=&#8220;left&#8220; background_image_as_pattern=&#8220;without_pattern&#8220; z_index=&#8220;&#8220;][vc_column width=&#8220;1\/2&#8243;][vc_single_image image=&#8220;6774&#8243; img_size=&#8220;medium&#8220; alignment=&#8220;right&#8220; css=&#8220;&#8220; qode_css_animation=&#8220;&#8220;][vc_empty_space][\/vc_column][vc_column width=&#8220;1\/2&#8243;][vc_column_text css=&#8220;&#8220;] Entwicklung Kosmetik\u00adentwicklung: von der innovativen Idee zum Produkt Unsere Entwicklungsabteilung verf\u00fcgt \u00fcber umfassende...","og_url":"https:\/\/temmentec.ch\/de\/private-label\/entwicklung\/","og_site_name":"Temmentec","article_modified_time":"2025-08-04T10:24:12+00:00","twitter_card":"summary_large_image","twitter_misc":{"Gesch\u00e4tzte Lesezeit":"6\u00a0Minuten"},"schema":{"@context":"https:\/\/schema.org","@graph":[{"@type":"WebPage","@id":"https:\/\/temmentec.ch\/de\/private-label\/entwicklung\/","url":"https:\/\/temmentec.ch\/de\/private-label\/entwicklung\/","name":"Entwicklung &#8211; Temmentec","isPartOf":{"@id":"https:\/\/temmentec.ch\/de\/#website"},"datePublished":"2025-02-03T12:53:56+00:00","dateModified":"2025-08-04T10:24:12+00:00","breadcrumb":{"@id":"https:\/\/temmentec.ch\/de\/private-label\/entwicklung\/#breadcrumb"},"inLanguage":"de","potentialAction":[{"@type":"ReadAction","target":["https:\/\/temmentec.ch\/de\/private-label\/entwicklung\/"]}]},{"@type":"BreadcrumbList","@id":"https:\/\/temmentec.ch\/de\/private-label\/entwicklung\/#breadcrumb","itemListElement":[{"@type":"ListItem","position":1,"name":"Startseite","item":"https:\/\/temmentec.ch\/de\/"},{"@type":"ListItem","position":2,"name":"Private Label","item":"https:\/\/temmentec.ch\/de\/private-label\/"},{"@type":"ListItem","position":3,"name":"Entwicklung"}]},{"@type":"WebSite","@id":"https:\/\/temmentec.ch\/de\/#website","url":"https:\/\/temmentec.ch\/de\/","name":"Temmentec","description":"Switzerland","publisher":{"@id":"https:\/\/temmentec.ch\/de\/#organization"},"potentialAction":[{"@type":"SearchAction","target":{"@type":"EntryPoint","urlTemplate":"https:\/\/temmentec.ch\/de\/?s={search_term_string}"},"query-input":{"@type":"PropertyValueSpecification","valueRequired":true,"valueName":"search_term_string"}}],"inLanguage":"de"},{"@type":"Organization","@id":"https:\/\/temmentec.ch\/de\/#organization","name":"Temmentec AG","url":"https:\/\/temmentec.ch\/de\/","logo":{"@type":"ImageObject","inLanguage":"de","@id":"https:\/\/temmentec.ch\/de\/#\/schema\/logo\/image\/","url":"https:\/\/temmentec.ch\/wp-content\/uploads\/2025\/02\/temmentec_logo_neu.png","contentUrl":"https:\/\/temmentec.ch\/wp-content\/uploads\/2025\/02\/temmentec_logo_neu.png","width":927,"height":227,"caption":"Temmentec AG"},"image":{"@id":"https:\/\/temmentec.ch\/de\/#\/schema\/logo\/image\/"}}]}},"uagb_featured_image_src":{"full":false,"thumbnail":false,"medium":false,"medium_large":false,"large":false,"event-post-thumb":false,"event-post-thumb-box":false,"1536x1536":false,"2048x2048":false,"portfolio-square":false,"portfolio-portrait":false,"portfolio-landscape":false,"menu-featured-post":false,"qode-carousel_slider":false,"portfolio_slider":false,"portfolio_masonry_regular":false,"portfolio_masonry_wide":false,"portfolio_masonry_tall":false,"portfolio_masonry_large":false,"portfolio_masonry_with_space":false,"latest_post_boxes":false},"uagb_author_info":{"display_name":"dc-admin","author_link":"https:\/\/temmentec.ch\/de\/author\/dc-admin\/"},"uagb_comment_info":0,"uagb_excerpt":"[vc_row css_animation=&#8220;&#8220; row_type=&#8220;row&#8220; use_row_as_full_screen_section=&#8220;no&#8220; type=&#8220;grid&#8220; angled_section=&#8220;no&#8220; text_align=&#8220;left&#8220; background_image_as_pattern=&#8220;without_pattern&#8220; z_index=&#8220;&#8220;][vc_column width=&#8220;1\/2&#8243;][vc_single_image image=&#8220;6774&#8243; img_size=&#8220;medium&#8220; alignment=&#8220;right&#8220; css=&#8220;&#8220; qode_css_animation=&#8220;&#8220;][vc_empty_space][\/vc_column][vc_column width=&#8220;1\/2&#8243;][vc_column_text css=&#8220;&#8220;] Entwicklung Kosmetik\u00adentwicklung: von der innovativen Idee zum Produkt Unsere Entwicklungsabteilung verf\u00fcgt \u00fcber umfassende...","_links":{"self":[{"href":"https:\/\/temmentec.ch\/de\/wp-json\/wp\/v2\/pages\/6623","targetHints":{"allow":["GET"]}}],"collection":[{"href":"https:\/\/temmentec.ch\/de\/wp-json\/wp\/v2\/pages"}],"about":[{"href":"https:\/\/temmentec.ch\/de\/wp-json\/wp\/v2\/types\/page"}],"author":[{"embeddable":true,"href":"https:\/\/temmentec.ch\/de\/wp-json\/wp\/v2\/users\/1"}],"replies":[{"embeddable":true,"href":"https:\/\/temmentec.ch\/de\/wp-json\/wp\/v2\/comments?post=6623"}],"version-history":[{"count":138,"href":"https:\/\/temmentec.ch\/de\/wp-json\/wp\/v2\/pages\/6623\/revisions"}],"predecessor-version":[{"id":9002,"href":"https:\/\/temmentec.ch\/de\/wp-json\/wp\/v2\/pages\/6623\/revisions\/9002"}],"up":[{"embeddable":true,"href":"https:\/\/temmentec.ch\/de\/wp-json\/wp\/v2\/pages\/256"}],"wp:attachment":[{"href":"https:\/\/temmentec.ch\/de\/wp-json\/wp\/v2\/media?parent=6623"}],"curies":[{"name":"wp","href":"https:\/\/api.w.org\/{rel}","templated":true}]}}