{"id":6565,"date":"2025-02-03T12:06:34","date_gmt":"2025-02-03T12:06:34","guid":{"rendered":"https:\/\/temmentec.dclabs2.ch\/?page_id=6565"},"modified":"2025-08-04T16:28:45","modified_gmt":"2025-08-04T14:28:45","slug":"ihre-vorteile","status":"publish","type":"page","link":"https:\/\/temmentec.ch\/de\/ihre-vorteile\/","title":{"rendered":"Ihre Vorteile"},"content":{"rendered":"<div class=\"wpb-content-wrapper\"><p>[vc_row css_animation=&#8220;&#8220; row_type=&#8220;row&#8220; use_row_as_full_screen_section=&#8220;no&#8220; type=&#8220;full_width&#8220; angled_section=&#8220;no&#8220; text_align=&#8220;left&#8220; background_image_as_pattern=&#8220;without_pattern&#8220;][vc_column width=&#8220;1\/3&#8243;][vc_single_image image=&#8220;8772&#8243; img_size=&#8220;medium&#8220; onclick=&#8220;custom_link&#8220; css=&#8220;&#8220; qode_css_animation=&#8220;&#8220; qode_hover_animation=&#8220;zoom_in&#8220; link=&#8220;https:\/\/temmentec.ch\/de\/ihre-vorteile\/swiss-quality\/&#8220;][vc_empty_space][vc_column_text css=&#8220;&#8220;]<\/p>\n<h2>Swiss Quality<\/h2>\n<p>Kosmetik 100% made in Switzerland<\/p>\n<p>Wir sind stolz in der Schweiz verankert \u2013 seit unserer Gr\u00fcndung 1916 fest in Sumiswald verwurzelt und neu auch mit Entwicklungskompetenz in Berneck. Ihre Produkte werden vollst\u00e4ndig in der Schweiz entwickelt, hergestellt, abgef\u00fcllt und verpackt.[\/vc_column_text][vc_empty_space height=&#8220;15px&#8220;]<a  itemprop=\"url\" href=\"https:\/\/temmentec.ch\/de\/ihre-vorteile\/swiss-quality\/\" target=\"_self\"  class=\"qbutton  default\" style=\"\">mehr erfahren<\/a>[vc_empty_space][\/vc_column][vc_column width=&#8220;1\/3&#8243;][vc_single_image image=&#8220;6898&#8243; img_size=&#8220;medium&#8220; onclick=&#8220;custom_link&#8220; css=&#8220;&#8220; qode_css_animation=&#8220;&#8220; qode_hover_animation=&#8220;zoom_in&#8220; link=&#8220;https:\/\/temmentec.ch\/de\/ihre-vorteile\/zertifizierungen\/&#8220;][vc_empty_space][vc_column_text css=&#8220;&#8220;]<\/p>\n<h2>Zertifizierungen<\/h2>\n<p>Belegte Prozesse<\/p>\n<p>Sichere und stabile Prozesse sind elementare Grundbausteine f\u00fcr den Erfolg. Wir von Temmentec garantieren durch laufende Kontrollen externer Spezialisten, die gesetzlich geltenden Richtlinien einzuhalten und Sie, wo immer m\u00f6glich, zu \u00fcbertreffen.[\/vc_column_text][vc_empty_space height=&#8220;15px&#8220;]<a  itemprop=\"url\" href=\"https:\/\/temmentec.ch\/de\/ihre-vorteile\/zertifizierungen\/\" target=\"_self\"  class=\"qbutton  default\" style=\"\">mehr erfahren<\/a>[vc_empty_space][\/vc_column][vc_column width=&#8220;1\/3&#8243;][vc_single_image image=&#8220;6890&#8243; img_size=&#8220;medium&#8220; onclick=&#8220;custom_link&#8220; css=&#8220;&#8220; qode_css_animation=&#8220;&#8220; qode_hover_animation=&#8220;zoom_in&#8220; link=&#8220;https:\/\/temmentec.ch\/de\/ihre-vorteile\/nachhaltigkeit\/&#8220;][vc_empty_space][vc_column_text css=&#8220;&#8220;]<\/p>\n<h2>Nachhaltigkeit<\/h2>\n<p>Weil wir Verantwortung tragen: Nachhaltige Ressourcen, Prozesse und Inhaltsstoffe mit stetiger Verbesserung<\/p>\n<p>Nachhaltigkeit ist in aller Munde. Wir sprechen nicht nur davon, wir handeln. Die Temmentec-Prozesse sind nicht nur unternehmerisch durchdacht, sondern auch nachhaltig optimiert.[\/vc_column_text][vc_empty_space]<a  itemprop=\"url\" href=\"https:\/\/temmentec.ch\/de\/ihre-vorteile\/nachhaltigkeit\/\" target=\"_self\"  class=\"qbutton  default\" style=\"\">mehr erfahren<\/a>[vc_empty_space][\/vc_column][\/vc_row][vc_row css_animation=&#8220;&#8220; row_type=&#8220;row&#8220; use_row_as_full_screen_section=&#8220;no&#8220; type=&#8220;full_width&#8220; angled_section=&#8220;no&#8220; text_align=&#8220;left&#8220; background_image_as_pattern=&#8220;without_pattern&#8220;][vc_column width=&#8220;1\/3&#8243;][vc_single_image image=&#8220;6878&#8243; img_size=&#8220;medium&#8220; onclick=&#8220;custom_link&#8220; css=&#8220;&#8220; qode_css_animation=&#8220;&#8220; qode_hover_animation=&#8220;zoom_in&#8220; link=&#8220;https:\/\/temmentec.ch\/de\/ihre-vorteile\/exklusivitaet\/&#8220;][vc_empty_space][vc_column_text css=&#8220;&#8220;]<\/p>\n<h2>Exklusivit\u00e4t<\/h2>\n<p>Wir legen Wert auf Exklusivit\u00e4t statt Massenware<\/p>\n<p>Unseren Kunden geben wir die M\u00f6glichkeit einer exklusiven Vermarktung ihrer eigenen Produkte. Die Rezepturen sowie die Prozesse werden nach den h\u00f6chsten Standards definiert und versprechen dadurch eine hohe Positionierungsm\u00f6glichkeit.[\/vc_column_text][vc_empty_space height=&#8220;15px&#8220;]<a  itemprop=\"url\" href=\"https:\/\/temmentec.ch\/de\/ihre-vorteile\/exklusivitaet\/\" target=\"_self\"  class=\"qbutton  default\" style=\"\">mehr erfahren<\/a>[vc_empty_space][\/vc_column][vc_column width=&#8220;1\/3&#8243;][vc_single_image image=&#8220;6882&#8243; img_size=&#8220;medium&#8220; onclick=&#8220;custom_link&#8220; css=&#8220;&#8220; qode_css_animation=&#8220;&#8220; qode_hover_animation=&#8220;zoom_in&#8220; link=&#8220;https:\/\/temmentec.ch\/de\/ihre-vorteile\/flexibilitaet\/&#8220;][vc_empty_space][vc_column_text css=&#8220;&#8220;]<\/p>\n<h2>Flexibilit\u00e4t<\/h2>\n<p>Individuell ist Standard bei uns<\/p>\n<p>Unser Service wird Anhand Ihrer Bed\u00fcrfnisse angepasst und kann von einer Produktidee bis zur Lieferung verkaufsbereiter Produkte flexibel und modular zusammengestellt werden.[\/vc_column_text][vc_empty_space]<a  itemprop=\"url\" href=\"https:\/\/temmentec.ch\/de\/ihre-vorteile\/flexibilitaet\/\" target=\"_self\"  class=\"qbutton  default\" style=\"\">mehr erfahren<\/a>[\/vc_column][\/vc_row][vc_row css_animation=&#8220;&#8220; row_type=&#8220;row&#8220; use_row_as_full_screen_section=&#8220;no&#8220; type=&#8220;grid&#8220; angled_section=&#8220;no&#8220; text_align=&#8220;left&#8220; background_image_as_pattern=&#8220;without_pattern&#8220; z_index=&#8220;&#8220; min_height=&#8220;300px&#8220; el_class=&#8220;zweispalter-zeile&#8220; css=&#8220;.vc_custom_1753864762502{margin-top: 100px !important;margin-bottom: 172px !important;}&#8220;][vc_column width=&#8220;1\/2&#8243; el_class=&#8220;spalte_1&#8243;][vc_column_text css=&#8220;.vc_custom_1754317723375{border-radius: 5px !important;}&#8220;]<\/p>\n<h2>Von A bis Z \u2013 unser Angebot<\/h2>\n<p>Mit Temmentec gewinnen Sie einen Full Service Partner f\u00fcr Ihr individuelles Produkt und Bed\u00fcrfnis. Entdecken Sie unser grosses Angebot nach Mass \u2013 von Rezeptur bis Logistik.[\/vc_column_text]<a  itemprop=\"url\" href=\"https:\/\/temmentec.ch\/de\/private-label\/\" target=\"_self\"  class=\"qbutton  small default\" style=\"\">Angebot entdecken<\/a>[\/vc_column][vc_column width=&#8220;1\/2&#8243; el_class=&#8220;spalte_2&#8243;][vc_column_text css=&#8220;&#8220;]<\/p>\n<h2>Haben Sie Fragen?<\/h2>\n<p>M\u00f6chten Sie uns gerne eine Frage stellen, haben eine Produktidee oder eine Anregung f\u00fcr uns? Wir freuen uns auf Ihre Nachricht.[\/vc_column_text]<a  itemprop=\"url\" href=\"https:\/\/temmentec.ch\/de\/kontakt\/\" target=\"_self\"  class=\"qbutton  small default\" style=\"\">Kontakt aufnehmen<\/a>[\/vc_column][\/vc_row]<\/p>\n<\/div>","protected":false},"excerpt":{"rendered":"<p>[vc_row css_animation=&#8220;&#8220; row_type=&#8220;row&#8220; use_row_as_full_screen_section=&#8220;no&#8220; type=&#8220;full_width&#8220; angled_section=&#8220;no&#8220; text_align=&#8220;left&#8220; background_image_as_pattern=&#8220;without_pattern&#8220;][vc_column width=&#8220;1\/3&#8243;][vc_single_image image=&#8220;8772&#8243; img_size=&#8220;medium&#8220; onclick=&#8220;custom_link&#8220; css=&#8220;&#8220; qode_css_animation=&#8220;&#8220; qode_hover_animation=&#8220;zoom_in&#8220; link=&#8220;https:\/\/temmentec.ch\/de\/ihre-vorteile\/swiss-quality\/&#8220;][vc_empty_space][vc_column_text css=&#8220;&#8220;] Swiss Quality Kosmetik 100% made in Switzerland Wir sind stolz in der Schweiz&#8230;<\/p>\n","protected":false},"author":1,"featured_media":0,"parent":0,"menu_order":41,"comment_status":"closed","ping_status":"closed","template":"","meta":{"_uag_custom_page_level_css":"","footnotes":""},"class_list":["post-6565","page","type-page","status-publish","hentry"],"yoast_head":"<!-- This site is optimized with the Yoast SEO plugin v27.4 - https:\/\/yoast.com\/product\/yoast-seo-wordpress\/ -->\n<title>Ihre Vorteile &#8211; Temmentec<\/title>\n<meta name=\"description\" content=\"Wir nehmen uns Zeit f\u00fcr Ihre Ideen und realisieren Ihre Produkte genau nach Ihren Anforderungen in bester Qualit\u00e4t.\" \/>\n<meta name=\"robots\" content=\"index, follow, max-snippet:-1, max-image-preview:large, max-video-preview:-1\" \/>\n<link rel=\"canonical\" href=\"https:\/\/temmentec.ch\/de\/ihre-vorteile\/\" \/>\n<meta property=\"og:locale\" content=\"de_DE\" \/>\n<meta property=\"og:type\" content=\"article\" \/>\n<meta property=\"og:title\" content=\"Ihre Vorteile &#8211; Temmentec\" \/>\n<meta property=\"og:description\" content=\"Wir nehmen uns Zeit f\u00fcr Ihre Ideen und realisieren Ihre Produkte genau nach Ihren Anforderungen in bester Qualit\u00e4t.\" \/>\n<meta property=\"og:url\" content=\"https:\/\/temmentec.ch\/de\/ihre-vorteile\/\" \/>\n<meta property=\"og:site_name\" content=\"Temmentec\" \/>\n<meta property=\"article:modified_time\" content=\"2025-08-04T14:28:45+00:00\" \/>\n<meta name=\"twitter:card\" content=\"summary_large_image\" \/>\n<meta name=\"twitter:label1\" content=\"Gesch\u00e4tzte Lesezeit\" \/>\n\t<meta name=\"twitter:data1\" content=\"2\u00a0Minuten\" \/>\n<script type=\"application\/ld+json\" class=\"yoast-schema-graph\">{\"@context\":\"https:\\\/\\\/schema.org\",\"@graph\":[{\"@type\":\"WebPage\",\"@id\":\"https:\\\/\\\/temmentec.ch\\\/de\\\/ihre-vorteile\\\/\",\"url\":\"https:\\\/\\\/temmentec.ch\\\/de\\\/ihre-vorteile\\\/\",\"name\":\"Ihre Vorteile &#8211; Temmentec\",\"isPartOf\":{\"@id\":\"https:\\\/\\\/temmentec.ch\\\/de\\\/#website\"},\"datePublished\":\"2025-02-03T12:06:34+00:00\",\"dateModified\":\"2025-08-04T14:28:45+00:00\",\"description\":\"Wir nehmen uns Zeit f\u00fcr Ihre Ideen und realisieren Ihre Produkte genau nach Ihren Anforderungen in bester Qualit\u00e4t.\",\"breadcrumb\":{\"@id\":\"https:\\\/\\\/temmentec.ch\\\/de\\\/ihre-vorteile\\\/#breadcrumb\"},\"inLanguage\":\"de\",\"potentialAction\":[{\"@type\":\"ReadAction\",\"target\":[\"https:\\\/\\\/temmentec.ch\\\/de\\\/ihre-vorteile\\\/\"]}]},{\"@type\":\"BreadcrumbList\",\"@id\":\"https:\\\/\\\/temmentec.ch\\\/de\\\/ihre-vorteile\\\/#breadcrumb\",\"itemListElement\":[{\"@type\":\"ListItem\",\"position\":1,\"name\":\"Startseite\",\"item\":\"https:\\\/\\\/temmentec.ch\\\/de\\\/\"},{\"@type\":\"ListItem\",\"position\":2,\"name\":\"Ihre Vorteile\"}]},{\"@type\":\"WebSite\",\"@id\":\"https:\\\/\\\/temmentec.ch\\\/de\\\/#website\",\"url\":\"https:\\\/\\\/temmentec.ch\\\/de\\\/\",\"name\":\"Temmentec\",\"description\":\"Switzerland\",\"publisher\":{\"@id\":\"https:\\\/\\\/temmentec.ch\\\/de\\\/#organization\"},\"potentialAction\":[{\"@type\":\"SearchAction\",\"target\":{\"@type\":\"EntryPoint\",\"urlTemplate\":\"https:\\\/\\\/temmentec.ch\\\/de\\\/?s={search_term_string}\"},\"query-input\":{\"@type\":\"PropertyValueSpecification\",\"valueRequired\":true,\"valueName\":\"search_term_string\"}}],\"inLanguage\":\"de\"},{\"@type\":\"Organization\",\"@id\":\"https:\\\/\\\/temmentec.ch\\\/de\\\/#organization\",\"name\":\"Temmentec AG\",\"url\":\"https:\\\/\\\/temmentec.ch\\\/de\\\/\",\"logo\":{\"@type\":\"ImageObject\",\"inLanguage\":\"de\",\"@id\":\"https:\\\/\\\/temmentec.ch\\\/de\\\/#\\\/schema\\\/logo\\\/image\\\/\",\"url\":\"https:\\\/\\\/temmentec.ch\\\/wp-content\\\/uploads\\\/2025\\\/02\\\/temmentec_logo_neu.png\",\"contentUrl\":\"https:\\\/\\\/temmentec.ch\\\/wp-content\\\/uploads\\\/2025\\\/02\\\/temmentec_logo_neu.png\",\"width\":927,\"height\":227,\"caption\":\"Temmentec AG\"},\"image\":{\"@id\":\"https:\\\/\\\/temmentec.ch\\\/de\\\/#\\\/schema\\\/logo\\\/image\\\/\"}}]}<\/script>\n<!-- \/ Yoast SEO plugin. -->","yoast_head_json":{"title":"Ihre Vorteile &#8211; Temmentec","description":"Wir nehmen uns Zeit f\u00fcr Ihre Ideen und realisieren Ihre Produkte genau nach Ihren Anforderungen in bester Qualit\u00e4t.","robots":{"index":"index","follow":"follow","max-snippet":"max-snippet:-1","max-image-preview":"max-image-preview:large","max-video-preview":"max-video-preview:-1"},"canonical":"https:\/\/temmentec.ch\/de\/ihre-vorteile\/","og_locale":"de_DE","og_type":"article","og_title":"Ihre Vorteile &#8211; Temmentec","og_description":"Wir nehmen uns Zeit f\u00fcr Ihre Ideen und realisieren Ihre Produkte genau nach Ihren Anforderungen in bester Qualit\u00e4t.","og_url":"https:\/\/temmentec.ch\/de\/ihre-vorteile\/","og_site_name":"Temmentec","article_modified_time":"2025-08-04T14:28:45+00:00","twitter_card":"summary_large_image","twitter_misc":{"Gesch\u00e4tzte Lesezeit":"2\u00a0Minuten"},"schema":{"@context":"https:\/\/schema.org","@graph":[{"@type":"WebPage","@id":"https:\/\/temmentec.ch\/de\/ihre-vorteile\/","url":"https:\/\/temmentec.ch\/de\/ihre-vorteile\/","name":"Ihre Vorteile &#8211; Temmentec","isPartOf":{"@id":"https:\/\/temmentec.ch\/de\/#website"},"datePublished":"2025-02-03T12:06:34+00:00","dateModified":"2025-08-04T14:28:45+00:00","description":"Wir nehmen uns Zeit f\u00fcr Ihre Ideen und realisieren Ihre Produkte genau nach Ihren Anforderungen in bester Qualit\u00e4t.","breadcrumb":{"@id":"https:\/\/temmentec.ch\/de\/ihre-vorteile\/#breadcrumb"},"inLanguage":"de","potentialAction":[{"@type":"ReadAction","target":["https:\/\/temmentec.ch\/de\/ihre-vorteile\/"]}]},{"@type":"BreadcrumbList","@id":"https:\/\/temmentec.ch\/de\/ihre-vorteile\/#breadcrumb","itemListElement":[{"@type":"ListItem","position":1,"name":"Startseite","item":"https:\/\/temmentec.ch\/de\/"},{"@type":"ListItem","position":2,"name":"Ihre Vorteile"}]},{"@type":"WebSite","@id":"https:\/\/temmentec.ch\/de\/#website","url":"https:\/\/temmentec.ch\/de\/","name":"Temmentec","description":"Switzerland","publisher":{"@id":"https:\/\/temmentec.ch\/de\/#organization"},"potentialAction":[{"@type":"SearchAction","target":{"@type":"EntryPoint","urlTemplate":"https:\/\/temmentec.ch\/de\/?s={search_term_string}"},"query-input":{"@type":"PropertyValueSpecification","valueRequired":true,"valueName":"search_term_string"}}],"inLanguage":"de"},{"@type":"Organization","@id":"https:\/\/temmentec.ch\/de\/#organization","name":"Temmentec AG","url":"https:\/\/temmentec.ch\/de\/","logo":{"@type":"ImageObject","inLanguage":"de","@id":"https:\/\/temmentec.ch\/de\/#\/schema\/logo\/image\/","url":"https:\/\/temmentec.ch\/wp-content\/uploads\/2025\/02\/temmentec_logo_neu.png","contentUrl":"https:\/\/temmentec.ch\/wp-content\/uploads\/2025\/02\/temmentec_logo_neu.png","width":927,"height":227,"caption":"Temmentec AG"},"image":{"@id":"https:\/\/temmentec.ch\/de\/#\/schema\/logo\/image\/"}}]}},"uagb_featured_image_src":{"full":false,"thumbnail":false,"medium":false,"medium_large":false,"large":false,"event-post-thumb":false,"event-post-thumb-box":false,"1536x1536":false,"2048x2048":false,"portfolio-square":false,"portfolio-portrait":false,"portfolio-landscape":false,"menu-featured-post":false,"qode-carousel_slider":false,"portfolio_slider":false,"portfolio_masonry_regular":false,"portfolio_masonry_wide":false,"portfolio_masonry_tall":false,"portfolio_masonry_large":false,"portfolio_masonry_with_space":false,"latest_post_boxes":false},"uagb_author_info":{"display_name":"dc-admin","author_link":"https:\/\/temmentec.ch\/de\/author\/dc-admin\/"},"uagb_comment_info":0,"uagb_excerpt":"[vc_row css_animation=&#8220;&#8220; row_type=&#8220;row&#8220; use_row_as_full_screen_section=&#8220;no&#8220; type=&#8220;full_width&#8220; angled_section=&#8220;no&#8220; text_align=&#8220;left&#8220; background_image_as_pattern=&#8220;without_pattern&#8220;][vc_column width=&#8220;1\/3&#8243;][vc_single_image image=&#8220;8772&#8243; img_size=&#8220;medium&#8220; onclick=&#8220;custom_link&#8220; css=&#8220;&#8220; qode_css_animation=&#8220;&#8220; qode_hover_animation=&#8220;zoom_in&#8220; link=&#8220;https:\/\/temmentec.ch\/de\/ihre-vorteile\/swiss-quality\/&#8220;][vc_empty_space][vc_column_text css=&#8220;&#8220;] Swiss Quality Kosmetik 100% made in Switzerland Wir sind stolz in der Schweiz...","_links":{"self":[{"href":"https:\/\/temmentec.ch\/de\/wp-json\/wp\/v2\/pages\/6565","targetHints":{"allow":["GET"]}}],"collection":[{"href":"https:\/\/temmentec.ch\/de\/wp-json\/wp\/v2\/pages"}],"about":[{"href":"https:\/\/temmentec.ch\/de\/wp-json\/wp\/v2\/types\/page"}],"author":[{"embeddable":true,"href":"https:\/\/temmentec.ch\/de\/wp-json\/wp\/v2\/users\/1"}],"replies":[{"embeddable":true,"href":"https:\/\/temmentec.ch\/de\/wp-json\/wp\/v2\/comments?post=6565"}],"version-history":[{"count":36,"href":"https:\/\/temmentec.ch\/de\/wp-json\/wp\/v2\/pages\/6565\/revisions"}],"predecessor-version":[{"id":9108,"href":"https:\/\/temmentec.ch\/de\/wp-json\/wp\/v2\/pages\/6565\/revisions\/9108"}],"wp:attachment":[{"href":"https:\/\/temmentec.ch\/de\/wp-json\/wp\/v2\/media?parent=6565"}],"curies":[{"name":"wp","href":"https:\/\/api.w.org\/{rel}","templated":true}]}}