{"id":368,"date":"2017-09-07T09:58:54","date_gmt":"2017-09-07T09:58:54","guid":{"rendered":"https:\/\/juestrich-cosmetics.ch\/?page_id=368"},"modified":"2025-08-25T14:24:53","modified_gmt":"2025-08-25T12:24:53","slug":"ansprechpartner","status":"publish","type":"page","link":"https:\/\/temmentec.ch\/de\/unternehmen\/ansprechpartner\/","title":{"rendered":"Ansprechpartner"},"content":{"rendered":"<div class=\"wpb-content-wrapper\"><p>[vc_row css_animation=&#8220;&#8220; row_type=&#8220;row&#8220; use_row_as_full_screen_section=&#8220;no&#8220; type=&#8220;grid&#8220; angled_section=&#8220;no&#8220; text_align=&#8220;left&#8220; background_image_as_pattern=&#8220;without_pattern&#8220; el_class=&#8220;ansprechpartner-head&#8220; z_index=&#8220;&#8220; css=&#8220;.vc_custom_1751983963745{background-image: url(https:\/\/temmentec.ch\/wp-content\/uploads\/2025\/07\/designele-lay9-hellgrau.png?id=8086) !important;background-position: center !important;background-repeat: no-repeat !important;background-size: contain !important;}&#8220;][vc_column width=&#8220;1\/12&#8243;][vc_column_text css=&#8220;&#8220;][\/vc_column_text][\/vc_column][vc_column width=&#8220;10\/12&#8243;][vc_empty_space height=&#8220;100px&#8220;][vc_column_text css=&#8220;&#8220;]<\/p>\n<h6>Team<\/h6>\n<h1>Lernen Sie uns kennen<\/h1>\n<p>Ihre Temmentec Ansprechpartner stehen Ihnen f\u00fcr Fragen und Ausk\u00fcnfte jederzeit gerne zur Verf\u00fcgung und freuen sich auf den Austausch und die Zusammenarbeit mit Ihnen.[\/vc_column_text][vc_empty_space height=&#8220;100px&#8220;][\/vc_column][vc_column width=&#8220;1\/12&#8243;][\/vc_column][\/vc_row][vc_row css_animation=&#8220;&#8220; row_type=&#8220;row&#8220; use_row_as_full_screen_section=&#8220;no&#8220; type=&#8220;grid&#8220; angled_section=&#8220;no&#8220; text_align=&#8220;left&#8220; background_image_as_pattern=&#8220;without_pattern&#8220; z_index=&#8220;&#8220;][vc_column][\/vc_column][\/vc_row][vc_row css_animation=&#8220;&#8220; row_type=&#8220;row&#8220; use_row_as_full_screen_section=&#8220;no&#8220; type=&#8220;grid&#8220; angled_section=&#8220;no&#8220; text_align=&#8220;left&#8220; background_image_as_pattern=&#8220;without_pattern&#8220; z_index=&#8220;&#8220;][vc_column][vc_row_inner row_type=&#8220;row&#8220; type=&#8220;full_width&#8220; text_align=&#8220;left&#8220; css_animation=&#8220;&#8220;][vc_column_inner][\/vc_column_inner][\/vc_row_inner][vc_row_inner row_type=&#8220;row&#8220; type=&#8220;full_width&#8220; text_align=&#8220;left&#8220; css_animation=&#8220;&#8220;][vc_column_inner width=&#8220;1\/3&#8243;][vc_single_image image=&#8220;6926&#8243; img_size=&#8220;medium&#8220; css=&#8220;&#8220; qode_css_animation=&#8220;&#8220;][vc_column_text css=&#8220;.vc_custom_1751984613806{padding-top: 20px !important;padding-bottom: 20px !important;}&#8220;]<\/p>\n<h5>Thomas Ritter<\/h5>\n<p>Head of Marketing &amp; Sales<\/p>\n<p><a href=\"tel:+41344326185\">+41 34 432 61 85\u2028<\/a><br \/>\n<a href=\"mailto:tritter@temmentec.ch\">tritter@temmentec.ch<\/a>[\/vc_column_text][\/vc_column_inner][vc_column_inner width=&#8220;1\/3&#8243;][vc_single_image image=&#8220;6858&#8243; img_size=&#8220;medium&#8220; css=&#8220;&#8220; qode_css_animation=&#8220;&#8220;][vc_column_text css=&#8220;.vc_custom_1751984594522{padding-top: 20px !important;padding-bottom: 20px !important;}&#8220;]<\/p>\n<h5>Martin Holzer<\/h5>\n<p>Key Account Manager<\/p>\n<p><a href=\"tel:+41344326128\">+41 34 432 61 28<\/a><br \/>\n<a href=\"mailto:mholzer@temmentec.ch\">mholzer@temmentec.ch<\/a>[\/vc_column_text][\/vc_column_inner][vc_column_inner width=&#8220;1\/3&#8243;][vc_single_image image=&#8220;6822&#8243; img_size=&#8220;medium&#8220; css=&#8220;&#8220; qode_css_animation=&#8220;&#8220;][vc_column_text css=&#8220;.vc_custom_1755506470804{padding-top: 20px !important;padding-bottom: 20px !important;}&#8220;]<\/p>\n<h5>Janik Fuhrer<\/h5>\n<p>Account Manager<br \/>\nDeputy Head of Marketing &amp; Sales<\/p>\n<p><a href=\"tel:+41344326124\">+41 34 432 61 24\u2028<\/a><br \/>\n<a href=\"mailto:jfuhrer@temmentec.ch\">jfuhrer@temmentec.ch<\/a>[\/vc_column_text][\/vc_column_inner][\/vc_row_inner][vc_empty_space][vc_row_inner row_type=&#8220;row&#8220; type=&#8220;full_width&#8220; text_align=&#8220;left&#8220; css_animation=&#8220;&#8220;][vc_column_inner width=&#8220;1\/3&#8243;][vc_single_image image=&#8220;7521&#8243; img_size=&#8220;medium&#8220; css=&#8220;&#8220; qode_css_animation=&#8220;&#8220;][vc_column_text css=&#8220;.vc_custom_1751984738339{padding-top: 20px !important;padding-bottom: 20px !important;}&#8220;]<\/p>\n<h5>Sabine Pfefferkorn<\/h5>\n<p>Head of Berneck Branch<br \/>\nHead of Marketing &amp; Sales Innovation<\/p>\n<p><a href=\"tel:+41717261189\">+41 71 726 11 89<\/a><br \/>\n<a href=\"mailto:spfefferkorn@temmentec.ch\">spfefferkorn@temmentec.ch<\/a>[\/vc_column_text][\/vc_column_inner][vc_column_inner width=&#8220;1\/3&#8243;][vc_single_image image=&#8220;7525&#8243; img_size=&#8220;medium&#8220; css=&#8220;&#8220; qode_css_animation=&#8220;&#8220;][vc_column_text css=&#8220;.vc_custom_1751984922357{padding-top: 20px !important;padding-bottom: 20px !important;}&#8220;]<\/p>\n<h5>Katarina Korzova<\/h5>\n<p>Key Account Manager<\/p>\n<p><a href=\"tel:+41717261180\">+41 71 726 11 80<\/a><br \/>\n<a href=\"mailto:kkorzova@temmentec.ch\">kkorzova@temmentec.ch<\/a>[\/vc_column_text][\/vc_column_inner][\/vc_row_inner][\/vc_column][\/vc_row][vc_row css_animation=&#8220;&#8220; row_type=&#8220;row&#8220; use_row_as_full_screen_section=&#8220;no&#8220; type=&#8220;grid&#8220; angled_section=&#8220;no&#8220; text_align=&#8220;left&#8220; background_image_as_pattern=&#8220;without_pattern&#8220; css=&#8220;.vc_custom_1751967112256{margin-top: 85px !important;margin-bottom: 142px !important;}&#8220; z_index=&#8220;&#8220;][vc_column width=&#8220;1\/2&#8243;]<a  itemprop=\"url\" href=\"https:\/\/temmentec.ch\/de\/unternehmen\/\" target=\"_self\"  class=\"qbutton  left default\" style=\"\">Zur\u00fcck zur \u00dcbersicht<i class=\"qode_icon_font_awesome fa fa-arrow-circle-o-left qode_button_icon_element\"><\/i><\/a>[vc_empty_space][\/vc_column][vc_column width=&#8220;1\/2&#8243; el_class=&#8220;spalte_rechtsbuendig&#8220;]<a  itemprop=\"url\" href=\"https:\/\/temmentec.ch\/de\/unternehmen\/karriere\/\" target=\"_self\"  class=\"qbutton  right default\" style=\"\">Karriere entdecken<i class=\"qode_icon_font_awesome fa fa-arrow-circle-o-right qode_button_icon_element\"><\/i><\/a>[vc_empty_space][\/vc_column][\/vc_row]<\/p>\n<\/div>","protected":false},"excerpt":{"rendered":"<p>[vc_row css_animation=&#8220;&#8220; row_type=&#8220;row&#8220; use_row_as_full_screen_section=&#8220;no&#8220; type=&#8220;grid&#8220; angled_section=&#8220;no&#8220; text_align=&#8220;left&#8220; background_image_as_pattern=&#8220;without_pattern&#8220; el_class=&#8220;ansprechpartner-head&#8220; z_index=&#8220;&#8220; css=&#8220;.vc_custom_1751983963745{background-image: url(https:\/\/temmentec.ch\/wp-content\/uploads\/2025\/07\/designele-lay9-hellgrau.png?id=8086) !important;background-position: center !important;background-repeat: no-repeat !important;background-size: contain !important;}&#8220;][vc_column width=&#8220;1\/12&#8243;][vc_column_text css=&#8220;&#8220;][\/vc_column_text][\/vc_column][vc_column width=&#8220;10\/12&#8243;][vc_empty_space height=&#8220;100px&#8220;][vc_column_text css=&#8220;&#8220;] Team Lernen Sie uns kennen Ihre&#8230;<\/p>\n","protected":false},"author":1,"featured_media":0,"parent":7162,"menu_order":63,"comment_status":"closed","ping_status":"closed","template":"full_width.php","meta":{"_uag_custom_page_level_css":"","footnotes":""},"class_list":["post-368","page","type-page","status-publish","hentry"],"yoast_head":"<!-- This site is optimized with the Yoast SEO plugin v27.4 - https:\/\/yoast.com\/product\/yoast-seo-wordpress\/ -->\n<title>Ansprechpartner &#8211; Temmentec<\/title>\n<meta name=\"description\" content=\"Ihre Temmentec Ansprechpartner stehen Ihnen f\u00fcr Fragen und Ausk\u00fcnfte jederzeit gerne zur Verf\u00fcgung und freuen sich auf den Austausch und die Zusammenarbeit mit Ihnen.\" \/>\n<meta name=\"robots\" content=\"index, follow, max-snippet:-1, max-image-preview:large, max-video-preview:-1\" \/>\n<link rel=\"canonical\" href=\"https:\/\/temmentec.ch\/de\/unternehmen\/ansprechpartner\/\" \/>\n<meta property=\"og:locale\" content=\"de_DE\" \/>\n<meta property=\"og:type\" content=\"article\" \/>\n<meta property=\"og:title\" content=\"Ansprechpartner &#8211; Temmentec\" \/>\n<meta property=\"og:description\" content=\"Ihre Temmentec Ansprechpartner stehen Ihnen f\u00fcr Fragen und Ausk\u00fcnfte jederzeit gerne zur Verf\u00fcgung und freuen sich auf den Austausch und die Zusammenarbeit mit Ihnen.\" \/>\n<meta property=\"og:url\" content=\"https:\/\/temmentec.ch\/de\/unternehmen\/ansprechpartner\/\" \/>\n<meta property=\"og:site_name\" content=\"Temmentec\" \/>\n<meta property=\"article:modified_time\" content=\"2025-08-25T12:24:53+00:00\" \/>\n<meta name=\"twitter:card\" content=\"summary_large_image\" \/>\n<meta name=\"twitter:label1\" content=\"Gesch\u00e4tzte Lesezeit\" \/>\n\t<meta name=\"twitter:data1\" content=\"2\u00a0Minuten\" \/>\n<script type=\"application\/ld+json\" class=\"yoast-schema-graph\">{\"@context\":\"https:\\\/\\\/schema.org\",\"@graph\":[{\"@type\":\"WebPage\",\"@id\":\"https:\\\/\\\/temmentec.ch\\\/de\\\/unternehmen\\\/ansprechpartner\\\/\",\"url\":\"https:\\\/\\\/temmentec.ch\\\/de\\\/unternehmen\\\/ansprechpartner\\\/\",\"name\":\"Ansprechpartner &#8211; Temmentec\",\"isPartOf\":{\"@id\":\"https:\\\/\\\/temmentec.ch\\\/de\\\/#website\"},\"datePublished\":\"2017-09-07T09:58:54+00:00\",\"dateModified\":\"2025-08-25T12:24:53+00:00\",\"description\":\"Ihre Temmentec Ansprechpartner stehen Ihnen f\u00fcr Fragen und Ausk\u00fcnfte jederzeit gerne zur Verf\u00fcgung und freuen sich auf den Austausch und die Zusammenarbeit mit Ihnen.\",\"breadcrumb\":{\"@id\":\"https:\\\/\\\/temmentec.ch\\\/de\\\/unternehmen\\\/ansprechpartner\\\/#breadcrumb\"},\"inLanguage\":\"de\",\"potentialAction\":[{\"@type\":\"ReadAction\",\"target\":[\"https:\\\/\\\/temmentec.ch\\\/de\\\/unternehmen\\\/ansprechpartner\\\/\"]}]},{\"@type\":\"BreadcrumbList\",\"@id\":\"https:\\\/\\\/temmentec.ch\\\/de\\\/unternehmen\\\/ansprechpartner\\\/#breadcrumb\",\"itemListElement\":[{\"@type\":\"ListItem\",\"position\":1,\"name\":\"Startseite\",\"item\":\"https:\\\/\\\/temmentec.ch\\\/de\\\/\"},{\"@type\":\"ListItem\",\"position\":2,\"name\":\"Unternehmen\",\"item\":\"https:\\\/\\\/temmentec.ch\\\/de\\\/unternehmen\\\/\"},{\"@type\":\"ListItem\",\"position\":3,\"name\":\"Ansprechpartner\"}]},{\"@type\":\"WebSite\",\"@id\":\"https:\\\/\\\/temmentec.ch\\\/de\\\/#website\",\"url\":\"https:\\\/\\\/temmentec.ch\\\/de\\\/\",\"name\":\"Temmentec\",\"description\":\"Switzerland\",\"publisher\":{\"@id\":\"https:\\\/\\\/temmentec.ch\\\/de\\\/#organization\"},\"potentialAction\":[{\"@type\":\"SearchAction\",\"target\":{\"@type\":\"EntryPoint\",\"urlTemplate\":\"https:\\\/\\\/temmentec.ch\\\/de\\\/?s={search_term_string}\"},\"query-input\":{\"@type\":\"PropertyValueSpecification\",\"valueRequired\":true,\"valueName\":\"search_term_string\"}}],\"inLanguage\":\"de\"},{\"@type\":\"Organization\",\"@id\":\"https:\\\/\\\/temmentec.ch\\\/de\\\/#organization\",\"name\":\"Temmentec AG\",\"url\":\"https:\\\/\\\/temmentec.ch\\\/de\\\/\",\"logo\":{\"@type\":\"ImageObject\",\"inLanguage\":\"de\",\"@id\":\"https:\\\/\\\/temmentec.ch\\\/de\\\/#\\\/schema\\\/logo\\\/image\\\/\",\"url\":\"https:\\\/\\\/temmentec.ch\\\/wp-content\\\/uploads\\\/2025\\\/02\\\/temmentec_logo_neu.png\",\"contentUrl\":\"https:\\\/\\\/temmentec.ch\\\/wp-content\\\/uploads\\\/2025\\\/02\\\/temmentec_logo_neu.png\",\"width\":927,\"height\":227,\"caption\":\"Temmentec AG\"},\"image\":{\"@id\":\"https:\\\/\\\/temmentec.ch\\\/de\\\/#\\\/schema\\\/logo\\\/image\\\/\"}}]}<\/script>\n<!-- \/ Yoast SEO plugin. -->","yoast_head_json":{"title":"Ansprechpartner &#8211; Temmentec","description":"Ihre Temmentec Ansprechpartner stehen Ihnen f\u00fcr Fragen und Ausk\u00fcnfte jederzeit gerne zur Verf\u00fcgung und freuen sich auf den Austausch und die Zusammenarbeit mit Ihnen.","robots":{"index":"index","follow":"follow","max-snippet":"max-snippet:-1","max-image-preview":"max-image-preview:large","max-video-preview":"max-video-preview:-1"},"canonical":"https:\/\/temmentec.ch\/de\/unternehmen\/ansprechpartner\/","og_locale":"de_DE","og_type":"article","og_title":"Ansprechpartner &#8211; Temmentec","og_description":"Ihre Temmentec Ansprechpartner stehen Ihnen f\u00fcr Fragen und Ausk\u00fcnfte jederzeit gerne zur Verf\u00fcgung und freuen sich auf den Austausch und die Zusammenarbeit mit Ihnen.","og_url":"https:\/\/temmentec.ch\/de\/unternehmen\/ansprechpartner\/","og_site_name":"Temmentec","article_modified_time":"2025-08-25T12:24:53+00:00","twitter_card":"summary_large_image","twitter_misc":{"Gesch\u00e4tzte Lesezeit":"2\u00a0Minuten"},"schema":{"@context":"https:\/\/schema.org","@graph":[{"@type":"WebPage","@id":"https:\/\/temmentec.ch\/de\/unternehmen\/ansprechpartner\/","url":"https:\/\/temmentec.ch\/de\/unternehmen\/ansprechpartner\/","name":"Ansprechpartner &#8211; Temmentec","isPartOf":{"@id":"https:\/\/temmentec.ch\/de\/#website"},"datePublished":"2017-09-07T09:58:54+00:00","dateModified":"2025-08-25T12:24:53+00:00","description":"Ihre Temmentec Ansprechpartner stehen Ihnen f\u00fcr Fragen und Ausk\u00fcnfte jederzeit gerne zur Verf\u00fcgung und freuen sich auf den Austausch und die Zusammenarbeit mit Ihnen.","breadcrumb":{"@id":"https:\/\/temmentec.ch\/de\/unternehmen\/ansprechpartner\/#breadcrumb"},"inLanguage":"de","potentialAction":[{"@type":"ReadAction","target":["https:\/\/temmentec.ch\/de\/unternehmen\/ansprechpartner\/"]}]},{"@type":"BreadcrumbList","@id":"https:\/\/temmentec.ch\/de\/unternehmen\/ansprechpartner\/#breadcrumb","itemListElement":[{"@type":"ListItem","position":1,"name":"Startseite","item":"https:\/\/temmentec.ch\/de\/"},{"@type":"ListItem","position":2,"name":"Unternehmen","item":"https:\/\/temmentec.ch\/de\/unternehmen\/"},{"@type":"ListItem","position":3,"name":"Ansprechpartner"}]},{"@type":"WebSite","@id":"https:\/\/temmentec.ch\/de\/#website","url":"https:\/\/temmentec.ch\/de\/","name":"Temmentec","description":"Switzerland","publisher":{"@id":"https:\/\/temmentec.ch\/de\/#organization"},"potentialAction":[{"@type":"SearchAction","target":{"@type":"EntryPoint","urlTemplate":"https:\/\/temmentec.ch\/de\/?s={search_term_string}"},"query-input":{"@type":"PropertyValueSpecification","valueRequired":true,"valueName":"search_term_string"}}],"inLanguage":"de"},{"@type":"Organization","@id":"https:\/\/temmentec.ch\/de\/#organization","name":"Temmentec AG","url":"https:\/\/temmentec.ch\/de\/","logo":{"@type":"ImageObject","inLanguage":"de","@id":"https:\/\/temmentec.ch\/de\/#\/schema\/logo\/image\/","url":"https:\/\/temmentec.ch\/wp-content\/uploads\/2025\/02\/temmentec_logo_neu.png","contentUrl":"https:\/\/temmentec.ch\/wp-content\/uploads\/2025\/02\/temmentec_logo_neu.png","width":927,"height":227,"caption":"Temmentec AG"},"image":{"@id":"https:\/\/temmentec.ch\/de\/#\/schema\/logo\/image\/"}}]}},"uagb_featured_image_src":{"full":false,"thumbnail":false,"medium":false,"medium_large":false,"large":false,"event-post-thumb":false,"event-post-thumb-box":false,"1536x1536":false,"2048x2048":false,"portfolio-square":false,"portfolio-portrait":false,"portfolio-landscape":false,"menu-featured-post":false,"qode-carousel_slider":false,"portfolio_slider":false,"portfolio_masonry_regular":false,"portfolio_masonry_wide":false,"portfolio_masonry_tall":false,"portfolio_masonry_large":false,"portfolio_masonry_with_space":false,"latest_post_boxes":false},"uagb_author_info":{"display_name":"dc-admin","author_link":"https:\/\/temmentec.ch\/de\/author\/dc-admin\/"},"uagb_comment_info":0,"uagb_excerpt":"[vc_row css_animation=&#8220;&#8220; row_type=&#8220;row&#8220; use_row_as_full_screen_section=&#8220;no&#8220; type=&#8220;grid&#8220; angled_section=&#8220;no&#8220; text_align=&#8220;left&#8220; background_image_as_pattern=&#8220;without_pattern&#8220; el_class=&#8220;ansprechpartner-head&#8220; z_index=&#8220;&#8220; css=&#8220;.vc_custom_1751983963745{background-image: url(https:\/\/temmentec.ch\/wp-content\/uploads\/2025\/07\/designele-lay9-hellgrau.png?id=8086) !important;background-position: center !important;background-repeat: no-repeat !important;background-size: contain !important;}&#8220;][vc_column width=&#8220;1\/12&#8243;][vc_column_text css=&#8220;&#8220;][\/vc_column_text][\/vc_column][vc_column width=&#8220;10\/12&#8243;][vc_empty_space height=&#8220;100px&#8220;][vc_column_text css=&#8220;&#8220;] Team Lernen Sie uns kennen Ihre...","_links":{"self":[{"href":"https:\/\/temmentec.ch\/de\/wp-json\/wp\/v2\/pages\/368","targetHints":{"allow":["GET"]}}],"collection":[{"href":"https:\/\/temmentec.ch\/de\/wp-json\/wp\/v2\/pages"}],"about":[{"href":"https:\/\/temmentec.ch\/de\/wp-json\/wp\/v2\/types\/page"}],"author":[{"embeddable":true,"href":"https:\/\/temmentec.ch\/de\/wp-json\/wp\/v2\/users\/1"}],"replies":[{"embeddable":true,"href":"https:\/\/temmentec.ch\/de\/wp-json\/wp\/v2\/comments?post=368"}],"version-history":[{"count":54,"href":"https:\/\/temmentec.ch\/de\/wp-json\/wp\/v2\/pages\/368\/revisions"}],"predecessor-version":[{"id":9581,"href":"https:\/\/temmentec.ch\/de\/wp-json\/wp\/v2\/pages\/368\/revisions\/9581"}],"up":[{"embeddable":true,"href":"https:\/\/temmentec.ch\/de\/wp-json\/wp\/v2\/pages\/7162"}],"wp:attachment":[{"href":"https:\/\/temmentec.ch\/de\/wp-json\/wp\/v2\/media?parent=368"}],"curies":[{"name":"wp","href":"https:\/\/api.w.org\/{rel}","templated":true}]}}