{"id":364,"date":"2017-09-07T09:58:13","date_gmt":"2017-09-07T09:58:13","guid":{"rendered":"https:\/\/juestrich-cosmetics.ch\/?page_id=364"},"modified":"2025-07-30T09:21:19","modified_gmt":"2025-07-30T09:21:19","slug":"swiss-quality","status":"publish","type":"page","link":"https:\/\/temmentec.ch\/de\/ihre-vorteile\/swiss-quality\/","title":{"rendered":"Swiss Quality"},"content":{"rendered":"<div class=\"wpb-content-wrapper\"><p>[vc_row css_animation=&#8220;&#8220; row_type=&#8220;row&#8220; use_row_as_full_screen_section=&#8220;no&#8220; type=&#8220;grid&#8220; angled_section=&#8220;no&#8220; text_align=&#8220;left&#8220; background_image_as_pattern=&#8220;without_pattern&#8220; z_index=&#8220;&#8220;][vc_column width=&#8220;1\/2&#8243;][vc_single_image image=&#8220;8772&#8243; img_size=&#8220;medium&#8220; alignment=&#8220;right&#8220; css=&#8220;&#8220; qode_css_animation=&#8220;&#8220;][vc_empty_space][\/vc_column][vc_column width=&#8220;1\/2&#8243;][vc_column_text css=&#8220;&#8220;]<\/p>\n<h6>Qualit\u00e4t<\/h6>\n<h1>Swiss Quality Kosmetik: Das Beste aus der Schweiz<\/h1>\n<p>Produkte \u00abMade in Switzerland\u00bb geniessen im In- und Ausland einen hervorragenden Ruf.<\/p>\n<p>Sie stehen f\u00fcr Exklusivit\u00e4t, Tradition, Natur und insbesondere beste Qualit\u00e4t.[\/vc_column_text][\/vc_column][\/vc_row][vc_row css_animation=&#8220;&#8220; row_type=&#8220;row&#8220; use_row_as_full_screen_section=&#8220;no&#8220; type=&#8220;grid&#8220; angled_section=&#8220;no&#8220; text_align=&#8220;left&#8220; background_image_as_pattern=&#8220;without_pattern&#8220; css=&#8220;.vc_custom_1751892226654{margin-top: 50px !important;}&#8220; z_index=&#8220;&#8220;][vc_column width=&#8220;10\/12&#8243;][vc_column_text css=&#8220;&#8220;]<\/p>\n<h2>Swissness als Ihr Verkaufsargument \u2013 wir sind Ihr kompetenter Partner<\/h2>\n<p>Alle unsere Produkte werden in der Schweiz entwickelt, produziert und abgef\u00fcllt: Schweizerische Qualit\u00e4tsarbeit von der Idee bis zum fertigen Produkt entlang der gesamten Wertsch\u00f6pfungskette.<\/p>\n<p>Seit 1. Januar 2017 regelt die Swissness-Gesetzgebung, wann ein Produkt mit der Herkunftsbezeichnung Schweiz sowie dem Schweizer Kreuz beworben werden darf.<\/p>\n<p>F\u00fcr Kosmetik \u00abMade in Switzerland\u00bb definiert die Branchenverordnung f\u00fcr Kosmetika, was es f\u00fcr eine schweizerische Herkunftsangabe braucht: mindestens 60 Prozent der Herstellungskosten sowie mindestens 80 Prozent der Forschungs-, Entwicklungs- und Fertigungskosten m\u00fcssen in der Schweiz anfallen.<\/p>\n<p>Hergestellt in der Schweiz \u2013 verl\u00e4sslich f\u00fcr Ihr innovatives Kosmetikprodukt Made by Temmentec.[\/vc_column_text][\/vc_column][\/vc_row][vc_row css_animation=&#8220;&#8220; row_type=&#8220;row&#8220; use_row_as_full_screen_section=&#8220;no&#8220; type=&#8220;full_width&#8220; angled_section=&#8220;no&#8220; text_align=&#8220;left&#8220; background_image_as_pattern=&#8220;without_pattern&#8220; z_index=&#8220;&#8220; css=&#8220;.vc_custom_1752586042512{margin-top: 85px !important;}&#8220;][vc_column][vc_row_inner row_type=&#8220;row&#8220; type=&#8220;grid&#8220; text_align=&#8220;left&#8220; css_animation=&#8220;&#8220;][vc_column_inner width=&#8220;1\/3&#8243;][vc_column_text css=&#8220;&#8220;]<\/p>\n<h4>Im Herzen der Schweiz zuhause<\/h4>\n<p>Temmentec ist seit 1916 am gleichen Standort in Sumiswald ans\u00e4ssig. Wir investieren laufend in das Geb\u00e4ude sowie die Infrastruktur, einerseits um den Qualit\u00e4tsanspr\u00fcchen unserer Kunden gerecht zu werden, andererseits bedeutet dies f\u00fcr uns auch ein fortw\u00e4hrendes Bekenntnis zum Standort Schweiz. 100% der Produktion findet in Sumiswald statt und dadurch k\u00f6nnen unsere Kunden den streng regulierten und begehrten Claim \u00abMade in Switzerland\u00bb nutzen.[\/vc_column_text][vc_empty_space height=&#8220;24px&#8220;][\/vc_column_inner][vc_column_inner width=&#8220;1\/3&#8243;][vc_column_text css=&#8220;&#8220;]<\/p>\n<h4>Regionale Zusammenarbeit<\/h4>\n<p>Wir sind im Dorf Sumiswald zu Hause und f\u00fchlen uns f\u00fcr die Region und die hier ans\u00e4ssigen, kleinen und mittleren Unternehmen verantwortlich. Konkret unterst\u00fctzen wir den Standort durch die Zusammenarbeit mit lokalen Partnern, wie Handwerker, Bauunternehmen, Werkzeugbauer etc.[\/vc_column_text][vc_empty_space height=&#8220;24px&#8220;][\/vc_column_inner][vc_column_inner width=&#8220;1\/3&#8243;][vc_empty_space height=&#8220;6px&#8220;][vc_single_image image=&#8220;8772&#8243; img_size=&#8220;medium&#8220; css=&#8220;&#8220; qode_css_animation=&#8220;&#8220;][vc_empty_space][\/vc_column_inner][\/vc_row_inner][\/vc_column][\/vc_row][vc_row css_animation=&#8220;&#8220; row_type=&#8220;row&#8220; use_row_as_full_screen_section=&#8220;no&#8220; type=&#8220;grid&#8220; angled_section=&#8220;no&#8220; text_align=&#8220;left&#8220; background_image_as_pattern=&#8220;without_pattern&#8220; css=&#8220;.vc_custom_1751967112256{margin-top: 85px !important;margin-bottom: 142px !important;}&#8220; z_index=&#8220;&#8220;][vc_column width=&#8220;1\/2&#8243;]<a  itemprop=\"url\" href=\"https:\/\/temmentec.ch\/de\/ihre-vorteile\/\" target=\"_self\"  class=\"qbutton  left default\" style=\"\">Zur\u00fcck zur \u00dcbersicht<i class=\"qode_icon_font_awesome fa fa-arrow-circle-o-left qode_button_icon_element\"><\/i><\/a>[vc_empty_space][\/vc_column][vc_column width=&#8220;1\/2&#8243; el_class=&#8220;spalte_rechtsbuendig&#8220;]<a  itemprop=\"url\" href=\"https:\/\/temmentec.ch\/de\/ihre-vorteile\/zertifizierungen\/\" target=\"_self\"  class=\"qbutton  right default\" style=\"\">Zertifizierungen entdecken<i class=\"qode_icon_font_awesome fa fa-arrow-circle-o-right qode_button_icon_element\"><\/i><\/a>[vc_empty_space][\/vc_column][\/vc_row]<\/p>\n<\/div>","protected":false},"excerpt":{"rendered":"<p>[vc_row css_animation=&#8220;&#8220; row_type=&#8220;row&#8220; use_row_as_full_screen_section=&#8220;no&#8220; type=&#8220;grid&#8220; angled_section=&#8220;no&#8220; text_align=&#8220;left&#8220; background_image_as_pattern=&#8220;without_pattern&#8220; z_index=&#8220;&#8220;][vc_column width=&#8220;1\/2&#8243;][vc_single_image image=&#8220;8772&#8243; img_size=&#8220;medium&#8220; alignment=&#8220;right&#8220; css=&#8220;&#8220; qode_css_animation=&#8220;&#8220;][vc_empty_space][\/vc_column][vc_column width=&#8220;1\/2&#8243;][vc_column_text css=&#8220;&#8220;] Qualit\u00e4t Swiss Quality Kosmetik: Das Beste aus der Schweiz Produkte \u00abMade in Switzerland\u00bb&#8230;<\/p>\n","protected":false},"author":1,"featured_media":0,"parent":6565,"menu_order":43,"comment_status":"closed","ping_status":"closed","template":"full_width.php","meta":{"_uag_custom_page_level_css":"","footnotes":""},"class_list":["post-364","page","type-page","status-publish","hentry"],"yoast_head":"<!-- This site is optimized with the Yoast SEO plugin v27.4 - https:\/\/yoast.com\/product\/yoast-seo-wordpress\/ -->\n<title>Swiss Quality &#8211; Temmentec<\/title>\n<meta name=\"description\" content=\"Swiss Quality Kosmetik: Das Beste aus der Schweiz. Produkte \u00abMade in Switzerland\u00bb geniessen im In- und Ausland einen hervorragenden Ruf.\" \/>\n<meta name=\"robots\" content=\"index, follow, max-snippet:-1, max-image-preview:large, max-video-preview:-1\" \/>\n<link rel=\"canonical\" href=\"https:\/\/temmentec.ch\/de\/ihre-vorteile\/swiss-quality\/\" \/>\n<meta property=\"og:locale\" content=\"de_DE\" \/>\n<meta property=\"og:type\" content=\"article\" \/>\n<meta property=\"og:title\" content=\"Swiss Quality &#8211; Temmentec\" \/>\n<meta property=\"og:description\" content=\"Swiss Quality Kosmetik: Das Beste aus der Schweiz. Produkte \u00abMade in Switzerland\u00bb geniessen im In- und Ausland einen hervorragenden Ruf.\" \/>\n<meta property=\"og:url\" content=\"https:\/\/temmentec.ch\/de\/ihre-vorteile\/swiss-quality\/\" \/>\n<meta property=\"og:site_name\" content=\"Temmentec\" \/>\n<meta property=\"article:modified_time\" content=\"2025-07-30T09:21:19+00:00\" \/>\n<meta name=\"twitter:card\" content=\"summary_large_image\" \/>\n<meta name=\"twitter:label1\" content=\"Gesch\u00e4tzte Lesezeit\" \/>\n\t<meta name=\"twitter:data1\" content=\"2\u00a0Minuten\" \/>\n<script type=\"application\/ld+json\" class=\"yoast-schema-graph\">{\"@context\":\"https:\\\/\\\/schema.org\",\"@graph\":[{\"@type\":\"WebPage\",\"@id\":\"https:\\\/\\\/temmentec.ch\\\/de\\\/ihre-vorteile\\\/swiss-quality\\\/\",\"url\":\"https:\\\/\\\/temmentec.ch\\\/de\\\/ihre-vorteile\\\/swiss-quality\\\/\",\"name\":\"Swiss Quality &#8211; Temmentec\",\"isPartOf\":{\"@id\":\"https:\\\/\\\/temmentec.ch\\\/de\\\/#website\"},\"datePublished\":\"2017-09-07T09:58:13+00:00\",\"dateModified\":\"2025-07-30T09:21:19+00:00\",\"description\":\"Swiss Quality Kosmetik: Das Beste aus der Schweiz. Produkte \u00abMade in Switzerland\u00bb geniessen im In- und Ausland einen hervorragenden Ruf.\",\"breadcrumb\":{\"@id\":\"https:\\\/\\\/temmentec.ch\\\/de\\\/ihre-vorteile\\\/swiss-quality\\\/#breadcrumb\"},\"inLanguage\":\"de\",\"potentialAction\":[{\"@type\":\"ReadAction\",\"target\":[\"https:\\\/\\\/temmentec.ch\\\/de\\\/ihre-vorteile\\\/swiss-quality\\\/\"]}]},{\"@type\":\"BreadcrumbList\",\"@id\":\"https:\\\/\\\/temmentec.ch\\\/de\\\/ihre-vorteile\\\/swiss-quality\\\/#breadcrumb\",\"itemListElement\":[{\"@type\":\"ListItem\",\"position\":1,\"name\":\"Startseite\",\"item\":\"https:\\\/\\\/temmentec.ch\\\/de\\\/\"},{\"@type\":\"ListItem\",\"position\":2,\"name\":\"Ihre Vorteile\",\"item\":\"https:\\\/\\\/temmentec.ch\\\/de\\\/ihre-vorteile\\\/\"},{\"@type\":\"ListItem\",\"position\":3,\"name\":\"Swiss Quality\"}]},{\"@type\":\"WebSite\",\"@id\":\"https:\\\/\\\/temmentec.ch\\\/de\\\/#website\",\"url\":\"https:\\\/\\\/temmentec.ch\\\/de\\\/\",\"name\":\"Temmentec\",\"description\":\"Switzerland\",\"publisher\":{\"@id\":\"https:\\\/\\\/temmentec.ch\\\/de\\\/#organization\"},\"potentialAction\":[{\"@type\":\"SearchAction\",\"target\":{\"@type\":\"EntryPoint\",\"urlTemplate\":\"https:\\\/\\\/temmentec.ch\\\/de\\\/?s={search_term_string}\"},\"query-input\":{\"@type\":\"PropertyValueSpecification\",\"valueRequired\":true,\"valueName\":\"search_term_string\"}}],\"inLanguage\":\"de\"},{\"@type\":\"Organization\",\"@id\":\"https:\\\/\\\/temmentec.ch\\\/de\\\/#organization\",\"name\":\"Temmentec AG\",\"url\":\"https:\\\/\\\/temmentec.ch\\\/de\\\/\",\"logo\":{\"@type\":\"ImageObject\",\"inLanguage\":\"de\",\"@id\":\"https:\\\/\\\/temmentec.ch\\\/de\\\/#\\\/schema\\\/logo\\\/image\\\/\",\"url\":\"https:\\\/\\\/temmentec.ch\\\/wp-content\\\/uploads\\\/2025\\\/02\\\/temmentec_logo_neu.png\",\"contentUrl\":\"https:\\\/\\\/temmentec.ch\\\/wp-content\\\/uploads\\\/2025\\\/02\\\/temmentec_logo_neu.png\",\"width\":927,\"height\":227,\"caption\":\"Temmentec AG\"},\"image\":{\"@id\":\"https:\\\/\\\/temmentec.ch\\\/de\\\/#\\\/schema\\\/logo\\\/image\\\/\"}}]}<\/script>\n<!-- \/ Yoast SEO plugin. -->","yoast_head_json":{"title":"Swiss Quality &#8211; Temmentec","description":"Swiss Quality Kosmetik: Das Beste aus der Schweiz. Produkte \u00abMade in Switzerland\u00bb geniessen im In- und Ausland einen hervorragenden Ruf.","robots":{"index":"index","follow":"follow","max-snippet":"max-snippet:-1","max-image-preview":"max-image-preview:large","max-video-preview":"max-video-preview:-1"},"canonical":"https:\/\/temmentec.ch\/de\/ihre-vorteile\/swiss-quality\/","og_locale":"de_DE","og_type":"article","og_title":"Swiss Quality &#8211; Temmentec","og_description":"Swiss Quality Kosmetik: Das Beste aus der Schweiz. Produkte \u00abMade in Switzerland\u00bb geniessen im In- und Ausland einen hervorragenden Ruf.","og_url":"https:\/\/temmentec.ch\/de\/ihre-vorteile\/swiss-quality\/","og_site_name":"Temmentec","article_modified_time":"2025-07-30T09:21:19+00:00","twitter_card":"summary_large_image","twitter_misc":{"Gesch\u00e4tzte Lesezeit":"2\u00a0Minuten"},"schema":{"@context":"https:\/\/schema.org","@graph":[{"@type":"WebPage","@id":"https:\/\/temmentec.ch\/de\/ihre-vorteile\/swiss-quality\/","url":"https:\/\/temmentec.ch\/de\/ihre-vorteile\/swiss-quality\/","name":"Swiss Quality &#8211; Temmentec","isPartOf":{"@id":"https:\/\/temmentec.ch\/de\/#website"},"datePublished":"2017-09-07T09:58:13+00:00","dateModified":"2025-07-30T09:21:19+00:00","description":"Swiss Quality Kosmetik: Das Beste aus der Schweiz. Produkte \u00abMade in Switzerland\u00bb geniessen im In- und Ausland einen hervorragenden Ruf.","breadcrumb":{"@id":"https:\/\/temmentec.ch\/de\/ihre-vorteile\/swiss-quality\/#breadcrumb"},"inLanguage":"de","potentialAction":[{"@type":"ReadAction","target":["https:\/\/temmentec.ch\/de\/ihre-vorteile\/swiss-quality\/"]}]},{"@type":"BreadcrumbList","@id":"https:\/\/temmentec.ch\/de\/ihre-vorteile\/swiss-quality\/#breadcrumb","itemListElement":[{"@type":"ListItem","position":1,"name":"Startseite","item":"https:\/\/temmentec.ch\/de\/"},{"@type":"ListItem","position":2,"name":"Ihre Vorteile","item":"https:\/\/temmentec.ch\/de\/ihre-vorteile\/"},{"@type":"ListItem","position":3,"name":"Swiss Quality"}]},{"@type":"WebSite","@id":"https:\/\/temmentec.ch\/de\/#website","url":"https:\/\/temmentec.ch\/de\/","name":"Temmentec","description":"Switzerland","publisher":{"@id":"https:\/\/temmentec.ch\/de\/#organization"},"potentialAction":[{"@type":"SearchAction","target":{"@type":"EntryPoint","urlTemplate":"https:\/\/temmentec.ch\/de\/?s={search_term_string}"},"query-input":{"@type":"PropertyValueSpecification","valueRequired":true,"valueName":"search_term_string"}}],"inLanguage":"de"},{"@type":"Organization","@id":"https:\/\/temmentec.ch\/de\/#organization","name":"Temmentec AG","url":"https:\/\/temmentec.ch\/de\/","logo":{"@type":"ImageObject","inLanguage":"de","@id":"https:\/\/temmentec.ch\/de\/#\/schema\/logo\/image\/","url":"https:\/\/temmentec.ch\/wp-content\/uploads\/2025\/02\/temmentec_logo_neu.png","contentUrl":"https:\/\/temmentec.ch\/wp-content\/uploads\/2025\/02\/temmentec_logo_neu.png","width":927,"height":227,"caption":"Temmentec AG"},"image":{"@id":"https:\/\/temmentec.ch\/de\/#\/schema\/logo\/image\/"}}]}},"uagb_featured_image_src":{"full":false,"thumbnail":false,"medium":false,"medium_large":false,"large":false,"event-post-thumb":false,"event-post-thumb-box":false,"1536x1536":false,"2048x2048":false,"portfolio-square":false,"portfolio-portrait":false,"portfolio-landscape":false,"menu-featured-post":false,"qode-carousel_slider":false,"portfolio_slider":false,"portfolio_masonry_regular":false,"portfolio_masonry_wide":false,"portfolio_masonry_tall":false,"portfolio_masonry_large":false,"portfolio_masonry_with_space":false,"latest_post_boxes":false},"uagb_author_info":{"display_name":"dc-admin","author_link":"https:\/\/temmentec.ch\/de\/author\/dc-admin\/"},"uagb_comment_info":0,"uagb_excerpt":"[vc_row css_animation=&#8220;&#8220; row_type=&#8220;row&#8220; use_row_as_full_screen_section=&#8220;no&#8220; type=&#8220;grid&#8220; angled_section=&#8220;no&#8220; text_align=&#8220;left&#8220; background_image_as_pattern=&#8220;without_pattern&#8220; z_index=&#8220;&#8220;][vc_column width=&#8220;1\/2&#8243;][vc_single_image image=&#8220;8772&#8243; img_size=&#8220;medium&#8220; alignment=&#8220;right&#8220; css=&#8220;&#8220; qode_css_animation=&#8220;&#8220;][vc_empty_space][\/vc_column][vc_column width=&#8220;1\/2&#8243;][vc_column_text css=&#8220;&#8220;] Qualit\u00e4t Swiss Quality Kosmetik: Das Beste aus der Schweiz Produkte \u00abMade in Switzerland\u00bb...","_links":{"self":[{"href":"https:\/\/temmentec.ch\/de\/wp-json\/wp\/v2\/pages\/364","targetHints":{"allow":["GET"]}}],"collection":[{"href":"https:\/\/temmentec.ch\/de\/wp-json\/wp\/v2\/pages"}],"about":[{"href":"https:\/\/temmentec.ch\/de\/wp-json\/wp\/v2\/types\/page"}],"author":[{"embeddable":true,"href":"https:\/\/temmentec.ch\/de\/wp-json\/wp\/v2\/users\/1"}],"replies":[{"embeddable":true,"href":"https:\/\/temmentec.ch\/de\/wp-json\/wp\/v2\/comments?post=364"}],"version-history":[{"count":53,"href":"https:\/\/temmentec.ch\/de\/wp-json\/wp\/v2\/pages\/364\/revisions"}],"predecessor-version":[{"id":8776,"href":"https:\/\/temmentec.ch\/de\/wp-json\/wp\/v2\/pages\/364\/revisions\/8776"}],"up":[{"embeddable":true,"href":"https:\/\/temmentec.ch\/de\/wp-json\/wp\/v2\/pages\/6565"}],"wp:attachment":[{"href":"https:\/\/temmentec.ch\/de\/wp-json\/wp\/v2\/media?parent=364"}],"curies":[{"name":"wp","href":"https:\/\/api.w.org\/{rel}","templated":true}]}}