{"id":256,"date":"2017-09-05T13:39:33","date_gmt":"2017-09-05T13:39:33","guid":{"rendered":"https:\/\/juestrich-cosmetics.ch\/?page_id=256"},"modified":"2025-08-20T15:35:03","modified_gmt":"2025-08-20T13:35:03","slug":"private-label","status":"publish","type":"page","link":"https:\/\/temmentec.ch\/de\/private-label\/","title":{"rendered":"Private Label"},"content":{"rendered":"<div class=\"wpb-content-wrapper\"><p>[vc_row row_type=&#8220;content_menu&#8220; background_color=&#8220;#3180DE&#8220;][vc_column][\/vc_column][\/vc_row][vc_row css_animation=&#8220;&#8220; row_type=&#8220;row&#8220; use_row_as_full_screen_section=&#8220;no&#8220; type=&#8220;full_width&#8220; in_content_menu=&#8220;in_content_menu&#8220; content_menu_icon=&#8220;&#8220; angled_section=&#8220;no&#8220; text_align=&#8220;left&#8220; background_image_as_pattern=&#8220;without_pattern&#8220; z_index=&#8220;&#8220; anchor=&#8220;Full-Service&#8220; content_menu_title=&#8220;Full-Service&#8220;][vc_column][vc_empty_space height=&#8220;60px&#8220;][\/vc_column][\/vc_row][vc_row css_animation=&#8220;&#8220; row_type=&#8220;row&#8220; use_row_as_full_screen_section=&#8220;no&#8220; type=&#8220;grid&#8220; angled_section=&#8220;no&#8220; text_align=&#8220;left&#8220; background_image_as_pattern=&#8220;without_pattern&#8220; z_index=&#8220;21&#8243; el_class=&#8220;unit__content&#8220;][vc_column width=&#8220;1\/2&#8243;][vc_single_image image=&#8220;9555&#8243; img_size=&#8220;medium&#8220; alignment=&#8220;right&#8220; css=&#8220;&#8220; qode_css_animation=&#8220;&#8220;][\/vc_column][vc_column width=&#8220;1\/2&#8243;][vc_column_text css=&#8220;.vc_custom_1753776194830{padding-top: 45px !important;padding-bottom: 45px !important;}&#8220;]<\/p>\n<h2>Full-Service<\/h2>\n<p>Als erfahrener Partner f\u00fcr die Full-Service-Kosmetikproduktion begleiten wir Sie von der Idee bis zum fertigen Produkt. Ob Entwicklung, Herstellung oder Verpackung \u2013 wir bieten alle Leistungen aus einer Hand. F\u00fcr Ihre Private Label Kosmetik \u2013 effizient, flexibel und Swiss Made.<\/p>\n<p><a href=\"\/de\/private-label\/full-service\/\">mehr zu Full-Service<\/a>[\/vc_column_text][\/vc_column][\/vc_row][vc_row css_animation=&#8220;&#8220; row_type=&#8220;row&#8220; use_row_as_full_screen_section=&#8220;no&#8220; type=&#8220;full_width&#8220; in_content_menu=&#8220;in_content_menu&#8220; content_menu_icon=&#8220;&#8220; angled_section=&#8220;no&#8220; text_align=&#8220;left&#8220; background_image_as_pattern=&#8220;without_pattern&#8220; el_class=&#8220;unit__content&#8220; z_index=&#8220;&#8220; anchor=&#8220;Ready-to-Sell&#8220; content_menu_title=&#8220;Ready to Sell&#8220;][vc_column][vc_empty_space height=&#8220;60px&#8220;][\/vc_column][\/vc_row][vc_row css_animation=&#8220;&#8220; row_type=&#8220;row&#8220; use_row_as_full_screen_section=&#8220;no&#8220; type=&#8220;grid&#8220; angled_section=&#8220;no&#8220; text_align=&#8220;left&#8220; background_image_as_pattern=&#8220;without_pattern&#8220; z_index=&#8220;21&#8243; el_class=&#8220;unit__content&#8220;][vc_column width=&#8220;1\/2&#8243;][vc_single_image image=&#8220;6630&#8243; img_size=&#8220;medium&#8220; alignment=&#8220;right&#8220; css=&#8220;&#8220; qode_css_animation=&#8220;&#8220;][\/vc_column][vc_column width=&#8220;1\/2&#8243;][vc_column_text css=&#8220;.vc_custom_1753778481705{padding-top: 45px !important;padding-bottom: 45px !important;}&#8220;]<\/p>\n<h2>Ready to Sell<\/h2>\n<p>Unsere Ready-to-Sell-Kosmetiklinie ist die perfekte L\u00f6sung f\u00fcr schnelle Markteinf\u00fchrungen. Fixfertige Rezepturen, kurze Time-to-Market, ohne Entwicklungskosten. W\u00e4hlen Sie aus unserem Sortiment an veganer, zertifizierter Kosmetik \u201eMade in Switzerland\u201c \u2013 ideal f\u00fcr Ihre eigene Marke.<\/p>\n<p><a href=\"\/de\/private-label\/ready-to-sell\/\">mehr zu Ready to Sell<\/a>[\/vc_column_text][\/vc_column][\/vc_row][vc_row css_animation=&#8220;&#8220; row_type=&#8220;row&#8220; use_row_as_full_screen_section=&#8220;no&#8220; type=&#8220;full_width&#8220; in_content_menu=&#8220;in_content_menu&#8220; content_menu_icon=&#8220;&#8220; angled_section=&#8220;no&#8220; text_align=&#8220;left&#8220; background_image_as_pattern=&#8220;without_pattern&#8220; el_class=&#8220;unit__content&#8220; z_index=&#8220;&#8220; anchor=&#8220;Entwicklung&#8220; content_menu_title=&#8220;Entwicklung&#8220;][vc_column][vc_empty_space height=&#8220;60px&#8220;][\/vc_column][\/vc_row][vc_row css_animation=&#8220;&#8220; row_type=&#8220;row&#8220; use_row_as_full_screen_section=&#8220;no&#8220; type=&#8220;grid&#8220; angled_section=&#8220;no&#8220; text_align=&#8220;left&#8220; background_image_as_pattern=&#8220;without_pattern&#8220; z_index=&#8220;21&#8243; el_class=&#8220;unit__content&#8220; css=&#8220;.vc_custom_1753776109982{padding-bottom: 100px !important;}&#8220;][vc_column width=&#8220;1\/2&#8243;][vc_single_image image=&#8220;6774&#8243; img_size=&#8220;medium&#8220; alignment=&#8220;right&#8220; css=&#8220;&#8220; qode_css_animation=&#8220;&#8220;][\/vc_column][vc_column width=&#8220;1\/2&#8243;][vc_column_text css=&#8220;.vc_custom_1753777394454{padding-top: 45px !important;padding-bottom: 45px !important;}&#8220;]<\/p>\n<h2>Entwicklung<\/h2>\n<p>Wir entwickeln ma\u00dfgeschneiderte Kosmetikprodukte nach Ihren Vorstellungen. Unsere Experten f\u00fcr kosmetische Produktentwicklung beraten Sie zu Inhaltsstoffen, Formulierungen, regulatorischen Anforderungen und testen Ihr Produkt gr\u00fcndlich \u2013 f\u00fcr sichere und erfolgreiche Markteinf\u00fchrungen.<\/p>\n<p><a href=\"\/de\/private-label\/entwicklung\/\">mehr zu Entwicklung<\/a>[\/vc_column_text][\/vc_column][\/vc_row][vc_row css_animation=&#8220;&#8220; row_type=&#8220;row&#8220; use_row_as_full_screen_section=&#8220;no&#8220; type=&#8220;grid&#8220; angled_section=&#8220;no&#8220; text_align=&#8220;left&#8220; background_image_as_pattern=&#8220;without_pattern&#8220; padding_top=&#8220;30&#8243; padding_bottom=&#8220;70&#8243;][vc_column][vc_column_text css=&#8220;&#8220;]Das Erfolgsrezept f\u00fcr Ihr Kosmetikprodukt. Unsere innovativen Produktlinien bieten die perfekte Grundlage f\u00fcr die Entwicklung Ihrer individuellen Kosmetik. White Label Kosmetik vom Feinsten.<\/p>\n<p>Ein klar definiertes Konzept kombiniert mit purer Leidenschaft \u2013 dies ist die Basis f\u00fcr Ihr gewinnbringendes Produkt. Unsere Spezialisten und Expertinnen aus der Kosmetikbranche beraten Sie umfassend von der Idee bis zum fertigen Kosmetikprodukt \u2013 made in Switzerland. Mit innovativen Ideen verhelfen wir Ihnen zu einzigartigen Pflegeprodukten. Und das bei einem wettbewerbsf\u00e4higen Preis-Leistungs-Verh\u00e4ltnis f\u00fcr Entwicklung, Lohnherstellung und Lohnabf\u00fcllung.[\/vc_column_text][vc_empty_space height=&#8220;28px&#8220;][\/vc_column][\/vc_row][vc_row css_animation=&#8220;&#8220; row_type=&#8220;row&#8220; use_row_as_full_screen_section=&#8220;no&#8220; type=&#8220;full_width&#8220; angled_section=&#8220;no&#8220; text_align=&#8220;left&#8220; background_image_as_pattern=&#8220;without_pattern&#8220; el_class=&#8220;style-dark&#8220; z_index=&#8220;&#8220; background_color=&#8220;#3180DE&#8220;][vc_column][vc_empty_space height=&#8220;98px&#8220;][vc_row_inner row_type=&#8220;row&#8220; type=&#8220;grid&#8220; text_align=&#8220;left&#8220; css_animation=&#8220;&#8220; padding_top=&#8220;0&#8243; padding_bottom=&#8220;0&#8243;][vc_column_inner][vc_column_text css=&#8220;&#8220;]<\/p>\n<h2>Private Label Kosmetik \u2013 Ihr Schweizer Erfolgsrezept<\/h2>\n<h4>Mit Private Label k\u00f6nnen Sie Ihr individuelles Kosmetikprodukt herstellen lassen und selbst auf den Markt bringen. Sie sparen sich dabei die komplette Infrastruktur f\u00fcr die Entwicklung und Herstellung.<\/h4>\n<p>[\/vc_column_text][vc_column_text css=&#8220;&#8220;]Temmentec ist Ihr Dienstleister und entwickelt und produziert Kosmetika massgeschneidert ganz nach Ihren Ideen und Vorstellungen. Dabei vereinfachen unsere qualitativ hochstehenden Produktlinien die Entwicklungsphase enorm. Daraus ergibt sich ein gr\u00f6sseres Budget f\u00fcr die Vermarktung Ihres Kosmetikprodukts.<\/p>\n<p>Mittels Private Label bringen Sie ein eigenst\u00e4ndiges Kosmetikprodukt in den Handel, das Sie \u2013 auf Basis unserer Formulierungen \u2013 nach Ihren Vorstellungen gestalten und produzieren. Ein ganz anderer Ansatz als bei White Labels, wo das identische Produkt unter verschiedenen Markennamen verkauft wird.[\/vc_column_text][vc_empty_space height=&#8220;110px&#8220;][\/vc_column_inner][\/vc_row_inner][\/vc_column][\/vc_row][vc_row css_animation=&#8220;&#8220; row_type=&#8220;row&#8220; use_row_as_full_screen_section=&#8220;no&#8220; type=&#8220;grid&#8220; angled_section=&#8220;no&#8220; text_align=&#8220;left&#8220; background_image_as_pattern=&#8220;without_pattern&#8220; background_color=&#8220;#ffffff&#8220; border_color=&#8220;#ffffff&#8220; css=&#8220;.vc_custom_1751464056239{padding-top: 100px !important;padding-bottom: 172px !important;}&#8220; z_index=&#8220;&#8220;][vc_column][vc_column_text css=&#8220;&#8220;]<\/p>\n<h2>Zusammenarbeit f\u00fcr Ihr Kosmetik-Label<\/h2>\n<p><a href=\"https:\/\/temmentec.ch\/de\/kontakt\/\">Kontaktieren<\/a> Sie uns noch heute. Wir bei Temmentec freuen uns als Ihr <a href=\"https:\/\/temmentec.ch\/de\/ihre-vorteile\/zertifizierungen\/\">zertifizierter Private-Label-Kosmetikhersteller<\/a> auf Ihre Produktideen und bieten beste Voraussetzungen f\u00fcr die Produktentwicklung, Lohnherstellung und Lohnabf\u00fcllung f\u00fcr qualitativ hochwertige Kosmetika. Alle Produkte werden in der Schweiz entwickelt und hergestellt.[\/vc_column_text][\/vc_column][\/vc_row]<\/p>\n<\/div>","protected":false},"excerpt":{"rendered":"<p>[vc_row row_type=&#8220;content_menu&#8220; background_color=&#8220;#3180DE&#8220;][vc_column][\/vc_column][\/vc_row][vc_row css_animation=&#8220;&#8220; row_type=&#8220;row&#8220; use_row_as_full_screen_section=&#8220;no&#8220; type=&#8220;full_width&#8220; in_content_menu=&#8220;in_content_menu&#8220; content_menu_icon=&#8220;&#8220; angled_section=&#8220;no&#8220; text_align=&#8220;left&#8220; background_image_as_pattern=&#8220;without_pattern&#8220; z_index=&#8220;&#8220; anchor=&#8220;Full-Service&#8220; content_menu_title=&#8220;Full-Service&#8220;][vc_column][vc_empty_space height=&#8220;60px&#8220;][\/vc_column][\/vc_row][vc_row css_animation=&#8220;&#8220; row_type=&#8220;row&#8220; use_row_as_full_screen_section=&#8220;no&#8220; type=&#8220;grid&#8220; angled_section=&#8220;no&#8220; text_align=&#8220;left&#8220; background_image_as_pattern=&#8220;without_pattern&#8220; z_index=&#8220;21&#8243; el_class=&#8220;unit__content&#8220;][vc_column width=&#8220;1\/2&#8243;][vc_single_image image=&#8220;9555&#8243; img_size=&#8220;medium&#8220; alignment=&#8220;right&#8220; css=&#8220;&#8220;&#8230;<\/p>\n","protected":false},"author":1,"featured_media":0,"parent":0,"menu_order":13,"comment_status":"closed","ping_status":"closed","template":"full_width.php","meta":{"_uag_custom_page_level_css":"","footnotes":""},"class_list":["post-256","page","type-page","status-publish","hentry"],"yoast_head":"<!-- This site is optimized with the Yoast SEO plugin v27.4 - https:\/\/yoast.com\/product\/yoast-seo-wordpress\/ -->\n<title>Private Label Kosmetik Hersteller aus der Schweiz f\u00fcr Firmenkunden<\/title>\n<meta name=\"description\" content=\"Von der Erstberatung bis zur Auslieferung begleiten wir Ihr Private Label zuverl\u00e4ssig und hochprofessionell. Wir sind Ihr Kosmetik Hersteller aus der Schweiz.\" \/>\n<meta name=\"robots\" content=\"index, follow, max-snippet:-1, max-image-preview:large, max-video-preview:-1\" \/>\n<link rel=\"canonical\" href=\"https:\/\/temmentec.ch\/de\/private-label\/\" \/>\n<meta property=\"og:locale\" content=\"de_DE\" \/>\n<meta property=\"og:type\" content=\"article\" \/>\n<meta property=\"og:title\" content=\"Private Label Kosmetik Hersteller aus der Schweiz f\u00fcr Firmenkunden\" \/>\n<meta property=\"og:description\" content=\"Von der Erstberatung bis zur Auslieferung begleiten wir Ihr Private Label zuverl\u00e4ssig und hochprofessionell. Wir sind Ihr Kosmetik Hersteller aus der Schweiz.\" \/>\n<meta property=\"og:url\" content=\"https:\/\/temmentec.ch\/de\/private-label\/\" \/>\n<meta property=\"og:site_name\" content=\"Temmentec\" \/>\n<meta property=\"article:modified_time\" content=\"2025-08-20T13:35:03+00:00\" \/>\n<meta name=\"twitter:card\" content=\"summary_large_image\" \/>\n<meta name=\"twitter:label1\" content=\"Gesch\u00e4tzte Lesezeit\" \/>\n\t<meta name=\"twitter:data1\" content=\"4\u00a0Minuten\" \/>\n<script type=\"application\/ld+json\" class=\"yoast-schema-graph\">{\"@context\":\"https:\\\/\\\/schema.org\",\"@graph\":[{\"@type\":\"WebPage\",\"@id\":\"https:\\\/\\\/temmentec.ch\\\/de\\\/private-label\\\/\",\"url\":\"https:\\\/\\\/temmentec.ch\\\/de\\\/private-label\\\/\",\"name\":\"Private Label Kosmetik Hersteller aus der Schweiz f\u00fcr Firmenkunden\",\"isPartOf\":{\"@id\":\"https:\\\/\\\/temmentec.ch\\\/de\\\/#website\"},\"datePublished\":\"2017-09-05T13:39:33+00:00\",\"dateModified\":\"2025-08-20T13:35:03+00:00\",\"description\":\"Von der Erstberatung bis zur Auslieferung begleiten wir Ihr Private Label zuverl\u00e4ssig und hochprofessionell. Wir sind Ihr Kosmetik Hersteller aus der Schweiz.\",\"breadcrumb\":{\"@id\":\"https:\\\/\\\/temmentec.ch\\\/de\\\/private-label\\\/#breadcrumb\"},\"inLanguage\":\"de\",\"potentialAction\":[{\"@type\":\"ReadAction\",\"target\":[\"https:\\\/\\\/temmentec.ch\\\/de\\\/private-label\\\/\"]}]},{\"@type\":\"BreadcrumbList\",\"@id\":\"https:\\\/\\\/temmentec.ch\\\/de\\\/private-label\\\/#breadcrumb\",\"itemListElement\":[{\"@type\":\"ListItem\",\"position\":1,\"name\":\"Startseite\",\"item\":\"https:\\\/\\\/temmentec.ch\\\/de\\\/\"},{\"@type\":\"ListItem\",\"position\":2,\"name\":\"Private Label\"}]},{\"@type\":\"WebSite\",\"@id\":\"https:\\\/\\\/temmentec.ch\\\/de\\\/#website\",\"url\":\"https:\\\/\\\/temmentec.ch\\\/de\\\/\",\"name\":\"Temmentec\",\"description\":\"Switzerland\",\"publisher\":{\"@id\":\"https:\\\/\\\/temmentec.ch\\\/de\\\/#organization\"},\"potentialAction\":[{\"@type\":\"SearchAction\",\"target\":{\"@type\":\"EntryPoint\",\"urlTemplate\":\"https:\\\/\\\/temmentec.ch\\\/de\\\/?s={search_term_string}\"},\"query-input\":{\"@type\":\"PropertyValueSpecification\",\"valueRequired\":true,\"valueName\":\"search_term_string\"}}],\"inLanguage\":\"de\"},{\"@type\":\"Organization\",\"@id\":\"https:\\\/\\\/temmentec.ch\\\/de\\\/#organization\",\"name\":\"Temmentec AG\",\"url\":\"https:\\\/\\\/temmentec.ch\\\/de\\\/\",\"logo\":{\"@type\":\"ImageObject\",\"inLanguage\":\"de\",\"@id\":\"https:\\\/\\\/temmentec.ch\\\/de\\\/#\\\/schema\\\/logo\\\/image\\\/\",\"url\":\"https:\\\/\\\/temmentec.ch\\\/wp-content\\\/uploads\\\/2025\\\/02\\\/temmentec_logo_neu.png\",\"contentUrl\":\"https:\\\/\\\/temmentec.ch\\\/wp-content\\\/uploads\\\/2025\\\/02\\\/temmentec_logo_neu.png\",\"width\":927,\"height\":227,\"caption\":\"Temmentec AG\"},\"image\":{\"@id\":\"https:\\\/\\\/temmentec.ch\\\/de\\\/#\\\/schema\\\/logo\\\/image\\\/\"}}]}<\/script>\n<!-- \/ Yoast SEO plugin. -->","yoast_head_json":{"title":"Private Label Kosmetik Hersteller aus der Schweiz f\u00fcr Firmenkunden","description":"Von der Erstberatung bis zur Auslieferung begleiten wir Ihr Private Label zuverl\u00e4ssig und hochprofessionell. Wir sind Ihr Kosmetik Hersteller aus der Schweiz.","robots":{"index":"index","follow":"follow","max-snippet":"max-snippet:-1","max-image-preview":"max-image-preview:large","max-video-preview":"max-video-preview:-1"},"canonical":"https:\/\/temmentec.ch\/de\/private-label\/","og_locale":"de_DE","og_type":"article","og_title":"Private Label Kosmetik Hersteller aus der Schweiz f\u00fcr Firmenkunden","og_description":"Von der Erstberatung bis zur Auslieferung begleiten wir Ihr Private Label zuverl\u00e4ssig und hochprofessionell. Wir sind Ihr Kosmetik Hersteller aus der Schweiz.","og_url":"https:\/\/temmentec.ch\/de\/private-label\/","og_site_name":"Temmentec","article_modified_time":"2025-08-20T13:35:03+00:00","twitter_card":"summary_large_image","twitter_misc":{"Gesch\u00e4tzte Lesezeit":"4\u00a0Minuten"},"schema":{"@context":"https:\/\/schema.org","@graph":[{"@type":"WebPage","@id":"https:\/\/temmentec.ch\/de\/private-label\/","url":"https:\/\/temmentec.ch\/de\/private-label\/","name":"Private Label Kosmetik Hersteller aus der Schweiz f\u00fcr Firmenkunden","isPartOf":{"@id":"https:\/\/temmentec.ch\/de\/#website"},"datePublished":"2017-09-05T13:39:33+00:00","dateModified":"2025-08-20T13:35:03+00:00","description":"Von der Erstberatung bis zur Auslieferung begleiten wir Ihr Private Label zuverl\u00e4ssig und hochprofessionell. Wir sind Ihr Kosmetik Hersteller aus der Schweiz.","breadcrumb":{"@id":"https:\/\/temmentec.ch\/de\/private-label\/#breadcrumb"},"inLanguage":"de","potentialAction":[{"@type":"ReadAction","target":["https:\/\/temmentec.ch\/de\/private-label\/"]}]},{"@type":"BreadcrumbList","@id":"https:\/\/temmentec.ch\/de\/private-label\/#breadcrumb","itemListElement":[{"@type":"ListItem","position":1,"name":"Startseite","item":"https:\/\/temmentec.ch\/de\/"},{"@type":"ListItem","position":2,"name":"Private Label"}]},{"@type":"WebSite","@id":"https:\/\/temmentec.ch\/de\/#website","url":"https:\/\/temmentec.ch\/de\/","name":"Temmentec","description":"Switzerland","publisher":{"@id":"https:\/\/temmentec.ch\/de\/#organization"},"potentialAction":[{"@type":"SearchAction","target":{"@type":"EntryPoint","urlTemplate":"https:\/\/temmentec.ch\/de\/?s={search_term_string}"},"query-input":{"@type":"PropertyValueSpecification","valueRequired":true,"valueName":"search_term_string"}}],"inLanguage":"de"},{"@type":"Organization","@id":"https:\/\/temmentec.ch\/de\/#organization","name":"Temmentec AG","url":"https:\/\/temmentec.ch\/de\/","logo":{"@type":"ImageObject","inLanguage":"de","@id":"https:\/\/temmentec.ch\/de\/#\/schema\/logo\/image\/","url":"https:\/\/temmentec.ch\/wp-content\/uploads\/2025\/02\/temmentec_logo_neu.png","contentUrl":"https:\/\/temmentec.ch\/wp-content\/uploads\/2025\/02\/temmentec_logo_neu.png","width":927,"height":227,"caption":"Temmentec AG"},"image":{"@id":"https:\/\/temmentec.ch\/de\/#\/schema\/logo\/image\/"}}]}},"uagb_featured_image_src":{"full":false,"thumbnail":false,"medium":false,"medium_large":false,"large":false,"event-post-thumb":false,"event-post-thumb-box":false,"1536x1536":false,"2048x2048":false,"portfolio-square":false,"portfolio-portrait":false,"portfolio-landscape":false,"menu-featured-post":false,"qode-carousel_slider":false,"portfolio_slider":false,"portfolio_masonry_regular":false,"portfolio_masonry_wide":false,"portfolio_masonry_tall":false,"portfolio_masonry_large":false,"portfolio_masonry_with_space":false,"latest_post_boxes":false},"uagb_author_info":{"display_name":"dc-admin","author_link":"https:\/\/temmentec.ch\/de\/author\/dc-admin\/"},"uagb_comment_info":0,"uagb_excerpt":"[vc_row row_type=&#8220;content_menu&#8220; background_color=&#8220;#3180DE&#8220;][vc_column][\/vc_column][\/vc_row][vc_row css_animation=&#8220;&#8220; row_type=&#8220;row&#8220; use_row_as_full_screen_section=&#8220;no&#8220; type=&#8220;full_width&#8220; in_content_menu=&#8220;in_content_menu&#8220; content_menu_icon=&#8220;&#8220; angled_section=&#8220;no&#8220; text_align=&#8220;left&#8220; background_image_as_pattern=&#8220;without_pattern&#8220; z_index=&#8220;&#8220; anchor=&#8220;Full-Service&#8220; content_menu_title=&#8220;Full-Service&#8220;][vc_column][vc_empty_space height=&#8220;60px&#8220;][\/vc_column][\/vc_row][vc_row css_animation=&#8220;&#8220; row_type=&#8220;row&#8220; use_row_as_full_screen_section=&#8220;no&#8220; type=&#8220;grid&#8220; angled_section=&#8220;no&#8220; text_align=&#8220;left&#8220; background_image_as_pattern=&#8220;without_pattern&#8220; z_index=&#8220;21&#8243; el_class=&#8220;unit__content&#8220;][vc_column width=&#8220;1\/2&#8243;][vc_single_image image=&#8220;9555&#8243; img_size=&#8220;medium&#8220; alignment=&#8220;right&#8220; css=&#8220;&#8220;...","_links":{"self":[{"href":"https:\/\/temmentec.ch\/de\/wp-json\/wp\/v2\/pages\/256","targetHints":{"allow":["GET"]}}],"collection":[{"href":"https:\/\/temmentec.ch\/de\/wp-json\/wp\/v2\/pages"}],"about":[{"href":"https:\/\/temmentec.ch\/de\/wp-json\/wp\/v2\/types\/page"}],"author":[{"embeddable":true,"href":"https:\/\/temmentec.ch\/de\/wp-json\/wp\/v2\/users\/1"}],"replies":[{"embeddable":true,"href":"https:\/\/temmentec.ch\/de\/wp-json\/wp\/v2\/comments?post=256"}],"version-history":[{"count":169,"href":"https:\/\/temmentec.ch\/de\/wp-json\/wp\/v2\/pages\/256\/revisions"}],"predecessor-version":[{"id":9557,"href":"https:\/\/temmentec.ch\/de\/wp-json\/wp\/v2\/pages\/256\/revisions\/9557"}],"wp:attachment":[{"href":"https:\/\/temmentec.ch\/de\/wp-json\/wp\/v2\/media?parent=256"}],"curies":[{"name":"wp","href":"https:\/\/api.w.org\/{rel}","templated":true}]}}