{"id":254,"date":"2017-09-05T13:39:06","date_gmt":"2017-09-05T13:39:06","guid":{"rendered":"https:\/\/juestrich-cosmetics.ch\/?page_id=254"},"modified":"2025-08-04T10:33:18","modified_gmt":"2025-08-04T08:33:18","slug":"kosmetik-produktion","status":"publish","type":"page","link":"https:\/\/temmentec.ch\/de\/lohnherstellung\/kosmetik-produktion\/","title":{"rendered":"Kosmetikproduktion"},"content":{"rendered":"<div class=\"wpb-content-wrapper\"><p>[vc_row css_animation=&#8220;&#8220; row_type=&#8220;row&#8220; use_row_as_full_screen_section=&#8220;no&#8220; type=&#8220;grid&#8220; angled_section=&#8220;no&#8220; text_align=&#8220;left&#8220; background_image_as_pattern=&#8220;without_pattern&#8220; z_index=&#8220;&#8220; padding_bottom=&#8220;100&#8243;][vc_column width=&#8220;1\/2&#8243;][vc_single_image image=&#8220;6886&#8243; img_size=&#8220;medium&#8220; alignment=&#8220;right&#8220; css=&#8220;&#8220; qode_css_animation=&#8220;&#8220;][vc_empty_space][\/vc_column][vc_column width=&#8220;1\/2&#8243;][vc_column_text css=&#8220;&#8220;]<\/p>\n<h1>Kosmetikproduktion<\/h1>\n<p>Ob Entwicklung, Herstellung oder Abf\u00fcllung \u2013 wir sind spezialisiert auf Personal-Care-Produkte. Dank unserer langj\u00e4hrigen Erfahrung in der Kosmetikbranche und unserer modernen Infrastruktur decken wir s\u00e4mtliche Bereiche der Kosmetikprodukte ab, von Luxuskosmetik \u00fcber Clean Beauty bis zu Naturkosmetik.[\/vc_column_text][\/vc_column][\/vc_row][vc_row css_animation=&#8220;&#8220; row_type=&#8220;row&#8220; use_row_as_full_screen_section=&#8220;no&#8220; type=&#8220;full_width&#8220; angled_section=&#8220;no&#8220; text_align=&#8220;left&#8220; background_image_as_pattern=&#8220;without_pattern&#8220; background_color=&#8220;#f7f8f9&#8243;][vc_column][vc_empty_space height=&#8220;66px&#8220;][vc_row_inner row_type=&#8220;row&#8220; type=&#8220;grid&#8220; text_align=&#8220;left&#8220; css_animation=&#8220;&#8220;][vc_column_inner width=&#8220;1\/3&#8243;][vc_column_text css=&#8220;.vc_custom_1751552294814{padding-top: 38px !important;padding-right: 0px !important;padding-bottom: 0px !important;padding-left: 0px !important;}&#8220;]<\/p>\n<h3>Kosmetik<br \/>\nProduktbereich<\/h3>\n<p>Unser Kerngesch\u00e4ft ist die Entwicklung, Herstellung und Abf\u00fcllung von Kosmetika in der Schweiz.[\/vc_column_text][vc_empty_space height=&#8220;18px&#8220;]<a  itemprop=\"url\" href=\"#produktbereich\" target=\"_self\"  class=\"qbutton  default\" style=\"\">Weitere Infos<\/a>[vc_empty_space height=&#8220;60px&#8220;][\/vc_column_inner][vc_column_inner width=&#8220;1\/3&#8243;][vc_column_text css=&#8220;.vc_custom_1751552315432{padding-top: 38px !important;padding-right: 0px !important;padding-bottom: 0px !important;padding-left: 0px !important;}&#8220;]<\/p>\n<h3>Kosmetik<br \/>\nProduktgruppen<\/h3>\n<p>Unser Leistungsspektrum umfasst die komplette pflegende Kosmetik von der Gesichtspflege und K\u00f6rperpflege \u00fcber die Haarpflege bis zur Sonnenpflege.[\/vc_column_text][vc_empty_space height=&#8220;18px&#8220;]<a  itemprop=\"url\" href=\"#produktgruppen\" target=\"_self\"  class=\"qbutton  default\" style=\"\">Weitere Infos<\/a>[vc_empty_space height=&#8220;60px&#8220;][\/vc_column_inner][vc_column_inner width=&#8220;1\/3&#8243;][vc_column_text css=&#8220;.vc_custom_1751552351463{padding-top: 38px !important;padding-right: 0px !important;padding-bottom: 0px !important;padding-left: 0px !important;}&#8220;]<\/p>\n<h3>Kosmetik<br \/>\nProdukttypen<\/h3>\n<p>Ob Cremes, Seren, Lotionen, Sprays, Mousses, Shampoos, Peelings, etc. \u2013 wir sind spezialisiert auf eine Vielfalt an Produkttypen f\u00fcr die Sch\u00f6nheitspflege.[\/vc_column_text][vc_empty_space height=&#8220;18px&#8220;]<a  itemprop=\"url\" href=\"#produkttypen\" target=\"_self\"  class=\"qbutton  default\" style=\"\">Weitere Infos<\/a>[vc_empty_space height=&#8220;60px&#8220;][\/vc_column_inner][\/vc_row_inner][vc_empty_space height=&#8220;50px&#8220;][\/vc_column][\/vc_row][vc_row row_type=&#8220;content_menu&#8220; background_color=&#8220;#3180DE&#8220;][vc_column][\/vc_column][\/vc_row][vc_row css_animation=&#8220;&#8220; row_type=&#8220;row&#8220; use_row_as_full_screen_section=&#8220;no&#8220; type=&#8220;grid&#8220; in_content_menu=&#8220;in_content_menu&#8220; content_menu_icon=&#8220;&#8220; angled_section=&#8220;no&#8220; text_align=&#8220;left&#8220; background_image_as_pattern=&#8220;without_pattern&#8220; anchor=&#8220;produktbereich&#8220; content_menu_title=&#8220;Produktbereich&#8220; background_color=&#8220;#ffffff&#8220; padding_top=&#8220;100&#8243; padding_bottom=&#8220;100&#8243; z_index=&#8220;&#8220;][vc_column][vc_column_text css=&#8220;&#8220;]<\/p>\n<h2>Produktbereich<\/h2>\n<p>[\/vc_column_text][vc_empty_space height=&#8220;50px&#8220;][vc_row_inner row_type=&#8220;row&#8220; type=&#8220;grid&#8220; text_align=&#8220;left&#8220; css_animation=&#8220;&#8220;][vc_column_inner width=&#8220;1\/3&#8243;][vc_empty_space height=&#8220;12px&#8220;][vc_column_text css=&#8220;&#8220;]<\/p>\n<h3>Kosmetische Produkte<\/h3>\n<p>[\/vc_column_text][vc_empty_space height=&#8220;18px&#8220;][\/vc_column_inner][vc_column_inner width=&#8220;2\/3&#8243;][vc_column_text css=&#8220;&#8220; el_class=&#8220;keinetrennung&#8220;]Hier liegt unsere Kernkompetenz. Laut EG-Kosmetikverordnung sind kosmetische Mittel, Stoffe oder Gemische, die \u00e4usserlich am K\u00f6rper des Menschen oder in seiner Mundh\u00f6hle angewendet werden. Ihre Aufgabe ist es, Haut, Haare, N\u00e4gel, Lippen, die \u00e4usseren Intim-regionen oder die Z\u00e4hne und die Mundschleimh\u00e4ute zu reinigen, zu sch\u00fctzen, in gutem Zustand zu erhalten, zu parf\u00fcmieren, deren Aussehen zu ver\u00e4ndern oder den K\u00f6rpergeruch zu beeinflussen. [\/vc_column_text][\/vc_column_inner][\/vc_row_inner][vc_empty_space height=&#8220;50px&#8220;][\/vc_column][\/vc_row][vc_row row_type=&#8220;parallax&#8220; parallax_content_width=&#8220;in_grid&#8220; in_content_menu=&#8220;in_content_menu&#8220; content_menu_icon=&#8220;&#8220; text_align=&#8220;left&#8220; full_screen_section_height=&#8220;no&#8220; anchor=&#8220;produktgruppen&#8220; content_menu_title=&#8220;Produktgruppen&#8220;][vc_column][vc_empty_space height=&#8220;98px&#8220;][vc_column_text]<\/p>\n<h2>Produktgruppen<\/h2>\n<p>[\/vc_column_text][vc_empty_space height=&#8220;50px&#8220;][vc_row_inner row_type=&#8220;row&#8220; type=&#8220;grid&#8220; text_align=&#8220;left&#8220; css_animation=&#8220;&#8220;][vc_column_inner width=&#8220;1\/3&#8243;][vc_empty_space height=&#8220;12px&#8220;][vc_column_text]<\/p>\n<h3><b>Gesichts\u00adpflege<\/b><\/h3>\n<p>[\/vc_column_text][vc_empty_space height=&#8220;18px&#8220;][\/vc_column_inner][vc_column_inner width=&#8220;2\/3&#8243;][vc_column_text css=&#8220;&#8220;]Der Beauty-Trend \u00abLayering\u00bb h\u00e4lt bei der Gesichtspflege Einzug: mehrere Kosmetikprodukte werden nacheinander in der richtigen Reihenfolge aufgetragen \u2013 f\u00fcr eine noch st\u00e4rkere Pflegewirkung. Sensitive Haut ist auf dem Vormarsch. Fast jede zweite Frau klagt \u00fcber empfindliche Haut, die zu Trockenheit neigt und sich leicht r\u00f6tet. \u00abProbiotics\u00bb k\u00f6nnte hier Abhilfe schaffen \u2013 sogenannte freundliche Bakterien, welche die Haut wieder ins Gleich-gewicht bringen. Auch diese hautpflegenden Kosmetikprodukte werden bei Temmentec entwickelt und produziert.[\/vc_column_text][\/vc_column_inner][\/vc_row_inner][vc_empty_space height=&#8220;50px&#8220;][vc_row_inner row_type=&#8220;row&#8220; type=&#8220;grid&#8220; text_align=&#8220;left&#8220; css_animation=&#8220;&#8220;][vc_column_inner width=&#8220;1\/3&#8243;][vc_empty_space height=&#8220;12px&#8220;][vc_column_text]<\/p>\n<h3><b>K\u00f6rper\u00adpflege<\/b><\/h3>\n<p>[\/vc_column_text][vc_empty_space height=&#8220;18px&#8220;][\/vc_column_inner][vc_column_inner width=&#8220;2\/3&#8243;][vc_column_text css=&#8220;&#8220;]Innovative Applikationsformen und Texturen zeichnen diese Produktgruppe aus: trendige \u00d6lgele, Multifunktions-Produkte, erfrischende Body-Mists, konzentrierte Body-Seren oder dem Zeitgeist entsprechend \u00abeinfach anders\u00bb. Ganz nach den Bed\u00fcrfnissen Ihrer Zielgruppe kreieren und produzieren wir Ihre einzigartige Kosmetiklinie f\u00fcr die perfekte K\u00f6rperpflege.[\/vc_column_text][\/vc_column_inner][\/vc_row_inner][vc_empty_space height=&#8220;50px&#8220;][vc_row_inner row_type=&#8220;row&#8220; type=&#8220;grid&#8220; text_align=&#8220;left&#8220; css_animation=&#8220;&#8220;][vc_column_inner width=&#8220;1\/3&#8243;][vc_empty_space height=&#8220;12px&#8220;][vc_column_text]<\/p>\n<h3><b>Haar\u00adpflege<\/b><\/h3>\n<p>[\/vc_column_text][vc_empty_space height=&#8220;18px&#8220;][\/vc_column_inner][vc_column_inner width=&#8220;2\/3&#8243;][vc_column_text css=&#8220;&#8220;]Haarpflegeprodukte sind besonders anspruchsvoll. Einerseits sind Kopfhautprobleme auf dem Vormarsch (steigende Anzahl an Personen mit irritierter, schuppender Kopfhaut), andererseits halten Themen wie Anti-Pollution, Peptide, Detox oder die Mizellen-Technologie auch in der Haarkosmetik Einzug. Wir beraten Sie gerne bez\u00fcglich Haarpflege- und Haarstyling-Produkten \u2013 auch im professionellen Bereich. [\/vc_column_text][\/vc_column_inner][\/vc_row_inner][vc_empty_space height=&#8220;100px&#8220;][vc_row_inner row_type=&#8220;row&#8220; type=&#8220;full_width&#8220; text_align=&#8220;left&#8220; css_animation=&#8220;&#8220;][vc_column_inner][vc_column_text css=&#8220;&#8220;]<\/p>\n<h2>Eine beispielhafte Auflistung g\u00e4ngiger Rezepturen finden\u00a0Sie\u00a0hier:<\/h2>\n<p>[\/vc_column_text][vc_empty_space height=&#8220;50px&#8220;][\/vc_column_inner][\/vc_row_inner][vc_row_inner row_type=&#8220;row&#8220; type=&#8220;grid&#8220; text_align=&#8220;left&#8220; css_animation=&#8220;&#8220;][vc_column_inner width=&#8220;1\/3&#8243;][vc_column_text css=&#8220;.vc_custom_1751556517304{padding-top: 28px !important;padding-right: 28px !important;padding-bottom: 28px !important;padding-left: 0px !important;background-color: rgba(255,255,255,0.6) !important;*background-color: rgb(255,255,255) !important;}&#8220;]<\/p>\n<h3>Gesichtspflege<\/h3>\n<ul>\n<li>Tages- \/ Nacht-Creme<\/li>\n<li>Augenpflege<\/li>\n<li>Serum<\/li>\n<li>Gesichtswasser \/ Tonic<\/li>\n<li>Gesichtsreinigung<\/li>\n<li>Gesichts-Peeling<\/li>\n<li>Gesichtspflege Masken<\/li>\n<li>Pflegekonzentrate \/ Ampullen<\/li>\n<li>Lippenpflege<\/li>\n<\/ul>\n<p>[\/vc_column_text][vc_empty_space height=&#8220;18px&#8220;][\/vc_column_inner][vc_column_inner width=&#8220;1\/3&#8243;][vc_column_text css=&#8220;.vc_custom_1751556589993{padding-top: 28px !important;padding-right: 28px !important;padding-bottom: 28px !important;padding-left: 0px !important;background-color: rgba(255,255,255,0.6) !important;*background-color: rgb(255,255,255) !important;}&#8220;]<\/p>\n<h3>K\u00f6rperpflege<\/h3>\n<ul>\n<li>Bodylotion \/ Body Butter<\/li>\n<li>Bodyspray \/ Body Mist<\/li>\n<li>Handpflege<\/li>\n<li>Deodorants (Roll-on, Spray, Creme)<\/li>\n<li>Fusspflege<\/li>\n<li>Duschgel<\/li>\n<li>Duschschaum<\/li>\n<li>Hautpflegende Badeprodukte<\/li>\n<li>Peeling-Produkte<\/li>\n<li>Pflege- und Massage-\u00d6l<\/li>\n<li>Kinderpflege<\/li>\n<\/ul>\n<p>[\/vc_column_text][vc_empty_space height=&#8220;18px&#8220;][\/vc_column_inner][vc_column_inner width=&#8220;1\/3&#8243;][vc_column_text css=&#8220;.vc_custom_1751556661712{padding-top: 28px !important;padding-right: 28px !important;padding-bottom: 28px !important;padding-left: 0px !important;background-color: rgba(255,255,255,0.6) !important;*background-color: rgb(255,255,255) !important;}&#8220;]<\/p>\n<h3>Haarpflege<\/h3>\n<ul>\n<li>Shampoo<\/li>\n<li>Sp\u00fclung (Conditioner)<\/li>\n<li>Haarkur (Masken)<\/li>\n<li>Kopfhaut-Serum<\/li>\n<li>Styling Gel<\/li>\n<li>Styling Wachs<\/li>\n<li>Styling Creme<\/li>\n<li>Haar\u00f6l<\/li>\n<li>Hitzeschutz-Spray<\/li>\n<\/ul>\n<p>[\/vc_column_text][vc_empty_space height=&#8220;18px&#8220;][\/vc_column_inner][\/vc_row_inner][vc_row_inner row_type=&#8220;row&#8220; type=&#8220;grid&#8220; text_align=&#8220;left&#8220; css_animation=&#8220;&#8220;][vc_column_inner width=&#8220;1\/3&#8243;][vc_column_text css=&#8220;.vc_custom_1751556723965{padding-top: 28px !important;padding-right: 0px !important;padding-bottom: 28px !important;padding-left: 0px !important;background-color: rgba(255,255,255,0.6) !important;*background-color: rgb(255,255,255) !important;}&#8220;]<\/p>\n<h3>Sonnenpflege<\/h3>\n<ul>\n<li>Sonnenpflege<\/li>\n<li>Sonnenlotion SPF 30<\/li>\n<li>Sonnenlotion SPF 50+<\/li>\n<li>Sonnen Spray SPF 50+<\/li>\n<li>Sonnen Stick<\/li>\n<li>After Sun Lotion<\/li>\n<\/ul>\n<p>[\/vc_column_text][vc_empty_space height=&#8220;18px&#8220;][\/vc_column_inner][vc_column_inner width=&#8220;1\/3&#8243; offset=&#8220;vc_hidden-xs&#8220;][\/vc_column_inner][vc_column_inner width=&#8220;1\/3&#8243; offset=&#8220;vc_hidden-xs&#8220;][\/vc_column_inner][\/vc_row_inner][vc_empty_space height=&#8220;86px&#8220;][\/vc_column][\/vc_row][vc_row css_animation=&#8220;&#8220; row_type=&#8220;row&#8220; use_row_as_full_screen_section=&#8220;no&#8220; type=&#8220;grid&#8220; in_content_menu=&#8220;in_content_menu&#8220; content_menu_icon=&#8220;&#8220; angled_section=&#8220;no&#8220; text_align=&#8220;left&#8220; background_image_as_pattern=&#8220;without_pattern&#8220; anchor=&#8220;produkttypen&#8220; content_menu_title=&#8220;Produkttypen&#8220; background_color=&#8220;#3180DE&#8220; padding_top=&#8220;100&#8243; padding_bottom=&#8220;100&#8243; el_class=&#8220;style-dark&#8220; z_index=&#8220;&#8220;][vc_column][vc_column_text css=&#8220;&#8220;]<\/p>\n<h2>Produkttypen<\/h2>\n<p>[\/vc_column_text][vc_empty_space height=&#8220;50px&#8220;][vc_row_inner row_type=&#8220;row&#8220; type=&#8220;grid&#8220; text_align=&#8220;left&#8220; css_animation=&#8220;&#8220;][vc_column_inner width=&#8220;1\/3&#8243;][vc_column_text css=&#8220;&#8220;]Unsere Lohnherstellung umfasst folgende Produkttypen:[\/vc_column_text][vc_empty_space height=&#8220;18px&#8220;][\/vc_column_inner][vc_column_inner width=&#8220;2\/3&#8243;][vc_column_text css=&#8220;&#8220;]<\/p>\n<ul>\n<li>W\u00e4ssrige Formulierungen (Haarwasser, Mizellenwasser, Deo-Sprays, etc.)<\/li>\n<li>\u00d6lige Formulierungen (K\u00f6rper\u00f6le, Gesichts\u00f6le, Massage\u00f6le, etc.)<\/li>\n<li>Tensidische Formulierungen (Shampoos, Duschgels, Gesichtsreinigungsschaum, etc.)<\/li>\n<li>Emulsionen (W\/O und O\/W) (Bodylotions, Gesichtscremes, Handcremes, etc.)<\/li>\n<li>Gels (\u00d6lgels und Wasser) (Haargel, K\u00f6rper\u00f6lgel, Kr\u00e4utergel, etc.)<\/li>\n<\/ul>\n<p>[\/vc_column_text][\/vc_column_inner][\/vc_row_inner][\/vc_column][\/vc_row][vc_row row_type=&#8220;parallax&#8220; parallax_content_width=&#8220;in_grid&#8220; text_align=&#8220;left&#8220; full_screen_section_height=&#8220;no&#8220;][vc_column][vc_empty_space height=&#8220;98px&#8220;][vc_column_text css=&#8220;&#8220;]<\/p>\n<h2>Ihr Kosmetikprodukt \u2013 von uns hergestellt<\/h2>\n<p>[\/vc_column_text][vc_empty_space height=&#8220;50px&#8220;][vc_row_inner row_type=&#8220;row&#8220; type=&#8220;grid&#8220; text_align=&#8220;left&#8220; css_animation=&#8220;&#8220;][vc_column_inner][vc_column_text css=&#8220;&#8220;]Setzen Sie auf unser breites Wissen und K\u00f6nnen bei der Herstellung von Kosmetikprodukten. Wir fertigen Beauty-Produkte, Pflegeprodukte, Haarprodukte wie Shampoo aus hohwertigen Rohstoffen mit passender Verpackung &#8211; immer in Swiss Quality. Zahlreiche <a href=\"https:\/\/temmentec.ch\/de\/ihre-vorteile\/zertifizierungen\/\">Labels und Zertifikate<\/a> garantieren h\u00f6chste Qualit\u00e4t. Gemeinsam treiben wir die Weiterentwicklung der Produkte erfolgreich voran. Nehmen Sie noch heute mit uns <a href=\"https:\/\/temmentec.ch\/de\/kontakt\/\">Kontakt<\/a> auf.[\/vc_column_text][\/vc_column_inner][\/vc_row_inner][\/vc_column][\/vc_row][vc_row css_animation=&#8220;&#8220; row_type=&#8220;row&#8220; use_row_as_full_screen_section=&#8220;no&#8220; type=&#8220;grid&#8220; angled_section=&#8220;no&#8220; text_align=&#8220;left&#8220; background_image_as_pattern=&#8220;without_pattern&#8220; css=&#8220;.vc_custom_1751967112256{margin-top: 85px !important;margin-bottom: 142px !important;}&#8220; z_index=&#8220;&#8220;][vc_column width=&#8220;1\/2&#8243;]<a  itemprop=\"url\" href=\"https:\/\/temmentec.ch\/de\/lohnherstellung\/\" target=\"_self\"  class=\"qbutton  left default\" style=\"\">Zur\u00fcck zur \u00dcbersicht<i class=\"qode_icon_font_awesome fa fa-arrow-circle-o-left qode_button_icon_element\"><\/i><\/a>[vc_empty_space][\/vc_column][vc_column width=&#8220;1\/2&#8243; el_class=&#8220;spalte_rechtsbuendig&#8220;]<a  itemprop=\"url\" href=\"https:\/\/temmentec.ch\/de\/lohnherstellung\/fabrikation\/\" target=\"_self\"  class=\"qbutton  right default\" style=\"\">Fabrikation entdecken<i class=\"qode_icon_font_awesome fa fa-arrow-circle-o-right qode_button_icon_element\"><\/i><\/a>[vc_empty_space][\/vc_column][\/vc_row]<\/p>\n<\/div>","protected":false},"excerpt":{"rendered":"<p>[vc_row css_animation=&#8220;&#8220; row_type=&#8220;row&#8220; use_row_as_full_screen_section=&#8220;no&#8220; type=&#8220;grid&#8220; angled_section=&#8220;no&#8220; text_align=&#8220;left&#8220; background_image_as_pattern=&#8220;without_pattern&#8220; z_index=&#8220;&#8220; padding_bottom=&#8220;100&#8243;][vc_column width=&#8220;1\/2&#8243;][vc_single_image image=&#8220;6886&#8243; img_size=&#8220;medium&#8220; alignment=&#8220;right&#8220; css=&#8220;&#8220; qode_css_animation=&#8220;&#8220;][vc_empty_space][\/vc_column][vc_column width=&#8220;1\/2&#8243;][vc_column_text css=&#8220;&#8220;] Kosmetikproduktion Ob Entwicklung, Herstellung oder Abf\u00fcllung \u2013 wir sind spezialisiert auf Personal-Care-Produkte&#8230;.<\/p>\n","protected":false},"author":1,"featured_media":0,"parent":104,"menu_order":28,"comment_status":"closed","ping_status":"closed","template":"full_width.php","meta":{"_uag_custom_page_level_css":"","footnotes":""},"class_list":["post-254","page","type-page","status-publish","hentry"],"yoast_head":"<!-- This site is optimized with the Yoast SEO plugin v27.4 - https:\/\/yoast.com\/product\/yoast-seo-wordpress\/ -->\n<title>Kosmetikproduktion &#8211; Temmentec<\/title>\n<meta name=\"description\" content=\"Ob Entwicklung, Herstellung oder Abf\u00fcllung \u2013 Temmentec ist spezialisiert auf Personal-Care-Produkte.\" \/>\n<meta name=\"robots\" content=\"index, follow, max-snippet:-1, max-image-preview:large, max-video-preview:-1\" \/>\n<link rel=\"canonical\" href=\"https:\/\/temmentec.ch\/de\/lohnherstellung\/kosmetik-produktion\/\" \/>\n<meta property=\"og:locale\" content=\"de_DE\" \/>\n<meta property=\"og:type\" content=\"article\" \/>\n<meta property=\"og:title\" content=\"Kosmetikproduktion &#8211; Temmentec\" \/>\n<meta property=\"og:description\" content=\"Ob Entwicklung, Herstellung oder Abf\u00fcllung \u2013 Temmentec ist spezialisiert auf Personal-Care-Produkte.\" \/>\n<meta property=\"og:url\" content=\"https:\/\/temmentec.ch\/de\/lohnherstellung\/kosmetik-produktion\/\" \/>\n<meta property=\"og:site_name\" content=\"Temmentec\" \/>\n<meta property=\"article:modified_time\" content=\"2025-08-04T08:33:18+00:00\" \/>\n<meta name=\"twitter:card\" content=\"summary_large_image\" \/>\n<meta name=\"twitter:label1\" content=\"Gesch\u00e4tzte Lesezeit\" \/>\n\t<meta name=\"twitter:data1\" content=\"5\u00a0Minuten\" \/>\n<script type=\"application\/ld+json\" class=\"yoast-schema-graph\">{\"@context\":\"https:\\\/\\\/schema.org\",\"@graph\":[{\"@type\":\"WebPage\",\"@id\":\"https:\\\/\\\/temmentec.ch\\\/de\\\/lohnherstellung\\\/kosmetik-produktion\\\/\",\"url\":\"https:\\\/\\\/temmentec.ch\\\/de\\\/lohnherstellung\\\/kosmetik-produktion\\\/\",\"name\":\"Kosmetikproduktion &#8211; Temmentec\",\"isPartOf\":{\"@id\":\"https:\\\/\\\/temmentec.ch\\\/de\\\/#website\"},\"datePublished\":\"2017-09-05T13:39:06+00:00\",\"dateModified\":\"2025-08-04T08:33:18+00:00\",\"description\":\"Ob Entwicklung, Herstellung oder Abf\u00fcllung \u2013 Temmentec ist spezialisiert auf Personal-Care-Produkte.\",\"breadcrumb\":{\"@id\":\"https:\\\/\\\/temmentec.ch\\\/de\\\/lohnherstellung\\\/kosmetik-produktion\\\/#breadcrumb\"},\"inLanguage\":\"de\",\"potentialAction\":[{\"@type\":\"ReadAction\",\"target\":[\"https:\\\/\\\/temmentec.ch\\\/de\\\/lohnherstellung\\\/kosmetik-produktion\\\/\"]}]},{\"@type\":\"BreadcrumbList\",\"@id\":\"https:\\\/\\\/temmentec.ch\\\/de\\\/lohnherstellung\\\/kosmetik-produktion\\\/#breadcrumb\",\"itemListElement\":[{\"@type\":\"ListItem\",\"position\":1,\"name\":\"Startseite\",\"item\":\"https:\\\/\\\/temmentec.ch\\\/de\\\/\"},{\"@type\":\"ListItem\",\"position\":2,\"name\":\"Lohnherstellung\",\"item\":\"https:\\\/\\\/temmentec.ch\\\/de\\\/lohnherstellung\\\/\"},{\"@type\":\"ListItem\",\"position\":3,\"name\":\"Kosmetikproduktion\"}]},{\"@type\":\"WebSite\",\"@id\":\"https:\\\/\\\/temmentec.ch\\\/de\\\/#website\",\"url\":\"https:\\\/\\\/temmentec.ch\\\/de\\\/\",\"name\":\"Temmentec\",\"description\":\"Switzerland\",\"publisher\":{\"@id\":\"https:\\\/\\\/temmentec.ch\\\/de\\\/#organization\"},\"potentialAction\":[{\"@type\":\"SearchAction\",\"target\":{\"@type\":\"EntryPoint\",\"urlTemplate\":\"https:\\\/\\\/temmentec.ch\\\/de\\\/?s={search_term_string}\"},\"query-input\":{\"@type\":\"PropertyValueSpecification\",\"valueRequired\":true,\"valueName\":\"search_term_string\"}}],\"inLanguage\":\"de\"},{\"@type\":\"Organization\",\"@id\":\"https:\\\/\\\/temmentec.ch\\\/de\\\/#organization\",\"name\":\"Temmentec AG\",\"url\":\"https:\\\/\\\/temmentec.ch\\\/de\\\/\",\"logo\":{\"@type\":\"ImageObject\",\"inLanguage\":\"de\",\"@id\":\"https:\\\/\\\/temmentec.ch\\\/de\\\/#\\\/schema\\\/logo\\\/image\\\/\",\"url\":\"https:\\\/\\\/temmentec.ch\\\/wp-content\\\/uploads\\\/2025\\\/02\\\/temmentec_logo_neu.png\",\"contentUrl\":\"https:\\\/\\\/temmentec.ch\\\/wp-content\\\/uploads\\\/2025\\\/02\\\/temmentec_logo_neu.png\",\"width\":927,\"height\":227,\"caption\":\"Temmentec AG\"},\"image\":{\"@id\":\"https:\\\/\\\/temmentec.ch\\\/de\\\/#\\\/schema\\\/logo\\\/image\\\/\"}}]}<\/script>\n<!-- \/ Yoast SEO plugin. -->","yoast_head_json":{"title":"Kosmetikproduktion &#8211; Temmentec","description":"Ob Entwicklung, Herstellung oder Abf\u00fcllung \u2013 Temmentec ist spezialisiert auf Personal-Care-Produkte.","robots":{"index":"index","follow":"follow","max-snippet":"max-snippet:-1","max-image-preview":"max-image-preview:large","max-video-preview":"max-video-preview:-1"},"canonical":"https:\/\/temmentec.ch\/de\/lohnherstellung\/kosmetik-produktion\/","og_locale":"de_DE","og_type":"article","og_title":"Kosmetikproduktion &#8211; Temmentec","og_description":"Ob Entwicklung, Herstellung oder Abf\u00fcllung \u2013 Temmentec ist spezialisiert auf Personal-Care-Produkte.","og_url":"https:\/\/temmentec.ch\/de\/lohnherstellung\/kosmetik-produktion\/","og_site_name":"Temmentec","article_modified_time":"2025-08-04T08:33:18+00:00","twitter_card":"summary_large_image","twitter_misc":{"Gesch\u00e4tzte Lesezeit":"5\u00a0Minuten"},"schema":{"@context":"https:\/\/schema.org","@graph":[{"@type":"WebPage","@id":"https:\/\/temmentec.ch\/de\/lohnherstellung\/kosmetik-produktion\/","url":"https:\/\/temmentec.ch\/de\/lohnherstellung\/kosmetik-produktion\/","name":"Kosmetikproduktion &#8211; Temmentec","isPartOf":{"@id":"https:\/\/temmentec.ch\/de\/#website"},"datePublished":"2017-09-05T13:39:06+00:00","dateModified":"2025-08-04T08:33:18+00:00","description":"Ob Entwicklung, Herstellung oder Abf\u00fcllung \u2013 Temmentec ist spezialisiert auf Personal-Care-Produkte.","breadcrumb":{"@id":"https:\/\/temmentec.ch\/de\/lohnherstellung\/kosmetik-produktion\/#breadcrumb"},"inLanguage":"de","potentialAction":[{"@type":"ReadAction","target":["https:\/\/temmentec.ch\/de\/lohnherstellung\/kosmetik-produktion\/"]}]},{"@type":"BreadcrumbList","@id":"https:\/\/temmentec.ch\/de\/lohnherstellung\/kosmetik-produktion\/#breadcrumb","itemListElement":[{"@type":"ListItem","position":1,"name":"Startseite","item":"https:\/\/temmentec.ch\/de\/"},{"@type":"ListItem","position":2,"name":"Lohnherstellung","item":"https:\/\/temmentec.ch\/de\/lohnherstellung\/"},{"@type":"ListItem","position":3,"name":"Kosmetikproduktion"}]},{"@type":"WebSite","@id":"https:\/\/temmentec.ch\/de\/#website","url":"https:\/\/temmentec.ch\/de\/","name":"Temmentec","description":"Switzerland","publisher":{"@id":"https:\/\/temmentec.ch\/de\/#organization"},"potentialAction":[{"@type":"SearchAction","target":{"@type":"EntryPoint","urlTemplate":"https:\/\/temmentec.ch\/de\/?s={search_term_string}"},"query-input":{"@type":"PropertyValueSpecification","valueRequired":true,"valueName":"search_term_string"}}],"inLanguage":"de"},{"@type":"Organization","@id":"https:\/\/temmentec.ch\/de\/#organization","name":"Temmentec AG","url":"https:\/\/temmentec.ch\/de\/","logo":{"@type":"ImageObject","inLanguage":"de","@id":"https:\/\/temmentec.ch\/de\/#\/schema\/logo\/image\/","url":"https:\/\/temmentec.ch\/wp-content\/uploads\/2025\/02\/temmentec_logo_neu.png","contentUrl":"https:\/\/temmentec.ch\/wp-content\/uploads\/2025\/02\/temmentec_logo_neu.png","width":927,"height":227,"caption":"Temmentec AG"},"image":{"@id":"https:\/\/temmentec.ch\/de\/#\/schema\/logo\/image\/"}}]}},"uagb_featured_image_src":{"full":false,"thumbnail":false,"medium":false,"medium_large":false,"large":false,"event-post-thumb":false,"event-post-thumb-box":false,"1536x1536":false,"2048x2048":false,"portfolio-square":false,"portfolio-portrait":false,"portfolio-landscape":false,"menu-featured-post":false,"qode-carousel_slider":false,"portfolio_slider":false,"portfolio_masonry_regular":false,"portfolio_masonry_wide":false,"portfolio_masonry_tall":false,"portfolio_masonry_large":false,"portfolio_masonry_with_space":false,"latest_post_boxes":false},"uagb_author_info":{"display_name":"dc-admin","author_link":"https:\/\/temmentec.ch\/de\/author\/dc-admin\/"},"uagb_comment_info":0,"uagb_excerpt":"[vc_row css_animation=&#8220;&#8220; row_type=&#8220;row&#8220; use_row_as_full_screen_section=&#8220;no&#8220; type=&#8220;grid&#8220; angled_section=&#8220;no&#8220; text_align=&#8220;left&#8220; background_image_as_pattern=&#8220;without_pattern&#8220; z_index=&#8220;&#8220; padding_bottom=&#8220;100&#8243;][vc_column width=&#8220;1\/2&#8243;][vc_single_image image=&#8220;6886&#8243; img_size=&#8220;medium&#8220; alignment=&#8220;right&#8220; css=&#8220;&#8220; qode_css_animation=&#8220;&#8220;][vc_empty_space][\/vc_column][vc_column width=&#8220;1\/2&#8243;][vc_column_text css=&#8220;&#8220;] Kosmetikproduktion Ob Entwicklung, Herstellung oder Abf\u00fcllung \u2013 wir sind spezialisiert auf Personal-Care-Produkte....","_links":{"self":[{"href":"https:\/\/temmentec.ch\/de\/wp-json\/wp\/v2\/pages\/254","targetHints":{"allow":["GET"]}}],"collection":[{"href":"https:\/\/temmentec.ch\/de\/wp-json\/wp\/v2\/pages"}],"about":[{"href":"https:\/\/temmentec.ch\/de\/wp-json\/wp\/v2\/types\/page"}],"author":[{"embeddable":true,"href":"https:\/\/temmentec.ch\/de\/wp-json\/wp\/v2\/users\/1"}],"replies":[{"embeddable":true,"href":"https:\/\/temmentec.ch\/de\/wp-json\/wp\/v2\/comments?post=254"}],"version-history":[{"count":148,"href":"https:\/\/temmentec.ch\/de\/wp-json\/wp\/v2\/pages\/254\/revisions"}],"predecessor-version":[{"id":2299,"href":"https:\/\/temmentec.ch\/de\/wp-json\/wp\/v2\/pages\/254\/revisions\/2299"}],"up":[{"embeddable":true,"href":"https:\/\/temmentec.ch\/de\/wp-json\/wp\/v2\/pages\/104"}],"wp:attachment":[{"href":"https:\/\/temmentec.ch\/de\/wp-json\/wp\/v2\/media?parent=254"}],"curies":[{"name":"wp","href":"https:\/\/api.w.org\/{rel}","templated":true}]}}